{"id":78918,"date":"2019-10-26T11:16:13","date_gmt":"2019-10-26T09:16:13","guid":{"rendered":"https:\/\/ibizavilla.com\/about-us\/"},"modified":"2026-03-09T23:08:51","modified_gmt":"2026-03-09T22:08:51","slug":"ueber-uns","status":"publish","type":"page","link":"https:\/\/ibizavilla.com\/de\/ueber-uns\/","title":{"rendered":"\u00dcber uns"},"content":{"rendered":"<div class=\"wpb-content-wrapper\"><p>[vc_row css=&#8220;.vc_custom_1572091183363{margin-top: 30px !important;}&#8220;][vc_column][vc_column_text css=&#8220;&#8220;]<\/p>\n<h1 style=\"text-align: center;\">\u00dcber uns&#8230; Ibiza Villa!<\/h1>\n<p>[\/vc_column_text][vc_column_text css=&#8220;&#8220;]<\/p>\n<h2 style=\"text-align: center;\">Ibiza Villa ist eine Immobilienagentur, die seit 1998 auf Ibiza ans\u00e4ssig ist.<\/h2>\n<p>[\/vc_column_text][\/vc_column][\/vc_row][vc_row gap=&#8220;10&#8243; content_placement=&#8220;middle&#8220; css=&#8220;.vc_custom_1768211382275{margin-top: 30px !important;}&#8220; el_class=&#8220;to-equal-height flex-reverse&#8220;][vc_column width=&#8220;1\/3&#8243;][vc_single_image image=&#8220;118130&#8243; img_size=&#8220;full&#8220; alignment=&#8220;center&#8220; onclick=&#8220;custom_link&#8220; img_link_target=&#8220;_blank&#8220; css=&#8220;&#8220; link=&#8220;https:\/\/ibizavilla.com\/properties\/can-puig-de-mar\/&#8220;][\/vc_column][vc_column width=&#8220;2\/3&#8243;][vc_column_text css=&#8220;&#8220;]<\/p>\n<h2 style=\"text-align: center;\"><strong>Loriane\u00a0<\/strong><\/h2>\n<p style=\"text-align: center;\">Sie kam 2008 als Mitarbeiterin zu uns und hat sich dank ihrer Entschlossenheit und ihrem ausgepr\u00e4gten Sinn f\u00fcr Kundenservice weiterentwickelt, indem sie sowohl anspruchsvolle Situationen als auch unvergessliche Begegnungen meisterte. Ihre Gelassenheit, Aufrichtigkeit und positive Energie machen sie zu einer Referenz im Bereich der Verwaltung von Luxusimmobilien auf Ibiza.<\/p>\n<p style=\"text-align: center;\">Loriane lebt seit ihrer Jugend auf der Insel und kennt Ibiza wie ihre Westentasche, von den versteckten D\u00f6rfern bis hin zu den Meerespanoramen. Ihre internationale Ausbildung in London, Sydney und Barcelona hat ihre F\u00e4higkeit gest\u00e4rkt, eine anspruchsvolle multikulturelle Kundschaft zu verstehen und zu begleiten.<\/p>\n<p style=\"text-align: center;\">Die \u00dcbernahme von Ibiza Villa war f\u00fcr Loriane sowohl eine pers\u00f6nliche als auch eine berufliche Errungenschaft: \u201eKunden bei ihren Projekten zu begleiten bedeutet, jede einzelne Emotion mit ihnen zu erleben; der Kauf oder die Anmietung einer Villa auf Ibiza ist immer ein Abenteuer.\u201c<\/p>\n<p style=\"text-align: center;\">Auf die Frage, was Ibiza Villa auszeichnet, betont sie \u201eden Respekt, die Vielfalt der Werdeg\u00e4nge und die Leidenschaft des Teams, unsere Liebe zu Ibiza und die besondere Bindung, die wir zu jedem Kunden aufbauen.\u201c<\/p>\n<p style=\"text-align: center;\">In ihrer Freizeit teilt Loriane ihre Zeit zwischen Familie und Reisen auf, die ihre Leidenschaft f\u00fcr das Leben und zwischenmenschliche Begegnungen gen\u00e4hrt haben. Immer begeistert von neuen Herausforderungen, strahlt sie Vertrauen und Freundlichkeit gegen\u00fcber allen aus, die ihren Weg kreuzen.<\/p>\n<p>[\/vc_column_text][\/vc_column][\/vc_row][vc_row gap=&#8220;10&#8243; content_placement=&#8220;middle&#8220; css=&#8220;.vc_custom_1768211404434{padding-bottom: 60px !important;}&#8220; el_class=&#8220;to-equal-height flex-reverse&#8220;][vc_column width=&#8220;2\/3&#8243;][vc_column_text css=&#8220;&#8220;]<\/p>\n<h2 style=\"text-align: center;\"><strong>Olivier\u00a0<\/strong><\/h2>\n<p style=\"text-align: center;\">Als Partner bringt Olivier Ibiza Villa eine neue Dynamik ein, die auf seiner internationalen Erfahrung, seiner professionellen Sorgfalt und einer ganz auf das Kundenerlebnis ausgerichteten Vision basiert. Zusammen mit Loriane engagiert er sich f\u00fcr die Entwicklung eines ehrgeizigen Projekts, bei dem der Mensch und das Zuh\u00f6ren im Mittelpunkt jedes Erfolgs stehen.<\/p>\n<p style=\"text-align: center;\">Olivier setzt auf Dialog und Empathie und ist \u00fcberzeugt, dass das Verst\u00e4ndnis f\u00fcr individuelle Lebenswege den Aufbau solider Beziehungen erm\u00f6glicht: \u201eJedes Projekt, jeder Mensch ist einzigartig, und so entstehen dauerhafte Beziehungen.\u201c<\/p>\n<p style=\"text-align: center;\">Seine Laufbahn f\u00fchrte ihn von Paris nach London und Barcelona, von Australien nach \u00c4gypten und Nigeria, wo er seine Management- und F\u00fchrungserfahrung in sehr unterschiedlichen Umgebungen bereichern konnte.<\/p>\n<p style=\"text-align: center;\">Au\u00dferhalb des beruflichen Umfelds teilt Olivier seine Leidenschaft f\u00fcr Reisen, Sport und Entdeckungen mit dem Team und den Kunden von Ibiza Villa, immer motiviert durch den Austausch und die Suche nach neuen Inspirationen.<\/p>\n<p>[\/vc_column_text][\/vc_column][vc_column width=&#8220;1\/3&#8243;][vc_single_image image=&#8220;118132&#8243; img_size=&#8220;full&#8220; alignment=&#8220;center&#8220; onclick=&#8220;custom_link&#8220; img_link_target=&#8220;_blank&#8220; css=&#8220;&#8220; link=&#8220;https:\/\/ibizavilla.com\/properties\/can-puig-de-mar\/&#8220;][\/vc_column][\/vc_row][vc_row][vc_column][vc_separator color=&#8220;custom&#8220; style=&#8220;shadow&#8220; el_width=&#8220;60&#8243; css=&#8220;&#8220; accent_color=&#8220;#2CC4E8&#8243;][\/vc_column][\/vc_row][vc_row equal_height=&#8220;yes&#8220; el_class=&#8220;to-equal-height&#8220; css=&#8220;.vc_custom_1572090784320{padding-top: 60px !important;}&#8220;][vc_column offset=&#8220;vc_col-lg-6 vc_col-md-6 vc_col-xs-12&#8243; el_class=&#8220;image-equl-no-btm&#8220;][vc_single_image image=&#8220;115481&#8243; img_size=&#8220;full&#8220; alignment=&#8220;center&#8220; onclick=&#8220;custom_link&#8220; img_link_target=&#8220;_blank&#8220; css=&#8220;&#8220; link=&#8220;https:\/\/ibizavilla.com\/properties\/can-puig-de-mar\/&#8220;][\/vc_column][vc_column el_class=&#8220;double-row-to-pad to-center-height&#8220; offset=&#8220;vc_col-lg-6 vc_col-md-6 vc_col-xs-12&#8243;][vc_column_text css=&#8220;&#8220;]<\/p>\n<h3 style=\"text-align: center;\">Unsere Dienstleistungen<\/h3>\n<p style=\"text-align: center;\">Auf dieser Website m\u00f6chten wir Ihnen dabei helfen, Ihren Traumort auf Ibiza zu finden. Auch wenn es nur f\u00fcr eine Woche ist, muss es f\u00fcr Sie das Beste sein und in jeder Hinsicht Ihrem Geschmack entsprechen. Wir bieten Ihnen die M\u00f6glichkeit, einen bestimmten Service hinzuzuf\u00fcgen, um Ihren Urlaub zu einem wahren Vergn\u00fcgen zu machen. Auf unserer Website finden Sie eine gro\u00dfe Auswahl an Luxusvillen, in denen Sie einen Urlaub mit Familie oder Freunden in einer exklusiven Umgebung genie\u00dfen k\u00f6nnen, der Ihren Aufenthalt einzigartig und unvergesslich macht. Auf unserer Website finden Sie auch die Services, die Sie zu Ihrem Urlaub hinzuf\u00fcgen k\u00f6nnen, und nicht zuletzt unsere Kontaktdaten, um detaillierte Informationen zu erhalten.<\/p>\n<p>[\/vc_column_text][\/vc_column][\/vc_row][vc_row equal_height=&#8220;yes&#8220; el_class=&#8220;to-equal-height flex-reverse&#8220; css=&#8220;.vc_custom_1572090568472{padding-top: 60px !important;}&#8220;][vc_column offset=&#8220;vc_col-lg-6 vc_col-md-6 vc_col-xs-12&#8243; el_class=&#8220;double-row-to-pad to-center-height&#8220; css=&#8220;.vc_custom_1572091513590{padding-top: 0px !important;}&#8220;][vc_column_text css=&#8220;&#8220;]<\/p>\n<h3 style=\"text-align: center;\">Die Standorte unserer Villen<\/h3>\n<p style=\"text-align: center;\">Unsere Villen befinden sich vor allem an folgenden Orten: San Juan, Santa Eularia, Ibiza, San Antonio und San Jos\u00e9. Jede Villa liegt in einem wundersch\u00f6nen Teil der Insel. So k\u00f6nnen Sie sich das beste Panorama aussuchen. Sind Sie ein Liebhaber des Meeres oder der Natur? Ibiza Villa hat an alle m\u00f6glichen Optionen gedacht. Von einer Villa mit Meerblick oder nur wenige Schritte vom Strand entfernt bis hin zu einer Villa mitten auf dem Land und umgeben von B\u00e4umen haben Sie eine gro\u00dfe Auswahl. Wenn Sie eine Luxusvilla f\u00fcr eine Woche oder eine Saison kaufen oder mieten m\u00f6chten, zeigen wir Ihnen gerne die besten Luxusimmobilien auf Ibiza. Ibiza Villa ist Ihre Referenzagentur auf der Insel und begleitet Sie und Ihre Bed\u00fcrfnisse von Anfang bis Ende.<\/p>\n<p>[\/vc_column_text][\/vc_column][vc_column el_class=&#8220;image-equl-no-btm&#8220; offset=&#8220;vc_col-lg-6 vc_col-md-6 vc_col-xs-12&#8243;][vc_single_image image=&#8220;78924&#8243; img_size=&#8220;full&#8220; alignment=&#8220;center&#8220; onclick=&#8220;custom_link&#8220; img_link_target=&#8220;_blank&#8220; link=&#8220;https:\/\/ibizavilla.com\/properties\/can-puig-de-mar\/&#8220;][\/vc_column][\/vc_row][vc_row equal_height=&#8220;yes&#8220; el_class=&#8220;to-equal-height&#8220; css=&#8220;.vc_custom_1572090717239{padding-top: 60px !important;}&#8220;][vc_column offset=&#8220;vc_col-lg-6 vc_col-md-6 vc_col-xs-12&#8243; el_class=&#8220;image-equl-no-btm&#8220;][vc_single_image image=&#8220;78922&#8243; img_size=&#8220;full&#8220; alignment=&#8220;center&#8220;][\/vc_column][vc_column el_class=&#8220;double-row-to-pad to-center-height&#8220; offset=&#8220;vc_col-lg-6 vc_col-md-6 vc_col-xs-12&#8243;][vc_column_text css=&#8220;&#8220;]<\/p>\n<h3 style=\"text-align: center;\">Unser Schl\u00fcssel zum Erfolg!<\/h3>\n<p style=\"text-align: center;\">Qualit\u00e4t ist unser Schl\u00fcssel zum Erfolg! Ja, darauf sind wir stolz. Wenn Sie sich entscheiden, eine unserer Villen zu mieten, werden Sie bei Ihrer Ankunft auf der Insel von unseren Mitarbeitern mit einem auf Ihre Bed\u00fcrfnisse zugeschnittenen Service empfangen. Wir freuen uns darauf, jeden Ihrer W\u00fcnsche in die Realit\u00e4t umzusetzen. Wenn Sie sich entscheiden, eine Immobilie auf Ibiza zu kaufen, begleiten wir Sie gerne und beraten Sie bestm\u00f6glich. Wir freuen uns darauf, Sie kennenzulernen.<\/p>\n<p>[\/vc_column_text][\/vc_column][\/vc_row]<\/p>\n<\/div>","protected":false},"excerpt":{"rendered":"<p>[vc_row css=&#8220;.vc_custom_1572091183363{margin-top: 30px !important;}&#8220;][vc_column][vc_column_text css=&#8220;&#8220;] \u00dcber uns&#8230; Ibiza Villa! [\/vc_column_text][vc_column_text css=&#8220;&#8220;] Ibiza Villa ist eine Immobilienagentur, die seit 1998 auf Ibiza ans\u00e4ssig ist. [\/vc_column_text][\/vc_column][\/vc_row][vc_row gap=&#8220;10&#8243; content_placement=&#8220;middle&#8220; css=&#8220;.vc_custom_1768211382275{margin-top: 30px !important;}&#8220; el_class=&#8220;to-equal-height flex-reverse&#8220;][vc_column width=&#8220;1\/3&#8243;][vc_single_image image=&#8220;118130&#8243; img_size=&#8220;full&#8220; alignment=&#8220;center&#8220; onclick=&#8220;custom_link&#8220; img_link_target=&#8220;_blank&#8220; css=&#8220;&#8220; link=&#8220;https:\/\/ibizavilla.com\/properties\/can-puig-de-mar\/&#8220;][\/vc_column][vc_column width=&#8220;2\/3&#8243;][vc_column_text css=&#8220;&#8220;] Loriane\u00a0 Sie kam 2008 als Mitarbeiterin zu uns und hat sich dank ihrer Entschlossenheit &#8230;<\/p>\n","protected":false},"author":9,"featured_media":0,"parent":0,"menu_order":0,"comment_status":"closed","ping_status":"closed","template":"","meta":{"_acf_changed":false,"_joinchat":[],"footnotes":""},"class_list":["post-78918","page","type-page","status-publish","hentry"],"acf":[],"_links":{"self":[{"href":"https:\/\/ibizavilla.com\/de\/wp-json\/wp\/v2\/pages\/78918","targetHints":{"allow":["GET"]}}],"collection":[{"href":"https:\/\/ibizavilla.com\/de\/wp-json\/wp\/v2\/pages"}],"about":[{"href":"https:\/\/ibizavilla.com\/de\/wp-json\/wp\/v2\/types\/page"}],"author":[{"embeddable":true,"href":"https:\/\/ibizavilla.com\/de\/wp-json\/wp\/v2\/users\/9"}],"replies":[{"embeddable":true,"href":"https:\/\/ibizavilla.com\/de\/wp-json\/wp\/v2\/comments?post=78918"}],"version-history":[{"count":4,"href":"https:\/\/ibizavilla.com\/de\/wp-json\/wp\/v2\/pages\/78918\/revisions"}],"predecessor-version":[{"id":118950,"href":"https:\/\/ibizavilla.com\/de\/wp-json\/wp\/v2\/pages\/78918\/revisions\/118950"}],"wp:attachment":[{"href":"https:\/\/ibizavilla.com\/de\/wp-json\/wp\/v2\/media?parent=78918"}],"curies":[{"name":"wp","href":"https:\/\/api.w.org\/{rel}","templated":true}]}}