{"id":79020,"date":"2019-02-07T18:57:33","date_gmt":"2019-02-07T16:57:33","guid":{"rendered":"https:\/\/ibizavilla.com\/services\/"},"modified":"2026-04-17T09:57:36","modified_gmt":"2026-04-17T07:57:36","slug":"dienstleistungen","status":"publish","type":"page","link":"https:\/\/ibizavilla.com\/de\/dienstleistungen\/","title":{"rendered":"Dienstleistungen"},"content":{"rendered":"<div class=\"wpb-content-wrapper\"><p>[vc_row css=&#8220;.vc_custom_1572365420985{margin-top: 60px !important;padding-bottom: 30px !important;}&#8220;][vc_column][vc_column_text css=&#8220;&#8220;]<\/p>\n<h2 style=\"text-align: center;\">Ibiza Villa \u2013 Autovermietung<\/h2>\n<p>[\/vc_column_text][vc_column_text css=&#8220;&#8220;]<\/p>\n<p style=\"text-align: center;\"><strong>Our customer service is here to assist you during the journey,<\/strong> wherever and whenever you need it because the awareness of giving you a great rental experience makes us happy. <strong>Thanks to our long experience, we always find the best solution for you<\/strong>, with excellent offers and the newest car models. However, we\u2019ll not only find the best car for you, but we will assist you at every stage of the rental. <strong>You can contact us by phone or email<\/strong>, and we\u2019ll be glad to show you the multiple options you\u2019ll have. You\u2019ll be able to compare all the options you have in terms of model and price, and, also thanks to our advices, you will be able to make your choice in complete peace. <strong>Choose your car, add any extra products, such as a more extensive insurance or a driver and complete the booking.<\/strong><\/p>\n<p>[\/vc_column_text][vc_raw_html css=&#8220;&#8220;]JTNDc2NyaXB0JTIwdHlwZSUzRCUyMnRleHQlMkZqYXZhc2NyaXB0JTIyJTIwc3JjJTNEJTIyJTJGd3AtY29udGVudCUyRnVwbG9hZHMlMkZpZnJhbWVSZXNpemVyLm1pbi5qcyUyMiUzRSUzQyUyRnNjcmlwdCUzRSUwQSUzQ2lmcmFtZSUyMHN0eWxlJTNEJTIyd2lkdGglM0ExMDAlMjUlM0Jib3JkZXIlM0Fub25lJTNCbWluLWhlaWdodCUzQTUwMHB4JTNCaGVpZ2h0JTNBYXV0byUzQiUyMiUyMGlkJTNEJTIyaWZyYW1lX2NhcnBsdXNfYWZpbGlhZG8lMjIlMjBzcmMlM0QlMjJodHRwcyUzQSUyRiUyRmJvb2tpbmdzLm1vdG9sdWlzLmNvbSUyRiUzRmlkaW9tYSUzRGRlJTI2YWZpbGlhZG8lM0Q0MzAwMDA2MDgzJTI2Y29sb3JfYWZpbGlhZG8lM0RjeWFuJTI2ZG9udENoZWNrU2FmYXJpJTNEMSUyMiUyMHNjcm9sbGluZyUzRCUyMnllcyUyMiUzRSUzQyUyRmlmcmFtZSUzRSUwQSUzQ3NjcmlwdCUzRWlGcmFtZVJlc2l6ZSUyOCU3QmxvZyUzQWZhbHNlJTdEJTJDJTIwJTI3JTIzaWZyYW1lX2NhcnBsdXNfYWZpbGlhZG8lMjclMjklM0MlMkZzY3JpcHQlM0U=[\/vc_raw_html][\/vc_column][\/vc_row][vc_row css=&#8220;.vc_custom_1775719562769{padding-bottom: 30px !important;}&#8220;][vc_column][vc_column_text css=&#8220;&#8220;]<\/p>\n<h2 style=\"text-align: center;\">Ibiza Villa \u2013 Exklusive und personalisierte Services f\u00fcr unsere Kunden<\/h2>\n<p>[\/vc_column_text][vc_column_text css=&#8220;&#8220;]<\/p>\n<p style=\"text-align: center;\">Bei Ibiza Villa garantieren wir ein Premium-Erlebnis auf der Insel mit einem umfassenden Angebot an exklusiven Services, die unseren Kunden zur Verf\u00fcgung stehen.<\/p>\n<p>[\/vc_column_text][\/vc_column][\/vc_row][vc_row el_class=&#8220;servicios-box&#8220; css=&#8220;.vc_custom_1572365501032{padding-bottom: 30px !important;}&#8220;][vc_column width=&#8220;1\/3&#8243;]<div id=\"ultimate-heading-96146a0334f77ab00\" class=\"uvc-heading ult-adjust-bottom-margin ultimate-heading-96146a0334f77ab00 uvc-3324 \" data-hspacer=\"no_spacer\"  data-halign=\"center\" style=\"text-align:center\"><div class=\"uvc-heading-spacer no_spacer\" style=\"top\"><\/div><div class=\"uvc-main-heading ult-responsive\"  data-ultimate-target='.uvc-heading.ultimate-heading-96146a0334f77ab00 h3'  data-responsive-json-new='{\"font-size\":\"\",\"line-height\":\"\"}' ><h3 style=\"font-weight:bold;\">Ma\u00dfgeschneiderte nautische Erlebnisse<\/h3><\/div><\/div>[vc_single_image image=&#8220;79021&#8243; img_size=&#8220;full&#8220; alignment=&#8220;center&#8220; css_animation=&#8220;fadeIn&#8220; css=&#8220;&#8220; el_class=&#8220;shadow-transition&#8220;][vc_column_text css=&#8220;&#8220;]<\/p>\n<p style=\"text-align: center;\">Genie\u00dfen Sie das Mittelmeer mit unserer Auswahl an Yachten, Booten und Katamaranen. Wir organisieren Tagesausfl\u00fcge auf See, private Exkursionen und exklusive Transfers, um Ibiza vom Wasser aus zu entdecken.<\/p>\n<p>[\/vc_column_text][\/vc_column][vc_column width=&#8220;1\/3&#8243;]<div id=\"ultimate-heading-59946a0334f77ab95\" class=\"uvc-heading ult-adjust-bottom-margin ultimate-heading-59946a0334f77ab95 uvc-6664 \" data-hspacer=\"no_spacer\"  data-halign=\"center\" style=\"text-align:center\"><div class=\"uvc-heading-spacer no_spacer\" style=\"top\"><\/div><div class=\"uvc-main-heading ult-responsive\"  data-ultimate-target='.uvc-heading.ultimate-heading-59946a0334f77ab95 h3'  data-responsive-json-new='{\"font-size\":\"\",\"line-height\":\"\"}' ><h3 style=\"font-weight:bold;\">Luxuri\u00f6se Mobilit\u00e4t und Transfers<\/h3><\/div><\/div>[vc_single_image image=&#8220;79023&#8243; img_size=&#8220;full&#8220; alignment=&#8220;center&#8220; css_animation=&#8220;fadeIn&#8220; css=&#8220;&#8220; el_class=&#8220;shadow-transition&#8220;][vc_column_text css=&#8220;&#8220;]<\/p>\n<p style=\"text-align: center;\">Nutzen Sie eine Flotte von High-End-Fahrzeugen, die zum Flughafen oder zu Ihrer Villa geliefert werden. Genie\u00dfen Sie vom Moment Ihrer Ankunft an eine VIP-Behandlung und vermeiden Sie Wartezeiten dank unserer direkten Transfers.<\/p>\n<p>[\/vc_column_text][\/vc_column][vc_column width=&#8220;1\/3&#8243;]<div id=\"ultimate-heading-30976a0334f77abf0\" class=\"uvc-heading ult-adjust-bottom-margin ultimate-heading-30976a0334f77abf0 uvc-1046 \" data-hspacer=\"no_spacer\"  data-halign=\"center\" style=\"text-align:center\"><div class=\"uvc-heading-spacer no_spacer\" style=\"top\"><\/div><div class=\"uvc-main-heading ult-responsive\"  data-ultimate-target='.uvc-heading.ultimate-heading-30976a0334f77abf0 h3'  data-responsive-json-new='{\"font-size\":\"\",\"line-height\":\"\"}' ><h3 style=\"font-weight:bold;\">Gastronomie und privater Catering-Service<\/h3><\/div><\/div>[vc_single_image image=&#8220;79027&#8243; img_size=&#8220;full&#8220; alignment=&#8220;center&#8220; css_animation=&#8220;fadeIn&#8220;][vc_column_text css=&#8220;&#8220;]<\/p>\n<p style=\"text-align: center;\">G\u00f6nnen Sie sich kulinarische Gen\u00fcsse vom Feinsten: einen Privatkoch zu Hause, ein auf Ihren Geschmack zugeschnittenes Catering, die Organisation gastronomischer Veranstaltungen und die Lieferung von Gourmetprodukten direkt zu Ihrer Villa.<\/p>\n<p>[\/vc_column_text][\/vc_column][\/vc_row][vc_row][vc_column width=&#8220;1\/3&#8243;][vc_row_inner][vc_column_inner]<div id=\"ultimate-heading-44206a0334f77ac39\" class=\"uvc-heading ult-adjust-bottom-margin ultimate-heading-44206a0334f77ac39 uvc-4779 \" data-hspacer=\"no_spacer\"  data-halign=\"center\" style=\"text-align:center\"><div class=\"uvc-heading-spacer no_spacer\" style=\"top\"><\/div><div class=\"uvc-main-heading ult-responsive\"  data-ultimate-target='.uvc-heading.ultimate-heading-44206a0334f77ac39 h3'  data-responsive-json-new='{\"font-size\":\"\",\"line-height\":\"\"}' ><h3 style=\"font-weight:bold;\">Familienwohlbefinden \/ Babysitter<\/h3><\/div><\/div>[vc_single_image image=&#8220;79028&#8243; img_size=&#8220;full&#8220; alignment=&#8220;center&#8220; css_animation=&#8220;fadeIn&#8220;][vc_column_text css=&#8220;&#8220;]<\/p>\n<p style=\"text-align: center;\">Ben\u00f6tigen Sie w\u00e4hrend Ihres Aufenthalts auf Ibiza einen Babysitter? Wir helfen Ihnen dabei, die richtige Person zu finden, damit Sie sich entspannen und Ibiza mit Ihrer Familie genie\u00dfen k\u00f6nnen, ganz ohne Sorgen und mit einem guten Gef\u00fchl.<\/p>\n<p>[\/vc_column_text][\/vc_column_inner][\/vc_row_inner][\/vc_column][vc_column width=&#8220;1\/3&#8243;][vc_row_inner][vc_column_inner]<div id=\"ultimate-heading-17696a0334f77ac7f\" class=\"uvc-heading ult-adjust-bottom-margin ultimate-heading-17696a0334f77ac7f uvc-2534 \" data-hspacer=\"no_spacer\"  data-halign=\"center\" style=\"text-align:center\"><div class=\"uvc-heading-spacer no_spacer\" style=\"top\"><\/div><div class=\"uvc-main-heading ult-responsive\"  data-ultimate-target='.uvc-heading.ultimate-heading-17696a0334f77ac7f h3'  data-responsive-json-new='{\"font-size\":\"\",\"line-height\":\"\"}' ><h3 style=\"font-weight:bold;\">Concierge-Premium<\/h3><\/div><\/div>[vc_single_image image=&#8220;79025&#8243; img_size=&#8220;full&#8220; alignment=&#8220;center&#8220; css_animation=&#8220;fadeIn&#8220;][\/vc_column_inner][\/vc_row_inner][vc_column_text css=&#8220;&#8220;]<\/p>\n<p style=\"text-align: center;\">Wir k\u00fcmmern uns um alle zus\u00e4tzlichen Dienstleistungen, die Sie ben\u00f6tigen k\u00f6nnten: Eink\u00e4ufe, Empfangsservice, spezielle Vorbereitung der Villa, Personal, das Ihnen f\u00fcr Ihre individuellen Bed\u00fcrfnisse zur Verf\u00fcgung steht.<\/p>\n<p>[\/vc_column_text][\/vc_column][vc_column width=&#8220;1\/3&#8243;][vc_row_inner][vc_column_inner]<div id=\"ultimate-heading-4286a0334f77acc1\" class=\"uvc-heading ult-adjust-bottom-margin ultimate-heading-4286a0334f77acc1 uvc-4822 \" data-hspacer=\"no_spacer\"  data-halign=\"center\" style=\"text-align:center\"><div class=\"uvc-heading-spacer no_spacer\" style=\"top\"><\/div><div class=\"uvc-main-heading ult-responsive\"  data-ultimate-target='.uvc-heading.ultimate-heading-4286a0334f77acc1 h3'  data-responsive-json-new='{\"font-size\":\"\",\"line-height\":\"\"}' ><h3 style=\"font-weight:bold;\">Entspannung und individuelles Wohlbefinden<\/h3><\/div><\/div>[vc_single_image image=&#8220;79026&#8243; img_size=&#8220;full&#8220; alignment=&#8220;center&#8220; css_animation=&#8220;fadeIn&#8220;][vc_column_text css=&#8220;&#8220;]<\/p>\n<p style=\"text-align: center;\">Wir k\u00fcmmern uns darum, Personal f\u00fcr Massagen und Entspannungsbehandlungen direkt in Ihrer Villa zu finden, damit Sie Momente der Ruhe und umfassende Pflege in privater Atmosph\u00e4re genie\u00dfen k\u00f6nnen.<\/p>\n<p>[\/vc_column_text][\/vc_column_inner][\/vc_row_inner][\/vc_column][\/vc_row][vc_row][vc_column width=&#8220;1\/3&#8243;][vc_row_inner][vc_column_inner][\/vc_column_inner][\/vc_row_inner][\/vc_column][vc_column width=&#8220;1\/3&#8243;]<div id=\"ultimate-heading-17676a0334f77ad03\" class=\"uvc-heading ult-adjust-bottom-margin ultimate-heading-17676a0334f77ad03 uvc-6448 \" data-hspacer=\"no_spacer\"  data-halign=\"center\" style=\"text-align:center\"><div class=\"uvc-heading-spacer no_spacer\" style=\"top\"><\/div><div class=\"uvc-main-heading ult-responsive\"  data-ultimate-target='.uvc-heading.ultimate-heading-17676a0334f77ad03 h3'  data-responsive-json-new='{\"font-size\":\"\",\"line-height\":\"\"}' ><h3 style=\"font-weight:bold;\">Reservierungen und bevorzugter Zugang<\/h3><\/div><\/div>[vc_single_image image=&#8220;79024&#8243; img_size=&#8220;full&#8220; alignment=&#8220;center&#8220; css_animation=&#8220;fadeIn&#8220;][vc_column_text css=&#8220;&#8220;]<\/p>\n<p style=\"text-align: center;\">Wir k\u00fcmmern uns f\u00fcr Sie um Reservierungen in exklusiven Restaurants und Clubs auf Ibiza.<\/p>\n<p>[\/vc_column_text][\/vc_column][vc_column width=&#8220;1\/3&#8243;][\/vc_column][\/vc_row][vc_row css=&#8220;.vc_custom_1574963226616{padding-top: 20px !important;}&#8220;][vc_column][vc_column_text css=&#8220;&#8220;]<\/p>\n<p style=\"text-align: center;\">All diese Dienstleistungen sind ausschlie\u00dflich unseren G\u00e4sten vorbehalten und garantieren einen Aufenthalt auf Ibiza voller Komfort, Luxus und pers\u00f6nlicher Betreuung.<\/p>\n<p>[\/vc_column_text]<div class=\" ult_buttons ubtn-ctn-center \"><a class=\"ubtn-link ult-adjust-bottom-margin ubtn-center ubtn-normal \" href=\"mailto:info@ibizavilla.com\" ><button type=\"button\" id=\"ubtn-2162\"  class=\"ubtn ult-adjust-bottom-margin ult-responsive ubtn-normal ubtn-fade-bg  none  ubtn-center   tooltip-6a0334f77ad4d\"  data-hover=\"#0090ff\" data-border-color=\"#10c1ed\" data-bg=\"\" data-hover-bg=\"#ffffff\" data-border-hover=\"#0090ff\" data-shadow-hover=\"\" data-shadow-click=\"none\" data-shadow=\"\" data-shd-shadow=\"\"  data-ultimate-target='#ubtn-2162'  data-responsive-json-new='{\"font-size\":\"\",\"line-height\":\"\"}'  style=\"font-weight:normal;border-radius:30px;border-width:2px;border-color:#10c1ed;border-style:solid;color: #10c1ed;\"><span class=\"ubtn-hover\" style=\"background-color:#ffffff\"><\/span><span class=\"ubtn-data ubtn-text \" >Bookings &amp; Info<\/span><\/button><\/a><\/div>[\/vc_column][\/vc_row][vc_row full_width=&#8220;stretch_row_content_no_spaces&#8220; el_class=&#8220;bg-no-mb&#8220; css=&#8220;.vc_custom_1573291425056{padding-top: 30px !important;}&#8220;][vc_column][vc_single_image image=&#8220;79057&#8243; img_size=&#8220;full&#8220; alignment=&#8220;center&#8220;][\/vc_column][\/vc_row]<\/p>\n<\/div>","protected":false},"excerpt":{"rendered":"<p>[vc_row css=&#8220;.vc_custom_1572365420985{margin-top: 60px !important;padding-bottom: 30px !important;}&#8220;][vc_column][vc_column_text css=&#8220;&#8220;] Ibiza Villa \u2013 Autovermietung [\/vc_column_text][vc_column_text css=&#8220;&#8220;] Our customer service is here to assist you during the journey, wherever and whenever you need it because the awareness of giving you a great rental experience makes us happy. Thanks to our long experience, we always find the best solution for &#8230;<\/p>\n","protected":false},"author":9,"featured_media":0,"parent":0,"menu_order":0,"comment_status":"closed","ping_status":"closed","template":"","meta":{"_acf_changed":false,"_joinchat":[],"footnotes":""},"class_list":["post-79020","page","type-page","status-publish","hentry"],"acf":[],"_links":{"self":[{"href":"https:\/\/ibizavilla.com\/de\/wp-json\/wp\/v2\/pages\/79020","targetHints":{"allow":["GET"]}}],"collection":[{"href":"https:\/\/ibizavilla.com\/de\/wp-json\/wp\/v2\/pages"}],"about":[{"href":"https:\/\/ibizavilla.com\/de\/wp-json\/wp\/v2\/types\/page"}],"author":[{"embeddable":true,"href":"https:\/\/ibizavilla.com\/de\/wp-json\/wp\/v2\/users\/9"}],"replies":[{"embeddable":true,"href":"https:\/\/ibizavilla.com\/de\/wp-json\/wp\/v2\/comments?post=79020"}],"version-history":[{"count":5,"href":"https:\/\/ibizavilla.com\/de\/wp-json\/wp\/v2\/pages\/79020\/revisions"}],"predecessor-version":[{"id":119977,"href":"https:\/\/ibizavilla.com\/de\/wp-json\/wp\/v2\/pages\/79020\/revisions\/119977"}],"wp:attachment":[{"href":"https:\/\/ibizavilla.com\/de\/wp-json\/wp\/v2\/media?parent=79020"}],"curies":[{"name":"wp","href":"https:\/\/api.w.org\/{rel}","templated":true}]}}