{"id":187,"date":"2015-04-20T13:10:02","date_gmt":"2015-04-20T13:10:02","guid":{"rendered":"http:\/\/demo1.wprentals.org\/?page_id=187"},"modified":"2025-12-09T09:44:14","modified_gmt":"2025-12-09T08:44:14","slug":"servicios","status":"publish","type":"page","link":"https:\/\/ibizavilla.com\/es\/servicios\/","title":{"rendered":"Servicios"},"content":{"rendered":"<div class=\"wpb-content-wrapper\"><p>[vc_row el_class=\u00bbservicios-box\u00bb][vc_column width=\u00bb1\/2&#8243;]<div id=\"ultimate-heading-987569f2555dd8f51\" class=\"uvc-heading ult-adjust-bottom-margin ultimate-heading-987569f2555dd8f51 uvc-3952 \" data-hspacer=\"no_spacer\"  data-halign=\"center\" style=\"text-align:center\"><div class=\"uvc-heading-spacer no_spacer\" style=\"top\"><\/div><div class=\"uvc-main-heading ult-responsive\"  data-ultimate-target='.uvc-heading.ultimate-heading-987569f2555dd8f51 h3'  data-responsive-json-new='{\"font-size\":\"\",\"line-height\":\"\"}' ><h3 style=\"font-weight:bold;\">Alquiler de barcos<\/h3><\/div><\/div>[vc_single_image image=\u00bb28272&#8243; img_size=\u00bbfull\u00bb alignment=\u00bbcenter\u00bb onclick=\u00bbcustom_link\u00bb css_animation=\u00bbfadeIn\u00bb link=\u00bb\/servicios\/alquiler-de-barcos\u00bb el_class=\u00bbshadow-transition\u00bb][vc_column_text]Si desea disfrutar de las aguas del Mediterr\u00e1neo en barco, Ibizavilla pone a su disposici\u00f3n un servicio de alquiler de todo tipo de embarcaciones.[\/vc_column_text][\/vc_column][vc_column width=\u00bb1\/2&#8243;]<div id=\"ultimate-heading-457869f2555dd8fcd\" class=\"uvc-heading ult-adjust-bottom-margin ultimate-heading-457869f2555dd8fcd uvc-1114 \" data-hspacer=\"no_spacer\"  data-halign=\"center\" style=\"text-align:center\"><div class=\"uvc-heading-spacer no_spacer\" style=\"top\"><\/div><div class=\"uvc-main-heading ult-responsive\"  data-ultimate-target='.uvc-heading.ultimate-heading-457869f2555dd8fcd h3'  data-responsive-json-new='{\"font-size\":\"\",\"line-height\":\"\"}' ><h3 style=\"font-weight:bold;\">Alquiler de coches<\/h3><\/div><\/div>[vc_single_image image=\u00bb28274&#8243; img_size=\u00bbfull\u00bb alignment=\u00bbcenter\u00bb onclick=\u00bbcustom_link\u00bb css_animation=\u00bbfadeIn\u00bb link=\u00bb\/servicios\/alquiler-de-coches\u00bb el_class=\u00bbshadow-transition\u00bb][vc_column_text]Ibizavilla tiene una gran selecci\u00f3n de veh\u00edculos. S\u00f3lo tiene que decirnos la fecha, el tipo de coche que desea y d\u00f3nde quiere recogerlo, nuestra compa\u00f1\u00eda se har\u00e1 cargo del resto.[\/vc_column_text][\/vc_column][\/vc_row][vc_row][vc_column width=\u00bb1\/3&#8243;]<div id=\"ultimate-heading-959969f2555dd901d\" class=\"uvc-heading ult-adjust-bottom-margin ultimate-heading-959969f2555dd901d uvc-6360 \" data-hspacer=\"no_spacer\"  data-halign=\"center\" style=\"text-align:center\"><div class=\"uvc-heading-spacer no_spacer\" style=\"top\"><\/div><div class=\"uvc-main-heading ult-responsive\"  data-ultimate-target='.uvc-heading.ultimate-heading-959969f2555dd901d h3'  data-responsive-json-new='{\"font-size\":\"\",\"line-height\":\"\"}' ><h3 style=\"font-weight:bold;\">Compras<\/h3><\/div><\/div>[vc_single_image image=\u00bb28276&#8243; img_size=\u00bbfull\u00bb alignment=\u00bbcenter\u00bb css_animation=\u00bbfadeIn\u00bb][vc_column_text]Para mayor comodidad,\u00a0<strong>Ibiza Villa<\/strong>\u00a0se encargar\u00e1 de realizar la primera compra de sus vacaciones en Ibiza.[\/vc_column_text][\/vc_column][vc_column width=\u00bb1\/3&#8243;]<div id=\"ultimate-heading-174769f2555dd9066\" class=\"uvc-heading ult-adjust-bottom-margin ultimate-heading-174769f2555dd9066 uvc-2019 \" data-hspacer=\"no_spacer\"  data-halign=\"center\" style=\"text-align:center\"><div class=\"uvc-heading-spacer no_spacer\" style=\"top\"><\/div><div class=\"uvc-main-heading ult-responsive\"  data-ultimate-target='.uvc-heading.ultimate-heading-174769f2555dd9066 h3'  data-responsive-json-new='{\"font-size\":\"\",\"line-height\":\"\"}' ><h3 style=\"font-weight:bold;\">Masajes<\/h3><\/div><\/div>[vc_single_image image=\u00bb28277&#8243; img_size=\u00bbfull\u00bb alignment=\u00bbcenter\u00bb css_animation=\u00bbfadeIn\u00bb][vc_column_text]<strong>Ibiza Villa<\/strong>\u00a0le ofrece la posibilidad de contratar un masajista profesional a domicilio para que no tenga que moverse de su alojamiento.[\/vc_column_text][\/vc_column][vc_column width=\u00bb1\/3&#8243;]<div id=\"ultimate-heading-279169f2555dd90ad\" class=\"uvc-heading ult-adjust-bottom-margin ultimate-heading-279169f2555dd90ad uvc-6771 \" data-hspacer=\"no_spacer\"  data-halign=\"center\" style=\"text-align:center\"><div class=\"uvc-heading-spacer no_spacer\" style=\"top\"><\/div><div class=\"uvc-main-heading ult-responsive\"  data-ultimate-target='.uvc-heading.ultimate-heading-279169f2555dd90ad h3'  data-responsive-json-new='{\"font-size\":\"\",\"line-height\":\"\"}' ><h3 style=\"font-weight:bold;\">Chef \/ Catering<\/h3><\/div><\/div>[vc_single_image image=\u00bb28278&#8243; img_size=\u00bbfull\u00bb alignment=\u00bbcenter\u00bb css_animation=\u00bbfadeIn\u00bb][vc_column_text]Del\u00e9itese con la m\u00e1s alta cocina mientras disfruta de sus vacaciones en Ibiza.[\/vc_column_text][\/vc_column][\/vc_row][vc_row][vc_column width=\u00bb1\/3&#8243;]<div id=\"ultimate-heading-890869f2555dd90f0\" class=\"uvc-heading ult-adjust-bottom-margin ultimate-heading-890869f2555dd90f0 uvc-1636 \" data-hspacer=\"no_spacer\"  data-halign=\"center\" style=\"text-align:center\"><div class=\"uvc-heading-spacer no_spacer\" style=\"top\"><\/div><div class=\"uvc-main-heading ult-responsive\"  data-ultimate-target='.uvc-heading.ultimate-heading-890869f2555dd90f0 h3'  data-responsive-json-new='{\"font-size\":\"\",\"line-height\":\"\"}' ><h3 style=\"font-weight:bold;\">Canguros<\/h3><\/div><\/div>[vc_single_image image=\u00bb28279&#8243; img_size=\u00bbfull\u00bb alignment=\u00bbcenter\u00bb css_animation=\u00bbfadeIn\u00bb][vc_column_text]Cuando viaje con los m\u00e1s peque\u00f1os y necesite intimidad se alegrar\u00e1 de saber que Ibizavilla le proporcionar\u00e1 un o una canguro que cuidar\u00e1 de sus hijos o hijas.[\/vc_column_text][\/vc_column][vc_column width=\u00bb1\/3&#8243;]<div id=\"ultimate-heading-392969f2555dd9131\" class=\"uvc-heading ult-adjust-bottom-margin ultimate-heading-392969f2555dd9131 uvc-1255 \" data-hspacer=\"no_spacer\"  data-halign=\"center\" style=\"text-align:center\"><div class=\"uvc-heading-spacer no_spacer\" style=\"top\"><\/div><div class=\"uvc-main-heading ult-responsive\"  data-ultimate-target='.uvc-heading.ultimate-heading-392969f2555dd9131 h3'  data-responsive-json-new='{\"font-size\":\"\",\"line-height\":\"\"}' ><h3 style=\"font-weight:bold;\">Limpieza<\/h3><\/div><\/div>[vc_single_image image=\u00bb28280&#8243; img_size=\u00bbfull\u00bb alignment=\u00bbcenter\u00bb css_animation=\u00bbfadeIn\u00bb][vc_column_text]<strong>Ibiza Villa<\/strong>\u00a0le ofrece la posibilidad de contratar un masajista profesional a domicilio para que no tenga que moverse de su alojamiento.[\/vc_column_text][\/vc_column][vc_column width=\u00bb1\/3&#8243;]<div id=\"ultimate-heading-996269f2555dd9172\" class=\"uvc-heading ult-adjust-bottom-margin ultimate-heading-996269f2555dd9172 uvc-3306 \" data-hspacer=\"no_spacer\"  data-halign=\"center\" style=\"text-align:center\"><div class=\"uvc-heading-spacer no_spacer\" style=\"top\"><\/div><div class=\"uvc-main-heading ult-responsive\"  data-ultimate-target='.uvc-heading.ultimate-heading-996269f2555dd9172 h3'  data-responsive-json-new='{\"font-size\":\"\",\"line-height\":\"\"}' ><h3 style=\"font-weight:bold;\">Reservas<\/h3><\/div><\/div>[vc_single_image image=\u00bb28275&#8243; img_size=\u00bbfull\u00bb alignment=\u00bbcenter\u00bb css_animation=\u00bbfadeIn\u00bb][vc_column_text]Si quiere olvidarse de reservar mesa en un restaurante o discoteca, realizar alguna actividad deportiva o asistir a los eventos m\u00e1s exclusivos,\u00a0<strong>Ibiza Villa<\/strong>\u00a0pone a su disposici\u00f3n un servicio premium de reservas en los establecimientos de m\u00e1s alto standing de la isla.[\/vc_column_text][\/vc_column][\/vc_row][vc_row][vc_column width=\u00bb1\/3&#8243;]<div id=\"ultimate-heading-172069f2555dd91b9\" class=\"uvc-heading ult-adjust-bottom-margin ultimate-heading-172069f2555dd91b9 uvc-3917 \" data-hspacer=\"no_spacer\"  data-halign=\"center\" style=\"text-align:center\"><div class=\"uvc-heading-spacer no_spacer\" style=\"top\"><\/div><div class=\"uvc-main-heading ult-responsive\"  data-ultimate-target='.uvc-heading.ultimate-heading-172069f2555dd91b9 h3'  data-responsive-json-new='{\"font-size\":\"\",\"line-height\":\"\"}' ><h3 style=\"font-weight:bold;\">Bienvenida al aeropuerto<\/h3><\/div><\/div>[vc_single_image image=\u00bb28281&#8243; img_size=\u00bbfull\u00bb alignment=\u00bbcenter\u00bb css_animation=\u00bbfadeIn\u00bb][vc_column_text]Uno de nuestros encargados de check-in le recoger\u00e1 directamente en el aeropuerto.[\/vc_column_text][\/vc_column][vc_column width=\u00bb1\/3&#8243;]<div id=\"ultimate-heading-268469f2555dd91f9\" class=\"uvc-heading ult-adjust-bottom-margin ultimate-heading-268469f2555dd91f9 uvc-3036 \" data-hspacer=\"no_spacer\"  data-halign=\"center\" style=\"text-align:center\"><div class=\"uvc-heading-spacer no_spacer\" style=\"top\"><\/div><div class=\"uvc-main-heading ult-responsive\"  data-ultimate-target='.uvc-heading.ultimate-heading-268469f2555dd91f9 h3'  data-responsive-json-new='{\"font-size\":\"\",\"line-height\":\"\"}' ><h3 style=\"font-weight:bold;\">Seguridad<\/h3><\/div><\/div>[vc_single_image image=\u00bb28282&#8243; img_size=\u00bbfull\u00bb alignment=\u00bbcenter\u00bb css_animation=\u00bbfadeIn\u00bb][vc_column_text]Para que disfrute de sus vacaciones en Ibiza con la m\u00e1xima tranquilidad,\u00a0<strong>Ibiza Villa<\/strong>\u00a0pone a su disposici\u00f3n un servicio de seguridad privada con el que podr\u00e1 contar durante toda su estancia.[\/vc_column_text][\/vc_column][vc_column width=\u00bb1\/3&#8243;]<div id=\"ultimate-heading-475969f2555dd9238\" class=\"uvc-heading ult-adjust-bottom-margin ultimate-heading-475969f2555dd9238 uvc-3874 \" data-hspacer=\"no_spacer\"  data-halign=\"center\" style=\"text-align:center\"><div class=\"uvc-heading-spacer no_spacer\" style=\"top\"><\/div><div class=\"uvc-main-heading ult-responsive\"  data-ultimate-target='.uvc-heading.ultimate-heading-475969f2555dd9238 h3'  data-responsive-json-new='{\"font-size\":\"\",\"line-height\":\"\"}' ><h3 style=\"font-weight:bold;\">Ch\u00f3fer<\/h3><\/div><\/div>[vc_single_image image=\u00bb28283&#8243; img_size=\u00bbfull\u00bb alignment=\u00bbcenter\u00bb css_animation=\u00bbfadeIn\u00bb][vc_column_text]<strong>Ibiza Villa<\/strong>\u00a0se encargar\u00e1 de contratar un ch\u00f3fer para usted si as\u00ed lo requiere.[\/vc_column_text][\/vc_column][\/vc_row][vc_row css=\u00bb.vc_custom_1574963226616{padding-top: 20px !important;}\u00bb][vc_column]<div class=\" ult_buttons ubtn-ctn-center \"><a class=\"ubtn-link ult-adjust-bottom-margin ubtn-center ubtn-normal \" href=\"mailto:info@ibizavilla.com\" ><button type=\"button\" id=\"ubtn-3291\"  class=\"ubtn ult-adjust-bottom-margin ult-responsive ubtn-normal ubtn-fade-bg  none  ubtn-center   tooltip-69f2555dd927c\"  data-hover=\"#0090ff\" data-border-color=\"#10c1ed\" data-bg=\"\" data-hover-bg=\"#ffffff\" data-border-hover=\"#0090ff\" data-shadow-hover=\"\" data-shadow-click=\"none\" data-shadow=\"\" data-shd-shadow=\"\"  data-ultimate-target='#ubtn-3291'  data-responsive-json-new='{\"font-size\":\"\",\"line-height\":\"\"}'  style=\"font-weight:normal;border-radius:30px;border-width:2px;border-color:#10c1ed;border-style:solid;color: #10c1ed;\"><span class=\"ubtn-hover\" style=\"background-color:#ffffff\"><\/span><span class=\"ubtn-data ubtn-text \" >Reserva &amp; Info<\/span><\/button><\/a><\/div>[\/vc_column][\/vc_row][vc_row full_width=\u00bbstretch_row_content_no_spaces\u00bb el_class=\u00bbbg-no-mb\u00bb css=\u00bb.vc_custom_1573291425056{padding-top: 30px !important;}\u00bb][vc_column][vc_single_image image=\u00bb67343&#8243; img_size=\u00bbfull\u00bb alignment=\u00bbcenter\u00bb][\/vc_column][\/vc_row]<\/p>\n<\/div>","protected":false},"excerpt":{"rendered":"<p>[vc_row el_class=\u00bbservicios-box\u00bb][vc_column width=\u00bb1\/2&#8243;][vc_single_image image=\u00bb28272&#8243; img_size=\u00bbfull\u00bb alignment=\u00bbcenter\u00bb onclick=\u00bbcustom_link\u00bb css_animation=\u00bbfadeIn\u00bb link=\u00bb\/servicios\/alquiler-de-barcos\u00bb el_class=\u00bbshadow-transition\u00bb][vc_column_text]Si desea disfrutar de las aguas del Mediterr\u00e1neo en barco, Ibizavilla pone a su disposici\u00f3n un servicio de alquiler de todo tipo de embarcaciones.[\/vc_column_text][\/vc_column][vc_column width=\u00bb1\/2&#8243;][vc_single_image image=\u00bb28274&#8243; img_size=\u00bbfull\u00bb alignment=\u00bbcenter\u00bb onclick=\u00bbcustom_link\u00bb css_animation=\u00bbfadeIn\u00bb link=\u00bb\/servicios\/alquiler-de-coches\u00bb el_class=\u00bbshadow-transition\u00bb][vc_column_text]Ibizavilla tiene una gran selecci\u00f3n de veh\u00edculos. S\u00f3lo tiene que decirnos la fecha, el tipo &#8230;<\/p>\n","protected":false},"author":9,"featured_media":0,"parent":0,"menu_order":0,"comment_status":"closed","ping_status":"open","template":"","meta":{"_acf_changed":false,"_joinchat":[],"footnotes":""},"class_list":["post-187","page","type-page","status-publish","hentry"],"acf":[],"_links":{"self":[{"href":"https:\/\/ibizavilla.com\/es\/wp-json\/wp\/v2\/pages\/187","targetHints":{"allow":["GET"]}}],"collection":[{"href":"https:\/\/ibizavilla.com\/es\/wp-json\/wp\/v2\/pages"}],"about":[{"href":"https:\/\/ibizavilla.com\/es\/wp-json\/wp\/v2\/types\/page"}],"author":[{"embeddable":true,"href":"https:\/\/ibizavilla.com\/es\/wp-json\/wp\/v2\/users\/9"}],"replies":[{"embeddable":true,"href":"https:\/\/ibizavilla.com\/es\/wp-json\/wp\/v2\/comments?post=187"}],"version-history":[{"count":0,"href":"https:\/\/ibizavilla.com\/es\/wp-json\/wp\/v2\/pages\/187\/revisions"}],"wp:attachment":[{"href":"https:\/\/ibizavilla.com\/es\/wp-json\/wp\/v2\/media?parent=187"}],"curies":[{"name":"wp","href":"https:\/\/api.w.org\/{rel}","templated":true}]}}