{"id":28179,"date":"2018-09-18T17:54:55","date_gmt":"2018-09-18T15:54:55","guid":{"rendered":"https:\/\/ibizavilla.com\/?page_id=28179"},"modified":"2019-11-26T08:43:59","modified_gmt":"2019-11-26T06:43:59","slug":"condiciones-de-reserva","status":"publish","type":"page","link":"https:\/\/ibizavilla.com\/es\/condiciones-de-reserva\/","title":{"rendered":"Condiciones de reserva"},"content":{"rendered":"<h1 style=\"text-align: center;\"><span style=\"font-family: Cambria, serif;\"><span lang=\"it-IT\"><b>Condiciones de Reserva<\/b><\/span><\/span><\/h1>\n<p><span style=\"font-family: Cambria, serif;\">Ibiza Villa, agencia inmobiliaria y de servicios relacionados, representada por Ibiza Villa CB, CIF: E57689002, gestiona y formaliza el presente contrato de alquiler en nombre y representaci\u00f3n de la parte arrendadora<\/span><\/p>\n<p lang=\"fr-FR\"><span style=\"font-family: Courier New, serif;\"><span style=\"font-size: small;\"><span style=\"font-family: Cambria, serif;\"><b>PRECIOS\u00a0: <\/b><\/span><span style=\"font-family: Cambria, serif;\"><span lang=\"es-ES\">Los precios que indicamos son los precios por todo el periodo de alquiler y comprenden :<br \/>\n&#8211; IVA<br \/>\n&#8211; todos los gastos por agua, electricidad, gas y los productos para la piscina<br \/>\n&#8211; la ropa de la casa (toallas y sabanas)<br \/>\n&#8211; mantenimiento de la piscina y limpieza del jard\u00edn<br \/>\n&#8211; el check-in del cliente a la llegada y el check-out a la salida<br \/>\n&#8211; la limpieza de la casa, como indicado en el voucher de la reserva.<\/span><\/span><\/span><\/span><\/p>\n<p lang=\"fr-FR\"><span style=\"font-family: Courier New, serif;\"><span style=\"font-size: small;\"><span style=\"font-family: Cambria, serif;\"><span lang=\"es-ES\"><b>CHECK-in y CHECK-out: <\/b><\/span><\/span><span style=\"font-family: Cambria, serif;\"><span lang=\"es-ES\">Hora de llegada: entre las 15h \u2013 19h \/ Hora de salida: entre las 9 \u2013 11h.<\/span><\/span><\/span><\/span><\/p>\n<p lang=\"fr-FR\"><span style=\"font-family: Courier New, serif;\"><span style=\"font-size: small;\"><span style=\"font-family: Cambria, serif;\"><span lang=\"es-ES\">Por entradas\/salidas despu\u00e9s de las 22h o antes de las 8h hay <\/span><\/span><span style=\"font-family: Cambria, serif;\"><span lang=\"es-ES\"><u>100\u20ac de honorario<\/u><\/span><\/span><span style=\"font-family: Cambria, serif;\"><span lang=\"es-ES\">,<\/span><\/span><\/span><\/span><\/p>\n<p lang=\"fr-FR\"><span style=\"font-family: Courier New, serif;\"><span style=\"font-size: small;\"><span style=\"font-family: Cambria, serif;\"><span lang=\"es-ES\">Si el cliente no pudiera llegar a la fecha prevista deber\u00e1 necesariamente avisar al agente local, en caso contrario perder\u00e1 todos sus derechos sin poder pretender a ning\u00fan reembolso. Cada estancia interrumpida por cualquier raz\u00f3n no tiene ning\u00fan derecho al rembolso.<br \/>\nAl final de cada alquiler la casa deber\u00e1 estar en orden como al d\u00eda de la entrega y devuelta al horario convenido con el agente. En caso de retraso, Ibiza Villa tendr\u00e1 el derecho de facturar horas supletorias, gasta un m\u00e1ximo de 1.000\/d\u00eda en caso el retraso pueda perjudicar la entrada a los siguientes clientes.<\/span><\/span><\/span><\/span><\/p>\n<p lang=\"fr-FR\"><span style=\"font-family: Times New Roman, serif;\"><span style=\"font-size: medium;\"><span style=\"font-family: Cambria, serif;\"><span style=\"font-size: small;\"><span lang=\"es-ES\"><b>INCONVENIENTES Y RESPONSABILIDAD: <\/b><\/span><\/span><\/span><span style=\"font-family: Cambria, serif;\"><span style=\"font-size: small;\"><span lang=\"es-ES\">Ni Ibiza Villa, ni el propietario pueden incurrir en responsabilidad con respecto a irregularidades y\/o la falta de disfrute de los servicios de agua, luz, tel\u00e9fono etc.\u2026 igual que no nos hacemos responsables acerca de trabajos o diversas manifestaciones de origen privado o p\u00fablico.<\/span><\/span><\/span><span style=\"font-family: Cambria, serif;\"><span style=\"font-size: small;\"><span lang=\"es-ES\">\u00a0<\/span><\/span><\/span><\/span><\/span><\/p>\n<p lang=\"fr-FR\"><span style=\"font-family: Courier New, serif;\"><span style=\"font-size: small;\"><span style=\"color: #000000;\"><span style=\"font-family: Cambria, serif;\"><span lang=\"es-ES\">En caso de querer organizar un evento (por ej. Fiesta privada, boda, photo-shooting, etc) en la propiedad, se debe pedir el permiso con anticipaci\u00f3n y por escrito a la agencia.<br \/>\nSe deben respectar las normas de buena vecindad y las normas en vigor seg\u00fan el reglamento del Ayuntamiento de pertenencia. De toda forma est\u00e1 prohibido poner m\u00fasica fuerte y hacer ruido entre las 23h y las 9h<\/span><\/span><\/span><\/span><\/span><\/p>\n<p lang=\"fr-FR\"><span style=\"font-family: Courier New, serif;\"><span style=\"font-size: small;\"><span style=\"font-family: Cambria, serif;\"><span lang=\"es-ES\">Ibiza Villa no se hace responsable de cualquier tipo de accidentes o da\u00f1os personales que puedan sufrir los inquilinos de la casa o sus invitados.<\/span><\/span><\/span><\/span><\/p>\n<p lang=\"fr-FR\"><span style=\"font-family: Courier New, serif;\"><span style=\"font-size: small;\"><span style=\"font-family: Cambria, serif;\"><span lang=\"es-ES\">Los clientes se hacen responsables \u00fanicos de los riesgos que puedan correr ellos mismos o sus hijos o invitados en la casa, tanto como en el sector que comprende la propiedad de esta (jardines, terrazas, techos, escaleras, etc.).<\/span><\/span><\/span><\/span><\/p>\n<p lang=\"fr-FR\"><span style=\"font-family: Courier New, serif;\"><span style=\"font-size: small;\"><span style=\"font-family: Cambria, serif;\"><span lang=\"es-ES\">Los propietarios de los inmuebles, as\u00ed como Ibiza Villa no se hacen responsables de posibles hurtos o robos ocasionados por descuidos de los clientes. <\/span><\/span><\/span><\/span><\/p>\n<p lang=\"fr-FR\"><span style=\"font-family: Courier New, serif;\"><span style=\"font-size: small;\"><span style=\"font-family: Cambria, serif;\"><span lang=\"es-ES\"><b>CAPACIDAD DE ACOGIDA: <\/b><\/span><\/span><span style=\"font-family: Cambria, serif;\"><span lang=\"es-ES\">Solamente se les permitir\u00e1 trasnochar en la casa al n\u00famero de clientes especificados en el contrato de alquiler a no ser que se haya informado a Ibiza Villa de alg\u00fan caso excepcional.<\/span><\/span><\/span><\/span><\/p>\n<p lang=\"fr-FR\"><span style=\"font-family: Courier New, serif;\"><span style=\"font-size: small;\"><span style=\"font-family: Cambria, serif;\"><span lang=\"es-ES\">En caso de que se exceda el n\u00famero de personas residentes en la casa se les podr\u00e1 rehusar el acceso a la misma o en su defecto se les cobrara el importe correspondiente siempre y cuando la Villa permita la acomodaci\u00f3n de dichas personas. El calculo de esta suma ser\u00e1 el precio total del alquiler de la vivienda dividido por el total de los hu\u00e9spedes especificados en el contrato y multiplicado por el numero de personas extras.<br \/>\nLa persona que firma el contrato es el \u00fanico responsable del comportamiento de los otros invitados. Si una o varias personas no respectan las condiciones contractuales, Ibiza Villa puede en cualquier momento rescindir el contrato o, por lo menos por estas personas que no se hayan portado bien.<br \/>\nEn caso de rescindir el contrato, ni Ibiza Villa ni el propietario deber\u00e1n rembolsar al cliente ninguna suma.<\/span><\/span><\/span><\/span><\/p>\n<p lang=\"fr-FR\"><span style=\"font-family: Courier New, serif;\"><span style=\"font-size: small;\"><span style=\"font-family: Cambria, serif;\"><span lang=\"es-ES\"><b>DEPOSITO DE GARANTIA: <\/b><\/span><\/span><span style=\"font-family: Cambria, serif;\"><span lang=\"es-ES\">Ofrecemos 3 formas para abonar el dep\u00f3sito de garant\u00eda (fianza).<\/span><\/span><\/span><\/span><\/p>\n<p lang=\"fr-FR\"><span style=\"font-family: Courier New, serif;\"><span style=\"font-size: small;\"><span style=\"font-family: Cambria, serif;\"><span lang=\"es-ES\">-Por transferencia, un mes antes de la llegada.<\/span><\/span><\/span><\/span><\/p>\n<p lang=\"fr-FR\"><span style=\"font-family: Courier New, serif;\"><span style=\"font-size: small;\"><span style=\"font-family: Cambria, serif;\"><span lang=\"es-ES\">-En efectivo, a la llegada en el momento de la entrega de las llaves. La devoluci\u00f3n se efectuar\u00e1 el d\u00eda de la salida una vez comprobado el buen estado del inmueble.<\/span><\/span><\/span><\/span><\/p>\n<p lang=\"fr-FR\"><span style=\"font-family: Courier New, serif;\"><span style=\"font-size: small;\"><span style=\"font-family: Cambria, serif;\"><span lang=\"es-ES\">-Por tarjeta de cr\u00e9dito,<\/span><\/span><\/span><\/span><\/p>\n<p lang=\"fr-FR\"><span style=\"font-family: Courier New, serif;\"><span style=\"font-size: small;\"><span style=\"font-family: Cambria, serif;\"><span lang=\"es-ES\">El cliente deber\u00e1 comprobar que su banco acepta el bloqueo de la cantidad requerida antes de su llegada a Ibiza. Esta cantidad quedar\u00e1 bloqueada sobre su cuenta durante el periodo de la estancia +10 d\u00edas y se proceder\u00e1 a su devoluci\u00f3n despu\u00e9s de comprobar el buen estado del inmueble.<\/span><\/span><\/span><\/span><\/p>\n<p lang=\"fr-FR\"><span style=\"font-family: Courier New, serif;\"><span style=\"font-size: small;\"><span style=\"font-family: Cambria, serif;\"><span lang=\"es-ES\">En caso de que el banco no acepte la transacci\u00f3n se le pedir\u00e1 al cliente que abone la fianza en efectivo.<br \/>\nEn caso de da\u00f1os a la vivienda durante la estancia, el cliente ser\u00e1 el \u00fanico responsable. El primer d\u00eda de alquiler los clientes recibir\u00e1n llaves y eventuales mandos a distancia por el portal. Los juegos de llaves deber\u00e1n ser devueltos el d\u00eda de la salida. Por cada llave o mando perdido, se pedir\u00e1 una suma de 100 euros, que vendr\u00e1 autom\u00e1ticamente deducida de la fianza.<br \/>\n<\/span><\/span><\/span><\/span><\/p>\n<p><span style=\"font-family: Cambria, serif;\"><b>GASTOS DE ANULACION: <\/b><\/span><span style=\"font-family: Cambria, serif;\">Todas las anulaciones deber\u00e1n ser informadas mediante carta certificada con acuse de recibo.<\/span><b> <\/b><span style=\"font-family: Cambria, serif;\">La fecha de recepci\u00f3n de la misma determinara los gastos de anulaci\u00f3n, que ser\u00e1n los siguientes:<\/span><\/p>\n<p align=\"JUSTIFY\">\u2022 <span style=\"font-family: Cambria, serif;\">Si se anula el alquiler antes de los 45 d\u00edas de la fecha de entrada, los gastos ser\u00e1n el 40% del precio del alquiler.<\/span><\/p>\n<p align=\"JUSTIFY\">\u2022 <span style=\"font-family: Cambria, serif;\">Entre 45 y 30 d\u00edas: los gastos de anulaci\u00f3n ser\u00e1n el 50%.<\/span><\/p>\n<p align=\"JUSTIFY\">\u2022 <span style=\"font-family: Cambria, serif;\">Entre 30 d\u00edas y la fecha de llegada, los gastos ser\u00e1n del 100% del precio de alquiler.<\/span><\/p>\n<p align=\"JUSTIFY\"><a name=\"_GoBack\"><\/a><span style=\"font-family: Cambria, serif;\"><b>RECLAMACIONES<\/b><\/span><span style=\"font-family: Cambria, serif;\">: En nuestra agencia hay hojas de reclamaci\u00f3n a disposici\u00f3n del cliente.<br \/>\nPara formular una reclamaci\u00f3n se tendr\u00e1 que avisar por tel\u00e9fono, antes de las 72 horas posteriores a su llegada. Esta reclamaci\u00f3n se deber\u00e1 enviar por carta certificada con acuse de recibo para confirmar su llamada telef\u00f3nica, esta confirmaci\u00f3n se deber\u00e1 hacer a los 4 dias de su llegada. Pasado este tiempo (6 d\u00edas max) no se tendr\u00e1 cuenta de dicha reclamaci\u00f3n. En el caso de recibir la reclamaci\u00f3n \u00e9sta ser\u00e1 transmitida al propietario y les comunicaremos su contestaci\u00f3n. <\/span><\/p>\n<p><span style=\"color: #656565;\">\u00a0<\/span><span style=\"font-family: Cambria, serif;\">SUMISI\u00d3N JURISDICCIONAL: Para cualquier divergencia que se suscite entre las partes en orden a la interpretaci\u00f3n y\/o cumplimiento del presente contrato las partes se someten, con renuncia expresa a cualquier otro fuero que pudiera corresponderles a la Jurisdicci\u00f3n de los Tribunales de Ibiza.<\/span><\/p>\n<p lang=\"fr-FR\"><span style=\"font-family: Times New Roman, serif;\"><span style=\"font-size: medium;\"><span style=\"font-family: Calibri, serif;\"><span style=\"font-size: small;\"><span lang=\"es-ES\"><br \/>\n<\/span><\/span><\/span><\/span><\/span><\/p>\n<p lang=\"fr-FR\"><span style=\"font-family: Times New Roman, serif;\"><span style=\"font-size: medium;\"><span style=\"font-family: Calibri, serif;\"><span style=\"font-size: small;\"><span lang=\"es-ES\"><br \/>\n<\/span><\/span><\/span><\/span><\/span><\/p>\n","protected":false},"excerpt":{"rendered":"<p>Condiciones de Reserva Ibiza Villa, agencia inmobiliaria y de servicios relacionados, representada por Ibiza Villa CB, CIF: E57689002, gestiona y formaliza el presente contrato de alquiler en nombre y representaci\u00f3n de la parte arrendadora PRECIOS\u00a0: Los precios que indicamos son los precios por todo el periodo de alquiler y comprenden : &#8211; IVA &#8211; todos &#8230;<\/p>\n","protected":false},"author":9,"featured_media":0,"parent":0,"menu_order":0,"comment_status":"closed","ping_status":"closed","template":"","meta":{"_acf_changed":false,"_joinchat":[],"footnotes":""},"class_list":["post-28179","page","type-page","status-publish","hentry"],"acf":[],"_links":{"self":[{"href":"https:\/\/ibizavilla.com\/es\/wp-json\/wp\/v2\/pages\/28179","targetHints":{"allow":["GET"]}}],"collection":[{"href":"https:\/\/ibizavilla.com\/es\/wp-json\/wp\/v2\/pages"}],"about":[{"href":"https:\/\/ibizavilla.com\/es\/wp-json\/wp\/v2\/types\/page"}],"author":[{"embeddable":true,"href":"https:\/\/ibizavilla.com\/es\/wp-json\/wp\/v2\/users\/9"}],"replies":[{"embeddable":true,"href":"https:\/\/ibizavilla.com\/es\/wp-json\/wp\/v2\/comments?post=28179"}],"version-history":[{"count":0,"href":"https:\/\/ibizavilla.com\/es\/wp-json\/wp\/v2\/pages\/28179\/revisions"}],"wp:attachment":[{"href":"https:\/\/ibizavilla.com\/es\/wp-json\/wp\/v2\/media?parent=28179"}],"curies":[{"name":"wp","href":"https:\/\/api.w.org\/{rel}","templated":true}]}}