{"id":28249,"date":"2018-10-03T14:19:42","date_gmt":"2018-10-03T12:19:42","guid":{"rendered":"https:\/\/ibizavilla.com\/?page_id=28249"},"modified":"2019-11-25T19:13:32","modified_gmt":"2019-11-25T17:13:32","slug":"blog","status":"publish","type":"page","link":"https:\/\/ibizavilla.com\/es\/blog\/","title":{"rendered":"Blog"},"content":{"rendered":"<div class=\"wpb-content-wrapper\"><p>[vc_row][vc_column][vc_column_text]<\/p>\n<h1 style=\"text-align: center;\" align=\"JUSTIFY\"><span lang=\"es-ES\">El Blog de Ibiza Villa<\/span><\/h1>\n<p style=\"text-align: center;\" align=\"JUSTIFY\"><span lang=\"es-ES\"><strong>Amamos escribir sobre nuestro trabajo<\/strong>, nuestra amada Ibiza, nuestras villas de lujo y sobre nuestras pasiones. <\/span><\/p>\n<p style=\"text-align: center;\" align=\"JUSTIFY\"><span lang=\"es-ES\"><strong>Siguiendo nuestros art\u00edculos estar\u00e1s capaz de descubrir nuestras villas de lujo y sus peculiaridades.<\/strong> De hecho, cada villa che ofrecemos en nuestra p\u00e1gina web es diferente y tiene sus puntos de fuerza. <\/span><\/p>\n<p style=\"text-align: center;\" align=\"JUSTIFY\"><span lang=\"es-ES\">Si est\u00e1s buscando una inspiraci\u00f3n, la encontrar\u00e1s en nuestros art\u00edculos. <strong>Te ayudaremos y te daremos algunas ideas originales para hacer \u00fanicas tus vacaciones. <\/strong><\/span><\/p>\n<p style=\"text-align: center;\" align=\"JUSTIFY\"><span lang=\"es-ES\">D\u00e9jate guiar de la imaginaci\u00f3n y busca lo que te hace feliz. <strong>\u00bfEst\u00e1s buscando una maravillosa puesta del sol o una villa<\/strong> rodeada de naturaleza? <\/span><\/p>\n<p style=\"text-align: center;\" align=\"JUSTIFY\"><span lang=\"es-ES\">\u00bfUna villa con piscina con desbordamiento o con gran terraza donde poder hacer fiesta y pasarlo bien con tus amigos? <strong>Estamos seguros de que nuestros art\u00edculos te aconsejaran en la mejor opci\u00f3n. <\/strong><\/span><\/p>\n<p style=\"text-align: center;\" align=\"JUSTIFY\"><span lang=\"es-ES\">Pero nuestros art\u00edculos no hablan solamente de villas de lujo. <strong>De Hecho, uno de nuestros temas preferidos es la m\u00e1gica isla de Ibiza<\/strong>. Hemos decidido de vivir aqu\u00ed por su energ\u00eda, por su estilo de vida extravagante, sus puestas del sol y sus playas escondidas. <\/span><\/p>\n<p style=\"text-align: center;\" align=\"JUSTIFY\"><span lang=\"es-ES\">Hemos aprendido muchas cosas en estos a\u00f1os y no podemos esperar de compartirlas contigo. <strong>\u00bfQuieres tomar un aperitivo o est\u00e1s buscando los mejores Rooftops de Ibiza? <\/strong><\/span><\/p>\n<p style=\"text-align: center;\" align=\"JUSTIFY\"><span lang=\"es-ES\"><strong>Gracias a nuestros art\u00edculos y a nuestros listados de consejos<\/strong>, podr\u00e1s disfrutar de lo mejor de esta isla. Te revelaremos cual son nuestras tiendas preferidas, los restaurantes y bares. <\/span><\/p>\n<p style=\"text-align: center;\" align=\"JUSTIFY\"><span lang=\"es-ES\">Ser\u00e1s mimado en la elecci\u00f3n y somos seguros que no te arrepentir\u00e1s de nuestros consejos.<\/span><\/p>\n<p style=\"text-align: center;\" align=\"JUSTIFY\"><span lang=\"es-ES\"><strong>En nuestro Blog hablamos tambi\u00e9n de las actividades que podr\u00e1s hacer durante tu estancia en Ibiza<\/strong>. \u00bfEst\u00e1s buscando algunas fiestas fuera de lo com\u00fan, o excursiones en barco? <\/span><\/p>\n<p style=\"text-align: center;\" align=\"JUSTIFY\"><span lang=\"es-ES\">\u00bfUn restaurante tranquillo o una playa de arena blanca? <strong>Con nuestros art\u00edculos te daremos la inspiraci\u00f3n necesaria para organizar tus vacaciones en la mejor manera.<\/strong><\/span><\/p>\n<p style=\"text-align: center;\" align=\"JUSTIFY\"><span lang=\"es-ES\">En nuestros art\u00edculos podr\u00e1s leer tambi\u00e9n de nuestros servicios y de la fuerte pasi\u00f3n que tenemos por nuestro trabajo. <strong>Nuestro objetivo es hacerte feliz. <\/strong><\/span><\/p>\n<p style=\"text-align: center;\" align=\"JUSTIFY\"><span lang=\"es-ES\">Queremos asegurarte la mejor experiencia en Ibiza y nuestros art\u00edculos son una forma de ense\u00f1arte nuestro deseo,<strong> de descubrir la isla que nos ha robado el coraz\u00f3n.<\/strong><\/span><\/p>\n<p style=\"text-align: center;\" align=\"JUSTIFY\"><span lang=\"es-ES\">Si est\u00e1s inspirado de un articulo especifico o <strong>quieres recibir m\u00e1s informaci\u00f3n sobre las villas o las actividades,<\/strong> estaremos encantados de darte consejos adicionales. <\/span><\/p>\n<p style=\"text-align: center;\" align=\"JUSTIFY\"><span lang=\"es-ES\">Podr\u00e1s confiar en nuestro equipo ya sea antes y durante tu estancia en una de nuestras villas de lujo. Te invitamos a contactarnos y explicar tus necesidades y deseos. <strong>Haremos lo mejor que podamos para satisfacer tus peticiones. <\/strong><\/span><a name=\"_GoBack\"><\/a><span lang=\"es-ES\">Pero por el momento, rel\u00e1jate leyendo nuestros art\u00edculos!<\/span><\/p>\n<p>[\/vc_column_text][\/vc_column][\/vc_row]<\/p>\n<\/div>","protected":false},"excerpt":{"rendered":"<p>[vc_row][vc_column][vc_column_text] El Blog de Ibiza Villa Amamos escribir sobre nuestro trabajo, nuestra amada Ibiza, nuestras villas de lujo y sobre nuestras pasiones. Siguiendo nuestros art\u00edculos estar\u00e1s capaz de descubrir nuestras villas de lujo y sus peculiaridades. De hecho, cada villa che ofrecemos en nuestra p\u00e1gina web es diferente y tiene sus puntos de fuerza. Si &#8230;<\/p>\n","protected":false},"author":9,"featured_media":28252,"parent":0,"menu_order":0,"comment_status":"closed","ping_status":"closed","template":"blog_list.php","meta":{"_acf_changed":false,"_joinchat":[],"footnotes":""},"class_list":["post-28249","page","type-page","status-publish","has-post-thumbnail","hentry"],"acf":[],"_links":{"self":[{"href":"https:\/\/ibizavilla.com\/es\/wp-json\/wp\/v2\/pages\/28249","targetHints":{"allow":["GET"]}}],"collection":[{"href":"https:\/\/ibizavilla.com\/es\/wp-json\/wp\/v2\/pages"}],"about":[{"href":"https:\/\/ibizavilla.com\/es\/wp-json\/wp\/v2\/types\/page"}],"author":[{"embeddable":true,"href":"https:\/\/ibizavilla.com\/es\/wp-json\/wp\/v2\/users\/9"}],"replies":[{"embeddable":true,"href":"https:\/\/ibizavilla.com\/es\/wp-json\/wp\/v2\/comments?post=28249"}],"version-history":[{"count":0,"href":"https:\/\/ibizavilla.com\/es\/wp-json\/wp\/v2\/pages\/28249\/revisions"}],"wp:featuredmedia":[{"embeddable":true,"href":"https:\/\/ibizavilla.com\/es\/wp-json\/wp\/v2\/media\/28252"}],"wp:attachment":[{"href":"https:\/\/ibizavilla.com\/es\/wp-json\/wp\/v2\/media?parent=28249"}],"curies":[{"name":"wp","href":"https:\/\/api.w.org\/{rel}","templated":true}]}}