{"id":28568,"date":"2018-10-17T21:20:27","date_gmt":"2018-10-17T19:20:27","guid":{"rendered":"https:\/\/ibizavilla.com\/?page_id=28568"},"modified":"2025-12-09T09:44:16","modified_gmt":"2025-12-09T08:44:16","slug":"alquiler-de-coches","status":"publish","type":"page","link":"https:\/\/ibizavilla.com\/es\/servicios\/alquiler-de-coches\/","title":{"rendered":"Alquiler de coches"},"content":{"rendered":"<div class=\"wpb-content-wrapper\"><p>[vc_row full_width=\u00bbstretch_row\u00bb disable_element=\u00bbyes\u00bb][vc_column width=\u00bb1\/2&#8243;][vc_single_image image=\u00bb28583&#8243; img_size=\u00bbfull\u00bb][\/vc_column][vc_column width=\u00bb1\/2&#8243;]<div id=\"ultimate-heading-631469ed350b3a5ee\" class=\"uvc-heading ult-adjust-bottom-margin ultimate-heading-631469ed350b3a5ee uvc-7384 \" data-hspacer=\"no_spacer\"  data-halign=\"left\" style=\"text-align:left\"><div class=\"uvc-heading-spacer no_spacer\" style=\"top\"><\/div><div class=\"uvc-main-heading ult-responsive\"  data-ultimate-target='.uvc-heading.ultimate-heading-631469ed350b3a5ee h1'  data-responsive-json-new='{\"font-size\":\"\",\"line-height\":\"\"}' ><h1 style=\"font-weight:normal;\">Lorem Ipsum<\/h1><\/div><\/div>[vc_column_text]Lorem ipsum dolor sit amet, consectetur adipiscing elit. Nullam id augue leo. Integer a tortor non leo ornare tincidunt. Ut leo magna, efficitur ut erat sit amet, porta ultricies nisi. Donec non sodales risus. Duis vestibulum, orci a molestie aliquam, urna est aliquam dolor, eu fermentum elit dolor vel orci. Integer turpis purus, euismod a risus lacinia, vestibulum aliquam sapien. Lorem ipsum dolor sit amet, consectetur adipiscing elit. Vivamus placerat vestibulum tellus, a ullamcorper mi ultricies eget. Nam eu nisi cursus, ultrices elit egestas, elementum tellus. Nullam eu elit magna. Interdum et malesuada fames ac ante ipsum primis in faucibus. Nullam accumsan ante et quam scelerisque.[\/vc_column_text]<div class=\" ult_buttons ubtn-ctn-left \"><button type=\"button\" id=\"ubtn-9903\"  class=\"ubtn ult-adjust-bottom-margin ult-responsive ubtn-normal ubtn-no-hover-bg  none  ubtn-left   tooltip-69ed350b3a66c\"  data-hover=\"#00b2ff\" data-border-color=\"#25d2ed\" data-bg=\"\" data-hover-bg=\"\" data-border-hover=\"#00b2ff\" data-shadow-hover=\"\" data-shadow-click=\"none\" data-shadow=\"\" data-shd-shadow=\"\"  data-ultimate-target='#ubtn-9903'  data-responsive-json-new='{\"font-size\":\"\",\"line-height\":\"\"}'  style=\"font-weight:normal;border-radius:30px;border-width:2px;border-color:#25d2ed;border-style:solid;color: #25d2ed;\"><span class=\"ubtn-hover\" style=\"background-color:\"><\/span><span class=\"ubtn-data ubtn-text \" >Info &amp; Reservas<\/span><\/button><\/div>[\/vc_column][\/vc_row][vc_row full_width=\u00bbstretch_row\u00bb disable_element=\u00bbyes\u00bb bg_type=\u00bbbg_color\u00bb][vc_column width=\u00bb1\/2&#8243;]<div id=\"ultimate-heading-962969ed350b3a706\" class=\"uvc-heading ult-adjust-bottom-margin ultimate-heading-962969ed350b3a706 uvc-6382 \" data-hspacer=\"no_spacer\"  data-halign=\"left\" style=\"text-align:left\"><div class=\"uvc-heading-spacer no_spacer\" style=\"top\"><\/div><div class=\"uvc-main-heading ult-responsive\"  data-ultimate-target='.uvc-heading.ultimate-heading-962969ed350b3a706 h1'  data-responsive-json-new='{\"font-size\":\"\",\"line-height\":\"\"}' ><h1 style=\"font-weight:normal;\">Lorem Ipsum<\/h1><\/div><\/div>[vc_column_text]Lorem ipsum dolor sit amet, consectetur adipiscing elit. Nullam id augue leo. Integer a tortor non leo ornare tincidunt. Ut leo magna, efficitur ut erat sit amet, porta ultricies nisi. Donec non sodales risus. Duis vestibulum, orci a molestie aliquam, urna est aliquam dolor, eu fermentum elit dolor vel orci. Integer turpis purus, euismod a risus lacinia, vestibulum aliquam sapien. Lorem ipsum dolor sit amet, consectetur adipiscing elit.[\/vc_column_text]<div class=\" ult_buttons ubtn-ctn-left \"><button type=\"button\" id=\"ubtn-9863\"  class=\"ubtn ult-adjust-bottom-margin ult-responsive ubtn-normal ubtn-no-hover-bg  none  ubtn-left   tooltip-69ed350b3a761\"  data-hover=\"#00b2ff\" data-border-color=\"#25d2ed\" data-bg=\"\" data-hover-bg=\"\" data-border-hover=\"#00b2ff\" data-shadow-hover=\"\" data-shadow-click=\"none\" data-shadow=\"\" data-shd-shadow=\"\"  data-ultimate-target='#ubtn-9863'  data-responsive-json-new='{\"font-size\":\"\",\"line-height\":\"\"}'  style=\"font-weight:normal;border-radius:30px;border-width:2px;border-color:#25d2ed;border-style:solid;color: #25d2ed;\"><span class=\"ubtn-hover\" style=\"background-color:\"><\/span><span class=\"ubtn-data ubtn-text \" >Info &amp; Reservas<\/span><\/button><\/div>[\/vc_column][vc_column width=\u00bb1\/2&#8243;][vc_single_image image=\u00bb28582&#8243; img_size=\u00bbfull\u00bb][\/vc_column][\/vc_row][vc_row full_width=\u00bbstretch_row\u00bb bg_type=\u00bbimage\u00bb parallax_style=\u00bbvcpb-vz-jquery\u00bb bg_image_new=\u00bbid^28572|url^https:\/\/ibizavilla.com\/wp-content\/uploads\/2018\/10\/porsche-panamera_hd_55791.jpg|caption^null|alt^null|title^porsche-panamera_hd_55791|description^null\u00bb bg_image_repeat=\u00bbno-repeat\u00bb][vc_column width=\u00bb1\/2&#8243; css=\u00bb.vc_custom_1539798119351{background-color: rgba(255,255,255,0.62) !important;*background-color: rgb(255,255,255) !important;}\u00bb][vc_column_text]En las vacaciones, como en la vida, los compa\u00f1eros de viaje son tan importantes como el destino escogido.<\/p>\n<p>Por eso, en Ibizarentalcar nos esmeramos desde 1998 en ofrecer cada d\u00eda a nuestros clientes el mejor servicio de alquiler de coches y motos para sus vacaciones en Ibiza.<\/p>\n<p>En nuestra empresa encontrar\u00e1s veh\u00edculos renovados, entrega personalizada en el mismo aeropuerto y en villas, modelos econ\u00f3micos y de alta gama, precios detallados sin costes ocultos y personal multiling\u00fce. Y siempre, la mejor de nuestras sonrisas. Porque queremos que te enamores de Ibiza y que descubras todos los tesoros que aguardan en sus caminos\u2026[\/vc_column_text]<div class=\" ult_buttons ubtn-ctn-left \"><a class=\"ubtn-link ult-adjust-bottom-margin ubtn-left ubtn-normal \" href=\"mailto:info@ibizavilla.com\" ><button type=\"button\" id=\"ubtn-8262\"  class=\"ubtn ult-adjust-bottom-margin ult-responsive ubtn-normal ubtn-no-hover-bg  none  ubtn-left   tooltip-69ed350b3a7ab\"  data-hover=\"#ffffff\" data-border-color=\"\" data-bg=\"#ffffff\" data-hover-bg=\"#00b2ff\" data-border-hover=\"\" data-shadow-hover=\"\" data-shadow-click=\"none\" data-shadow=\"\" data-shd-shadow=\"\"  data-ultimate-target='#ubtn-8262'  data-responsive-json-new='{\"font-size\":\"\",\"line-height\":\"\"}'  style=\"font-weight:normal;border:none;background: #ffffff;color: #000000;\"><span class=\"ubtn-hover\" style=\"background-color:#00b2ff\"><\/span><span class=\"ubtn-data ubtn-text \" >Info &amp; Reservas<\/span><\/button><\/a><\/div>[\/vc_column][vc_column width=\u00bb1\/2&#8243;][\/vc_column][\/vc_row][vc_row][vc_column][vc_raw_html]JTNDc2NyaXB0JTIwdHlwZSUzRCUyMnRleHQlMkZqYXZhc2NyaXB0JTIyJTIwc3JjJTNEJTIyaWZyYW1lUmVzaXplci5taW4uanMlMjIlM0UlM0MlMkZzY3JpcHQlM0UlMEElM0NpZnJhbWUlMjBzdHlsZSUzRCUyMndpZHRoJTNBMTAwJTI1JTNCYm9yZGVyJTNBbm9uZSUzQm1pbi1oZWlnaHQlM0E1MDBweCUzQmhlaWdodCUzQWF1dG8lM0IlMjIlMjBpZCUzRCUyMmlmcmFtZV9jYXJwbHVzX2FmaWxpYWRvJTIyJTIwc3JjJTNEJTIyaHR0cHMlM0ElMkYlMkZib29raW5ncy5tb3RvbHVpcy5jb20lMkYlM0ZpZGlvbWElM0RlbiUyNmFmaWxpYWRvJTNEJTIwNDMwMDYwODMlMjZjb2xvcl9hZmlsaWFkbyUzRGN5YW4lMjIlMjBzY3JvbGxpbmclM0QlMjJ5ZXMlMjIlM0UlM0MlMkZpZnJhbWUlM0UlMEElM0NzY3JpcHQlM0VpRnJhbWVSZXNpemUlMjglN0Jsb2clM0FmYWxzZSU3RCUyQyUyMCUyNyUyM2lmcmFtZV9jYXJwbHVzX2FmaWxpYWRvJTI3JTI5JTNDJTJGc2NyaXB0JTNF[\/vc_raw_html][\/vc_column][\/vc_row][vc_row][vc_column]<div class=\"article_container slider_container bottom-estate_property nobutton\" ><div class=\"slider_control_left  wprentals_slider_control_left\"><\/div>\n                       <div class=\"slider_control_right wprentals_slider_control_right\"><\/div><h2 class=\"shortcode_title title_slider\">Propiedades Recientes<\/h2><div class=\"shortcode_slider_wrapper\"  data-auto=\"0\" ><ul class=\"shortcode_slider_list\"><li>\r\n\r\n<div itemscope itemtype=\"http:\/\/schema.org\/Product\" class=\"listing_wrapper col-md- shortcode-col property_unit_v1  property_flex \" data-org=\"4\" data-listid=\"58633\" >\r\n\r\n    \r\n    <div class=\"property_listing \" >\r\n        \r\n            <div class=\"listing-unit-img-wrapper\"><div class=\"property_unit_action\">\n    <span class=\"icon-fav icon-fav-off\" data-original-title=\"add to favorites\" data-postid=\"58633\">\n        <svg viewBox=\"0 0 32 32\" xmlns=\"http:\/\/www.w3.org\/2000\/svg\" aria-hidden=\"true\" role=\"presentation\" focusable=\"false\" \nstyle=\"display: block;  height: 24px; width: 24px; stroke: #fff; stroke-width: 2; overflow: visible;\">\n<path d=\"m16 28c7-4.733 14-10 14-17 0-1.792-.683-3.583-2.05-4.95-1.367-1.366-3.158-2.05-4.95-2.05-1.791 0-3.583.684-4.949 2.05l-2.051 2.051-2.05-2.051c-1.367-1.366-3.158-2.05-4.95-2.05-1.791 0-3.583.684-4.949 2.05-1.367 1.367-2.051 3.158-2.051 4.95 0 7 7 12.267 14 17z\"><\/path>\n<\/svg><\/span>\n    <\/div><a href=\"https:\/\/ibizavilla.com\/es\/properties\/can-jondal-2\/\" target=\"_self\" ><img decoding=\"async\" itemprop=\"image\" src=\"https:\/\/ibizavilla.com\/wp-content\/uploads\/2019\/03\/can_jondal_2-400x314.jpg\" class=\"b-lazy img-responsive wp-post-image lazy-hidden\" alt=\"Can Jondal, villa de lujo con piscina en Ibiza, Cala Jondal\" title=\"\"><\/a><div class=\"price_unit_wrapper\"> <\/div><div class=\"\" itemprop=\"offers\" itemscope itemtype=\"http:\/\/schema.org\/Offer\"> <link itemprop=\"url\" href=\"https:\/\/ibizavilla.com\/es\/properties\/can-jondal-2\/\"\/><meta itemprop=\"priceCurrency\" content=\"\u20ac\" \/><div class=\"price_unit\"><span itemprop=\"price\" content=\"4800\">4.800 \u20ac<span class=\"pernight\"> \/night<\/span><\/div><\/div><\/div>\r\n\r\n\r\n            <div class=\"featured_div\">featured<\/div><div class=\"property_status_wrapper\"><\/div>\r\n            <div class=\"title-container\">\r\n\r\n                                <div class=\"price_unit desde\">\r\n                        <span class=\"pernight\">\r\n                            4800 \u20ac\r\n                        <\/span>\r\n                    <\/div>\r\n                \r\n            <meta itemprop=\"ratingValue\" content=\"0\"\/><div class=rating_placeholder><\/div>\r\n            <div class=\"owner_thumb\" style=\"background-image: url()\"><\/div>\r\n            <div class=\"category_name\">\r\n                    <a  itemprop=\"url\"  href=\"https:\/\/ibizavilla.com\/es\/properties\/can-jondal-2\/\"  class=\"listing_title_unit\" >\n    \n    \n   <span itemprop=\"name\">\n    Can Jondal, villa de lujo con piscina en Ibiza, Cala Jondal    <\/span>\n<\/a>\r\n                <div class=\"category_tagline map_icon\">\r\n                    <a href=\"https:\/\/ibizavilla.com\/es\/area\/cala-jondal\/\" rel=\"tag\">Cala Jondal<\/a>, <a href=\"https:\/\/ibizavilla.com\/es\/city\/san-jose\/\" rel=\"tag\">San Jos\u00e9<\/a>                <\/div>\r\n\r\n                <div class=\"category_tagline actions_icon\">\r\n                    <a href=\"https:\/\/ibizavilla.com\/es\/listings\/alquiler\/\" rel=\"tag\">Alquiler<\/a> \/ <a href=\"https:\/\/ibizavilla.com\/es\/action\/villa\/\" rel=\"tag\">Villa<\/a>                <\/div>\r\n            <\/div>\r\n\r\n                        <\/div>\r\n\r\n\r\n        \r\n        <\/div>\r\n    <\/div>\r\n<\/li><li>\r\n\r\n<div itemscope itemtype=\"http:\/\/schema.org\/Product\" class=\"listing_wrapper col-md- shortcode-col property_unit_v1  property_flex \" data-org=\"4\" data-listid=\"29436\" >\r\n\r\n    \r\n    <div class=\"property_listing \" >\r\n        \r\n            <div class=\"listing-unit-img-wrapper\"><div class=\"property_unit_action\">\n    <span class=\"icon-fav icon-fav-off\" data-original-title=\"add to favorites\" data-postid=\"29436\">\n        <svg viewBox=\"0 0 32 32\" xmlns=\"http:\/\/www.w3.org\/2000\/svg\" aria-hidden=\"true\" role=\"presentation\" focusable=\"false\" \nstyle=\"display: block;  height: 24px; width: 24px; stroke: #fff; stroke-width: 2; overflow: visible;\">\n<path d=\"m16 28c7-4.733 14-10 14-17 0-1.792-.683-3.583-2.05-4.95-1.367-1.366-3.158-2.05-4.95-2.05-1.791 0-3.583.684-4.949 2.05l-2.051 2.051-2.05-2.051c-1.367-1.366-3.158-2.05-4.95-2.05-1.791 0-3.583.684-4.949 2.05-1.367 1.367-2.051 3.158-2.051 4.95 0 7 7 12.267 14 17z\"><\/path>\n<\/svg><\/span>\n    <\/div><a href=\"https:\/\/ibizavilla.com\/es\/properties\/casa-roan\/\" target=\"_self\" ><img decoding=\"async\" itemprop=\"image\" src=\"https:\/\/ibizavilla.com\/wp-content\/uploads\/2022\/07\/Casa-Roan_Ibiza-Villa-2-400x314.jpg\" class=\"b-lazy img-responsive wp-post-image lazy-hidden\" alt=\"Casa Roan, villa con vistas al mar en Ibiza, Cala Moli\" title=\"\"><\/a><div class=\"price_unit_wrapper\"> <\/div><div class=\"\" itemprop=\"offers\" itemscope itemtype=\"http:\/\/schema.org\/Offer\"> <link itemprop=\"url\" href=\"https:\/\/ibizavilla.com\/es\/properties\/casa-roan\/\"\/><meta itemprop=\"priceCurrency\" content=\"\u20ac\" \/><div class=\"price_unit\"><span itemprop=\"price\" content=\"893\">893 \u20ac<span class=\"pernight\"> \/night<\/span><\/div><\/div><\/div>\r\n\r\n\r\n            <div class=\"featured_div\">featured<\/div><div class=\"property_status_wrapper\"><\/div>\r\n            <div class=\"title-container\">\r\n\r\n                                <div class=\"price_unit desde\">\r\n                        <span class=\"pernight\">\r\n                            893 \u20ac\r\n                        <\/span>\r\n                    <\/div>\r\n                \r\n            <meta itemprop=\"ratingValue\" content=\"0\"\/><div class=rating_placeholder><\/div>\r\n            <div class=\"owner_thumb\" style=\"background-image: url()\"><\/div>\r\n            <div class=\"category_name\">\r\n                    <a  itemprop=\"url\"  href=\"https:\/\/ibizavilla.com\/es\/properties\/casa-roan\/\"  class=\"listing_title_unit\" >\n    \n    \n   <span itemprop=\"name\">\n    Casa Roan, villa con vistas al mar en Ibiza, Cala Moli    <\/span>\n<\/a>\r\n                <div class=\"category_tagline map_icon\">\r\n                    <a href=\"https:\/\/ibizavilla.com\/es\/area\/cala-moli\/\" rel=\"tag\">Cala Moli<\/a>, <a href=\"https:\/\/ibizavilla.com\/es\/city\/san-jose\/\" rel=\"tag\">San Jos\u00e9<\/a>                <\/div>\r\n\r\n                <div class=\"category_tagline actions_icon\">\r\n                    <a href=\"https:\/\/ibizavilla.com\/es\/listings\/alquiler\/\" rel=\"tag\">Alquiler<\/a> \/ <a href=\"https:\/\/ibizavilla.com\/es\/action\/villa\/\" rel=\"tag\">Villa<\/a>                <\/div>\r\n            <\/div>\r\n\r\n                        <\/div>\r\n\r\n\r\n        \r\n        <\/div>\r\n    <\/div>\r\n<\/li><li>\r\n\r\n<div itemscope itemtype=\"http:\/\/schema.org\/Product\" class=\"listing_wrapper col-md- shortcode-col property_unit_v1  property_flex \" data-org=\"4\" data-listid=\"28701\" >\r\n\r\n    \r\n    <div class=\"property_listing \" >\r\n        \r\n            <div class=\"listing-unit-img-wrapper\"><div class=\"property_unit_action\">\n    <span class=\"icon-fav icon-fav-off\" data-original-title=\"add to favorites\" data-postid=\"28701\">\n        <svg viewBox=\"0 0 32 32\" xmlns=\"http:\/\/www.w3.org\/2000\/svg\" aria-hidden=\"true\" role=\"presentation\" focusable=\"false\" \nstyle=\"display: block;  height: 24px; width: 24px; stroke: #fff; stroke-width: 2; overflow: visible;\">\n<path d=\"m16 28c7-4.733 14-10 14-17 0-1.792-.683-3.583-2.05-4.95-1.367-1.366-3.158-2.05-4.95-2.05-1.791 0-3.583.684-4.949 2.05l-2.051 2.051-2.05-2.051c-1.367-1.366-3.158-2.05-4.95-2.05-1.791 0-3.583.684-4.949 2.05-1.367 1.367-2.051 3.158-2.051 4.95 0 7 7 12.267 14 17z\"><\/path>\n<\/svg><\/span>\n    <\/div><a href=\"https:\/\/ibizavilla.com\/es\/properties\/can-puig-de-mar\/\" target=\"_self\" ><img decoding=\"async\" itemprop=\"image\" src=\"https:\/\/ibizavilla.com\/wp-content\/uploads\/2025\/01\/Can-Puig-de-Mar_Ibiza-Villa-FILEminimizer-400x314.jpg\" class=\"b-lazy img-responsive wp-post-image lazy-hidden\" alt=\"Can Puig de Mar, villa con vistas al mar en Ibiza, Cala Moli\" title=\"\"><\/a><div class=\"price_unit_wrapper\"> <\/div><div class=\"\" itemprop=\"offers\" itemscope itemtype=\"http:\/\/schema.org\/Offer\"> <link itemprop=\"url\" href=\"https:\/\/ibizavilla.com\/es\/properties\/can-puig-de-mar\/\"\/><meta itemprop=\"priceCurrency\" content=\"\u20ac\" \/><div class=\"price_unit\"><span itemprop=\"price\" content=\"1186\">1.186 \u20ac<span class=\"pernight\"> \/night<\/span><\/div><\/div><\/div>\r\n\r\n\r\n            <div class=\"featured_div\">featured<\/div><div class=\"property_status_wrapper\"><\/div>\r\n            <div class=\"title-container\">\r\n\r\n                                <div class=\"price_unit desde\">\r\n                        <span class=\"pernight\">\r\n                            1186 \u20ac\r\n                        <\/span>\r\n                    <\/div>\r\n                \r\n            <meta itemprop=\"ratingValue\" content=\"0\"\/><div class=rating_placeholder><\/div>\r\n            <div class=\"owner_thumb\" style=\"background-image: url()\"><\/div>\r\n            <div class=\"category_name\">\r\n                    <a  itemprop=\"url\"  href=\"https:\/\/ibizavilla.com\/es\/properties\/can-puig-de-mar\/\"  class=\"listing_title_unit\" >\n    \n    \n   <span itemprop=\"name\">\n    Can Puig de Mar, villa con vistas al mar en Ibiza, Cala...    <\/span>\n<\/a>\r\n                <div class=\"category_tagline map_icon\">\r\n                    <a href=\"https:\/\/ibizavilla.com\/es\/area\/cala-moli\/\" rel=\"tag\">Cala Moli<\/a>, <a href=\"https:\/\/ibizavilla.com\/es\/city\/san-jose\/\" rel=\"tag\">San Jos\u00e9<\/a>                <\/div>\r\n\r\n                <div class=\"category_tagline actions_icon\">\r\n                    <a href=\"https:\/\/ibizavilla.com\/es\/listings\/alquiler\/\" rel=\"tag\">Alquiler<\/a> \/ <a href=\"https:\/\/ibizavilla.com\/es\/action\/villa\/\" rel=\"tag\">Villa<\/a>                <\/div>\r\n            <\/div>\r\n\r\n                        <\/div>\r\n\r\n\r\n        \r\n        <\/div>\r\n    <\/div>\r\n<\/li><li>\r\n\r\n<div itemscope itemtype=\"http:\/\/schema.org\/Product\" class=\"listing_wrapper col-md- shortcode-col property_unit_v1  property_flex \" data-org=\"4\" data-listid=\"28699\" >\r\n\r\n    \r\n    <div class=\"property_listing \" >\r\n        \r\n            <div class=\"listing-unit-img-wrapper\"><div class=\"property_unit_action\">\n    <span class=\"icon-fav icon-fav-off\" data-original-title=\"add to favorites\" data-postid=\"28699\">\n        <svg viewBox=\"0 0 32 32\" xmlns=\"http:\/\/www.w3.org\/2000\/svg\" aria-hidden=\"true\" role=\"presentation\" focusable=\"false\" \nstyle=\"display: block;  height: 24px; width: 24px; stroke: #fff; stroke-width: 2; overflow: visible;\">\n<path d=\"m16 28c7-4.733 14-10 14-17 0-1.792-.683-3.583-2.05-4.95-1.367-1.366-3.158-2.05-4.95-2.05-1.791 0-3.583.684-4.949 2.05l-2.051 2.051-2.05-2.051c-1.367-1.366-3.158-2.05-4.95-2.05-1.791 0-3.583.684-4.949 2.05-1.367 1.367-2.051 3.158-2.051 4.95 0 7 7 12.267 14 17z\"><\/path>\n<\/svg><\/span>\n    <\/div><a href=\"https:\/\/ibizavilla.com\/es\/properties\/casa-domingo\/\" target=\"_self\" ><img decoding=\"async\" itemprop=\"image\" src=\"https:\/\/ibizavilla.com\/wp-content\/uploads\/2018\/11\/casa_domingo_01-400x314.jpg\" class=\"b-lazy img-responsive wp-post-image lazy-hidden\" alt=\"Casa Domingo, villa con vistas al mar en Ibiza, Es Cubells\" title=\"\"><\/a><div class=\"price_unit_wrapper\"> <\/div><div class=\"\" itemprop=\"offers\" itemscope itemtype=\"http:\/\/schema.org\/Offer\"> <link itemprop=\"url\" href=\"https:\/\/ibizavilla.com\/es\/properties\/casa-domingo\/\"\/><meta itemprop=\"priceCurrency\" content=\"\u20ac\" \/><div class=\"price_unit\"><span itemprop=\"price\" content=\"643\">643 \u20ac<span class=\"pernight\"> \/night<\/span><\/div><\/div><\/div>\r\n\r\n\r\n            <div class=\"featured_div\">featured<\/div><div class=\"property_status_wrapper\"><\/div>\r\n            <div class=\"title-container\">\r\n\r\n                                <div class=\"price_unit desde\">\r\n                        <span class=\"pernight\">\r\n                            643 \u20ac\r\n                        <\/span>\r\n                    <\/div>\r\n                \r\n            <meta itemprop=\"ratingValue\" content=\"0\"\/><div class=rating_placeholder><\/div>\r\n            <div class=\"owner_thumb\" style=\"background-image: url()\"><\/div>\r\n            <div class=\"category_name\">\r\n                    <a  itemprop=\"url\"  href=\"https:\/\/ibizavilla.com\/es\/properties\/casa-domingo\/\"  class=\"listing_title_unit\" >\n    \n    \n   <span itemprop=\"name\">\n    Casa Domingo, villa con vistas al mar en Ibiza, Es Cubells    <\/span>\n<\/a>\r\n                <div class=\"category_tagline map_icon\">\r\n                    <a href=\"https:\/\/ibizavilla.com\/es\/area\/es-cubells\/\" rel=\"tag\">Es Cubells<\/a>, <a href=\"https:\/\/ibizavilla.com\/es\/city\/san-jose\/\" rel=\"tag\">San Jos\u00e9<\/a>                <\/div>\r\n\r\n                <div class=\"category_tagline actions_icon\">\r\n                    <a href=\"https:\/\/ibizavilla.com\/es\/listings\/alquiler\/\" rel=\"tag\">Alquiler<\/a> \/ <a href=\"https:\/\/ibizavilla.com\/es\/action\/villa\/\" rel=\"tag\">Villa<\/a>                <\/div>\r\n            <\/div>\r\n\r\n                        <\/div>\r\n\r\n\r\n        \r\n        <\/div>\r\n    <\/div>\r\n<\/li><\/ul><\/div><\/div>[\/vc_column][\/vc_row]<\/p>\n<\/div>","protected":false},"excerpt":{"rendered":"<p>[vc_row full_width=\u00bbstretch_row\u00bb disable_element=\u00bbyes\u00bb][vc_column width=\u00bb1\/2&#8243;][vc_single_image image=\u00bb28583&#8243; img_size=\u00bbfull\u00bb][\/vc_column][vc_column width=\u00bb1\/2&#8243;][vc_column_text]Lorem ipsum dolor sit amet, consectetur adipiscing elit. Nullam id augue leo. Integer a tortor non leo ornare tincidunt. Ut leo magna, efficitur ut erat sit amet, porta ultricies nisi. Donec non sodales risus. Duis vestibulum, orci a molestie aliquam, urna est aliquam dolor, eu fermentum elit dolor vel &#8230;<\/p>\n","protected":false},"author":9,"featured_media":0,"parent":187,"menu_order":0,"comment_status":"closed","ping_status":"closed","template":"","meta":{"_acf_changed":false,"_joinchat":[],"footnotes":""},"class_list":["post-28568","page","type-page","status-publish","hentry"],"acf":[],"_links":{"self":[{"href":"https:\/\/ibizavilla.com\/es\/wp-json\/wp\/v2\/pages\/28568","targetHints":{"allow":["GET"]}}],"collection":[{"href":"https:\/\/ibizavilla.com\/es\/wp-json\/wp\/v2\/pages"}],"about":[{"href":"https:\/\/ibizavilla.com\/es\/wp-json\/wp\/v2\/types\/page"}],"author":[{"embeddable":true,"href":"https:\/\/ibizavilla.com\/es\/wp-json\/wp\/v2\/users\/9"}],"replies":[{"embeddable":true,"href":"https:\/\/ibizavilla.com\/es\/wp-json\/wp\/v2\/comments?post=28568"}],"version-history":[{"count":0,"href":"https:\/\/ibizavilla.com\/es\/wp-json\/wp\/v2\/pages\/28568\/revisions"}],"up":[{"embeddable":true,"href":"https:\/\/ibizavilla.com\/es\/wp-json\/wp\/v2\/pages\/187"}],"wp:attachment":[{"href":"https:\/\/ibizavilla.com\/es\/wp-json\/wp\/v2\/media?parent=28568"}],"curies":[{"name":"wp","href":"https:\/\/api.w.org\/{rel}","templated":true}]}}