{"id":33088,"date":"2018-11-19T15:03:12","date_gmt":"2018-11-19T13:03:12","guid":{"rendered":"https:\/\/ibizavilla.com\/?page_id=33088"},"modified":"2025-12-09T09:44:17","modified_gmt":"2025-12-09T08:44:17","slug":"venta","status":"publish","type":"page","link":"https:\/\/ibizavilla.com\/es\/venta\/","title":{"rendered":"Venta"},"content":{"rendered":"<div class=\"wpb-content-wrapper\"><p>[vc_row][vc_column][vc_column_text]<input id=\"typelisting\" name=\"typelist\" type=\"hidden\" value=\"venta\" \/>[\/vc_column_text][vc_column_text]<\/p>\n<div class=\"custom-read-less\">\n<p style=\"text-align: center;\"><strong>\u00bfTe enamoraste de la isla de Ibiza y no puedes vivir sin ella?<\/strong> \u00bfHas decidido comprar tu segunda casa en Ibiza y est\u00e1s buscando solo lo mejor?<\/p>\n<p style=\"text-align: center;\">\u00bfO has decidido mudarte definitivamente en esta isla de ensue\u00f1o? <strong>Comprar una casa en Ibiza es posible, muchos extranjeros<\/strong> ya lo hicieron o ahora mismo lo est\u00e1n haciendo.<\/p>\n<p style=\"text-align: center;\"><strong>La isla de Ibiza est\u00e1 conocida globalmente y, cada verano, se transforma en un destino muy famoso para los turistas de todo el mundo.<\/strong><\/p>\n<p class=\"custom-read-ml-button\">+<\/p>\n<\/div>\n<div class=\"custom-read-more\">\n<p style=\"text-align: center;\">\u00bfTe enamoraste de la isla de Ibiza y no puedes vivir sin ella? \u00bfHas decidido comprar tu segunda casa en Ibiza y est\u00e1s buscando solo lo mejor? \u00bfO has decidido mudarte definitivamente en esta isla de ensue\u00f1o?<\/p>\n<p style=\"text-align: center;\">Comprar una casa en Ibiza es posible, muchos extranjeros ya lo hicieron o ahora mismo lo est\u00e1n haciendo. La isla de Ibiza est\u00e1 conocida globalmente y, cada verano, se transforma en un destino muy famoso para los turistas de todo el mundo.<\/p>\n<p style=\"text-align: center;\">Por tanto, por qu\u00e9 no inviertes tu capital en una casa vacacional en las islas Baleares o por qu\u00e9 no decides de comprar una casa y venir a vivir en Ibiza para siempre, donde el clima, el mar y la calidad de la vida no te har\u00e1n arrepentir por la elecci\u00f3n hecha!<\/p>\n<p style=\"text-align: center;\">Ibiza Villa est\u00e1 a tu servicio en el sector inmobiliario desde 1998 y entre todos los servicios ofrecidos, nos ocupamos tambi\u00e9n de la venta de casas y villas de lujo en la isla de Ibiza. Nuestras villas est\u00e1n ubicadas por todas partes en la isla.<\/p>\n<p style=\"text-align: center;\">Nuestras villas a la venta est\u00e1n seleccionadas tras una atenta selecci\u00f3n y deben respectar nuestros criterios. Estos son: el lujo, belleza y comodidad. Durante las visitas a las casas a la venta te acompa\u00f1ar\u00e1 nuestro equipo de profesionales y multiidiomas que te guiar\u00e1 y te dar\u00e1 sugerencias durante la compra de tu peque\u00f1o rinc\u00f3n de para\u00edso en esta isla m\u00e1gica.<\/p>\n<p style=\"text-align: center;\">Comprar una casa es un paso importante. Por lo tanto, apoyarse en especialistas como nosotros es la justa elecci\u00f3n.<\/p>\n<p style=\"text-align: center;\">Pasa a visitarnos en nuestra oficina o cont\u00e1ctanos por tel\u00e9fono o correo email. Expl\u00edcanos tus deseos, lo que te hace feliz y que est\u00e1s buscando en la isla de Ibiza. Puedes explicarnos tu gusto en t\u00e9rminos de decoraci\u00f3n y tus est\u00e1ndares, hasta que no encontramos la combinaci\u00f3n perfecta para ti. Entre casas de design minimalista, o villas de lujo con fastuoso mobiliario, casas en estilo natural o casas decoradas en un estilo bohemiano, o quiz\u00e1s hippie, estamos seguros de que conseguiremos ayudarte en tu b\u00fasqueda.<\/p>\n<p style=\"text-align: center;\">Intentaremos cumplir todas tus expectativas, incluyendo en tu peque\u00f1o remanso de paz todo lo que deseas: desde una piscina frente al mar, hasta una zona chill out rodeada de un encantador jard\u00edn, quiz\u00e1s con un cuarto para los ni\u00f1os o un sal\u00f3n donde poder pasar unas noches inolvidables con amigos y la familia, estaremos encantados de encontrar la casa justa para ti.<\/p>\n<p style=\"text-align: center;\">Por el momento, d\u00e9jate guiar de tus gustos y enam\u00f3rate de una de las casas a la venta y propuestas por nosotros de Ibiza Villa.<\/p>\n<p class=\"custom-read-ml-button\">&#8211;<\/p>\n<\/div>\n<p>[\/vc_column_text][\/vc_column][\/vc_row]<\/p>\n<\/div>","protected":false},"excerpt":{"rendered":"<p>[vc_row][vc_column][vc_column_text][\/vc_column_text][vc_column_text] \u00bfTe enamoraste de la isla de Ibiza y no puedes vivir sin ella? \u00bfHas decidido comprar tu segunda casa en Ibiza y est\u00e1s buscando solo lo mejor? \u00bfO has decidido mudarte definitivamente en esta isla de ensue\u00f1o? Comprar una casa en Ibiza es posible, muchos extranjeros ya lo hicieron o ahora mismo lo est\u00e1n &#8230;<\/p>\n","protected":false},"author":9,"featured_media":0,"parent":0,"menu_order":0,"comment_status":"closed","ping_status":"closed","template":"property_list_half.php","meta":{"_acf_changed":false,"_joinchat":[],"footnotes":""},"class_list":["post-33088","page","type-page","status-publish","hentry"],"acf":[],"_links":{"self":[{"href":"https:\/\/ibizavilla.com\/es\/wp-json\/wp\/v2\/pages\/33088","targetHints":{"allow":["GET"]}}],"collection":[{"href":"https:\/\/ibizavilla.com\/es\/wp-json\/wp\/v2\/pages"}],"about":[{"href":"https:\/\/ibizavilla.com\/es\/wp-json\/wp\/v2\/types\/page"}],"author":[{"embeddable":true,"href":"https:\/\/ibizavilla.com\/es\/wp-json\/wp\/v2\/users\/9"}],"replies":[{"embeddable":true,"href":"https:\/\/ibizavilla.com\/es\/wp-json\/wp\/v2\/comments?post=33088"}],"version-history":[{"count":0,"href":"https:\/\/ibizavilla.com\/es\/wp-json\/wp\/v2\/pages\/33088\/revisions"}],"wp:attachment":[{"href":"https:\/\/ibizavilla.com\/es\/wp-json\/wp\/v2\/media?parent=33088"}],"curies":[{"name":"wp","href":"https:\/\/api.w.org\/{rel}","templated":true}]}}