{"id":67705,"date":"2019-10-26T11:16:13","date_gmt":"2019-10-26T09:16:13","guid":{"rendered":"https:\/\/ibizavilla.com\/about-us\/"},"modified":"2026-03-09T23:11:32","modified_gmt":"2026-03-09T22:11:32","slug":"quienes-somos","status":"publish","type":"page","link":"https:\/\/ibizavilla.com\/es\/quienes-somos\/","title":{"rendered":"Qui\u00e9nes Somos"},"content":{"rendered":"<div class=\"wpb-content-wrapper\"><p>[vc_row css=\u00bb.vc_custom_1572091183363{margin-top: 30px !important;}\u00bb][vc_column][vc_column_text]<\/p>\n<h1 style=\"text-align: center;\">Qui\u00e9nes Somos&#8230; Ibiza Villa!<\/h1>\n<p>[\/vc_column_text][vc_column_text css=\u00bb\u00bb]<\/p>\n<h2 style=\"text-align: center;\">Ibiza Villa es una Agencia Inmobiliaria fondada en Ibiza en 1998.<\/h2>\n<p>[\/vc_column_text][\/vc_column][\/vc_row][vc_row gap=\u00bb10&#8243; content_placement=\u00bbmiddle\u00bb css=\u00bb.vc_custom_1768211781893{margin-top: 30px !important;}\u00bb el_class=\u00bbto-equal-height flex-reverse\u00bb][vc_column width=\u00bb1\/3&#8243;][vc_single_image image=\u00bb118115&#8243; img_size=\u00bbfull\u00bb alignment=\u00bbcenter\u00bb onclick=\u00bbcustom_link\u00bb img_link_target=\u00bb_blank\u00bb css=\u00bb\u00bb link=\u00bbhttps:\/\/ibizavilla.com\/properties\/can-puig-de-mar\/\u00bb][\/vc_column][vc_column width=\u00bb2\/3&#8243;][vc_column_text css=\u00bb\u00bb]<\/p>\n<h2 style=\"text-align: center;\"><strong>Loriane\u00a0<\/strong><\/h2>\n<p style=\"text-align: center;\">Ingres\u00f3 como colaboradora en 2008 y ha evolucionado gracias a su determinaci\u00f3n y gran sentido del servicio al cliente, gestionando tanto situaciones exigentes como los encuentros m\u00e1s memorables. Su sangre fr\u00eda, sinceridad y energ\u00eda positiva la convierten en una referencia en el sector de la gesti\u00f3n de propiedades de prestigio en Ibiza.<\/p>\n<p style=\"text-align: center;\">Instalada en la isla desde joven, Loriane posee un conocimiento \u00edntimo de Ibiza, desde sus pueblos escondidos hasta sus panoramas marinos. Su formaci\u00f3n internacional en Londres, S\u00eddney y Barcelona ha reforzado su capacidad para comprender y acompa\u00f1ar a una clientela multicultural exigente.<\/p>\n<p style=\"text-align: center;\">La toma de control de Ibiza Villa represent\u00f3 para Loriane un logro tanto personal como profesional: \u201cAcompa\u00f1ar a los clientes en sus proyectos es vivir con ellos cada emoci\u00f3n \u00fanica; comprar o alquilar una villa en Ibiza siempre es una aventura.\u201d<\/p>\n<p style=\"text-align: center;\">Al preguntarle qu\u00e9 hace fuerte a Ibiza Villa, insiste en \u201cel respeto, la diversidad de trayectorias y la pasi\u00f3n del equipo, nuestro amor por Ibiza y el v\u00ednculo especial que creamos con cada cliente.\u201d<\/p>\n<p style=\"text-align: center;\">En su tiempo libre, Loriane reparte sus momentos entre la familia y los viajes, que han alimentado su pasi\u00f3n por la vida y los encuentros humanos. Siempre entusiasta ante nuevos desaf\u00edos, inspira confianza y bondad a quienes se cruzan en su camino.<\/p>\n<p>[\/vc_column_text][\/vc_column][\/vc_row][vc_row gap=\u00bb10&#8243; content_placement=\u00bbmiddle\u00bb css=\u00bb.vc_custom_1768211808966{padding-bottom: 60px !important;}\u00bb el_class=\u00bbto-equal-height flex-reverse\u00bb][vc_column width=\u00bb2\/3&#8243;][vc_column_text css=\u00bb\u00bb]<\/p>\n<h2 style=\"text-align: center;\"><strong>Olivier\u00a0<\/strong><\/h2>\n<p style=\"text-align: center;\">Como socio, Olivier aporta a Ibiza Villa una din\u00e1mica novedosa basada en su experiencia internacional, su rigor profesional y una visi\u00f3n plenamente orientada a la experiencia cliente. Junto a Loriane, se involucra en el desarrollo de un proyecto ambicioso donde la persona y la escucha son el n\u00facleo de cada \u00e9xito.<\/p>\n<p style=\"text-align: center;\">Olivier apuesta por el di\u00e1logo y la empat\u00eda, convencido de que la comprensi\u00f3n de las trayectorias individuales permite construir relaciones s\u00f3lidas: \u201cCada proyecto, cada persona es \u00fanica y as\u00ed es como se forjan relaciones duraderas.\u201d<\/p>\n<p style=\"text-align: center;\">Su trayectoria le ha llevado de Par\u00eds a Londres y Barcelona, de Australia a Egipto y Nigeria, enriqueciendo su experiencia en gesti\u00f3n y liderazgo en entornos muy diversos.<\/p>\n<p style=\"text-align: center;\">Fuera del \u00e1mbito profesional, Olivier comparte su pasi\u00f3n por los viajes, el deporte y el descubrimiento con el equipo y los clientes de Ibiza Villa, siempre motivado por el intercambio y la b\u00fasqueda de nuevas inspiraciones.<\/p>\n<p>[\/vc_column_text][\/vc_column][vc_column width=\u00bb1\/3&#8243;][vc_single_image image=\u00bb118117&#8243; img_size=\u00bbfull\u00bb alignment=\u00bbcenter\u00bb onclick=\u00bbcustom_link\u00bb img_link_target=\u00bb_blank\u00bb css=\u00bb\u00bb link=\u00bbhttps:\/\/ibizavilla.com\/properties\/can-puig-de-mar\/\u00bb][\/vc_column][\/vc_row][vc_row][vc_column][vc_separator color=\u00bbcustom\u00bb style=\u00bbshadow\u00bb el_width=\u00bb60&#8243; css=\u00bb\u00bb accent_color=\u00bb#2CC4E8&#8243;][\/vc_column][\/vc_row][vc_row equal_height=\u00bbyes\u00bb el_class=\u00bbto-equal-height\u00bb css=\u00bb.vc_custom_1572090784320{padding-top: 60px !important;}\u00bb][vc_column offset=\u00bbvc_col-lg-6 vc_col-md-6 vc_col-xs-12&#8243; el_class=\u00bbimage-equl-no-btm\u00bb][vc_single_image image=\u00bb115478&#8243; img_size=\u00bbfull\u00bb alignment=\u00bbcenter\u00bb onclick=\u00bbcustom_link\u00bb img_link_target=\u00bb_blank\u00bb css=\u00bb\u00bb link=\u00bbhttps:\/\/ibizavilla.com\/properties\/can-puig-de-mar\/\u00bb][\/vc_column][vc_column el_class=\u00bbdouble-row-to-pad to-center-height\u00bb offset=\u00bbvc_col-lg-6 vc_col-md-6 vc_col-xs-12&#8243;][vc_column_text css=\u00bb\u00bb]<\/p>\n<h3 style=\"text-align: center;\">Nuestros servicios<\/h3>\n<p style=\"text-align: center;\">Gracias a estos tres factores somos felices de realizar nuestro trabajo y mejorarlo d\u00eda tras d\u00eda gracias a nuestros colaboradores y a las peticiones de nuestros clientes. En esta p\u00e1gina queremos ayudarte en encontrar en Ibiza el sitio en tu coraz\u00f3n. Incluso si ser\u00e1 por solamente una semana, tiene que ser lo mejor para ti y debe seguir tus gustos en todo. Ofrecemos a todos vosotros la posibilidad de a\u00f1adir un especifico servicio para que vuestra estancia sea un verdadero placer. En nuestra pagina podr\u00e1s encontrar una grande selecci\u00f3n de villas de lujo donde podr\u00e1s pasar una estancia con tu familia u amigos en contexto exclusivo, convirti\u00e9ndolo en \u00fanico y inolvidable. Nuestro sitio web asimismo te expone los servicios que podr\u00e1s a\u00f1adir a tus vacaciones y, no menos importante, encontrar\u00e1s nuestros datos de contacto para recibir los detalles.<\/p>\n<p>[\/vc_column_text][\/vc_column][\/vc_row][vc_row equal_height=\u00bbyes\u00bb el_class=\u00bbto-equal-height flex-reverse\u00bb css=\u00bb.vc_custom_1572090568472{padding-top: 60px !important;}\u00bb][vc_column offset=\u00bbvc_col-lg-6 vc_col-md-6 vc_col-xs-12&#8243; el_class=\u00bbdouble-row-to-pad to-center-height\u00bb css=\u00bb.vc_custom_1572091513590{padding-top: 0px !important;}\u00bb][vc_column_text css=\u00bb\u00bb]<\/p>\n<h3 style=\"text-align: center;\">La ubicaci\u00f3n de nuestras villas<\/h3>\n<p style=\"text-align: center;\">Nuestras villas se encuentran en las siguientes zonas: San Juan, Santa Eularia, Ibiza, San Antonio y San Jos\u00e9. Cada villa est\u00e1 ubicada en una zona de maravilla en la isla. As\u00ed podr\u00e1s elegir el mejor panorama de siempre. \u00bfEres un amante del mar u de la campa\u00f1a? Ibiza Villa ha pensado en cada posible opci\u00f3n. Desde una villa con vistas al mar y muy cerca de la playa, o una villa en medio de la campa\u00f1a y rodeada de \u00e1rboles, encontrar\u00e1s una grande elecci\u00f3n. Si quieres comprar una villa de lujo u alquilarla por una semana o una temporada, estamos a tu disposici\u00f3n para ense\u00f1arte las mejores propiedades de lujo en Ibiza. Ibiza Villa ser\u00e1 tu agencia de referimiento en la isla y seguir\u00e1 tus exigencias desde el principio hasta el final.<\/p>\n<p>[\/vc_column_text][\/vc_column][vc_column el_class=\u00bbimage-equl-no-btm\u00bb offset=\u00bbvc_col-lg-6 vc_col-md-6 vc_col-xs-12&#8243;][vc_single_image image=\u00bb66585&#8243; img_size=\u00bbfull\u00bb alignment=\u00bbcenter\u00bb onclick=\u00bbcustom_link\u00bb img_link_target=\u00bb_blank\u00bb link=\u00bbhttps:\/\/ibizavilla.com\/properties\/can-puig-de-mar\/\u00bb][\/vc_column][\/vc_row][vc_row equal_height=\u00bbyes\u00bb el_class=\u00bbto-equal-height\u00bb css=\u00bb.vc_custom_1765791244042{padding-top: 60px !important;padding-bottom: 60px !important;}\u00bb][vc_column offset=\u00bbvc_col-lg-6 vc_col-md-6 vc_col-xs-12&#8243; el_class=\u00bbimage-equl-no-btm\u00bb][vc_single_image image=\u00bb66531&#8243; img_size=\u00bbfull\u00bb alignment=\u00bbcenter\u00bb][\/vc_column][vc_column el_class=\u00bbdouble-row-to-pad to-center-height\u00bb offset=\u00bbvc_col-lg-6 vc_col-md-6 vc_col-xs-12&#8243;][vc_column_text css=\u00bb\u00bb]<\/p>\n<h3 style=\"text-align: center;\">Nuestra llave del \u00e9xito!<\/h3>\n<p style=\"text-align: center;\">\u00a1La calidad es nuestra llave para el \u00e9xito! Si, somos orgullosos de poder decirlo. Si decides de alquilar una de nuestras villas, nuestro equipo te acoger\u00e1 a la llegada en la isla con servicios adaptados a tus exigencias. Estaremos encantados de transformar en realidad cada tu deseo. Si decides de comprar una propiedad en Ibiza, ser\u00e1 nuestro placer seguirte y darte los mejores consejos. Quedamos a la espera de conocerte.<\/p>\n<p>[\/vc_column_text][\/vc_column][\/vc_row]<\/p>\n<\/div>","protected":false},"excerpt":{"rendered":"<p>[vc_row css=\u00bb.vc_custom_1572091183363{margin-top: 30px !important;}\u00bb][vc_column][vc_column_text] Qui\u00e9nes Somos&#8230; Ibiza Villa! [\/vc_column_text][vc_column_text css=\u00bb\u00bb] Ibiza Villa es una Agencia Inmobiliaria fondada en Ibiza en 1998. [\/vc_column_text][\/vc_column][\/vc_row][vc_row gap=\u00bb10&#8243; content_placement=\u00bbmiddle\u00bb css=\u00bb.vc_custom_1768211781893{margin-top: 30px !important;}\u00bb el_class=\u00bbto-equal-height flex-reverse\u00bb][vc_column width=\u00bb1\/3&#8243;][vc_single_image image=\u00bb118115&#8243; img_size=\u00bbfull\u00bb alignment=\u00bbcenter\u00bb onclick=\u00bbcustom_link\u00bb img_link_target=\u00bb_blank\u00bb css=\u00bb\u00bb link=\u00bbhttps:\/\/ibizavilla.com\/properties\/can-puig-de-mar\/\u00bb][\/vc_column][vc_column width=\u00bb2\/3&#8243;][vc_column_text css=\u00bb\u00bb] Loriane\u00a0 Ingres\u00f3 como colaboradora en 2008 y ha evolucionado gracias a su determinaci\u00f3n y gran sentido &#8230;<\/p>\n","protected":false},"author":9,"featured_media":0,"parent":0,"menu_order":0,"comment_status":"closed","ping_status":"closed","template":"","meta":{"_acf_changed":false,"_joinchat":[],"footnotes":""},"class_list":["post-67705","page","type-page","status-publish","hentry"],"acf":[],"_links":{"self":[{"href":"https:\/\/ibizavilla.com\/es\/wp-json\/wp\/v2\/pages\/67705","targetHints":{"allow":["GET"]}}],"collection":[{"href":"https:\/\/ibizavilla.com\/es\/wp-json\/wp\/v2\/pages"}],"about":[{"href":"https:\/\/ibizavilla.com\/es\/wp-json\/wp\/v2\/types\/page"}],"author":[{"embeddable":true,"href":"https:\/\/ibizavilla.com\/es\/wp-json\/wp\/v2\/users\/9"}],"replies":[{"embeddable":true,"href":"https:\/\/ibizavilla.com\/es\/wp-json\/wp\/v2\/comments?post=67705"}],"version-history":[{"count":3,"href":"https:\/\/ibizavilla.com\/es\/wp-json\/wp\/v2\/pages\/67705\/revisions"}],"predecessor-version":[{"id":118954,"href":"https:\/\/ibizavilla.com\/es\/wp-json\/wp\/v2\/pages\/67705\/revisions\/118954"}],"wp:attachment":[{"href":"https:\/\/ibizavilla.com\/es\/wp-json\/wp\/v2\/media?parent=67705"}],"curies":[{"name":"wp","href":"https:\/\/api.w.org\/{rel}","templated":true}]}}