{"id":67711,"date":"2019-10-28T19:35:49","date_gmt":"2019-10-28T17:35:49","guid":{"rendered":"https:\/\/ibizavilla.com\/babysitter\/"},"modified":"2019-11-28T20:00:15","modified_gmt":"2019-11-28T18:00:15","slug":"babysitter","status":"publish","type":"page","link":"https:\/\/ibizavilla.com\/es\/babysitter\/","title":{"rendered":"Babysitter"},"content":{"rendered":"<div class=\"wpb-content-wrapper\"><p>[vc_row css=\u00bb.vc_custom_1572336922621{margin-top: 30px !important;padding-top: 30px !important;padding-bottom: 30px !important;}\u00bb][vc_column][vc_column_text]<\/p>\n<h1 style=\"text-align: center;\">Servicio Babysitter&#8230; Ibiza Villa!<\/h1>\n<p>[\/vc_column_text][vc_column_text]<\/p>\n<h4 style=\"text-align: center;\">\u00bfNecesitas una babysitter para tu estancia en Ibiza?<\/h4>\n<p>[\/vc_column_text][\/vc_column][\/vc_row][vc_row full_width=\u00bbstretch_row\u00bb bg_type=\u00bbbg_color\u00bb bg_color_value=\u00bb#f4f4f4&#8243; css=\u00bb.vc_custom_1572091197730{margin-top: 30px !important;}\u00bb][vc_column][vc_row_inner][vc_column_inner][vc_column_text]<\/p>\n<h2 style=\"text-align: center;\">Vacaciones en libertad<\/h2>\n<p>[\/vc_column_text][vc_column_text el_class=\u00bbcustom-text-padding\u00bb]<\/p>\n<p style=\"text-align: center;\">Ibiza Villa abre las puertas de sus villas de lujo a las familias que quieren relajarse y disfrutar de la belleza de la isla de Ibiza. Pero, c\u00f3mo todos saben, algunas veces es justo coger un poco de tiempo libre sin hijos.<\/p>\n<p style=\"text-align: center;\">Pensamos profundamente que es un derecho de los padres haber un poco de intimidad y un derecho de los ni\u00f1os divertirse con una ni\u00f1era calificada, que se haga cargo de ellos. Por esto hemos pensado en este servicio muy especial.<\/p>\n<p style=\"text-align: center;\">Hemos creado un grupo de ni\u00f1eras altamente calificadas, que puedan venir a tu villa de lujo y ocuparse de tus ni\u00f1os, para poderte ofrecer un momento de tranquilidad con los amigos y tus queridos.<\/p>\n<p>[\/vc_column_text][\/vc_column_inner][\/vc_row_inner][vc_row_inner][vc_column_inner][vc_single_image image=\u00bb67307&#8243; img_size=\u00bbfull\u00bb alignment=\u00bbcenter\u00bb][\/vc_column_inner][\/vc_row_inner][vc_row_inner][vc_column_inner][vc_column_text el_class=\u00bbcustom-text-padding\u00bb]<\/p>\n<p style=\"text-align: center;\">Ibiza Villa se ocupa \u00fanicamente de poner en contacto las babysitters y nuestro personal calificado con los padres que necesitan de este servicio durante sus estancias en una de nuestras villas de lujo.<\/p>\n<p style=\"text-align: center;\">No tenemos la pretensi\u00f3n de hacerte la vita m\u00e1s f\u00e1cil, pero estamos seguros de que vamos a hacer que tus vacaciones sean sin peligro alguno.<\/p>\n<p style=\"text-align: center;\">Nuestro servicio de ni\u00f1era te ayudar\u00e1 durante tus vacaciones y te dar\u00e1 un valido suporto en el cuidado de tus ni\u00f1os. Ibiza Villa ha hecho una exhaustiva investigaci\u00f3n para encontrar ni\u00f1eras con experiencia, preparadas en asistir con<\/p>\n<p style=\"text-align: center;\">seriedad y sensibilidad la educaci\u00f3n y desarrollo de los m\u00e1s peque\u00f1os: cada babysitter de Ibiza Villa es una profesionista fiel y responsable, experta en el cuidado ocasional de ni\u00f1os de cualquier edad.<\/p>\n<p>[\/vc_column_text][\/vc_column_inner][\/vc_row_inner][\/vc_column][\/vc_row][vc_row equal_height=\u00bbyes\u00bb el_class=\u00bbto-equal-height flex-reverse\u00bb css=\u00bb.vc_custom_1572090568472{padding-top: 60px !important;}\u00bb][vc_column offset=\u00bbvc_col-lg-6 vc_col-md-6 vc_col-xs-12&#8243; el_class=\u00bbdouble-row-to-pad to-center-height\u00bb css=\u00bb.vc_custom_1572091513590{padding-top: 0px !important;}\u00bb][vc_column_text]<\/p>\n<h3 style=\"text-align: center;\">Como funciona<\/h3>\n<p style=\"text-align: center;\">Con Ibiza Villa no dejamos nada al azar, ya que no solamente te ponemos en contacto con las ni\u00f1eras que se encuentran cerca de tu villa de lujo. De hecho, te facilitamos personal competente directamente seleccionado de nosotros.<\/p>\n<p style=\"text-align: center;\">Son personas atentas y puntuales, controladas por la empresa para darte un servicio a medida, seg\u00fan tus exigencias y con nuestra garant\u00eda de seriedad.<\/p>\n<p>[\/vc_column_text][\/vc_column][vc_column el_class=\u00bbimage-equl-no-btm\u00bb offset=\u00bbvc_col-lg-6 vc_col-md-6 vc_col-xs-12&#8243;][vc_single_image image=\u00bb67312&#8243; img_size=\u00bbfull\u00bb alignment=\u00bbcenter\u00bb][\/vc_column][\/vc_row][vc_row equal_height=\u00bbyes\u00bb el_class=\u00bbto-equal-height\u00bb css=\u00bb.vc_custom_1572090784320{padding-top: 60px !important;}\u00bb][vc_column offset=\u00bbvc_col-lg-6 vc_col-md-6 vc_col-xs-12&#8243; el_class=\u00bbimage-equl-no-btm\u00bb][vc_single_image image=\u00bb67317&#8243; img_size=\u00bbfull\u00bb alignment=\u00bbcenter\u00bb][\/vc_column][vc_column el_class=\u00bbdouble-row-to-pad to-center-height\u00bb offset=\u00bbvc_col-lg-6 vc_col-md-6 vc_col-xs-12&#8243;][vc_column_text]<\/p>\n<h3 style=\"text-align: center;\">Servicio de calidad<\/h3>\n<p style=\"text-align: center;\">Por la sensibilidad de la funci\u00f3n del cuidado de ni\u00f1os, en primer lugar, te garantizamos una ni\u00f1era con referencias y competencia en la comunicaci\u00f3n sea verbal que no, y con conocimiento en el desarrollo y en la educaci\u00f3n infantil.<\/p>\n<p style=\"text-align: center;\">La babysitter de Ibiza Villa est\u00e1 disponible cada d\u00eda de la semana para quedar con tus hijos. Podr\u00e1s personalizar el servicio seg\u00fan tus exigencias: ser\u00e1 compa\u00f1era de juegos para tu ni\u00f1o, siempre disponible y lista en el respecto de tus exigencias..<\/p>\n<p>[\/vc_column_text][\/vc_column][\/vc_row][vc_row equal_height=\u00bbyes\u00bb el_class=\u00bbto-equal-height flex-reverse\u00bb css=\u00bb.vc_custom_1572336440146{padding-top: 60px !important;padding-bottom: 60px !important;}\u00bb][vc_column offset=\u00bbvc_col-lg-6 vc_col-md-6 vc_col-xs-12&#8243; el_class=\u00bbdouble-row-to-pad to-center-height\u00bb css=\u00bb.vc_custom_1572091513590{padding-top: 0px !important;}\u00bb][vc_column_text]<\/p>\n<h3 style=\"text-align: center;\">Ciertas garant\u00edas<\/h3>\n<p style=\"text-align: center;\">Nuestras babysitter cuidar\u00e1n a tus ni\u00f1os para que puedas disfrutar de alg\u00fan momento para ti mismo.<\/p>\n<p style=\"text-align: center;\">\u00bfQuieres llegar a un alto nivel de relajaci\u00f3n? Echa un vistazo a nuestra pagina dedicada a los masajes a domicilio en tu villa de lujo y d\u00e9jate inspirar de nuestros m\u00faltiples tratamientos.<\/p>\n<p style=\"text-align: center;\">Rel\u00e1jate. Despu\u00e9s de todo, est\u00e1s de vacaciones<\/p>\n<p>[\/vc_column_text][\/vc_column][vc_column el_class=\u00bbimage-equl-no-btm\u00bb offset=\u00bbvc_col-lg-6 vc_col-md-6 vc_col-xs-12&#8243;][vc_single_image image=\u00bb67322&#8243; img_size=\u00bbfull\u00bb alignment=\u00bbcenter\u00bb][\/vc_column][\/vc_row][vc_row css=\u00bb.vc_custom_1574963226616{padding-top: 20px !important;}\u00bb][vc_column]<div class=\" ult_buttons ubtn-ctn-center \"><a class=\"ubtn-link ult-adjust-bottom-margin ubtn-center ubtn-normal \" href=\"mailto:info@ibizavilla.com\" ><button type=\"button\" id=\"ubtn-5957\"  class=\"ubtn ult-adjust-bottom-margin ult-responsive ubtn-normal ubtn-fade-bg  none  ubtn-center   tooltip-69e621a5280e3\"  data-hover=\"#0090ff\" data-border-color=\"#10c1ed\" data-bg=\"\" data-hover-bg=\"#ffffff\" data-border-hover=\"#0090ff\" data-shadow-hover=\"\" data-shadow-click=\"none\" data-shadow=\"\" data-shd-shadow=\"\"  data-ultimate-target='#ubtn-5957'  data-responsive-json-new='{\"font-size\":\"\",\"line-height\":\"\"}'  style=\"font-weight:normal;border-radius:30px;border-width:2px;border-color:#10c1ed;border-style:solid;color: #10c1ed;\"><span class=\"ubtn-hover\" style=\"background-color:#ffffff\"><\/span><span class=\"ubtn-data ubtn-text \" >Reserva &amp; Info<\/span><\/button><\/a><\/div>[\/vc_column][\/vc_row][vc_row full_width=\u00bbstretch_row_content_no_spaces\u00bb el_class=\u00bbbg-no-mb\u00bb][vc_column][vc_single_image image=\u00bb67346&#8243; img_size=\u00bbfull\u00bb alignment=\u00bbcenter\u00bb][\/vc_column][\/vc_row]<\/p>\n<\/div>","protected":false},"excerpt":{"rendered":"<p>[vc_row css=\u00bb.vc_custom_1572336922621{margin-top: 30px !important;padding-top: 30px !important;padding-bottom: 30px !important;}\u00bb][vc_column][vc_column_text] Servicio Babysitter&#8230; Ibiza Villa! [\/vc_column_text][vc_column_text] \u00bfNecesitas una babysitter para tu estancia en Ibiza? [\/vc_column_text][\/vc_column][\/vc_row][vc_row full_width=\u00bbstretch_row\u00bb bg_type=\u00bbbg_color\u00bb bg_color_value=\u00bb#f4f4f4&#8243; css=\u00bb.vc_custom_1572091197730{margin-top: 30px !important;}\u00bb][vc_column][vc_row_inner][vc_column_inner][vc_column_text] Vacaciones en libertad [\/vc_column_text][vc_column_text el_class=\u00bbcustom-text-padding\u00bb] Ibiza Villa abre las puertas de sus villas de lujo a las familias que quieren relajarse y disfrutar de la belleza de &#8230;<\/p>\n","protected":false},"author":9,"featured_media":0,"parent":0,"menu_order":0,"comment_status":"closed","ping_status":"closed","template":"","meta":{"_acf_changed":false,"_joinchat":[],"footnotes":""},"class_list":["post-67711","page","type-page","status-publish","hentry"],"acf":[],"_links":{"self":[{"href":"https:\/\/ibizavilla.com\/es\/wp-json\/wp\/v2\/pages\/67711","targetHints":{"allow":["GET"]}}],"collection":[{"href":"https:\/\/ibizavilla.com\/es\/wp-json\/wp\/v2\/pages"}],"about":[{"href":"https:\/\/ibizavilla.com\/es\/wp-json\/wp\/v2\/types\/page"}],"author":[{"embeddable":true,"href":"https:\/\/ibizavilla.com\/es\/wp-json\/wp\/v2\/users\/9"}],"replies":[{"embeddable":true,"href":"https:\/\/ibizavilla.com\/es\/wp-json\/wp\/v2\/comments?post=67711"}],"version-history":[{"count":0,"href":"https:\/\/ibizavilla.com\/es\/wp-json\/wp\/v2\/pages\/67711\/revisions"}],"wp:attachment":[{"href":"https:\/\/ibizavilla.com\/es\/wp-json\/wp\/v2\/media?parent=67711"}],"curies":[{"name":"wp","href":"https:\/\/api.w.org\/{rel}","templated":true}]}}