{"id":67720,"date":"2019-11-13T11:15:50","date_gmt":"2019-11-13T09:15:50","guid":{"rendered":"https:\/\/ibizavilla.com\/?page_id=67720"},"modified":"2025-12-09T09:44:20","modified_gmt":"2025-12-09T08:44:20","slug":"reservas","status":"publish","type":"page","link":"https:\/\/ibizavilla.com\/es\/reservas\/","title":{"rendered":"Reservas"},"content":{"rendered":"<div class=\"wpb-content-wrapper\"><p>[vc_row css=\u00bb.vc_custom_1572336922621{margin-top: 30px !important;padding-top: 30px !important;padding-bottom: 30px !important;}\u00bb][vc_column][vc_column_text]<\/p>\n<h1 style=\"text-align: center;\">Servicio de Reserva&#8230; Ibiza Villa!<\/h1>\n<p>[\/vc_column_text][vc_column_text]<\/p>\n<h4 style=\"text-align: center;\">Todos saben que durante las vacaciones relajarse es el pasatiempo favorito.<\/h4>\n<p>[\/vc_column_text][\/vc_column][\/vc_row][vc_row full_width=\u00bbstretch_row\u00bb bg_type=\u00bbbg_color\u00bb bg_color_value=\u00bb#f4f4f4&#8243; css=\u00bb.vc_custom_1572091197730{margin-top: 30px !important;}\u00bb][vc_column][vc_row_inner][vc_column_inner][vc_column_text el_class=\u00bbcustom-text-padding\u00bb]<\/p>\n<p style=\"text-align: center;\">Es un verdadero placer cuando alguien te ayuda y te aconseja, a partir de los m\u00e1s simples detalles, como reservar una mesa en un restaurante, a los actos m\u00e1s desafiantes, c\u00f3mo contratar un chef privado o un chofer.<\/p>\n<p>[\/vc_column_text][vc_column_text el_class=\u00bbcustom-text-padding\u00bb]<\/p>\n<p style=\"text-align: center;\">Por eso, desde 1998, Ibiza Villa ofrece a sus clientes los servicios de la mejor calidad para que sus vacaciones sean de ensue\u00f1o. Hemos pensado en un listado de servicios y hemos seleccionado los mejores profesionales en la isla de Ibiza para ofrecerte los mejores servicios posibles. No queremos \u00fanicamente proponerte una encantadora villa de lujo ubicada en las mejores zonas de la isla, deseamos tambi\u00e9n dejarte vivir una experiencia de lujo. Vente y disfruta de tus vacaciones con la mejor combinaci\u00f3n entre villa y servicios.<\/p>\n<p>[\/vc_column_text][\/vc_column_inner][\/vc_row_inner][vc_row_inner][vc_column_inner][vc_single_image image=\u00bb67420&#8243; img_size=\u00bbfull\u00bb alignment=\u00bbcenter\u00bb][\/vc_column_inner][\/vc_row_inner][vc_row_inner][vc_column_inner][vc_column_text el_class=\u00bbcustom-text-padding\u00bb]<\/p>\n<p style=\"text-align: center;\">Cada vez que visitamos un nuevo lugar es dif\u00edcil encontrar los mejores restaurantes, bares y tiendas. Obviamente, los residentes conocen las gemas secretas que muchas veces est\u00e1n escondidas de los ojos de los turistas.<\/p>\n<p style=\"text-align: center;\">Ibiza Villa quiere ofrecer a sus clientes la oportunidad de saborear las mejores cocinas de la isla en los lugares mas seductores de Ibiza. Por esta raz\u00f3n hemos creado un servicio de reservas.<\/p>\n<p>[\/vc_column_text][\/vc_column_inner][\/vc_row_inner][\/vc_column][\/vc_row][vc_row css=\u00bb.vc_custom_1572344771444{padding-top: 60px !important;padding-bottom: 30px !important;}\u00bb][vc_column][vc_column_text]<\/p>\n<h3 style=\"text-align: center;\">\u00bfComo funciona?<\/h3>\n<p>[\/vc_column_text][vc_column_text el_class=\u00bbcustom-text-padding\u00bb]<\/p>\n<h4 style=\"text-align: center;\">Es muy simple. Una persona de nuestro equipo tendr\u00e1 el placer de reservar para ti el restaurante que quieres visitar, en el d\u00eda que has elegido y a la hora que prefieres<\/h4>\n<p>[\/vc_column_text][\/vc_column][\/vc_row][vc_row el_class=\u00bbspecial-col-imgtext\u00bb css=\u00bb.vc_custom_1572345469564{padding-top: 30px !important;padding-bottom: 30px !important;}\u00bb][vc_column][vc_row_inner equal_height=\u00bbyes\u00bb el_class=\u00bbto-equal-height\u00bb][vc_column_inner el_class=\u00bbto-center-height\u00bb offset=\u00bbvc_col-lg-4 vc_col-md-12 vc_col-xs-12&#8243;][vc_column_text]<\/p>\n<p style=\"text-align: center;\">Lo \u00fanico que deber\u00e1s hacer es ir al restaurante y disfrutar de la gustosa comida. Si quieres recibir alg\u00fan consejo, nuestro staff est\u00e1 listo para proporcionarte muchos consejos que te ayudar\u00e1n en descubrir nuevos locales y chefs.<\/p>\n<p>[\/vc_column_text][\/vc_column_inner][vc_column_inner el_class=\u00bbimage-equl-no-btm\u00bb offset=\u00bbvc_col-lg-4 vc_col-md-12 vc_col-xs-12&#8243;][vc_single_image image=\u00bb67424&#8243; img_size=\u00bbfull\u00bb alignment=\u00bbcenter\u00bb][\/vc_column_inner][vc_column_inner el_class=\u00bbto-center-height\u00bb offset=\u00bbvc_col-lg-4 vc_col-md-12 vc_col-xs-12&#8243;][vc_column_text]<\/p>\n<p style=\"text-align: center;\">\u00bfEres una persona que le gusta las discotecas? \u00bfHas venido a Ibiza con amigos y te gustar\u00eda participar a una fiesta de noche en la atmosfera extrovertida de esta isla m\u00e1gica? \u00a1Ya hemos pensado en ti! De hecho, hemos creado este servicio, no solamente para restaurantes, sino tambi\u00e9n para las discotecas.<\/p>\n<p>[\/vc_column_text][\/vc_column_inner][\/vc_row_inner][vc_row_inner equal_height=\u00bbyes\u00bb el_class=\u00bbto-equal-height\u00bb][vc_column_inner el_class=\u00bbimage-equl-no-btm\u00bb offset=\u00bbvc_col-lg-4 vc_col-md-12 vc_col-xs-12&#8243;][vc_single_image image=\u00bb67559&#8243; img_size=\u00bbfull\u00bb alignment=\u00bbcenter\u00bb][\/vc_column_inner][vc_column_inner el_class=\u00bbto-center-height\u00bb offset=\u00bbvc_col-lg-4 vc_col-md-12 vc_col-xs-12&#8243;][vc_column_text]<\/p>\n<p style=\"text-align: center;\">En este sentido, deber\u00e1s \u00fanicamente indicarnos cual club te gustar\u00eda visitar y nosotros pensaremos a la reserva. Llamaremos con placer el staff de la discoteca que has elegido y reservaremos la mejor mesa para ti. \u00a1Empezamos a bailar!<\/p>\n<p>[\/vc_column_text][\/vc_column_inner][vc_column_inner el_class=\u00bbimage-equl-no-btm\u00bb offset=\u00bbvc_col-lg-4 vc_col-md-12 vc_col-xs-12&#8243;][vc_single_image image=\u00bb67432&#8243; img_size=\u00bbfull\u00bb alignment=\u00bbcenter\u00bb][\/vc_column_inner][\/vc_row_inner][vc_row_inner equal_height=\u00bbyes\u00bb el_class=\u00bbto-equal-height\u00bb][vc_column_inner el_class=\u00bbto-center-height\u00bb offset=\u00bbvc_col-lg-4 vc_col-md-12 vc_col-xs-12&#8243;][vc_column_text]<\/p>\n<p style=\"text-align: center;\">Si has venido en la isla para cuidar de tu cuerpo y hacer deportes, hemos pensado tambi\u00e9n en esto. De hecho, podemos reservar para ti las actividades deportivas que m\u00e1s te gustan, en cualquier zona de la isla, as\u00ed tu estancia ser\u00e1 una vera aventura.<\/p>\n<p>[\/vc_column_text][\/vc_column_inner][vc_column_inner el_class=\u00bbimage-equl-no-btm\u00bb offset=\u00bbvc_col-lg-4 vc_col-md-12 vc_col-xs-12&#8243;][vc_single_image image=\u00bb67436&#8243; img_size=\u00bbfull\u00bb alignment=\u00bbcenter\u00bb][\/vc_column_inner][vc_column_inner el_class=\u00bbto-center-height\u00bb offset=\u00bbvc_col-lg-4 vc_col-md-12 vc_col-xs-12&#8243;][vc_column_text]<\/p>\n<p style=\"text-align: center;\">Finalmente, si quieres participar a eventos exclusivos en Ibiza, est\u00e1s en las manos correctas.<br \/>\nPodr\u00e1s disfrutar de nuestros servicios y olvidarte de reservar las entradas a las citas mas exclusivas, porque nosotros lo haremos para ti con placer. Ibiza Villa te ofrece tambi\u00e9n un servicio de reservas premium a los niveles m\u00e1s altos.<\/p>\n<p>[\/vc_column_text][\/vc_column_inner][\/vc_row_inner][\/vc_column][\/vc_row][vc_row css=\u00bb.vc_custom_1572346632984{padding-top: 60px !important;padding-bottom: 60px !important;}\u00bb][vc_column][vc_column_text el_class=\u00bbcustom-text-padding\u00bb]<\/p>\n<h3 style=\"text-align: center;\">Reserva premium!<\/h3>\n<p>[\/vc_column_text][vc_column_text el_class=\u00bbcustom-text-padding\u00bb]<\/p>\n<p style=\"text-align: center;\">\u00bfQu\u00e9 est\u00e1s esperando? Cont\u00e1ctanos y expl\u00edcanos tus exigencias. Estaremos encantados de transformar tus vacaciones en una estancia paradisiaca.<\/p>\n<p>[\/vc_column_text][\/vc_column][\/vc_row][vc_row css=\u00bb.vc_custom_1574963226616{padding-top: 20px !important;}\u00bb][vc_column]<div class=\" ult_buttons ubtn-ctn-center \"><a class=\"ubtn-link ult-adjust-bottom-margin ubtn-center ubtn-normal \" href=\"mailto:info@ibizavilla.com\" ><button type=\"button\" id=\"ubtn-9214\"  class=\"ubtn ult-adjust-bottom-margin ult-responsive ubtn-normal ubtn-fade-bg  none  ubtn-center   tooltip-69fa3745ba78d\"  data-hover=\"#0090ff\" data-border-color=\"#10c1ed\" data-bg=\"\" data-hover-bg=\"#ffffff\" data-border-hover=\"#0090ff\" data-shadow-hover=\"\" data-shadow-click=\"none\" data-shadow=\"\" data-shd-shadow=\"\"  data-ultimate-target='#ubtn-9214'  data-responsive-json-new='{\"font-size\":\"\",\"line-height\":\"\"}'  style=\"font-weight:normal;border-radius:30px;border-width:2px;border-color:#10c1ed;border-style:solid;color: #10c1ed;\"><span class=\"ubtn-hover\" style=\"background-color:#ffffff\"><\/span><span class=\"ubtn-data ubtn-text \" >Reserva &amp; Info<\/span><\/button><\/a><\/div>[\/vc_column][\/vc_row][vc_row full_width=\u00bbstretch_row_content_no_spaces\u00bb el_class=\u00bbbg-no-mb\u00bb css=\u00bb.vc_custom_1573291425056{padding-top: 30px !important;}\u00bb][vc_column][vc_single_image image=\u00bb67346&#8243; img_size=\u00bbfull\u00bb alignment=\u00bbcenter\u00bb][\/vc_column][\/vc_row]<\/p>\n<\/div>","protected":false},"excerpt":{"rendered":"<p>[vc_row css=\u00bb.vc_custom_1572336922621{margin-top: 30px !important;padding-top: 30px !important;padding-bottom: 30px !important;}\u00bb][vc_column][vc_column_text] Servicio de Reserva&#8230; Ibiza Villa! [\/vc_column_text][vc_column_text] Todos saben que durante las vacaciones relajarse es el pasatiempo favorito. [\/vc_column_text][\/vc_column][\/vc_row][vc_row full_width=\u00bbstretch_row\u00bb bg_type=\u00bbbg_color\u00bb bg_color_value=\u00bb#f4f4f4&#8243; css=\u00bb.vc_custom_1572091197730{margin-top: 30px !important;}\u00bb][vc_column][vc_row_inner][vc_column_inner][vc_column_text el_class=\u00bbcustom-text-padding\u00bb] Es un verdadero placer cuando alguien te ayuda y te aconseja, a partir de los m\u00e1s simples detalles, como reservar una mesa &#8230;<\/p>\n","protected":false},"author":9,"featured_media":0,"parent":0,"menu_order":0,"comment_status":"closed","ping_status":"closed","template":"","meta":{"_acf_changed":false,"_joinchat":[],"footnotes":""},"class_list":["post-67720","page","type-page","status-publish","hentry"],"acf":[],"_links":{"self":[{"href":"https:\/\/ibizavilla.com\/es\/wp-json\/wp\/v2\/pages\/67720","targetHints":{"allow":["GET"]}}],"collection":[{"href":"https:\/\/ibizavilla.com\/es\/wp-json\/wp\/v2\/pages"}],"about":[{"href":"https:\/\/ibizavilla.com\/es\/wp-json\/wp\/v2\/types\/page"}],"author":[{"embeddable":true,"href":"https:\/\/ibizavilla.com\/es\/wp-json\/wp\/v2\/users\/9"}],"replies":[{"embeddable":true,"href":"https:\/\/ibizavilla.com\/es\/wp-json\/wp\/v2\/comments?post=67720"}],"version-history":[{"count":0,"href":"https:\/\/ibizavilla.com\/es\/wp-json\/wp\/v2\/pages\/67720\/revisions"}],"wp:attachment":[{"href":"https:\/\/ibizavilla.com\/es\/wp-json\/wp\/v2\/media?parent=67720"}],"curies":[{"name":"wp","href":"https:\/\/api.w.org\/{rel}","templated":true}]}}