{"id":67723,"date":"2019-11-13T11:17:26","date_gmt":"2019-11-13T09:17:26","guid":{"rendered":"https:\/\/ibizavilla.com\/?page_id=67723"},"modified":"2023-10-30T14:28:21","modified_gmt":"2023-10-30T12:28:21","slug":"alquiler-de-coche","status":"publish","type":"page","link":"https:\/\/ibizavilla.com\/es\/alquiler-de-coche\/","title":{"rendered":"Alquiler de Coche"},"content":{"rendered":"<div class=\"wpb-content-wrapper\"><p>[vc_row full_width=\u00bbstretch_row\u00bb css=\u00bb.vc_custom_1572365070235{margin-top: 60px !important;padding-top: 30px !important;background-color: #f9f9f9 !important;}\u00bb][vc_column][vc_column_text]<\/p>\n<h2 style=\"text-align: center;\">No piensas sea una maravillosa sensaci\u00f3n cuando pones en marcha el motor y tus aventuras empiezan\u2026 \u00bfest\u00e1s listos?<\/h2>\n<p>[\/vc_column_text][vc_column_text]<\/p>\n<p style=\"text-align: center;\">Ibiza Villa sabe cuanto sea importante tener la posibilidad de moverse en plena libertad. Para sentirse realmente l\u00edberos y poder visitar cualquier rinc\u00f3n de la espectacular isla de Ibiza, necesitar\u00e1s de un coche que pueda darte las buenas emociones de aventura y que pueda llevarte a descubrir los sitios m\u00e1s encantadores.<\/p>\n<p style=\"text-align: center;\">Ante Ibiza Villa nos comprometemos para garantizarte la libertad de descubrir m\u00e1s. Haremos todos lo posible para encontrarte el coche ideal y darte una experiencia sin estr\u00e9s, desde el principio hasta el final.<\/p>\n<p>[\/vc_column_text][\/vc_column][\/vc_row][vc_row full_width=\u00bbstretch_row\u00bb bg_type=\u00bbimage\u00bb parallax_style=\u00bbvcpb-vz-jquery\u00bb bg_image_new=\u00bbid^28572|url^https:\/\/ibizavilla.com\/wp-content\/uploads\/2018\/10\/porsche-panamera_hd_55791.jpg|caption^null|alt^null|title^porsche-panamera_hd_55791|description^null\u00bb bg_image_repeat=\u00bbno-repeat\u00bb css=\u00bb.vc_custom_1572364582423{background-color: #f9f9f9 !important;}\u00bb][vc_column width=\u00bb1\/2&#8243;][vc_column_text]<span style=\"color: #ffffff;\">Durante sus vacaciones, como en la vida misma, los compa\u00f1eros de viaje son tan importantes como el destino elegido. Por esta raz\u00f3n, en Ibiza Villa desde 1998 trabajamos arduamente para ofrecer todos los d\u00edas el mejor servicio a nuestros clientes en lo que respecta al alquiler de autom\u00f3viles y scooters para sus vacaciones en Ibiza.<\/span><\/p>\n<p><span style=\"color: #ffffff;\">En nuestra empresa encontrar\u00e1 veh\u00edculos muy nuevos, entregas personalizadas en aeropuertos y villas. , modelos asequibles y de lujo, precios detallados sin costos ocultos y personal multiling\u00fce. Como siempre, trabajamos con una sonrisa en nuestros rostros &#8230;<\/span><\/p>\n<p><span style=\"color: #ffffff;\">porque queremos que te enamores de Ibiza y que descubras todos los tesoros escondidos a lo largo de sus caminos &#8230;<\/span>[\/vc_column_text]<div class=\" ult_buttons ubtn-ctn-left \"><a class=\"ubtn-link ult-adjust-bottom-margin ubtn-left ubtn-normal \" href=\"mailto:info@ibizavilla.com\" ><button type=\"button\" id=\"ubtn-5601\"  class=\"ubtn ult-adjust-bottom-margin ult-responsive ubtn-normal ubtn-no-hover-bg  none  ubtn-left   tooltip-69e4e602dd58c\"  data-hover=\"#ffffff\" data-border-color=\"\" data-bg=\"#ffffff\" data-hover-bg=\"#00b2ff\" data-border-hover=\"\" data-shadow-hover=\"\" data-shadow-click=\"none\" data-shadow=\"\" data-shd-shadow=\"\"  data-ultimate-target='#ubtn-5601'  data-responsive-json-new='{\"font-size\":\"\",\"line-height\":\"\"}'  style=\"font-weight:normal;border:none;background: #ffffff;color: #000000;\"><span class=\"ubtn-hover\" style=\"background-color:#00b2ff\"><\/span><span class=\"ubtn-data ubtn-text \" >Info &amp; Reserva<\/span><\/button><\/a><\/div>[\/vc_column][vc_column width=\u00bb1\/2&#8243;][\/vc_column][\/vc_row][vc_row full_width=\u00bbstretch_row\u00bb css=\u00bb.vc_custom_1572364435859{border-bottom-width: 30px !important;padding-top: 20px !important;padding-bottom: 20px !important;background-color: #f9f9f9 !important;}\u00bb][vc_column][vc_column_text]<\/p>\n<p style=\"text-align: center;\">A continuaci\u00f3n, podr\u00e1s descubrir m\u00e1s c\u00f3mo trabajamos.<\/p>\n<p style=\"text-align: center;\">Nuestro objetivo es transformar el alquiler de coche en algo simple y conveniente, c\u00f3mo si tu estabas conduciendo tu coche. Alquilar un coche te hace libre, y nosotros te ayudaremos en encontrar el modelo perfeto, al mejor precio. Y hay m\u00e1s. Estamos aqu\u00ed para hacer la experiencia del alquiler menos estresante.<\/p>\n<p style=\"text-align: center;\">Sabemos la importancia que tiene la calidad del servicio que te damos. Esta es la raz\u00f3n por la cual nuestro equipo es multi idiomas y calificado. En tal sentido recibir\u00e1s los mejores consejos para guiarte entre las varias opciones.<\/p>\n<p style=\"text-align: center;\">Trabajamos con muchas empresas de alquiler en Ibiza, desde 1998. Elegimos lo mejor para ofrecerte una amplia selecci\u00f3n de veh\u00edculos, que har\u00e1n la diferencia durante tu estancia en tu villa de lujo.<\/p>\n<p style=\"text-align: center;\">Te acompa\u00f1aremos en cada paso. Nuestro servicio de atenci\u00f3n al cliente ha estado creado para asistirte durante du estancia, siempre y donde tu lo necesites, porque la atenci\u00f3n en darte un servicio de alquiler perfecto nos hace feliz.<\/p>\n<p style=\"text-align: center;\">Gracias a nuestra larga experiencia, encontraremos siempre la mejor soluci\u00f3n para ti, con excepcionales ofertas y con los modelos mas actuales del momento. Todav\u00eda, no buscaremos \u00fanicamente el mejor veh\u00edculo para ti, sino te asistiremos en cada paso del alquiler.<\/p>\n<p>[\/vc_column_text][\/vc_column][\/vc_row][vc_row full_width=\u00bbstretch_row\u00bb css=\u00bb.vc_custom_1572364917346{margin-top: 30px !important;padding-bottom: 30px !important;}\u00bb][vc_column][vc_column_text]<\/p>\n<h3 style=\"text-align: center;\">Te acompa\u00f1aremos en cada paso<\/h3>\n<p>[\/vc_column_text][vc_column_text]<\/p>\n<p style=\"text-align: center;\">Puedes contactarnos por tel\u00e9fono o correo email, y estaremos encantados de proponerte las varias opciones que tendr\u00e1s. Podr\u00e1s comparar todas las opciones en termino de modelos y de precios.<\/p>\n<p style=\"text-align: center;\">Gracias a nuestros consejos podr\u00e1s tambi\u00e9n tomar tu decisi\u00f3n en plena tranquilidad.<br \/>\nEliges ti coche, a\u00f1ades los extras que prefieres, como por ejemplo un seguro todo riesgo y confirma tu reserva.<\/p>\n<p style=\"text-align: center;\">Eso es todo. Por el resto, nos ocuparemos nosotros de llevarte el coche che has elegido el d\u00eda de tu llegada y directamente en el aeropuerto. En tal sentido, podr\u00e1s empezar tus vacaciones en total relax y sin estr\u00e9s.<\/p>\n<p>[\/vc_column_text][\/vc_column][\/vc_row][vc_row][vc_column][vc_raw_html]JTNDc2NyaXB0JTIwdHlwZSUzRCUyMnRleHQlMkZqYXZhc2NyaXB0JTIyJTIwc3JjJTNEJTIyJTJGd3AtY29udGVudCUyRnVwbG9hZHMlMkZpZnJhbWVSZXNpemVyLm1pbi5qcyUyMiUzRSUzQyUyRnNjcmlwdCUzRSUwQSUzQ2lmcmFtZSUyMHN0eWxlJTNEJTIyd2lkdGglM0ExMDAlMjUlM0Jib3JkZXIlM0Fub25lJTNCbWluLWhlaWdodCUzQTUwMHB4JTNCaGVpZ2h0JTNBYXV0byUzQiUyMiUyMGlkJTNEJTIyaWZyYW1lX2NhcnBsdXNfYWZpbGlhZG8lMjIlMjBzcmMlM0QlMjJodHRwcyUzQSUyRiUyRmJvb2tpbmdzLm1vdG9sdWlzLmNvbSUyRiUzRmlkaW9tYSUzRGVuJTI2YWZpbGlhZG8lM0Q0MzAwMDA2MDgzJTI2Y29sb3JfYWZpbGlhZG8lM0RjeWFuJTIyJTIwc2Nyb2xsaW5nJTNEJTIyeWVzJTIyJTNFJTNDJTJGaWZyYW1lJTNFJTBBJTNDc2NyaXB0JTNFaUZyYW1lUmVzaXplJTI4JTdCbG9nJTNBZmFsc2UlN0QlMkMlMjAlMjclMjNpZnJhbWVfY2FycGx1c19hZmlsaWFkbyUyNyUyOSUzQyUyRnNjcmlwdCUzRQ==[\/vc_raw_html][\/vc_column][\/vc_row][vc_row full_width=\u00bbstretch_row\u00bb css=\u00bb.vc_custom_1572365112481{padding-bottom: 60px !important;}\u00bb][vc_column][vc_column_text]<\/p>\n<h3 style=\"text-align: center;\">\u00bfPor qu\u00e9 usted debe utilizar nuestro servicio?<\/h3>\n<p>[\/vc_column_text][vc_column_text]<\/p>\n<p style=\"text-align: center;\">Es simple; porque te ofrecemos un excelente valor competitivo y la mente clara durante tu viaje. Usamos toda nuestra experiencia junto al de nuestros clientes para garantizarte el coche que deseas y un servicio de alta calidad.Aprovecha de nuestra asistencia. Estamos a tu disposici\u00f3n 7 d\u00edas la semana, antes, durante y tras tu estancia.<\/p>\n<p style=\"text-align: center;\">Disfruta de tu viaje. Empieza tu aventura.<\/p>\n<p>[\/vc_column_text][\/vc_column][\/vc_row][vc_row][vc_column]<div class=\"article_container slider_container bottom-estate_property nobutton\" ><div class=\"slider_control_left  wprentals_slider_control_left\"><\/div>\n                       <div class=\"slider_control_right wprentals_slider_control_right\"><\/div><h2 class=\"shortcode_title title_slider\">Recent properties<\/h2><div class=\"shortcode_slider_wrapper\"  data-auto=\"0\" ><ul class=\"shortcode_slider_list\"><li>\r\n\r\n<div itemscope itemtype=\"http:\/\/schema.org\/Product\" class=\"listing_wrapper col-md- shortcode-col property_unit_v1  property_flex \" data-org=\"4\" data-listid=\"58633\" >\r\n\r\n    \r\n    <div class=\"property_listing \" >\r\n        \r\n            <div class=\"listing-unit-img-wrapper\"><div class=\"property_unit_action\">\n    <span class=\"icon-fav icon-fav-off\" data-original-title=\"add to favorites\" data-postid=\"58633\">\n        <svg viewBox=\"0 0 32 32\" xmlns=\"http:\/\/www.w3.org\/2000\/svg\" aria-hidden=\"true\" role=\"presentation\" focusable=\"false\" \nstyle=\"display: block;  height: 24px; width: 24px; stroke: #fff; stroke-width: 2; overflow: visible;\">\n<path d=\"m16 28c7-4.733 14-10 14-17 0-1.792-.683-3.583-2.05-4.95-1.367-1.366-3.158-2.05-4.95-2.05-1.791 0-3.583.684-4.949 2.05l-2.051 2.051-2.05-2.051c-1.367-1.366-3.158-2.05-4.95-2.05-1.791 0-3.583.684-4.949 2.05-1.367 1.367-2.051 3.158-2.051 4.95 0 7 7 12.267 14 17z\"><\/path>\n<\/svg><\/span>\n    <\/div><a href=\"https:\/\/ibizavilla.com\/es\/properties\/can-jondal-2\/\" target=\"_self\" ><img decoding=\"async\" itemprop=\"image\" src=\"https:\/\/ibizavilla.com\/wp-content\/uploads\/2019\/03\/can_jondal_2-400x314.jpg\" class=\"b-lazy img-responsive wp-post-image lazy-hidden\" alt=\"Can Jondal, villa de lujo con piscina en Ibiza, Cala Jondal\" title=\"\"><\/a><div class=\"price_unit_wrapper\"> <\/div><div class=\"\" itemprop=\"offers\" itemscope itemtype=\"http:\/\/schema.org\/Offer\"> <link itemprop=\"url\" href=\"https:\/\/ibizavilla.com\/es\/properties\/can-jondal-2\/\"\/><meta itemprop=\"priceCurrency\" content=\"\u20ac\" \/><div class=\"price_unit\"><span itemprop=\"price\" content=\"4800\">4.800 \u20ac<span class=\"pernight\"> \/night<\/span><\/div><\/div><\/div>\r\n\r\n\r\n            <div class=\"featured_div\">featured<\/div><div class=\"property_status_wrapper\"><\/div>\r\n            <div class=\"title-container\">\r\n\r\n                                <div class=\"price_unit desde\">\r\n                        <span class=\"pernight\">\r\n                            4800 \u20ac\r\n                        <\/span>\r\n                    <\/div>\r\n                \r\n            <meta itemprop=\"ratingValue\" content=\"0\"\/><div class=rating_placeholder><\/div>\r\n            <div class=\"owner_thumb\" style=\"background-image: url()\"><\/div>\r\n            <div class=\"category_name\">\r\n                    <a  itemprop=\"url\"  href=\"https:\/\/ibizavilla.com\/es\/properties\/can-jondal-2\/\"  class=\"listing_title_unit\" >\n    \n    \n   <span itemprop=\"name\">\n    Can Jondal, villa de lujo con piscina en Ibiza, Cala Jondal    <\/span>\n<\/a>\r\n                <div class=\"category_tagline map_icon\">\r\n                    <a href=\"https:\/\/ibizavilla.com\/es\/area\/cala-jondal\/\" rel=\"tag\">Cala Jondal<\/a>, <a href=\"https:\/\/ibizavilla.com\/es\/city\/san-jose\/\" rel=\"tag\">San Jos\u00e9<\/a>                <\/div>\r\n\r\n                <div class=\"category_tagline actions_icon\">\r\n                    <a href=\"https:\/\/ibizavilla.com\/es\/listings\/alquiler\/\" rel=\"tag\">Alquiler<\/a> \/ <a href=\"https:\/\/ibizavilla.com\/es\/action\/villa\/\" rel=\"tag\">Villa<\/a>                <\/div>\r\n            <\/div>\r\n\r\n                        <\/div>\r\n\r\n\r\n        \r\n        <\/div>\r\n    <\/div>\r\n<\/li><li>\r\n\r\n<div itemscope itemtype=\"http:\/\/schema.org\/Product\" class=\"listing_wrapper col-md- shortcode-col property_unit_v1  property_flex \" data-org=\"4\" data-listid=\"29436\" >\r\n\r\n    \r\n    <div class=\"property_listing \" >\r\n        \r\n            <div class=\"listing-unit-img-wrapper\"><div class=\"property_unit_action\">\n    <span class=\"icon-fav icon-fav-off\" data-original-title=\"add to favorites\" data-postid=\"29436\">\n        <svg viewBox=\"0 0 32 32\" xmlns=\"http:\/\/www.w3.org\/2000\/svg\" aria-hidden=\"true\" role=\"presentation\" focusable=\"false\" \nstyle=\"display: block;  height: 24px; width: 24px; stroke: #fff; stroke-width: 2; overflow: visible;\">\n<path d=\"m16 28c7-4.733 14-10 14-17 0-1.792-.683-3.583-2.05-4.95-1.367-1.366-3.158-2.05-4.95-2.05-1.791 0-3.583.684-4.949 2.05l-2.051 2.051-2.05-2.051c-1.367-1.366-3.158-2.05-4.95-2.05-1.791 0-3.583.684-4.949 2.05-1.367 1.367-2.051 3.158-2.051 4.95 0 7 7 12.267 14 17z\"><\/path>\n<\/svg><\/span>\n    <\/div><a href=\"https:\/\/ibizavilla.com\/es\/properties\/casa-roan\/\" target=\"_self\" ><img decoding=\"async\" itemprop=\"image\" src=\"https:\/\/ibizavilla.com\/wp-content\/uploads\/2022\/07\/Casa-Roan_Ibiza-Villa-2-400x314.jpg\" class=\"b-lazy img-responsive wp-post-image lazy-hidden\" alt=\"Casa Roan, villa con vistas al mar en Ibiza, Cala Moli\" title=\"\"><\/a><div class=\"price_unit_wrapper\"> <\/div><div class=\"\" itemprop=\"offers\" itemscope itemtype=\"http:\/\/schema.org\/Offer\"> <link itemprop=\"url\" href=\"https:\/\/ibizavilla.com\/es\/properties\/casa-roan\/\"\/><meta itemprop=\"priceCurrency\" content=\"\u20ac\" \/><div class=\"price_unit\"><span itemprop=\"price\" content=\"893\">893 \u20ac<span class=\"pernight\"> \/night<\/span><\/div><\/div><\/div>\r\n\r\n\r\n            <div class=\"featured_div\">featured<\/div><div class=\"property_status_wrapper\"><\/div>\r\n            <div class=\"title-container\">\r\n\r\n                                <div class=\"price_unit desde\">\r\n                        <span class=\"pernight\">\r\n                            893 \u20ac\r\n                        <\/span>\r\n                    <\/div>\r\n                \r\n            <meta itemprop=\"ratingValue\" content=\"0\"\/><div class=rating_placeholder><\/div>\r\n            <div class=\"owner_thumb\" style=\"background-image: url()\"><\/div>\r\n            <div class=\"category_name\">\r\n                    <a  itemprop=\"url\"  href=\"https:\/\/ibizavilla.com\/es\/properties\/casa-roan\/\"  class=\"listing_title_unit\" >\n    \n    \n   <span itemprop=\"name\">\n    Casa Roan, villa con vistas al mar en Ibiza, Cala Moli    <\/span>\n<\/a>\r\n                <div class=\"category_tagline map_icon\">\r\n                    <a href=\"https:\/\/ibizavilla.com\/es\/area\/cala-moli\/\" rel=\"tag\">Cala Moli<\/a>, <a href=\"https:\/\/ibizavilla.com\/es\/city\/san-jose\/\" rel=\"tag\">San Jos\u00e9<\/a>                <\/div>\r\n\r\n                <div class=\"category_tagline actions_icon\">\r\n                    <a href=\"https:\/\/ibizavilla.com\/es\/listings\/alquiler\/\" rel=\"tag\">Alquiler<\/a> \/ <a href=\"https:\/\/ibizavilla.com\/es\/action\/villa\/\" rel=\"tag\">Villa<\/a>                <\/div>\r\n            <\/div>\r\n\r\n                        <\/div>\r\n\r\n\r\n        \r\n        <\/div>\r\n    <\/div>\r\n<\/li><li>\r\n\r\n<div itemscope itemtype=\"http:\/\/schema.org\/Product\" class=\"listing_wrapper col-md- shortcode-col property_unit_v1  property_flex \" data-org=\"4\" data-listid=\"28701\" >\r\n\r\n    \r\n    <div class=\"property_listing \" >\r\n        \r\n            <div class=\"listing-unit-img-wrapper\"><div class=\"property_unit_action\">\n    <span class=\"icon-fav icon-fav-off\" data-original-title=\"add to favorites\" data-postid=\"28701\">\n        <svg viewBox=\"0 0 32 32\" xmlns=\"http:\/\/www.w3.org\/2000\/svg\" aria-hidden=\"true\" role=\"presentation\" focusable=\"false\" \nstyle=\"display: block;  height: 24px; width: 24px; stroke: #fff; stroke-width: 2; overflow: visible;\">\n<path d=\"m16 28c7-4.733 14-10 14-17 0-1.792-.683-3.583-2.05-4.95-1.367-1.366-3.158-2.05-4.95-2.05-1.791 0-3.583.684-4.949 2.05l-2.051 2.051-2.05-2.051c-1.367-1.366-3.158-2.05-4.95-2.05-1.791 0-3.583.684-4.949 2.05-1.367 1.367-2.051 3.158-2.051 4.95 0 7 7 12.267 14 17z\"><\/path>\n<\/svg><\/span>\n    <\/div><a href=\"https:\/\/ibizavilla.com\/es\/properties\/can-puig-de-mar\/\" target=\"_self\" ><img decoding=\"async\" itemprop=\"image\" src=\"https:\/\/ibizavilla.com\/wp-content\/uploads\/2025\/01\/Can-Puig-de-Mar_Ibiza-Villa-FILEminimizer-400x314.jpg\" class=\"b-lazy img-responsive wp-post-image lazy-hidden\" alt=\"Can Puig de Mar, villa con vistas al mar en Ibiza, Cala Moli\" title=\"\"><\/a><div class=\"price_unit_wrapper\"> <\/div><div class=\"\" itemprop=\"offers\" itemscope itemtype=\"http:\/\/schema.org\/Offer\"> <link itemprop=\"url\" href=\"https:\/\/ibizavilla.com\/es\/properties\/can-puig-de-mar\/\"\/><meta itemprop=\"priceCurrency\" content=\"\u20ac\" \/><div class=\"price_unit\"><span itemprop=\"price\" content=\"1186\">1.186 \u20ac<span class=\"pernight\"> \/night<\/span><\/div><\/div><\/div>\r\n\r\n\r\n            <div class=\"featured_div\">featured<\/div><div class=\"property_status_wrapper\"><\/div>\r\n            <div class=\"title-container\">\r\n\r\n                                <div class=\"price_unit desde\">\r\n                        <span class=\"pernight\">\r\n                            1186 \u20ac\r\n                        <\/span>\r\n                    <\/div>\r\n                \r\n            <meta itemprop=\"ratingValue\" content=\"0\"\/><div class=rating_placeholder><\/div>\r\n            <div class=\"owner_thumb\" style=\"background-image: url()\"><\/div>\r\n            <div class=\"category_name\">\r\n                    <a  itemprop=\"url\"  href=\"https:\/\/ibizavilla.com\/es\/properties\/can-puig-de-mar\/\"  class=\"listing_title_unit\" >\n    \n    \n   <span itemprop=\"name\">\n    Can Puig de Mar, villa con vistas al mar en Ibiza, Cala...    <\/span>\n<\/a>\r\n                <div class=\"category_tagline map_icon\">\r\n                    <a href=\"https:\/\/ibizavilla.com\/es\/area\/cala-moli\/\" rel=\"tag\">Cala Moli<\/a>, <a href=\"https:\/\/ibizavilla.com\/es\/city\/san-jose\/\" rel=\"tag\">San Jos\u00e9<\/a>                <\/div>\r\n\r\n                <div class=\"category_tagline actions_icon\">\r\n                    <a href=\"https:\/\/ibizavilla.com\/es\/listings\/alquiler\/\" rel=\"tag\">Alquiler<\/a> \/ <a href=\"https:\/\/ibizavilla.com\/es\/action\/villa\/\" rel=\"tag\">Villa<\/a>                <\/div>\r\n            <\/div>\r\n\r\n                        <\/div>\r\n\r\n\r\n        \r\n        <\/div>\r\n    <\/div>\r\n<\/li><li>\r\n\r\n<div itemscope itemtype=\"http:\/\/schema.org\/Product\" class=\"listing_wrapper col-md- shortcode-col property_unit_v1  property_flex \" data-org=\"4\" data-listid=\"28699\" >\r\n\r\n    \r\n    <div class=\"property_listing \" >\r\n        \r\n            <div class=\"listing-unit-img-wrapper\"><div class=\"property_unit_action\">\n    <span class=\"icon-fav icon-fav-off\" data-original-title=\"add to favorites\" data-postid=\"28699\">\n        <svg viewBox=\"0 0 32 32\" xmlns=\"http:\/\/www.w3.org\/2000\/svg\" aria-hidden=\"true\" role=\"presentation\" focusable=\"false\" \nstyle=\"display: block;  height: 24px; width: 24px; stroke: #fff; stroke-width: 2; overflow: visible;\">\n<path d=\"m16 28c7-4.733 14-10 14-17 0-1.792-.683-3.583-2.05-4.95-1.367-1.366-3.158-2.05-4.95-2.05-1.791 0-3.583.684-4.949 2.05l-2.051 2.051-2.05-2.051c-1.367-1.366-3.158-2.05-4.95-2.05-1.791 0-3.583.684-4.949 2.05-1.367 1.367-2.051 3.158-2.051 4.95 0 7 7 12.267 14 17z\"><\/path>\n<\/svg><\/span>\n    <\/div><a href=\"https:\/\/ibizavilla.com\/es\/properties\/casa-domingo\/\" target=\"_self\" ><img decoding=\"async\" itemprop=\"image\" src=\"https:\/\/ibizavilla.com\/wp-content\/uploads\/2018\/11\/casa_domingo_01-400x314.jpg\" class=\"b-lazy img-responsive wp-post-image lazy-hidden\" alt=\"Casa Domingo, villa con vistas al mar en Ibiza, Es Cubells\" title=\"\"><\/a><div class=\"price_unit_wrapper\"> <\/div><div class=\"\" itemprop=\"offers\" itemscope itemtype=\"http:\/\/schema.org\/Offer\"> <link itemprop=\"url\" href=\"https:\/\/ibizavilla.com\/es\/properties\/casa-domingo\/\"\/><meta itemprop=\"priceCurrency\" content=\"\u20ac\" \/><div class=\"price_unit\"><span itemprop=\"price\" content=\"643\">643 \u20ac<span class=\"pernight\"> \/night<\/span><\/div><\/div><\/div>\r\n\r\n\r\n            <div class=\"featured_div\">featured<\/div><div class=\"property_status_wrapper\"><\/div>\r\n            <div class=\"title-container\">\r\n\r\n                                <div class=\"price_unit desde\">\r\n                        <span class=\"pernight\">\r\n                            643 \u20ac\r\n                        <\/span>\r\n                    <\/div>\r\n                \r\n            <meta itemprop=\"ratingValue\" content=\"0\"\/><div class=rating_placeholder><\/div>\r\n            <div class=\"owner_thumb\" style=\"background-image: url()\"><\/div>\r\n            <div class=\"category_name\">\r\n                    <a  itemprop=\"url\"  href=\"https:\/\/ibizavilla.com\/es\/properties\/casa-domingo\/\"  class=\"listing_title_unit\" >\n    \n    \n   <span itemprop=\"name\">\n    Casa Domingo, villa con vistas al mar en Ibiza, Es Cubells    <\/span>\n<\/a>\r\n                <div class=\"category_tagline map_icon\">\r\n                    <a href=\"https:\/\/ibizavilla.com\/es\/area\/es-cubells\/\" rel=\"tag\">Es Cubells<\/a>, <a href=\"https:\/\/ibizavilla.com\/es\/city\/san-jose\/\" rel=\"tag\">San Jos\u00e9<\/a>                <\/div>\r\n\r\n                <div class=\"category_tagline actions_icon\">\r\n                    <a href=\"https:\/\/ibizavilla.com\/es\/listings\/alquiler\/\" rel=\"tag\">Alquiler<\/a> \/ <a href=\"https:\/\/ibizavilla.com\/es\/action\/villa\/\" rel=\"tag\">Villa<\/a>                <\/div>\r\n            <\/div>\r\n\r\n                        <\/div>\r\n\r\n\r\n        \r\n        <\/div>\r\n    <\/div>\r\n<\/li><\/ul><\/div><\/div>[\/vc_column][\/vc_row][vc_row css=\u00bb.vc_custom_1574963226616{padding-top: 20px !important;}\u00bb][vc_column]<div class=\" ult_buttons ubtn-ctn-center \"><a class=\"ubtn-link ult-adjust-bottom-margin ubtn-center ubtn-normal \" href=\"mailto:info@ibizavilla.com\" ><button type=\"button\" id=\"ubtn-1548\"  class=\"ubtn ult-adjust-bottom-margin ult-responsive ubtn-normal ubtn-fade-bg  none  ubtn-center   tooltip-69e4e603094c2\"  data-hover=\"#0090ff\" data-border-color=\"#10c1ed\" data-bg=\"\" data-hover-bg=\"#ffffff\" data-border-hover=\"#0090ff\" data-shadow-hover=\"\" data-shadow-click=\"none\" data-shadow=\"\" data-shd-shadow=\"\"  data-ultimate-target='#ubtn-1548'  data-responsive-json-new='{\"font-size\":\"\",\"line-height\":\"\"}'  style=\"font-weight:normal;border-radius:30px;border-width:2px;border-color:#10c1ed;border-style:solid;color: #10c1ed;\"><span class=\"ubtn-hover\" style=\"background-color:#ffffff\"><\/span><span class=\"ubtn-data ubtn-text \" >Reserva &amp; Info<\/span><\/button><\/a><\/div>[\/vc_column][\/vc_row][vc_row full_width=\u00bbstretch_row_content_no_spaces\u00bb el_class=\u00bbbg-no-mb\u00bb css=\u00bb.vc_custom_1573291137415{padding-top: 60px !important;}\u00bb][vc_column][vc_single_image image=\u00bb67346&#8243; img_size=\u00bbfull\u00bb alignment=\u00bbcenter\u00bb][\/vc_column][\/vc_row]<\/p>\n<\/div>","protected":false},"excerpt":{"rendered":"<p>[vc_row full_width=\u00bbstretch_row\u00bb css=\u00bb.vc_custom_1572365070235{margin-top: 60px !important;padding-top: 30px !important;background-color: #f9f9f9 !important;}\u00bb][vc_column][vc_column_text] No piensas sea una maravillosa sensaci\u00f3n cuando pones en marcha el motor y tus aventuras empiezan\u2026 \u00bfest\u00e1s listos? [\/vc_column_text][vc_column_text] Ibiza Villa sabe cuanto sea importante tener la posibilidad de moverse en plena libertad. Para sentirse realmente l\u00edberos y poder visitar cualquier rinc\u00f3n de la espectacular isla &#8230;<\/p>\n","protected":false},"author":9,"featured_media":0,"parent":0,"menu_order":0,"comment_status":"closed","ping_status":"closed","template":"","meta":{"_acf_changed":false,"_joinchat":[],"footnotes":""},"class_list":["post-67723","page","type-page","status-publish","hentry"],"acf":[],"_links":{"self":[{"href":"https:\/\/ibizavilla.com\/es\/wp-json\/wp\/v2\/pages\/67723","targetHints":{"allow":["GET"]}}],"collection":[{"href":"https:\/\/ibizavilla.com\/es\/wp-json\/wp\/v2\/pages"}],"about":[{"href":"https:\/\/ibizavilla.com\/es\/wp-json\/wp\/v2\/types\/page"}],"author":[{"embeddable":true,"href":"https:\/\/ibizavilla.com\/es\/wp-json\/wp\/v2\/users\/9"}],"replies":[{"embeddable":true,"href":"https:\/\/ibizavilla.com\/es\/wp-json\/wp\/v2\/comments?post=67723"}],"version-history":[{"count":0,"href":"https:\/\/ibizavilla.com\/es\/wp-json\/wp\/v2\/pages\/67723\/revisions"}],"wp:attachment":[{"href":"https:\/\/ibizavilla.com\/es\/wp-json\/wp\/v2\/media?parent=67723"}],"curies":[{"name":"wp","href":"https:\/\/api.w.org\/{rel}","templated":true}]}}