{"id":67724,"date":"2019-11-13T11:17:39","date_gmt":"2019-11-13T09:17:39","guid":{"rendered":"https:\/\/ibizavilla.com\/?page_id=67724"},"modified":"2019-11-28T20:01:28","modified_gmt":"2019-11-28T18:01:28","slug":"chef-catering","status":"publish","type":"page","link":"https:\/\/ibizavilla.com\/es\/chef-catering\/","title":{"rendered":"Chef Catering"},"content":{"rendered":"<div class=\"wpb-content-wrapper\"><p>[vc_row css=\u00bb.vc_custom_1572336922621{margin-top: 30px !important;padding-top: 30px !important;padding-bottom: 30px !important;}\u00bb][vc_column][vc_column_text]<\/p>\n<h1 style=\"text-align: center;\">Servicio Chef y Catering&#8230; Ibiza Villa!<\/h1>\n<p>[\/vc_column_text][vc_column_text]<\/p>\n<h4 style=\"text-align: center;\">\u00bfNecesitas un chef para cocinar en tu villa de lujo en Ibiza? \u00bfQuieres organizar un evento y necesitas un catering?<\/h4>\n<p>[\/vc_column_text][\/vc_column][\/vc_row][vc_row full_width=\u00bbstretch_row\u00bb bg_type=\u00bbbg_color\u00bb bg_color_value=\u00bb#f4f4f4&#8243; css=\u00bb.vc_custom_1572091197730{margin-top: 30px !important;}\u00bb][vc_column][vc_row_inner][vc_column_inner][vc_column_text]<\/p>\n<h2 style=\"text-align: center;\">Vacaciones relajantes<\/h2>\n<p>[\/vc_column_text][vc_column_text el_class=\u00bbcustom-text-padding\u00bb]<\/p>\n<p style=\"text-align: center;\">Ibiza Villa piensa que durante las vacaciones sus clientes deban \u00fanicamente relajarse. Por eso hemos decidido de ofrecer un servicio de catering y de chef privado directamente en tu villa de lujo.<\/p>\n<p>[\/vc_column_text][\/vc_column_inner][\/vc_row_inner][vc_row_inner][vc_column_inner][vc_single_image image=\u00bb67451&#8243; img_size=\u00bbfull\u00bb alignment=\u00bbcenter\u00bb][\/vc_column_inner][\/vc_row_inner][vc_row_inner][vc_column_inner][vc_column_text el_class=\u00bbcustom-text-padding\u00bb]<\/p>\n<p style=\"text-align: center;\">Olvida de cocinar los mismos platos cada d\u00eda y abres la mente a nuevas experiencias y sabores gracias a nuestros chefs especializados.<\/p>\n<p>[\/vc_column_text][\/vc_column_inner][\/vc_row_inner][\/vc_column][\/vc_row][vc_row equal_height=\u00bbyes\u00bb el_class=\u00bbto-equal-height flex-reverse\u00bb css=\u00bb.vc_custom_1572090568472{padding-top: 60px !important;}\u00bb][vc_column offset=\u00bbvc_col-lg-6 vc_col-md-6 vc_col-xs-12&#8243; el_class=\u00bbdouble-row-to-pad to-center-height\u00bb css=\u00bb.vc_custom_1572091513590{padding-top: 0px !important;}\u00bb][vc_column_text]<\/p>\n<h3 style=\"text-align: center;\">\u00bfPor qu\u00e9 elegirlo?<\/h3>\n<p style=\"text-align: center;\">Nuestro servicio de catering es por el contrario mas indicado en caso de organizar una fiesta o un evento durante tu estancia en una de nuestras villas de lujo. El catering ser\u00e1 capaz de cocinar por un amplio numero de personas. Deber\u00e1s \u00fanicamente expresar tus gustos y tus preferencias por los platos y dejar que nuestro catering pueda organizar de forma perfecta tu evento especial.\u00a0 Nuestros profesionales podr\u00e1n organizar este servicio sea como buffet, aperitivo o como comida servida a la mesa.<\/p>\n<p>A menudo podr\u00e1s elegir el men\u00fa que quieres que preparen por tu evento y el catering ser\u00e1 capaz de satisfacer tus deseos. Las ventajas de aprovechar de un servicio de este tipo son innumerables: disponer de la profesionalidad y creatividad de un cocinero, y antes de todo no deber pensar en cocinar y limpiar.[\/vc_column_text][\/vc_column][vc_column el_class=\u00bbimage-equl-no-btm\u00bb offset=\u00bbvc_col-lg-6 vc_col-md-6 vc_col-xs-12&#8243;][vc_single_image image=\u00bb67455&#8243; img_size=\u00bbfull\u00bb alignment=\u00bbcenter\u00bb][\/vc_column][\/vc_row][vc_row equal_height=\u00bbyes\u00bb el_class=\u00bbto-equal-height\u00bb css=\u00bb.vc_custom_1572090784320{padding-top: 60px !important;}\u00bb][vc_column offset=\u00bbvc_col-lg-6 vc_col-md-6 vc_col-xs-12&#8243; el_class=\u00bbimage-equl-no-btm\u00bb][vc_single_image image=\u00bb67459&#8243; img_size=\u00bbfull\u00bb alignment=\u00bbcenter\u00bb][\/vc_column][vc_column el_class=\u00bbdouble-row-to-pad to-center-height\u00bb offset=\u00bbvc_col-lg-6 vc_col-md-6 vc_col-xs-12&#8243;][vc_column_text]<\/p>\n<h3 style=\"text-align: center;\">Como nace<\/h3>\n<p style=\"text-align: center;\">Cada vez hay m\u00e1s clientes que se interesan en los catering directamente a la casa, para preparar almuerzos y cenas, para solucionar dificultades en la preparaci\u00f3n y limpieza.<\/p>\n<p style=\"text-align: center;\">Por eso hemos pensado en ofrecer un chef privado, que bajo reserva ir\u00e1 a la villa de lujo del cliente y cocinar\u00e1 un men\u00fa. Los men\u00fas ser\u00e1n previamente seleccionados, as\u00ed el chef deber\u00e1 solamente llevar los ingredientes crudos y su equipamiento de trabajo y al final del servicio dejar\u00e1 la cocina limpia.<\/p>\n<p style=\"text-align: center;\">Es un servicio \u00fatil para organizar comidas elegantes con men\u00fas especiales durante tu estancia en Ibiza. En este sentido, no tendr\u00e1s solamente un alojamiento de lujo, tambi\u00e9n la comida ser\u00e1 una verdadera delicia.<\/p>\n<p>[\/vc_column_text][\/vc_column][\/vc_row][vc_row equal_height=\u00bbyes\u00bb el_class=\u00bbto-equal-height flex-reverse\u00bb css=\u00bb.vc_custom_1572350416313{padding-top: 60px !important;}\u00bb][vc_column offset=\u00bbvc_col-lg-6 vc_col-md-6 vc_col-xs-12&#8243; el_class=\u00bbdouble-row-to-pad to-center-height\u00bb css=\u00bb.vc_custom_1572091513590{padding-top: 0px !important;}\u00bb][vc_column_text]<\/p>\n<h3 style=\"text-align: center;\">No solo comida<\/h3>\n<p style=\"text-align: center;\">Gracias a la atenci\u00f3n a los detalles y a la b\u00fasqueda de recetas \u00fanicas, nuestro grupo de chefs privados ser\u00e1n capaces de satisfacer tus necesidades con gusto y originalidad. Todos los platos vienen de materias primas frescas, de excelente calidad y est\u00e1n preparados de las manos de cocineros profesionales directamente en el lugar, al momento del almuerzo o de la cena, para asegurar a los hu\u00e9spedes la frescura y calidad de los platos. Gracias a este servicio, nuestros chefs har\u00e1n vuestros eventos inolvidables, garantizando la excelente calidad de los productos cocinados y su presentaci\u00f3n est\u00e9ticamente perfecta.<\/p>\n<p>[\/vc_column_text][\/vc_column][vc_column el_class=\u00bbimage-equl-no-btm\u00bb offset=\u00bbvc_col-lg-6 vc_col-md-6 vc_col-xs-12&#8243;][vc_single_image image=\u00bb67463&#8243; img_size=\u00bbfull\u00bb alignment=\u00bbcenter\u00bb][\/vc_column][\/vc_row][vc_row css=\u00bb.vc_custom_1572336922621{margin-top: 30px !important;padding-top: 30px !important;padding-bottom: 30px !important;}\u00bb][vc_column][vc_column_text]<\/p>\n<h2 style=\"text-align: center;\">Elige nuestro servicio de catering<\/h2>\n<p>[\/vc_column_text][vc_column_text]<\/p>\n<p style=\"text-align: center;\">La reserva de uno chef privado te permite organizar un evento directamente a la casa. Si\u00e9ntete libre de contactar el equipo de Ibiza Villa y recibir todas las informaciones del servicio mismo, a partir de la disponibilidad de nuestros chefs a la tipolog\u00eda de cocina que te interesa, el precio del servicio pedido y al numero de personas.<\/p>\n<p style=\"text-align: center;\">Estamos seguros de que quedar\u00e1s bien con tus invitados. Gracias a nuestro servicio de chef y catering de Ibiza Villa, podr\u00e1s organizar una comida perfecta en una forma r\u00e1pida y simple. \u00a1Y que tu evento sea inolvidable!<\/p>\n<p>[\/vc_column_text][\/vc_column][\/vc_row][vc_row css=\u00bb.vc_custom_1574963226616{padding-top: 20px !important;}\u00bb][vc_column]<div class=\" ult_buttons ubtn-ctn-center \"><a class=\"ubtn-link ult-adjust-bottom-margin ubtn-center ubtn-normal \" href=\"mailto:info@ibizavilla.com\" ><button type=\"button\" id=\"ubtn-9300\"  class=\"ubtn ult-adjust-bottom-margin ult-responsive ubtn-normal ubtn-fade-bg  none  ubtn-center   tooltip-69fa9a9795b68\"  data-hover=\"#0090ff\" data-border-color=\"#10c1ed\" data-bg=\"\" data-hover-bg=\"#ffffff\" data-border-hover=\"#0090ff\" data-shadow-hover=\"\" data-shadow-click=\"none\" data-shadow=\"\" data-shd-shadow=\"\"  data-ultimate-target='#ubtn-9300'  data-responsive-json-new='{\"font-size\":\"\",\"line-height\":\"\"}'  style=\"font-weight:normal;border-radius:30px;border-width:2px;border-color:#10c1ed;border-style:solid;color: #10c1ed;\"><span class=\"ubtn-hover\" style=\"background-color:#ffffff\"><\/span><span class=\"ubtn-data ubtn-text \" >Reserva &amp; Info<\/span><\/button><\/a><\/div>[\/vc_column][\/vc_row][vc_row full_width=\u00bbstretch_row_content_no_spaces\u00bb el_class=\u00bbbg-no-mb\u00bb][vc_column][vc_single_image image=\u00bb67346&#8243; img_size=\u00bbfull\u00bb alignment=\u00bbcenter\u00bb][\/vc_column][\/vc_row]<\/p>\n<\/div>","protected":false},"excerpt":{"rendered":"<p>[vc_row css=\u00bb.vc_custom_1572336922621{margin-top: 30px !important;padding-top: 30px !important;padding-bottom: 30px !important;}\u00bb][vc_column][vc_column_text] Servicio Chef y Catering&#8230; Ibiza Villa! [\/vc_column_text][vc_column_text] \u00bfNecesitas un chef para cocinar en tu villa de lujo en Ibiza? \u00bfQuieres organizar un evento y necesitas un catering? [\/vc_column_text][\/vc_column][\/vc_row][vc_row full_width=\u00bbstretch_row\u00bb bg_type=\u00bbbg_color\u00bb bg_color_value=\u00bb#f4f4f4&#8243; css=\u00bb.vc_custom_1572091197730{margin-top: 30px !important;}\u00bb][vc_column][vc_row_inner][vc_column_inner][vc_column_text] Vacaciones relajantes [\/vc_column_text][vc_column_text el_class=\u00bbcustom-text-padding\u00bb] Ibiza Villa piensa que durante las vacaciones sus clientes &#8230;<\/p>\n","protected":false},"author":9,"featured_media":0,"parent":0,"menu_order":0,"comment_status":"closed","ping_status":"closed","template":"","meta":{"_acf_changed":false,"_joinchat":[],"footnotes":""},"class_list":["post-67724","page","type-page","status-publish","hentry"],"acf":[],"_links":{"self":[{"href":"https:\/\/ibizavilla.com\/es\/wp-json\/wp\/v2\/pages\/67724","targetHints":{"allow":["GET"]}}],"collection":[{"href":"https:\/\/ibizavilla.com\/es\/wp-json\/wp\/v2\/pages"}],"about":[{"href":"https:\/\/ibizavilla.com\/es\/wp-json\/wp\/v2\/types\/page"}],"author":[{"embeddable":true,"href":"https:\/\/ibizavilla.com\/es\/wp-json\/wp\/v2\/users\/9"}],"replies":[{"embeddable":true,"href":"https:\/\/ibizavilla.com\/es\/wp-json\/wp\/v2\/comments?post=67724"}],"version-history":[{"count":0,"href":"https:\/\/ibizavilla.com\/es\/wp-json\/wp\/v2\/pages\/67724\/revisions"}],"wp:attachment":[{"href":"https:\/\/ibizavilla.com\/es\/wp-json\/wp\/v2\/media?parent=67724"}],"curies":[{"name":"wp","href":"https:\/\/api.w.org\/{rel}","templated":true}]}}