{"id":67732,"date":"2019-11-13T11:21:31","date_gmt":"2019-11-13T09:21:31","guid":{"rendered":"https:\/\/ibizavilla.com\/?page_id=67732"},"modified":"2026-03-09T23:14:43","modified_gmt":"2026-03-09T22:14:43","slug":"contacto","status":"publish","type":"page","link":"https:\/\/ibizavilla.com\/es\/contacto\/","title":{"rendered":"Contacto"},"content":{"rendered":"<div class=\"wpb-content-wrapper\"><p>[vc_row css=\u00bb.vc_custom_1549141179700{padding-top: 70px !important;padding-bottom: 40px !important;}\u00bb][vc_column][vc_separator color=\u00bbcustom\u00bb style=\u00bbshadow\u00bb el_width=\u00bb60&#8243; accent_color=\u00bb#2cc4e8&#8243;][\/vc_column][\/vc_row][vc_row content_placement=\u00bbmiddle\u00bb css=\u00bb.vc_custom_1572376114580{margin-top: 30px !important;}\u00bb][vc_column][vc_column_text]<\/p>\n<h1 style=\"text-align: center;\"><b>Contacto Ibiza Villa<\/b><\/h1>\n<p>[\/vc_column_text][vc_column_text]<strong>\u00bfEst\u00e1s organizando tus vacaciones en Ibiza, pero necesitas de nuestra ayuda?<\/strong> \u00a1Es f\u00e1cil, <strong>cont\u00e1ctanos ahora<\/strong>!<\/p>\n<p><strong>Nuestra sede en Ibiza est\u00e1 en Cala Moli,<\/strong> una localidad de encanto en la isla, cerca de San Jos\u00e9. Nuestro equipo estar\u00e1 encantado de conocerte y contestar a todas tus preguntas.<\/p>\n<p><strong>Quieres alquilar una villa de lujo por una semana o por toda la temporada?<\/strong><\/p>\n<p>Ning\u00fan problema. <strong>Estamos a tu disposici\u00f3n para ense\u00f1arte las villas disponibles,<\/strong> mostrarte las diferentes zonas de la isla y darte os mejores consejos cerca los lugares mas bonitos de Ibiza. As\u00ed nada quedar\u00e1 al azar.<\/p>\n<p><strong>\u00bfQuieres contratar los mejores servicios para tu estancia y conocer todos los detalles?<\/strong> Ser\u00e1 para nosotros un placer <strong>explicarte todo<\/strong>.<\/p>\n<p>De hecho, <strong>nuestro equipo cualificado y competente te seguir\u00e1 en tus decisiones<\/strong> y te aconsejar\u00e1 en la combinaci\u00f3n perfecta de servicios que podr\u00e1s a\u00f1adir a tu estancia.<\/p>\n<p>\u00bfQuieres alquilar una villa de lujo, pero est\u00e1s indeciso entre una villa con vistas al mar o ubicada en un lugar tranquillo de campa\u00f1a? \u00bf<strong>Quieres alquilar un coche o reservar un d\u00eda a bordo de nuestro maravilloso catamar\u00e1n?<\/strong>[\/vc_column_text][\/vc_column][\/vc_row][vc_row content_placement=\u00bbmiddle\u00bb][vc_column][vc_column_text]<strong>Estamos aqu\u00ed para aconsejarte.<\/strong> Estaremos a tu disposici\u00f3n para contestar a tus preguntas: de la elecci\u00f3n del modelo de coche o del barco, al presupuesto, a la duraci\u00f3n de la estancia, te aconsejaremos cuidadosamente.<\/p>\n<p><strong>\u00bfNo est\u00e1s en Ibiza y quieres contactarnos? Ning\u00fan problema<\/strong>. Puedes contactarnos por tel\u00e9fono, WhatsApp, por correo email o simplemente rellenando el formulario al final de esta p\u00e1gina.<\/p>\n<p>Aunque solo virtualmente <strong>seremos capaces de darte todos los consejos que necesitar\u00e1s para poder completar la reserva de tus vacaciones.<\/strong> \u00bfQuieres a\u00f1adir algunos servicios complementarios a la estancia en tu villa de lujo? Cont\u00e1ctanos y recibir\u00e1s todos los detalles.[\/vc_column_text][\/vc_column][\/vc_row][vc_row content_placement=\u00bbmiddle\u00bb][vc_column][vc_column_text]<strong>Alguien puede ocuparse de tus compras, para que puedas ahorrar tiempo y quedar con tus amigos y la familia.<\/strong> Deber\u00e1s \u00fanicamente preparar el listado de las compras con tus preferencias y muy r\u00e1pidamente recibir\u00e1s la mercanc\u00eda en casa.<\/p>\n<p><strong>\u00bfNo tienes gana de cocinar y tienes varios invitados en casa? No te debe estresar,<\/strong> puedes relajarte y dejar todo en las manos de un chef. Dependiendo de tus preferencias culinarias, podr\u00e1s elegir tu chef privado.<\/p>\n<p><strong>El chef, seleccionado de nuestro equipo<\/strong> de profesionales, es una persona calificada en el sector con muchos a\u00f1os de experiencia. <strong>Vendr\u00e1 directamente en la villa de lujo donde alojas y cocinar\u00e1 el men\u00fa que siempre has so\u00f1ado.<\/strong><\/p>\n<p>Puedes hacer todo esto simplemente contact\u00e1ndonos. <strong>Tus vacaciones en Ibiza ser\u00e1n perfectas gracias a nuestros consejos. Nuestro staff calificado y multi idiomas<\/strong> est\u00e1 esperando tu email, o tu llamada, tu mensaje WhatsApp o el formulario.<\/p>\n<p><strong>\u00bfEst\u00e1s listo para convertir tu sue\u00f1o en realidad?<\/strong>[\/vc_column_text][\/vc_column][\/vc_row]<\/p>\n<\/div>","protected":false},"excerpt":{"rendered":"<p>[vc_row css=\u00bb.vc_custom_1549141179700{padding-top: 70px !important;padding-bottom: 40px !important;}\u00bb][vc_column][vc_separator color=\u00bbcustom\u00bb style=\u00bbshadow\u00bb el_width=\u00bb60&#8243; accent_color=\u00bb#2cc4e8&#8243;][\/vc_column][\/vc_row][vc_row content_placement=\u00bbmiddle\u00bb css=\u00bb.vc_custom_1572376114580{margin-top: 30px !important;}\u00bb][vc_column][vc_column_text] Contacto Ibiza Villa [\/vc_column_text][vc_column_text]\u00bfEst\u00e1s organizando tus vacaciones en Ibiza, pero necesitas de nuestra ayuda? \u00a1Es f\u00e1cil, cont\u00e1ctanos ahora! Nuestra sede en Ibiza est\u00e1 en Cala Moli, una localidad de encanto en la isla, cerca de San Jos\u00e9. Nuestro equipo estar\u00e1 encantado &#8230;<\/p>\n","protected":false},"author":9,"featured_media":0,"parent":0,"menu_order":0,"comment_status":"closed","ping_status":"closed","template":"contact_page.php","meta":{"_acf_changed":false,"_joinchat":[],"footnotes":""},"class_list":["post-67732","page","type-page","status-publish","hentry"],"acf":[],"_links":{"self":[{"href":"https:\/\/ibizavilla.com\/es\/wp-json\/wp\/v2\/pages\/67732","targetHints":{"allow":["GET"]}}],"collection":[{"href":"https:\/\/ibizavilla.com\/es\/wp-json\/wp\/v2\/pages"}],"about":[{"href":"https:\/\/ibizavilla.com\/es\/wp-json\/wp\/v2\/types\/page"}],"author":[{"embeddable":true,"href":"https:\/\/ibizavilla.com\/es\/wp-json\/wp\/v2\/users\/9"}],"replies":[{"embeddable":true,"href":"https:\/\/ibizavilla.com\/es\/wp-json\/wp\/v2\/comments?post=67732"}],"version-history":[{"count":1,"href":"https:\/\/ibizavilla.com\/es\/wp-json\/wp\/v2\/pages\/67732\/revisions"}],"predecessor-version":[{"id":118554,"href":"https:\/\/ibizavilla.com\/es\/wp-json\/wp\/v2\/pages\/67732\/revisions\/118554"}],"wp:attachment":[{"href":"https:\/\/ibizavilla.com\/es\/wp-json\/wp\/v2\/media?parent=67732"}],"curies":[{"name":"wp","href":"https:\/\/api.w.org\/{rel}","templated":true}]}}