{"id":67739,"date":"2019-11-13T11:23:14","date_gmt":"2019-11-13T09:23:14","guid":{"rendered":"https:\/\/ibizavilla.com\/?page_id=67739"},"modified":"2024-08-30T12:33:04","modified_gmt":"2024-08-30T10:33:04","slug":"chofer","status":"publish","type":"page","link":"https:\/\/ibizavilla.com\/es\/chofer\/","title":{"rendered":"Chofer"},"content":{"rendered":"<div class=\"wpb-content-wrapper\"><p>[vc_row css=\u00bb.vc_custom_1572336922621{margin-top: 30px !important;padding-top: 30px !important;padding-bottom: 30px !important;}\u00bb][vc_column][vc_column_text]<\/p>\n<h1 style=\"text-align: center;\">Servicio Ch\u00f3fer&#8230; Ibiza Villa!<\/h1>\n<p>[\/vc_column_text][vc_column_text]<\/p>\n<h3 style=\"text-align: center;\">Ibiza Villa es consciente cuanto sea agradable tener alguien que se ocupa de tus traslados!<\/h3>\n<p>[\/vc_column_text][\/vc_column][\/vc_row][vc_row full_width=\u00bbstretch_row\u00bb bg_type=\u00bbbg_color\u00bb bg_color_value=\u00bb#f4f4f4&#8243; css=\u00bb.vc_custom_1572091197730{margin-top: 30px !important;}\u00bb][vc_column][vc_row_inner][vc_column_inner][vc_column_text el_class=\u00bbcustom-text-padding\u00bb]<\/p>\n<h2 style=\"text-align: center;\">\u00a1Por eso pensamos ofrecerte un servicio de conductor personal!<\/h2>\n<p>[\/vc_column_text][vc_column_text el_class=\u00bbcustom-text-padding\u00bb]<\/p>\n<p style=\"text-align: center;\">Por eso hemos pensado en ofrecerte un servicio de chofer privado que puede llevarte en cualquier sitio. Se ocupar\u00e1 de aparcar el veh\u00edculo y vigilarlo. As\u00ed tus traslados ser\u00e1n un verdadero placer y te liberar\u00e1s del estr\u00e9s. Ibiza Villa tendr\u00e1 el placer de encontrar un chofer privado para ti si lo quieres durante tu estancia.<\/p>\n<p>[\/vc_column_text][\/vc_column_inner][\/vc_row_inner][vc_row_inner][vc_column_inner][vc_single_image image=\u00bb67504&#8243; img_size=\u00bbfull\u00bb alignment=\u00bbcenter\u00bb][\/vc_column_inner][\/vc_row_inner][vc_row_inner][vc_column_inner][vc_column_text el_class=\u00bbcustom-text-padding\u00bb]<\/p>\n<p style=\"text-align: center;\">Nuestros choferes con d\u00e9cadas de experiencia est\u00e1n listos para acompa\u00f1arte al destino que quieres, al aeropuerto, a un evento o solamente para un tur de los lugares de la isla que quieres explorar. Ibiza Villa ofrece tarifas horarias que te permitir\u00e1n familiarizar con las zonas de tu inter\u00e9s, gracias a la experiencia y conocimiento de nuestros choferes.<\/p>\n<p style=\"text-align: center;\">Si\u00e9ntete libre de pedir a nuestros choferes algunos consejos de donde ir y c\u00f3mo pasar bien tu tiempo libre. \u00bfDebes moverte de un sitio a otro en la isla? \u00a1Ning\u00fan problema, te acompa\u00f1aremos! Estaremos listos a satisfacer tus exigencias; debes \u00fanicamente relajarte y disfrutar del viaje.<\/p>\n<p>[\/vc_column_text][\/vc_column_inner][\/vc_row_inner][\/vc_column][\/vc_row][vc_row css=\u00bb.vc_custom_1572344771444{padding-top: 60px !important;padding-bottom: 30px !important;}\u00bb][vc_column][vc_column_text]<\/p>\n<h3 style=\"text-align: center;\">Impresionante elecci\u00f3n de veh\u00edculos premium<\/h3>\n<p>[\/vc_column_text][vc_column_text el_class=\u00bbcustom-text-padding\u00bb]<\/p>\n<p style=\"text-align: center;\">Ibiza Villa te podr\u00e1 ofrecer una incre\u00edble selecci\u00f3n de coches de lujo como BMW, Mercedes-Benz, Audi y mucho m\u00e1s. Te ofrecemos una amplia elecci\u00f3n de categor\u00edas de veh\u00edculos, a partir de modelos econ\u00f3micos, business, hasta coche de primera clase, para asegurarte lo mejor.<\/p>\n<p style=\"text-align: center;\">\u00a1Sea que prefieres moverte con estilo o en total discreci\u00f3n, nuestros coches te acompa\u00f1ar\u00e1n donde queras y en la forma que m\u00e1s te gusta!<\/p>\n<p>[\/vc_column_text][\/vc_column][\/vc_row][vc_row el_class=\u00bbspecial-col-imgtext\u00bb css=\u00bb.vc_custom_1572358967154{padding-top: 30px !important;padding-bottom: 120px !important;}\u00bb][vc_column][vc_row_inner equal_height=\u00bbyes\u00bb el_class=\u00bbto-equal-height\u00bb][vc_column_inner el_class=\u00bbto-center-height\u00bb offset=\u00bbvc_col-lg-4 vc_col-md-12 vc_col-xs-12&#8243;][vc_column_text]<\/p>\n<p style=\"text-align: center;\">Reserva con anticipaci\u00f3n por email o por tel\u00e9fono. Deber\u00e1s indicarnos el punto de salida, donde el chofer debe venir a buscarte, el destino y en pocos pasos habr\u00e1s completado la reserva. \u00a1Nosotros pensaremos a todo lo dem\u00e1s! Puedes tambi\u00e9n reservar para mas horas y entonces tener un chofer privado para todo el tiempo que deseas. \u00a1Tarifas especiales para larga estancias!<\/p>\n<p>[\/vc_column_text][\/vc_column_inner][vc_column_inner el_class=\u00bbimage-equl-no-btm\u00bb offset=\u00bbvc_col-lg-4 vc_col-md-12 vc_col-xs-12&#8243;][vc_single_image image=\u00bb67508&#8243; img_size=\u00bbfull\u00bb alignment=\u00bbcenter\u00bb][\/vc_column_inner][vc_column_inner el_class=\u00bbto-center-height\u00bb offset=\u00bbvc_col-lg-4 vc_col-md-12 vc_col-xs-12&#8243;][vc_column_text]<\/p>\n<p style=\"text-align: center;\">Nuestros choferes son puntuales. De hecho, la puntualidad es el primer requisito indispensable de lo choferes de Ibiza Villa. Saben bien que la educaci\u00f3n \u00e8 fundamental, est\u00e1 prohibido fumar, beber, hablar al tel\u00e9fono \u2013 junto a la presencia ordenada y cuidada. Estos son solamente algunos de los factores que deben seguir escrupulosamente.<\/p>\n<p>[\/vc_column_text][\/vc_column_inner][\/vc_row_inner][vc_row_inner equal_height=\u00bbyes\u00bb el_class=\u00bbto-equal-height\u00bb][vc_column_inner el_class=\u00bbimage-equl-no-btm\u00bb offset=\u00bbvc_col-lg-4 vc_col-md-12 vc_col-xs-12&#8243;][vc_single_image image=\u00bb67512&#8243; img_size=\u00bbfull\u00bb alignment=\u00bbcenter\u00bb][\/vc_column_inner][vc_column_inner el_class=\u00bbto-center-height\u00bb offset=\u00bbvc_col-lg-4 vc_col-md-12 vc_col-xs-12&#8243;][vc_column_text]<\/p>\n<p style=\"text-align: center;\">Obviamente, nuestros choferes deber\u00e1s respectar el c\u00f3digo de circulaci\u00f3n. Deben conducir con prudencia para garantizar la seguridad de los pasajeros. \u00a1Como siempre decimos, primero la seguridad!<\/p>\n<p>Si tienes alguna pregunta, estaremos encantados de contestar a todas tus peticiones. Cont\u00e1ctanos y prep\u00e1rate a disfrutar del viaje!<\/p>\n<p>[\/vc_column_text][\/vc_column_inner][vc_column_inner el_class=\u00bbimage-equl-no-btm\u00bb offset=\u00bbvc_col-lg-4 vc_col-md-12 vc_col-xs-12&#8243;][vc_single_image image=\u00bb67516&#8243; img_size=\u00bbfull\u00bb alignment=\u00bbcenter\u00bb][\/vc_column_inner][\/vc_row_inner][\/vc_column][\/vc_row][vc_row css=\u00bb.vc_custom_1574963226616{padding-top: 20px !important;}\u00bb][vc_column]<div class=\" ult_buttons ubtn-ctn-center \"><a class=\"ubtn-link ult-adjust-bottom-margin ubtn-center ubtn-normal \" href=\"mailto:info@ibizavilla.com\" ><button type=\"button\" id=\"ubtn-1552\"  class=\"ubtn ult-adjust-bottom-margin ult-responsive ubtn-normal ubtn-fade-bg  none  ubtn-center   tooltip-69f4e773c5261\"  data-hover=\"#0090ff\" data-border-color=\"#10c1ed\" data-bg=\"\" data-hover-bg=\"#ffffff\" data-border-hover=\"#0090ff\" data-shadow-hover=\"\" data-shadow-click=\"none\" data-shadow=\"\" data-shd-shadow=\"\"  data-ultimate-target='#ubtn-1552'  data-responsive-json-new='{\"font-size\":\"\",\"line-height\":\"\"}'  style=\"font-weight:normal;border-radius:30px;border-width:2px;border-color:#10c1ed;border-style:solid;color: #10c1ed;\"><span class=\"ubtn-hover\" style=\"background-color:#ffffff\"><\/span><span class=\"ubtn-data ubtn-text \" >Reserva &amp; Info<\/span><\/button><\/a><\/div>[\/vc_column][\/vc_row][vc_row full_width=\u00bbstretch_row_content_no_spaces\u00bb el_class=\u00bbbg-no-mb\u00bb css=\u00bb.vc_custom_1573291355678{padding-top: 30px !important;}\u00bb][vc_column][vc_single_image image=\u00bb67346&#8243; img_size=\u00bbfull\u00bb alignment=\u00bbcenter\u00bb][\/vc_column][\/vc_row]<\/p>\n<\/div>","protected":false},"excerpt":{"rendered":"<p>[vc_row css=\u00bb.vc_custom_1572336922621{margin-top: 30px !important;padding-top: 30px !important;padding-bottom: 30px !important;}\u00bb][vc_column][vc_column_text] Servicio Ch\u00f3fer&#8230; Ibiza Villa! [\/vc_column_text][vc_column_text] Ibiza Villa es consciente cuanto sea agradable tener alguien que se ocupa de tus traslados! [\/vc_column_text][\/vc_column][\/vc_row][vc_row full_width=\u00bbstretch_row\u00bb bg_type=\u00bbbg_color\u00bb bg_color_value=\u00bb#f4f4f4&#8243; css=\u00bb.vc_custom_1572091197730{margin-top: 30px !important;}\u00bb][vc_column][vc_row_inner][vc_column_inner][vc_column_text el_class=\u00bbcustom-text-padding\u00bb] \u00a1Por eso pensamos ofrecerte un servicio de conductor personal! [\/vc_column_text][vc_column_text el_class=\u00bbcustom-text-padding\u00bb] Por eso hemos pensado en ofrecerte un servicio &#8230;<\/p>\n","protected":false},"author":9,"featured_media":0,"parent":0,"menu_order":0,"comment_status":"closed","ping_status":"closed","template":"","meta":{"_acf_changed":false,"_joinchat":[],"footnotes":""},"class_list":["post-67739","page","type-page","status-publish","hentry"],"acf":[],"_links":{"self":[{"href":"https:\/\/ibizavilla.com\/es\/wp-json\/wp\/v2\/pages\/67739","targetHints":{"allow":["GET"]}}],"collection":[{"href":"https:\/\/ibizavilla.com\/es\/wp-json\/wp\/v2\/pages"}],"about":[{"href":"https:\/\/ibizavilla.com\/es\/wp-json\/wp\/v2\/types\/page"}],"author":[{"embeddable":true,"href":"https:\/\/ibizavilla.com\/es\/wp-json\/wp\/v2\/users\/9"}],"replies":[{"embeddable":true,"href":"https:\/\/ibizavilla.com\/es\/wp-json\/wp\/v2\/comments?post=67739"}],"version-history":[{"count":0,"href":"https:\/\/ibizavilla.com\/es\/wp-json\/wp\/v2\/pages\/67739\/revisions"}],"wp:attachment":[{"href":"https:\/\/ibizavilla.com\/es\/wp-json\/wp\/v2\/media?parent=67739"}],"curies":[{"name":"wp","href":"https:\/\/api.w.org\/{rel}","templated":true}]}}