{"id":67740,"date":"2019-11-13T11:23:32","date_gmt":"2019-11-13T09:23:32","guid":{"rendered":"https:\/\/ibizavilla.com\/?page_id=67740"},"modified":"2025-12-09T09:44:07","modified_gmt":"2025-12-09T08:44:07","slug":"last-minutes","status":"publish","type":"page","link":"https:\/\/ibizavilla.com\/es\/last-minutes\/","title":{"rendered":"Last Minutes"},"content":{"rendered":"<div class=\"custom-read-less\">\n<p style=\"text-align: center;\"><strong>\u00bfEres una persona que no ama preparar sus vacaciones con antelaci\u00f3n?<\/strong> \u00bfTe gusta la sensaci\u00f3n de desconocido y aventura? Bien, Ibiza Villa ha pensado en ti. \u00a1<strong>En esta p\u00e1gina te explicaremos todo de nuestras ofertas y oportunidades de Last-Minute!<\/strong><\/p>\n<p style=\"text-align: center;\">Si no has tomado todav\u00eda tus vacaciones, no esperes a\u00fan m\u00e1s, busca tu villa de lujo que m\u00e1s te gusta, <strong>\u00a1reserva directamente a trav\u00e9s de nuestra p\u00e1gina web<\/strong> y activa tu mente en modalidad vacaciones! \u00a1Te damos <strong>la bienvenida en Ibiza y al relax&#8230;<\/strong><\/p>\n<p class=\"custom-read-ml-button\">+<\/p>\n<\/div>\n<div class=\"custom-read-more\">\n<p style=\"text-align: center;\">\u00bfEres una persona que no ama preparar sus vacaciones con antelaci\u00f3n? \u00bfTe gusta la sensaci\u00f3n de desconocido y aventura? Bien, Ibiza Villa ha pensado en ti. \u00a1En esta p\u00e1gina te explicaremos todo de nuestras ofertas y oportunidades de Last-Minute!<br \/>\nSi no has tomado todav\u00eda tus vacaciones, no esperes a\u00fan m\u00e1s, busca tu villa de lujo que m\u00e1s te gusta, \u00a1reserva directamente a trav\u00e9s de nuestra p\u00e1gina web y activa tu mente en modalidad vacaciones! \u00a1Te damos la bienvenida en Ibiza y al relax!<\/p>\n<p style=\"text-align: center;\">Si todav\u00eda no has reservados tus vacaciones, no debes ser penalizado de ning\u00fan modo. Esa es la raz\u00f3n por la que hemos pensado de proponerte algunas ofertas para que puedas disfrutar de Ibiza y de nuestras villas de lujo a un precio favorable. Dependiendo del periodo que te interesa y al numero de personas, podr\u00e1s aprovechar de uno descuento, de un 10% hasta la mitad del precio! Eso te permite ahorrar dinero y al mismo tiempo disfrutar de nuestras hermosas villas en la isla de Ibiza.<\/p>\n<p style=\"text-align: center;\">Tendr\u00e1s la posibilidad de aprovechar de dos tipolog\u00edas de descuentos. E primero es la cl\u00e1sica oferta de ultimo minuto. Reservar vacaciones de \u00faltimo minuto significa que est\u00e1s esperando las ultimas semanas antes de tu salida, para elegir tu villa de lujo. Con eso tendr\u00e1s el derecho en un importante descuento en el precio final de tus vacaciones. Por lo tanto, el principio que deber\u00e1s tener en cuenta es que mas cercanas son las fechas y mas alto ser\u00e1 el descuento. Por esta raz\u00f3n, algunas veces, \u00a1tener retraso no es algo malo!<\/p>\n<p style=\"text-align: center;\">\u00bfCu\u00e1l son los requisitos para poder aprovechar de esta oferta? Simple. No deber\u00e1s olvidarte de que hay una estancia m\u00ednima en t\u00e9rminos de tiempo, que es una semana. Bueno, \u00bfno es f\u00e1cil? \u00bfEst\u00e1s listo de encontrar tu perfecta oferta de Last-Minute para ti, tu familia y los amigos? \u00a1Empieza a buscar la villa de lujo de tus sue\u00f1os!<\/p>\n<p style=\"text-align: center;\">El segundo tipo de oferta de Last-Minute es un poco diferente. De hecho, deber\u00e1s alojar por m\u00ednimo una semana y, \u00a1nada m\u00e1s! Eligiendo esta opci\u00f3n, pagar\u00e1s por una entera semana, pero podr\u00e1s conseguir algunas noches adicionales gratis. De esta manera, tus vacaciones ser\u00e1n m\u00e1s largas, pero pagar\u00e1s un precio inferior.<\/p>\n<p>Recuerda, si necesitas ayuda durante tu b\u00fasqueda, puedes contactarnos sin problema. \u00a1Te enviaremos un listado completo de las villas de lujo con las ofertas de Last-Minute del momento y te ayudaremos en la b\u00fasqueda de la mejor opci\u00f3n para el verano!<\/p>\n<p style=\"text-align: center;\">\u00a1Cont\u00e1ctanos para descubrir en cual periodos podr\u00e1s aprovechar de estos descuentos y empaca tus maletas!<\/p>\n<p class=\"custom-read-ml-button\">&#8211;<\/p>\n<\/div>\n","protected":false},"excerpt":{"rendered":"<p>\u00bfEres una persona que no ama preparar sus vacaciones con antelaci\u00f3n? \u00bfTe gusta la sensaci\u00f3n de desconocido y aventura? Bien, Ibiza Villa ha pensado en ti. \u00a1En esta p\u00e1gina te explicaremos todo de nuestras ofertas y oportunidades de Last-Minute! Si no has tomado todav\u00eda tus vacaciones, no esperes a\u00fan m\u00e1s, busca tu villa de lujo &#8230;<\/p>\n","protected":false},"author":9,"featured_media":0,"parent":0,"menu_order":0,"comment_status":"closed","ping_status":"closed","template":"property_list_half.php","meta":{"_acf_changed":false,"_joinchat":[],"footnotes":""},"class_list":["post-67740","page","type-page","status-publish","hentry"],"acf":[],"_links":{"self":[{"href":"https:\/\/ibizavilla.com\/es\/wp-json\/wp\/v2\/pages\/67740","targetHints":{"allow":["GET"]}}],"collection":[{"href":"https:\/\/ibizavilla.com\/es\/wp-json\/wp\/v2\/pages"}],"about":[{"href":"https:\/\/ibizavilla.com\/es\/wp-json\/wp\/v2\/types\/page"}],"author":[{"embeddable":true,"href":"https:\/\/ibizavilla.com\/es\/wp-json\/wp\/v2\/users\/9"}],"replies":[{"embeddable":true,"href":"https:\/\/ibizavilla.com\/es\/wp-json\/wp\/v2\/comments?post=67740"}],"version-history":[{"count":0,"href":"https:\/\/ibizavilla.com\/es\/wp-json\/wp\/v2\/pages\/67740\/revisions"}],"wp:attachment":[{"href":"https:\/\/ibizavilla.com\/es\/wp-json\/wp\/v2\/media?parent=67740"}],"curies":[{"name":"wp","href":"https:\/\/api.w.org\/{rel}","templated":true}]}}