{"id":67741,"date":"2019-11-13T11:23:43","date_gmt":"2019-11-13T09:23:43","guid":{"rendered":"https:\/\/ibizavilla.com\/?page_id=67741"},"modified":"2025-12-09T09:44:20","modified_gmt":"2025-12-09T08:44:20","slug":"masajes","status":"publish","type":"page","link":"https:\/\/ibizavilla.com\/es\/masajes\/","title":{"rendered":"Masajes"},"content":{"rendered":"<div class=\"wpb-content-wrapper\"><p>[vc_row css=\u00bb.vc_custom_1572336922621{margin-top: 30px !important;padding-top: 30px !important;padding-bottom: 30px !important;}\u00bb][vc_column][vc_column_text]<\/p>\n<h1 style=\"text-align: center;\">Servicio Masajes&#8230; Ibiza Villa!<\/h1>\n<p>[\/vc_column_text][vc_column_text]<\/p>\n<h3 style=\"text-align: center;\">Ibiza Villa piensa siempre en tu relajaci\u00f3n y bienestar!<\/h3>\n<p>[\/vc_column_text][\/vc_column][\/vc_row][vc_row full_width=\u00bbstretch_row\u00bb bg_type=\u00bbbg_color\u00bb bg_color_value=\u00bb#f4f4f4&#8243; css=\u00bb.vc_custom_1572091197730{margin-top: 30px !important;}\u00bb][vc_column][vc_row_inner][vc_column_inner][vc_column_text el_class=\u00bbcustom-text-padding\u00bb]<\/p>\n<p style=\"text-align: center;\">Las vacaciones siempre deben ser curativos y deben recargar tus pilas para ser productivo y en forma despu\u00e9s de las fiestas. Por eso hemos pensado en uno de los tratamientos m\u00e1s relajantes: el masaje.<\/p>\n<p>[\/vc_column_text][vc_column_text el_class=\u00bbcustom-text-padding\u00bb]<\/p>\n<p style=\"text-align: center;\">El masaje es una forma de terapia antigua y tambi\u00e9n uno de los actos mas naturales que se cumplen diariamente, ya que es instintivo frotar un hombro con dolor, o masajear una parte del cuerpo que nos duele. En la practica se trata de una multitud de manipulaciones hechas en el cuerpo para aliviar el dolor muscular o de los ligamientos, dar tono a los tejidos, pero tambi\u00e9n para mantener y mejorar el bienestar mental, relajando la tensi\u00f3n y fatiga.<\/p>\n<p>[\/vc_column_text][\/vc_column_inner][\/vc_row_inner][vc_row_inner][vc_column_inner][vc_single_image image=\u00bb67529&#8243; img_size=\u00bbfull\u00bb alignment=\u00bbcenter\u00bb][\/vc_column_inner][\/vc_row_inner][vc_row_inner][vc_column_inner][vc_column_text el_class=\u00bbcustom-text-padding\u00bb]<\/p>\n<p style=\"text-align: center;\">Para Ibiza Villa esta manipulaci\u00f3n es la perfecta combinaci\u00f3n para relajar la mente y el cuerpo. De hecho, creemos que el masaje no es \u00fanicamente un mero acto f\u00edsico para conseguir un especifico bienestar, sino pensamos sea una condici\u00f3n existencial que nos permite instaurar una profunda conexi\u00f3n con nuestro ser interior, muchas veces con extraordinarios beneficios.<\/p>\n<p>[\/vc_column_text][\/vc_column_inner][\/vc_row_inner][\/vc_column][\/vc_row][vc_row css=\u00bb.vc_custom_1572344771444{padding-top: 60px !important;padding-bottom: 30px !important;}\u00bb][vc_column][vc_column_text]<\/p>\n<h3 style=\"text-align: center;\">\u00a1No es una simple relajaci\u00f3n!<\/h3>\n<p>[\/vc_column_text][vc_column_text el_class=\u00bbcustom-text-padding\u00bb]<\/p>\n<p style=\"text-align: center;\">Dif\u00edcil pensar en algo m\u00e1s agradable de un masaje organizado durante tu estancia y directamente en la villa de lujo que has alquilado en Ibiza.<\/p>\n<p style=\"text-align: center;\">La amplia oferta de masajistas con un alto nivel de profesionalidad y con los cuales colaboramos desde muchos a\u00f1os, ser\u00e1n capaces de ofrecerte masajes de cualquier tipo, a partir de un masaje relajante en todo el cuerpo, al masaje ayurvedico, shiatsu, thai, aromaterapia, antiestr\u00e9s, energizante, descontracturante, drenante y mucho m\u00e1s.<\/p>\n<p>[\/vc_column_text][\/vc_column][\/vc_row][vc_row el_class=\u00bbspecial-col-imgtext\u00bb css=\u00bb.vc_custom_1572358967154{padding-top: 30px !important;padding-bottom: 120px !important;}\u00bb][vc_column][vc_row_inner equal_height=\u00bbyes\u00bb el_class=\u00bbto-equal-height\u00bb][vc_column_inner el_class=\u00bbto-center-height\u00bb offset=\u00bbvc_col-lg-4 vc_col-md-12 vc_col-xs-12&#8243;][vc_column_text]<\/p>\n<p style=\"text-align: center;\">Cuida te tu cuerpo y reg\u00e1late unos momentos de verdadero relax y de completo bienestar directamente en t\u00fa villa de lujo. D\u00e9jate tentar de nuestros tratamientos y elijes aquellos que mas se adaptan a ti. Deber\u00e1s \u00fanicamente contactarnos antes o durante tus vacaciones, para poder organizar tu masaje, elegir la fecha y el horario que quieres disfrutar de esto momento de relax.<\/p>\n<p>[\/vc_column_text][\/vc_column_inner][vc_column_inner el_class=\u00bbimage-equl-no-btm\u00bb offset=\u00bbvc_col-lg-4 vc_col-md-12 vc_col-xs-12&#8243;][vc_single_image image=\u00bb67533&#8243; img_size=\u00bbfull\u00bb alignment=\u00bbcenter\u00bb][\/vc_column_inner][vc_column_inner el_class=\u00bbto-center-height\u00bb offset=\u00bbvc_col-lg-4 vc_col-md-12 vc_col-xs-12&#8243;][vc_column_text]<\/p>\n<p style=\"text-align: center;\">Elegimos nuestro grupo de masajistas tras un atento examen. Seleccionando este servicio estar\u00e1s seguro de recibir un tratamiento a domicilio de una persona altamente calificada, que te har\u00e1 vivir una experiencia \u00fanica. Nuestros profesionales estar\u00e1n contentos de satisfacer tus exigencias y ofrecerte un momento inolvidable de relax f\u00edsico y mental.<\/p>\n<p>D\u00e9jate sorprender de las manos de expertos profesionales para regenerar tu cuerpo y tu cerebro y reg\u00e1late un momento de verdadero relax.[\/vc_column_text][\/vc_column_inner][\/vc_row_inner][vc_row_inner equal_height=\u00bbyes\u00bb el_class=\u00bbto-equal-height\u00bb][vc_column_inner el_class=\u00bbimage-equl-no-btm\u00bb offset=\u00bbvc_col-lg-4 vc_col-md-12 vc_col-xs-12&#8243;][vc_single_image image=\u00bb67537&#8243; img_size=\u00bbfull\u00bb alignment=\u00bbcenter\u00bb][\/vc_column_inner][vc_column_inner el_class=\u00bbto-center-height\u00bb offset=\u00bbvc_col-lg-4 vc_col-md-12 vc_col-xs-12&#8243;][vc_column_text]<\/p>\n<p style=\"text-align: center;\">Al final del tratamiento, os aconsejamos de beber una infusi\u00f3n o un agua desintoxicante para sentir los beneficios del masaje y para continuar el momento de relajaci\u00f3n. \u00bfQu\u00e9 est\u00e1s esperando? Ya estamos preparando para ti el mejor tratamiento de relax durante tus vacaciones en Ibiza.<\/p>\n<p>[\/vc_column_text][\/vc_column_inner][vc_column_inner el_class=\u00bbimage-equl-no-btm\u00bb offset=\u00bbvc_col-lg-4 vc_col-md-12 vc_col-xs-12&#8243;][vc_single_image image=\u00bb67541&#8243; img_size=\u00bbfull\u00bb alignment=\u00bbcenter\u00bb][\/vc_column_inner][\/vc_row_inner][\/vc_column][\/vc_row][vc_row css=\u00bb.vc_custom_1574963226616{padding-top: 20px !important;}\u00bb][vc_column]<div class=\" ult_buttons ubtn-ctn-center \"><a class=\"ubtn-link ult-adjust-bottom-margin ubtn-center ubtn-normal \" href=\"mailto:info@ibizavilla.com\" ><button type=\"button\" id=\"ubtn-4223\"  class=\"ubtn ult-adjust-bottom-margin ult-responsive ubtn-normal ubtn-fade-bg  none  ubtn-center   tooltip-69f0c54499f9c\"  data-hover=\"#0090ff\" data-border-color=\"#10c1ed\" data-bg=\"\" data-hover-bg=\"#ffffff\" data-border-hover=\"#0090ff\" data-shadow-hover=\"\" data-shadow-click=\"none\" data-shadow=\"\" data-shd-shadow=\"\"  data-ultimate-target='#ubtn-4223'  data-responsive-json-new='{\"font-size\":\"\",\"line-height\":\"\"}'  style=\"font-weight:normal;border-radius:30px;border-width:2px;border-color:#10c1ed;border-style:solid;color: #10c1ed;\"><span class=\"ubtn-hover\" style=\"background-color:#ffffff\"><\/span><span class=\"ubtn-data ubtn-text \" >Reserva &amp; Info<\/span><\/button><\/a><\/div>[\/vc_column][\/vc_row][vc_row full_width=\u00bbstretch_row_content_no_spaces\u00bb el_class=\u00bbbg-no-mb\u00bb css=\u00bb.vc_custom_1573291425056{padding-top: 30px !important;}\u00bb][vc_column][vc_single_image image=\u00bb67346&#8243; img_size=\u00bbfull\u00bb alignment=\u00bbcenter\u00bb][\/vc_column][\/vc_row]<\/p>\n<\/div>","protected":false},"excerpt":{"rendered":"<p>[vc_row css=\u00bb.vc_custom_1572336922621{margin-top: 30px !important;padding-top: 30px !important;padding-bottom: 30px !important;}\u00bb][vc_column][vc_column_text] Servicio Masajes&#8230; Ibiza Villa! [\/vc_column_text][vc_column_text] Ibiza Villa piensa siempre en tu relajaci\u00f3n y bienestar! [\/vc_column_text][\/vc_column][\/vc_row][vc_row full_width=\u00bbstretch_row\u00bb bg_type=\u00bbbg_color\u00bb bg_color_value=\u00bb#f4f4f4&#8243; css=\u00bb.vc_custom_1572091197730{margin-top: 30px !important;}\u00bb][vc_column][vc_row_inner][vc_column_inner][vc_column_text el_class=\u00bbcustom-text-padding\u00bb] Las vacaciones siempre deben ser curativos y deben recargar tus pilas para ser productivo y en forma despu\u00e9s de las fiestas. Por eso hemos pensado &#8230;<\/p>\n","protected":false},"author":9,"featured_media":0,"parent":0,"menu_order":0,"comment_status":"closed","ping_status":"closed","template":"","meta":{"_acf_changed":false,"_joinchat":[],"footnotes":""},"class_list":["post-67741","page","type-page","status-publish","hentry"],"acf":[],"_links":{"self":[{"href":"https:\/\/ibizavilla.com\/es\/wp-json\/wp\/v2\/pages\/67741","targetHints":{"allow":["GET"]}}],"collection":[{"href":"https:\/\/ibizavilla.com\/es\/wp-json\/wp\/v2\/pages"}],"about":[{"href":"https:\/\/ibizavilla.com\/es\/wp-json\/wp\/v2\/types\/page"}],"author":[{"embeddable":true,"href":"https:\/\/ibizavilla.com\/es\/wp-json\/wp\/v2\/users\/9"}],"replies":[{"embeddable":true,"href":"https:\/\/ibizavilla.com\/es\/wp-json\/wp\/v2\/comments?post=67741"}],"version-history":[{"count":0,"href":"https:\/\/ibizavilla.com\/es\/wp-json\/wp\/v2\/pages\/67741\/revisions"}],"wp:attachment":[{"href":"https:\/\/ibizavilla.com\/es\/wp-json\/wp\/v2\/media?parent=67741"}],"curies":[{"name":"wp","href":"https:\/\/api.w.org\/{rel}","templated":true}]}}