{"id":67749,"date":"2019-11-13T11:25:28","date_gmt":"2019-11-13T09:25:28","guid":{"rendered":"https:\/\/ibizavilla.com\/?page_id=67749"},"modified":"2025-12-09T09:44:20","modified_gmt":"2025-12-09T08:44:20","slug":"shopping","status":"publish","type":"page","link":"https:\/\/ibizavilla.com\/es\/shopping\/","title":{"rendered":"Shopping"},"content":{"rendered":"<div class=\"wpb-content-wrapper\"><p>[vc_row css=\u00bb.vc_custom_1572336922621{margin-top: 30px !important;padding-top: 30px !important;padding-bottom: 30px !important;}\u00bb][vc_column][vc_column_text]<\/p>\n<h1 style=\"text-align: center;\">Servicio Shopping &#8230; Ibiza Villa!<\/h1>\n<p>[\/vc_column_text][vc_column_text]<\/p>\n<h4 style=\"text-align: center;\">Ibiza Villa quiere simplificar tu llegada!<\/h4>\n<p>[\/vc_column_text][\/vc_column][\/vc_row][vc_row full_width=\u00bbstretch_row\u00bb bg_type=\u00bbbg_color\u00bb bg_color_value=\u00bb#f4f4f4&#8243; css=\u00bb.vc_custom_1572091197730{margin-top: 30px !important;}\u00bb][vc_column][vc_row_inner][vc_column_inner][vc_column_text]<\/p>\n<h2 style=\"text-align: center;\">Olv\u00eddate de las bolsas pesadas, del tiempo perdido y de las colas a las cajas<\/h2>\n<p>[\/vc_column_text][vc_column_text el_class=\u00bbcustom-text-padding\u00bb]<\/p>\n<p style=\"text-align: center;\">Antes de tu llegada a la villa de lujo, nos encargaremos de ir al supermercado. Pensamos nosotros a tu bienestar y a tu confort porque nos preocupamos por ti. Queremos ahorrarte la molestia y el estr\u00e9s. El tiempo perdido a la llegada buscando los productos en el supermercado pronto ser\u00e1 \u00fanicamente un recuerdo.<\/p>\n<p>[\/vc_column_text][\/vc_column_inner][\/vc_row_inner][vc_row_inner][vc_column_inner][vc_single_image image=\u00bb67612&#8243; img_size=\u00bbfull\u00bb alignment=\u00bbcenter\u00bb][\/vc_column_inner][\/vc_row_inner][vc_row_inner][vc_column_inner][vc_column_text el_class=\u00bbcustom-text-padding\u00bb]<\/p>\n<p style=\"text-align: center;\">Estamos nosotros para asegurarte el relax total. Todos conocemos la maravillosa sensaci\u00f3n de llegar en casa y encontrar la nevera llena de comida y bebidas que nos gustan. Por eso Ibiza Villa ha decidido de rellenar tu nevera para tu llegada. De esta manera, cuando llegar\u00e1s a la villa de lujo el primer d\u00eda de tu estancia, no deber\u00e1s estresarte buscando el supermercado mas cercano, al rev\u00e9s, encontrar\u00e1s los productos que prefieres directamente en la nevera.<\/p>\n<p>[\/vc_column_text][\/vc_column_inner][\/vc_row_inner][\/vc_column][\/vc_row][vc_row css=\u00bb.vc_custom_1572344771444{padding-top: 60px !important;padding-bottom: 30px !important;}\u00bb][vc_column][vc_column_text]<\/p>\n<h3 style=\"text-align: center;\">\u00bfC\u00f3mo funciona?<\/h3>\n<p>[\/vc_column_text][vc_column_text]<\/p>\n<h4 style=\"text-align: center;\">Bueno, es muy simple y necesitas \u00fanicamente 3 simples pasos.<\/h4>\n<p>[\/vc_column_text][\/vc_column][\/vc_row][vc_row el_class=\u00bbspecial-col-imgtext\u00bb css=\u00bb.vc_custom_1572345469564{padding-top: 30px !important;padding-bottom: 30px !important;}\u00bb][vc_column][vc_row_inner equal_height=\u00bbyes\u00bb el_class=\u00bbto-equal-height\u00bb][vc_column_inner el_class=\u00bbto-center-height\u00bb offset=\u00bbvc_col-lg-4 vc_col-md-12 vc_col-xs-12&#8243;][vc_column_text]<\/p>\n<h4 style=\"text-align: center;\"><strong>En la primera etapa<\/strong><\/h4>\n<p style=\"text-align: center;\">no deber\u00e1s hacer nada. De hecho, antes de tu llegada, te enviaremos un listado completo de productos b\u00e1sicos y alimentos. Hemos creado este listado pensando en todas tus necesidades..<\/p>\n<p>[\/vc_column_text][\/vc_column_inner][vc_column_inner el_class=\u00bbimage-equl-no-btm\u00bb offset=\u00bbvc_col-lg-4 vc_col-md-12 vc_col-xs-12&#8243;][vc_single_image image=\u00bb67616&#8243; img_size=\u00bbfull\u00bb alignment=\u00bbcenter\u00bb][\/vc_column_inner][vc_column_inner el_class=\u00bbto-center-height\u00bb offset=\u00bbvc_col-lg-4 vc_col-md-12 vc_col-xs-12&#8243;][vc_column_text]<\/p>\n<h4 style=\"text-align: center;\">El segundo significa solamente<\/h4>\n<p style=\"text-align: center;\">\u00a1diversi\u00f3n! Pues, una vez haya recibido el listado, debes solamente escoger cual de los productos quieres encontrar en la nevera. O sea, podr\u00e1s tambi\u00e9n indicar las cantidades de cada producto que eliges. Cuando habr\u00e1s terminado con tu lista de las compras, nos encargaremos de comprar los productos que has indicado.<\/p>\n<p>[\/vc_column_text][\/vc_column_inner][\/vc_row_inner][vc_row_inner equal_height=\u00bbyes\u00bb el_class=\u00bbto-equal-height\u00bb][vc_column_inner el_class=\u00bbimage-equl-no-btm\u00bb offset=\u00bbvc_col-lg-4 vc_col-md-12 vc_col-xs-12&#8243;][vc_single_image image=\u00bb67620&#8243; img_size=\u00bbfull\u00bb alignment=\u00bbcenter\u00bb][\/vc_column_inner][vc_column_inner el_class=\u00bbto-center-height\u00bb offset=\u00bbvc_col-lg-4 vc_col-md-12 vc_col-xs-12&#8243;][vc_column_text]<\/p>\n<h4 style=\"text-align: center;\">El tercer paso<\/h4>\n<p>Es el m\u00e1s simple (y te dar\u00e1 mas placer). De hecho, cuando llegar\u00e1s en una de nuestras villas de lujo, deber\u00e1s \u00fanicamente abrir la nevera. Estar\u00e1 llena de los productos que has elegido, frescos y colocados en los sitios correctos.[\/vc_column_text][\/vc_column_inner][vc_column_inner el_class=\u00bbimage-equl-no-btm\u00bb offset=\u00bbvc_col-lg-4 vc_col-md-12 vc_col-xs-12&#8243;][vc_single_image image=\u00bb67624&#8243; img_size=\u00bbfull\u00bb alignment=\u00bbcenter\u00bb][\/vc_column_inner][\/vc_row_inner][\/vc_column][\/vc_row][vc_row css=\u00bb.vc_custom_1572346632984{padding-top: 60px !important;padding-bottom: 60px !important;}\u00bb][vc_column][vc_column_text el_class=\u00bbcustom-text-padding\u00bb]<\/p>\n<h3 style=\"text-align: center;\">Preguntas?<\/h3>\n<p>[\/vc_column_text][vc_column_text el_class=\u00bbcustom-text-padding\u00bb]<\/p>\n<p style=\"text-align: center;\">Quiz\u00e1s te estar\u00e1s preguntando, \u00bfc\u00f3mo puedo pagar este servicio? Ibiza Villa te ofrece la posibilidad de pagar directamente en efectivo a la llegada, junto al precio de los productos comprados. F\u00e1cil, \u00bfno crees?<\/p>\n<p style=\"text-align: center;\">Sabemos bien cuanto sea importante elegir los mejores productos para ti y tus queridos. Por eso hemos creado un listado de alimentos que nos gustan. As\u00ed, os proporcionaremos los mejores productos b\u00e1sicos que har\u00e1n de tu llegada el buen punto de partida.<\/p>\n<p>[\/vc_column_text][vc_row_inner][vc_column_inner][vc_single_image image=\u00bb67628&#8243; img_size=\u00bbfull\u00bb alignment=\u00bbcenter\u00bb][\/vc_column_inner][\/vc_row_inner][vc_column_text el_class=\u00bbcustom-text-padding\u00bb]<\/p>\n<p style=\"text-align: center;\">Si deseas contratar el servicio de compras tambi\u00e9n despu\u00e9s de tu llegada en una de nuestras villas de lujo, te lo ofrecemos junto ad otro servicio que hemos previsto.<\/p>\n<p style=\"text-align: center;\">De hecho, podr\u00e1s reservar el servicio de chef personal el cual, en la fecha y horario que has elegido, comprar\u00e1 los productos y alimentos que deseas y vendr\u00e1 a tu domicilio para cocinarles. Si quieres recibir m\u00e1s informaci\u00f3n, echa un vistazo a nuestra p\u00e1gina de chef\/catering!<\/p>\n<p style=\"text-align: center;\">\u00a1Proporcion\u00e1ndote el primero shopping, queremos que tu y tu nevera se\u00e1is felices!<br \/>\n\u00bfno tienes hambre ya?<\/p>\n<p>[\/vc_column_text][vc_column_text el_class=\u00bbcustom-text-padding\u00bb]<\/p>\n<p style=\"text-align: center;\">Si desea m\u00e1s informaci\u00f3n, consulte nuestra p\u00e1gina de chef \/ catering.<\/p>\n<p>[\/vc_column_text][\/vc_column][\/vc_row][vc_row full_width=\u00bbstretch_row_content_no_spaces\u00bb el_class=\u00bbbg-no-mb\u00bb css=\u00bb.vc_custom_1573291425056{padding-top: 30px !important;}\u00bb][vc_column][vc_single_image image=\u00bb67346&#8243; img_size=\u00bbfull\u00bb alignment=\u00bbcenter\u00bb][\/vc_column][\/vc_row]<\/p>\n<\/div>","protected":false},"excerpt":{"rendered":"<p>[vc_row css=\u00bb.vc_custom_1572336922621{margin-top: 30px !important;padding-top: 30px !important;padding-bottom: 30px !important;}\u00bb][vc_column][vc_column_text] Servicio Shopping &#8230; Ibiza Villa! [\/vc_column_text][vc_column_text] Ibiza Villa quiere simplificar tu llegada! [\/vc_column_text][\/vc_column][\/vc_row][vc_row full_width=\u00bbstretch_row\u00bb bg_type=\u00bbbg_color\u00bb bg_color_value=\u00bb#f4f4f4&#8243; css=\u00bb.vc_custom_1572091197730{margin-top: 30px !important;}\u00bb][vc_column][vc_row_inner][vc_column_inner][vc_column_text] Olv\u00eddate de las bolsas pesadas, del tiempo perdido y de las colas a las cajas [\/vc_column_text][vc_column_text el_class=\u00bbcustom-text-padding\u00bb] Antes de tu llegada a la villa de lujo, nos encargaremos &#8230;<\/p>\n","protected":false},"author":9,"featured_media":0,"parent":0,"menu_order":0,"comment_status":"closed","ping_status":"closed","template":"","meta":{"_acf_changed":false,"_joinchat":[],"footnotes":""},"class_list":["post-67749","page","type-page","status-publish","hentry"],"acf":[],"_links":{"self":[{"href":"https:\/\/ibizavilla.com\/es\/wp-json\/wp\/v2\/pages\/67749","targetHints":{"allow":["GET"]}}],"collection":[{"href":"https:\/\/ibizavilla.com\/es\/wp-json\/wp\/v2\/pages"}],"about":[{"href":"https:\/\/ibizavilla.com\/es\/wp-json\/wp\/v2\/types\/page"}],"author":[{"embeddable":true,"href":"https:\/\/ibizavilla.com\/es\/wp-json\/wp\/v2\/users\/9"}],"replies":[{"embeddable":true,"href":"https:\/\/ibizavilla.com\/es\/wp-json\/wp\/v2\/comments?post=67749"}],"version-history":[{"count":0,"href":"https:\/\/ibizavilla.com\/es\/wp-json\/wp\/v2\/pages\/67749\/revisions"}],"wp:attachment":[{"href":"https:\/\/ibizavilla.com\/es\/wp-json\/wp\/v2\/media?parent=67749"}],"curies":[{"name":"wp","href":"https:\/\/api.w.org\/{rel}","templated":true}]}}