{"id":67757,"date":"2019-11-13T11:26:28","date_gmt":"2019-11-13T09:26:28","guid":{"rendered":"https:\/\/ibizavilla.com\/?page_id=67757"},"modified":"2026-04-17T09:58:52","modified_gmt":"2026-04-17T07:58:52","slug":"servicio","status":"publish","type":"page","link":"https:\/\/ibizavilla.com\/es\/servicio\/","title":{"rendered":"Servicio"},"content":{"rendered":"<div class=\"wpb-content-wrapper\"><p>[vc_row css=\u00bb.vc_custom_1572365420985{margin-top: 60px !important;padding-bottom: 30px !important;}\u00bb][vc_column][vc_column_text css=\u00bb\u00bb]<\/p>\n<h2 style=\"text-align: center;\">Ibiza Villa &#8211; Alquiler de coche<\/h2>\n<p>[\/vc_column_text][vc_column_text css=\u00bb\u00bb]<\/p>\n<p style=\"text-align: center;\">Puedes contactarnos por tel\u00e9fono o correo email, y estaremos encantados de proponerte las varias opciones que tendr\u00e1s. Podr\u00e1s comparar todas las opciones en termino de modelos y de precios.<\/p>\n<p style=\"text-align: center;\">Gracias a nuestros consejos podr\u00e1s tambi\u00e9n tomar tu decisi\u00f3n en plena tranquilidad.<br \/>\nEliges ti coche, a\u00f1ades los extras que prefieres, como por ejemplo un seguro todo riesgo y confirma tu reserva.<\/p>\n<p style=\"text-align: center;\">Eso es todo. Por el resto, nos ocuparemos nosotros de llevarte el coche che has elegido el d\u00eda de tu llegada y directamente en el aeropuerto. En tal sentido, podr\u00e1s empezar tus vacaciones en total relax y sin estr\u00e9s.<\/p>\n<p>[\/vc_column_text][vc_raw_html css=\u00bb\u00bb]JTNDc2NyaXB0JTIwdHlwZSUzRCUyMnRleHQlMkZqYXZhc2NyaXB0JTIyJTIwc3JjJTNEJTIyJTJGd3AtY29udGVudCUyRnVwbG9hZHMlMkZpZnJhbWVSZXNpemVyLm1pbi5qcyUyMiUzRSUzQyUyRnNjcmlwdCUzRSUwQSUzQ2lmcmFtZSUyMHN0eWxlJTNEJTIyd2lkdGglM0ExMDAlMjUlM0Jib3JkZXIlM0Fub25lJTNCbWluLWhlaWdodCUzQTUwMHB4JTNCaGVpZ2h0JTNBYXV0byUzQiUyMiUyMGlkJTNEJTIyaWZyYW1lX2NhcnBsdXNfYWZpbGlhZG8lMjIlMjBzcmMlM0QlMjJodHRwcyUzQSUyRiUyRmJvb2tpbmdzLm1vdG9sdWlzLmNvbSUyRiUzRmlkaW9tYSUzRGVzJTI2YWZpbGlhZG8lM0Q0MzAwMDA2MDgzJTI2Y29sb3JfYWZpbGlhZG8lM0RjeWFuJTI2ZG9udENoZWNrU2FmYXJpJTNEMSUyMiUyMHNjcm9sbGluZyUzRCUyMnllcyUyMiUzRSUzQyUyRmlmcmFtZSUzRSUwQSUzQ3NjcmlwdCUzRWlGcmFtZVJlc2l6ZSUyOCU3QmxvZyUzQWZhbHNlJTdEJTJDJTIwJTI3JTIzaWZyYW1lX2NhcnBsdXNfYWZpbGlhZG8lMjclMjklM0MlMkZzY3JpcHQlM0U=[\/vc_raw_html][\/vc_column][\/vc_row][vc_row css=\u00bb.vc_custom_1775719574952{padding-bottom: 30px !important;}\u00bb][vc_column][vc_column_text css=\u00bb\u00bb]<\/p>\n<h2 style=\"text-align: center;\">Ibiza Villa &#8211; Servicios Exclusivos y Personalizados para Nuestros Clientes<\/h2>\n<p>[\/vc_column_text][vc_column_text css=\u00bb\u00bb]<\/p>\n<p style=\"text-align: center;\">En Ibiza Villa, garantizamos una experiencia premium en la isla, con una gama completa de servicios exclusivos disponibles para nuestros clientes.<\/p>\n<p>[\/vc_column_text][\/vc_column][\/vc_row][vc_row el_class=\u00bbservicios-box\u00bb css=\u00bb.vc_custom_1572365501032{padding-bottom: 30px !important;}\u00bb][vc_column width=\u00bb1\/3&#8243;]<div id=\"ultimate-heading-936969e89200d0fc0\" class=\"uvc-heading ult-adjust-bottom-margin ultimate-heading-936969e89200d0fc0 uvc-9381 \" data-hspacer=\"no_spacer\"  data-halign=\"center\" style=\"text-align:center\"><div class=\"uvc-heading-spacer no_spacer\" style=\"top\"><\/div><div class=\"uvc-main-heading ult-responsive\"  data-ultimate-target='.uvc-heading.ultimate-heading-936969e89200d0fc0 h3'  data-responsive-json-new='{\"font-size\":\"\",\"line-height\":\"\"}' ><h3 style=\"font-weight:bold;\">Tailor-made nautical experiences<\/h3><\/div><\/div>[vc_single_image image=\u00bb28272&#8243; img_size=\u00bbfull\u00bb alignment=\u00bbcenter\u00bb css_animation=\u00bbfadeIn\u00bb css=\u00bb\u00bb el_class=\u00bbshadow-transition\u00bb][vc_column_text css=\u00bb\u00bb]<\/p>\n<p style=\"text-align: center;\">Disfruta del Mediterr\u00e1neo con nuestra selecci\u00f3n de yates, barcos y catamaranes. Organizamos jornadas en el mar, excursiones privadas y traslados exclusivos para descubrir Ibiza desde el agua.<\/p>\n<p>[\/vc_column_text][\/vc_column][vc_column width=\u00bb1\/3&#8243;]<div id=\"ultimate-heading-426869e89200d1045\" class=\"uvc-heading ult-adjust-bottom-margin ultimate-heading-426869e89200d1045 uvc-5277 \" data-hspacer=\"no_spacer\"  data-halign=\"center\" style=\"text-align:center\"><div class=\"uvc-heading-spacer no_spacer\" style=\"top\"><\/div><div class=\"uvc-main-heading ult-responsive\"  data-ultimate-target='.uvc-heading.ultimate-heading-426869e89200d1045 h3'  data-responsive-json-new='{\"font-size\":\"\",\"line-height\":\"\"}' ><h3 style=\"font-weight:bold;\">Luxury mobility and transfers<\/h3><\/div><\/div>[vc_single_image image=\u00bb28274&#8243; img_size=\u00bbfull\u00bb alignment=\u00bbcenter\u00bb css_animation=\u00bbfadeIn\u00bb css=\u00bb\u00bb el_class=\u00bbshadow-transition\u00bb][vc_column_text css=\u00bb\u00bb]<\/p>\n<p style=\"text-align: center;\">Acceda a una flota de coches de alta gama, entregados en el aeropuerto o en su villa. Reciba un trato VIP desde el momento de su llegada y evite tiempos de espera gracias a nuestros traslados directos.<\/p>\n<p>[\/vc_column_text][\/vc_column][vc_column width=\u00bb1\/3&#8243;]<div id=\"ultimate-heading-126569e89200d1096\" class=\"uvc-heading ult-adjust-bottom-margin ultimate-heading-126569e89200d1096 uvc-7027 \" data-hspacer=\"no_spacer\"  data-halign=\"center\" style=\"text-align:center\"><div class=\"uvc-heading-spacer no_spacer\" style=\"top\"><\/div><div class=\"uvc-main-heading ult-responsive\"  data-ultimate-target='.uvc-heading.ultimate-heading-126569e89200d1096 h3'  data-responsive-json-new='{\"font-size\":\"\",\"line-height\":\"\"}' ><h3 style=\"font-weight:bold;\">Gastronomy and private catering<\/h3><\/div><\/div>[vc_single_image image=\u00bb28278&#8243; img_size=\u00bbfull\u00bb alignment=\u00bbcenter\u00bb css_animation=\u00bbfadeIn\u00bb][vc_column_text css=\u00bb\u00bb]<\/p>\n<p style=\"text-align: center;\">Disfrute de las mejores delicias culinarias: un chef privado en casa, catering personalizado adaptado a sus gustos, organizaci\u00f3n de eventos gastron\u00f3micos y entrega de productos gourmet directamente en su villa.<\/p>\n<p>[\/vc_column_text][\/vc_column][\/vc_row][vc_row][vc_column width=\u00bb1\/3&#8243;][vc_row_inner][vc_column_inner]<div id=\"ultimate-heading-376669e89200d10f7\" class=\"uvc-heading ult-adjust-bottom-margin ultimate-heading-376669e89200d10f7 uvc-3105 \" data-hspacer=\"no_spacer\"  data-halign=\"center\" style=\"text-align:center\"><div class=\"uvc-heading-spacer no_spacer\" style=\"top\"><\/div><div class=\"uvc-main-heading ult-responsive\"  data-ultimate-target='.uvc-heading.ultimate-heading-376669e89200d10f7 h3'  data-responsive-json-new='{\"font-size\":\"\",\"line-height\":\"\"}' ><h3 style=\"font-weight:bold;\">Family wellbeing \/ Babysitter<\/h3><\/div><\/div>[vc_single_image image=\u00bb28279&#8243; img_size=\u00bbfull\u00bb alignment=\u00bbcenter\u00bb css_animation=\u00bbfadeIn\u00bb][vc_column_text css=\u00bb\u00bb]<\/p>\n<p style=\"text-align: center;\">\u00bfNecesitas una ni\u00f1era durante tu estancia en Ibiza? Te ayudaremos a encontrar a la persona adecuada para que puedas relajarte y disfrutar de Ibiza con tu familia, con total confianza y tranquilidad.<\/p>\n<p>[\/vc_column_text][\/vc_column_inner][\/vc_row_inner][\/vc_column][vc_column width=\u00bb1\/3&#8243;][vc_row_inner][vc_column_inner]<div id=\"ultimate-heading-172469e89200d1142\" class=\"uvc-heading ult-adjust-bottom-margin ultimate-heading-172469e89200d1142 uvc-1269 \" data-hspacer=\"no_spacer\"  data-halign=\"center\" style=\"text-align:center\"><div class=\"uvc-heading-spacer no_spacer\" style=\"top\"><\/div><div class=\"uvc-main-heading ult-responsive\"  data-ultimate-target='.uvc-heading.ultimate-heading-172469e89200d1142 h3'  data-responsive-json-new='{\"font-size\":\"\",\"line-height\":\"\"}' ><h3 style=\"font-weight:bold;\">Concierge premium<\/h3><\/div><\/div>[vc_single_image image=\u00bb28276&#8243; img_size=\u00bbfull\u00bb alignment=\u00bbcenter\u00bb css_animation=\u00bbfadeIn\u00bb][\/vc_column_inner][\/vc_row_inner][vc_column_text css=\u00bb\u00bb]<\/p>\n<p style=\"text-align: center;\">Nos encargamos de todos los servicios extras que puedas necesitar: compras, servicio de acogida, preparaci\u00f3n especial de la villa, personal disponible para satisfacer tus necesidades espec\u00edficas.<\/p>\n<p>[\/vc_column_text][\/vc_column][vc_column width=\u00bb1\/3&#8243;][vc_row_inner][vc_column_inner]<div id=\"ultimate-heading-761769e89200d118f\" class=\"uvc-heading ult-adjust-bottom-margin ultimate-heading-761769e89200d118f uvc-652 \" data-hspacer=\"no_spacer\"  data-halign=\"center\" style=\"text-align:center\"><div class=\"uvc-heading-spacer no_spacer\" style=\"top\"><\/div><div class=\"uvc-main-heading ult-responsive\"  data-ultimate-target='.uvc-heading.ultimate-heading-761769e89200d118f h3'  data-responsive-json-new='{\"font-size\":\"\",\"line-height\":\"\"}' ><h3 style=\"font-weight:bold;\">Relaxation and personalised wellbeing<\/h3><\/div><\/div>[vc_single_image image=\u00bb28277&#8243; img_size=\u00bbfull\u00bb alignment=\u00bbcenter\u00bb css_animation=\u00bbfadeIn\u00bb][vc_column_text css=\u00bb\u00bb]<\/p>\n<p style=\"text-align: center;\">Nos encargamos de buscar personal para masajes y tratamientos de relajaci\u00f3n directamente en su villa, para que pueda disfrutar de momentos de descanso y cuidados integrales en privado.<\/p>\n<p>[\/vc_column_text][\/vc_column_inner][\/vc_row_inner][\/vc_column][\/vc_row][vc_row][vc_column width=\u00bb1\/3&#8243;][vc_row_inner][vc_column_inner][\/vc_column_inner][\/vc_row_inner][\/vc_column][vc_column width=\u00bb1\/3&#8243;]<div id=\"ultimate-heading-777669e89200d11d7\" class=\"uvc-heading ult-adjust-bottom-margin ultimate-heading-777669e89200d11d7 uvc-4972 \" data-hspacer=\"no_spacer\"  data-halign=\"center\" style=\"text-align:center\"><div class=\"uvc-heading-spacer no_spacer\" style=\"top\"><\/div><div class=\"uvc-main-heading ult-responsive\"  data-ultimate-target='.uvc-heading.ultimate-heading-777669e89200d11d7 h3'  data-responsive-json-new='{\"font-size\":\"\",\"line-height\":\"\"}' ><h3 style=\"font-weight:bold;\">Reservations and priority access<\/h3><\/div><\/div>[vc_single_image image=\u00bb28275&#8243; img_size=\u00bbfull\u00bb alignment=\u00bbcenter\u00bb css_animation=\u00bbfadeIn\u00bb][vc_column_text css=\u00bb\u00bb]<\/p>\n<p style=\"text-align: center;\">Gestionamos reservas para usted en restaurantes y clubes exclusivos de Ibiza.<\/p>\n<p>[\/vc_column_text][\/vc_column][vc_column width=\u00bb1\/3&#8243;][\/vc_column][\/vc_row][vc_row css=\u00bb.vc_custom_1574963226616{padding-top: 20px !important;}\u00bb][vc_column][vc_column_text css=\u00bb\u00bb]<\/p>\n<p style=\"text-align: center;\">Todos estos servicios est\u00e1n reservados exclusivamente para nuestros hu\u00e9spedes, lo que garantiza una estancia en Ibiza llena de comodidad, lujo y atenci\u00f3n personalizada.<\/p>\n<p>[\/vc_column_text]<div class=\" ult_buttons ubtn-ctn-center \"><a class=\"ubtn-link ult-adjust-bottom-margin ubtn-center ubtn-normal \" href=\"mailto:info@ibizavilla.com\" ><button type=\"button\" id=\"ubtn-9187\"  class=\"ubtn ult-adjust-bottom-margin ult-responsive ubtn-normal ubtn-fade-bg  none  ubtn-center   tooltip-69e89200d1220\"  data-hover=\"#0090ff\" data-border-color=\"#10c1ed\" data-bg=\"\" data-hover-bg=\"#ffffff\" data-border-hover=\"#0090ff\" data-shadow-hover=\"\" data-shadow-click=\"none\" data-shadow=\"\" data-shd-shadow=\"\"  data-ultimate-target='#ubtn-9187'  data-responsive-json-new='{\"font-size\":\"\",\"line-height\":\"\"}'  style=\"font-weight:normal;border-radius:30px;border-width:2px;border-color:#10c1ed;border-style:solid;color: #10c1ed;\"><span class=\"ubtn-hover\" style=\"background-color:#ffffff\"><\/span><span class=\"ubtn-data ubtn-text \" >Reservas e informaci\u00f3n<\/span><\/button><\/a><\/div>[\/vc_column][\/vc_row][vc_row full_width=\u00bbstretch_row_content_no_spaces\u00bb el_class=\u00bbbg-no-mb\u00bb css=\u00bb.vc_custom_1573291425056{padding-top: 30px !important;}\u00bb][vc_column][vc_single_image image=\u00bb67346&#8243; img_size=\u00bbfull\u00bb alignment=\u00bbcenter\u00bb][\/vc_column][\/vc_row]<\/p>\n<\/div>","protected":false},"excerpt":{"rendered":"<p>[vc_row css=\u00bb.vc_custom_1572365420985{margin-top: 60px !important;padding-bottom: 30px !important;}\u00bb][vc_column][vc_column_text css=\u00bb\u00bb] Ibiza Villa &#8211; Alquiler de coche [\/vc_column_text][vc_column_text css=\u00bb\u00bb] Puedes contactarnos por tel\u00e9fono o correo email, y estaremos encantados de proponerte las varias opciones que tendr\u00e1s. Podr\u00e1s comparar todas las opciones en termino de modelos y de precios. Gracias a nuestros consejos podr\u00e1s tambi\u00e9n tomar tu decisi\u00f3n en plena &#8230;<\/p>\n","protected":false},"author":9,"featured_media":0,"parent":0,"menu_order":0,"comment_status":"closed","ping_status":"closed","template":"","meta":{"_acf_changed":false,"_joinchat":[],"footnotes":""},"class_list":["post-67757","page","type-page","status-publish","hentry"],"acf":[],"_links":{"self":[{"href":"https:\/\/ibizavilla.com\/es\/wp-json\/wp\/v2\/pages\/67757","targetHints":{"allow":["GET"]}}],"collection":[{"href":"https:\/\/ibizavilla.com\/es\/wp-json\/wp\/v2\/pages"}],"about":[{"href":"https:\/\/ibizavilla.com\/es\/wp-json\/wp\/v2\/types\/page"}],"author":[{"embeddable":true,"href":"https:\/\/ibizavilla.com\/es\/wp-json\/wp\/v2\/users\/9"}],"replies":[{"embeddable":true,"href":"https:\/\/ibizavilla.com\/es\/wp-json\/wp\/v2\/comments?post=67757"}],"version-history":[{"count":5,"href":"https:\/\/ibizavilla.com\/es\/wp-json\/wp\/v2\/pages\/67757\/revisions"}],"predecessor-version":[{"id":119979,"href":"https:\/\/ibizavilla.com\/es\/wp-json\/wp\/v2\/pages\/67757\/revisions\/119979"}],"wp:attachment":[{"href":"https:\/\/ibizavilla.com\/es\/wp-json\/wp\/v2\/media?parent=67757"}],"curies":[{"name":"wp","href":"https:\/\/api.w.org\/{rel}","templated":true}]}}