{"id":67772,"date":"2019-11-13T12:55:06","date_gmt":"2019-11-13T10:55:06","guid":{"rendered":"https:\/\/ibizavilla.com\/?page_id=67772"},"modified":"2026-04-15T12:37:36","modified_gmt":"2026-04-15T10:37:36","slug":"alquiler-de-temporada","status":"publish","type":"page","link":"https:\/\/ibizavilla.com\/es\/alquiler-de-temporada\/","title":{"rendered":"Alquiler de Temporada"},"content":{"rendered":"<div class=\"custom-read-less\">\n<p style=\"text-align: center;\"><strong>\u00bfEst\u00e1 listo de pasar las mejores vacaciones de tu vida?<\/strong> \u00bfQuieres aprovechar de pasar una temporada entera en una de <strong>nuestras magnificas villas en la isla de Ibiza?<\/strong> Ibiza Villa te est\u00e1 esperando.<\/p>\n<p style=\"text-align: center;\">Cada estaci\u00f3n en Ibiza es un encanto. La naturaleza cambia y el panorama con ella. <strong>Gracias a Ibiza Villa tendr\u00e1s la posibilidad de alquilar una villa de lujo<\/strong> por una temporada entera.<\/p>\n<p class=\"custom-read-ml-button\">+<\/p>\n<\/div>\n<div class=\"custom-read-more\">\n<p style=\"text-align: center;\">\u00bfEst\u00e1 listo de pasar las mejores vacaciones de tu vida? \u00bfQuieres aprovechar de pasar una temporada entera en una de nuestras magnificas villas en la isla de Ibiza? Ibiza Villa te est\u00e1 esperando.<br \/>\nCada estaci\u00f3n en Ibiza es un encanto. La naturaleza cambia y el panorama con ella. Gracias a Ibiza Villa tendr\u00e1s la posibilidad de alquilar una villa de lujo por una temporada entera. No te impones de elegir fechas exactas por tus vacaciones, amplia tu estancia hasta una temporada entera. Tendr\u00e1s la oportunidad de encontrar tu villa siempre lista para ti, d\u00e1ndote la libertad de moverte por todas partes.<br \/>\nPor varios a\u00f1os hemos siempre querido ofrecer a nuestros clientes lo mejor y intentamos hacerlo d\u00eda tras d\u00eda, mejorando nuestras habilidades. Vemos que los clientes piden cambios continuamente y nosotros por lo tanto nos adaptamos buscando el mejor equipo en la isla. Nuestros colaboradores expertos ser\u00e1n capaces de ofrecerte una estancia inolvidable en la isla, sin que te pierda nada. Vamos a cuidar de todos los detalles y satisfaremos cada tu deseo.<\/p>\n<p style=\"text-align: center;\">Para que tu experiencia sea \u00fanica, tenemos tambi\u00e9n varios servicios que puedes combinar con el alquiler de temporada de tu villa favorida. Encontrar\u00e1s una descripci\u00f3n detallada de cada uno echando un vistazo a las paginas dedicadas en nuestro sitio web.<\/p>\n<p style=\"text-align: center;\">Durante tus reservas, un equipo multiidiomas te asistir\u00e1 para ayudarte en la organizaci\u00f3n de tu estancia en la forma mejor y en total tranquilidad. \u00a1Organiza tu temporada con todas las cosas que te hacen estar bien, ser feliz y en total relax!<\/p>\n<p style=\"text-align: center;\">Durante el verano, probablemente prefieres una villa de lujo rodeada de un amplio jard\u00edn, con una hermosa piscina, un acogedor porche para disfrutar de una comida al exterior y una zona bonita donde podr\u00e1s tomar el sol y disfrutar de una encantadora vista al mar. Bueno, \u00a1est\u00e1s en el buen lugar por que tenemos alguna joya escondida que te va a encantar!<\/p>\n<p style=\"text-align: center;\">Al rev\u00e9s, si est\u00e1s buscando una propiedad en la temporada baja, durante el oto\u00f1o y invierno, tu con la familia y tus amigos probablemente vais a preferir alojar en la campa\u00f1a, en una villa con amplios espacios interiores, con un gran sal\u00f3n para disfrutar de tardes y ma\u00f1anas agradables, donde poder relajarse y pasarlo bien. A lo mejor te gustar\u00eda mas alquilar un piso en la ciudad. Te aseguramos que juntos encontraremos la casa que mas se adapta a tus necesidades.<\/p>\n<p style=\"text-align: center;\">El equipo de Ibiza Villa est\u00e1 aqu\u00ed para aconsejarte y no puede esperar de darte las mejores sugerencias para que tu estancia sea perfecta, a partir de la selecci\u00f3n de la villa de lujo hasta la estancia durante la temporada.<\/p>\n<p style=\"text-align: center;\">\u00bfEst\u00e1s listo de escoger la villa perfecta para alquilar en la temporada?<br \/>\nElige la villa de lujo que te har\u00e1 sentir como en casa y estaremos seguros que no te arrepentir\u00e1s.<\/p>\n<p class=\"custom-read-ml-button\">&#8211;<\/p>\n<\/div>\n","protected":false},"excerpt":{"rendered":"<p>\u00bfEst\u00e1 listo de pasar las mejores vacaciones de tu vida? \u00bfQuieres aprovechar de pasar una temporada entera en una de nuestras magnificas villas en la isla de Ibiza? Ibiza Villa te est\u00e1 esperando. Cada estaci\u00f3n en Ibiza es un encanto. La naturaleza cambia y el panorama con ella. Gracias a Ibiza Villa tendr\u00e1s la posibilidad &#8230;<\/p>\n","protected":false},"author":9,"featured_media":0,"parent":0,"menu_order":0,"comment_status":"closed","ping_status":"closed","template":"property_list_half.php","meta":{"_acf_changed":false,"_joinchat":[],"footnotes":""},"class_list":["post-67772","page","type-page","status-publish","hentry"],"acf":[],"_links":{"self":[{"href":"https:\/\/ibizavilla.com\/es\/wp-json\/wp\/v2\/pages\/67772","targetHints":{"allow":["GET"]}}],"collection":[{"href":"https:\/\/ibizavilla.com\/es\/wp-json\/wp\/v2\/pages"}],"about":[{"href":"https:\/\/ibizavilla.com\/es\/wp-json\/wp\/v2\/types\/page"}],"author":[{"embeddable":true,"href":"https:\/\/ibizavilla.com\/es\/wp-json\/wp\/v2\/users\/9"}],"replies":[{"embeddable":true,"href":"https:\/\/ibizavilla.com\/es\/wp-json\/wp\/v2\/comments?post=67772"}],"version-history":[{"count":1,"href":"https:\/\/ibizavilla.com\/es\/wp-json\/wp\/v2\/pages\/67772\/revisions"}],"predecessor-version":[{"id":119967,"href":"https:\/\/ibizavilla.com\/es\/wp-json\/wp\/v2\/pages\/67772\/revisions\/119967"}],"wp:attachment":[{"href":"https:\/\/ibizavilla.com\/es\/wp-json\/wp\/v2\/media?parent=67772"}],"curies":[{"name":"wp","href":"https:\/\/api.w.org\/{rel}","templated":true}]}}