{"id":67773,"date":"2019-11-13T12:55:14","date_gmt":"2019-11-13T10:55:14","guid":{"rendered":"https:\/\/ibizavilla.com\/?page_id=67773"},"modified":"2025-12-22T08:37:48","modified_gmt":"2025-12-22T07:37:48","slug":"alquiler-2","status":"publish","type":"page","link":"https:\/\/ibizavilla.com\/es\/alquiler\/","title":{"rendered":"Alquiler"},"content":{"rendered":"<div class=\"custom-read-less\">\n<p style=\"text-align: center;\"><strong>Querido hu\u00e9sped, bienvenido en la isla m\u00e1gica de Ibiza.<\/strong> Debes saber que est\u00e1s llegando en <strong>un lugar \u00fanico que se quedar\u00e1 en tu coraz\u00f3n<\/strong> tambi\u00e9n despu\u00e9s repartir tras las vacaciones.<\/p>\n<p style=\"text-align: center;\">Ibiza es un lugar especial donde la tierra, el cielo y el mar hablan entre ellos, <strong>creando una armon\u00eda \u00fanica de belleza y serenidad<\/strong>. Por eso hemos seleccionado las mejores villas de lujo en la isla.<\/p>\n<p style=\"text-align: center;\">Queremos que te enamoras de la belleza y especialmente queremos que te relajas. <strong>Ibiza Villa pensar\u00e1 en todos los detalles para hacer tu estancia inolvidable&#8230;<\/strong><\/p>\n<p class=\"custom-read-ml-button\">+<\/p>\n<\/div>\n<div class=\"custom-read-more\">\n<p style=\"text-align: center;\">Querido hu\u00e9sped, bienvenido en la isla m\u00e1gica de Ibiza. Debes saber que est\u00e1s llegando en un lugar \u00fanico que se quedar\u00e1 en tu coraz\u00f3n tambi\u00e9n despu\u00e9s repartir tras las vacaciones.<br \/>\nIbiza es un lugar especial donde la tierra, el cielo y el mar hablan entre ellos, creando una armon\u00eda \u00fanica de belleza y serenidad. Por eso hemos seleccionado las mejores villas de lujo en la isla. Queremos que te enamoras de la belleza y especialmente queremos que te relajas. Ibiza Villa pensar\u00e1 en todos los detalles para hacer tu estancia inolvidable.<\/p>\n<p style=\"text-align: center;\">Ibiza es una mezcla de libertad, singularidad, introspecci\u00f3n y ocio. Cada lugar de Ibiza \u00e8 especial y \u00fanico en su clase. Elegimos los mejores lugares de la isla para satisfacer tus deseos y tus est\u00e1ndares. Cerca de los peque\u00f1os o antiguos pueblos y lejos de la confusi\u00f3n de las discotecas y de los beach clubs, o cerca a las ciudades donde reina suprema la diversi\u00f3n nocturna: estamos seguros de que nuestras villas cumplir\u00e1n tus gustos excediendo tus expectativas.<\/p>\n<p style=\"text-align: center;\">Ibiza Villa est\u00e1 aqu\u00ed para celebrar aun mas la belleza de la isla ofreci\u00e9ndote en alquiler un \u00a1a amplia elecci\u00f3n de impresionantes villas de lujo. S\u00ed, este es nuestro trabajo: siempre nos ponemos el objetivo no solo de proponerte una villa en alquiler, sino crear para ti una verdadera experiencia de lujo.<br \/>\nCada petici\u00f3n se har\u00e1 realidad gracias a nuestro equipo especializado. \u00bfEst\u00e1s buscando una playa de ensue\u00f1o y un mar limpio con agua cristalina? Ning\u00fan problema. Encontraremos la mejor villa cerca de tu playa preferida. \u00bfEst\u00e1s organizando las vacaciones llenas de diversi\u00f3n con amigos? Encontraremos la villa seg\u00fan tu presupuesto no importa el numero de personas que se\u00e1is. \u00bfEst\u00e1s buscando una villa en un lugar tranquilo con piscina o con jacuzzi y rodeada de la naturaleza? \u00a1Tenemos la villa perfecta para ti, que te robar\u00e1 el coraz\u00f3n!<\/p>\n<p style=\"text-align: center;\">Lo \u00fanico que deber\u00e1s hacer es contactarnos por tel\u00e9fono, WhatsApp o por correo email para explicarnos tus exigencias. Encontraremos la villa que mejor se adapta a tu petici\u00f3n, estilo y seg\u00fan tu presupuesto.<br \/>\nMientras tanto puedes echar un vistazo a nuestra nueva pagina web y hacer una selecci\u00f3n de las villas que prefieres.<br \/>\nIbiza Villa, desde 1998 ofrece a sus clientes una experiencia \u00fanica en esto para\u00edso de tranquilidad en el centro del mediterr\u00e1neo. Lo que m\u00e1s nos estimula es el amor por la isla, la belleza de las villas y ver nuestros clientes siempre satisfechos.<\/p>\n<p style=\"text-align: center;\">En nuestro sitio web encontrar\u00e1s siempre las mejores villas de lujo en la isla de Ibiza, cuidadosamente seleccionadas para ofrecerte el mejor. Nuestras villas en alquiler est\u00e1n siempre combinadas con muchos servicios hechos a medida para nuestros clientes. Echa un vistazo a la secci\u00f3n dedicada a los servicios que aportan algo nuevo a tus vacaciones. Ibiza te est\u00e1 esperando.<\/p>\n<p style=\"text-align: center;\">\u00a1Dale espacio a tu creatividad y elige la villa de lujo que m\u00e1s te gusta!<\/p>\n<p class=\"custom-read-ml-button\">&#8211;<\/p>\n<\/div>\n","protected":false},"excerpt":{"rendered":"<p>Querido hu\u00e9sped, bienvenido en la isla m\u00e1gica de Ibiza. Debes saber que est\u00e1s llegando en un lugar \u00fanico que se quedar\u00e1 en tu coraz\u00f3n tambi\u00e9n despu\u00e9s repartir tras las vacaciones. Ibiza es un lugar especial donde la tierra, el cielo y el mar hablan entre ellos, creando una armon\u00eda \u00fanica de belleza y serenidad. Por &#8230;<\/p>\n","protected":false},"author":9,"featured_media":0,"parent":0,"menu_order":0,"comment_status":"closed","ping_status":"closed","template":"property_list_half.php","meta":{"_acf_changed":false,"_joinchat":[],"footnotes":""},"class_list":["post-67773","page","type-page","status-publish","hentry"],"acf":[],"_links":{"self":[{"href":"https:\/\/ibizavilla.com\/es\/wp-json\/wp\/v2\/pages\/67773","targetHints":{"allow":["GET"]}}],"collection":[{"href":"https:\/\/ibizavilla.com\/es\/wp-json\/wp\/v2\/pages"}],"about":[{"href":"https:\/\/ibizavilla.com\/es\/wp-json\/wp\/v2\/types\/page"}],"author":[{"embeddable":true,"href":"https:\/\/ibizavilla.com\/es\/wp-json\/wp\/v2\/users\/9"}],"replies":[{"embeddable":true,"href":"https:\/\/ibizavilla.com\/es\/wp-json\/wp\/v2\/comments?post=67773"}],"version-history":[{"count":1,"href":"https:\/\/ibizavilla.com\/es\/wp-json\/wp\/v2\/pages\/67773\/revisions"}],"predecessor-version":[{"id":118223,"href":"https:\/\/ibizavilla.com\/es\/wp-json\/wp\/v2\/pages\/67773\/revisions\/118223"}],"wp:attachment":[{"href":"https:\/\/ibizavilla.com\/es\/wp-json\/wp\/v2\/media?parent=67773"}],"curies":[{"name":"wp","href":"https:\/\/api.w.org\/{rel}","templated":true}]}}