{"id":48305,"date":"2019-02-03T03:02:27","date_gmt":"2019-02-03T01:02:27","guid":{"rendered":"https:\/\/ibizavilla.com\/?page_id=48305"},"modified":"2019-12-02T18:00:01","modified_gmt":"2019-12-02T16:00:01","slug":"blog","status":"publish","type":"page","link":"https:\/\/ibizavilla.com\/fr\/blog\/","title":{"rendered":"Blog"},"content":{"rendered":"<div class=\"wpb-content-wrapper\"><p>[vc_row][vc_column][vc_column_text]<\/p>\n<h1 style=\"text-align: center;\">Le blog d&rsquo;Ibiza Villa<\/h1>\n<p style=\"text-align: center;\">Nous aimons partager avec vous notre travail, vous parler de notre \u00eele bien-aim\u00e9e d&rsquo;Ibiza, de nos villas de luxe et de nos passions. C\u2019est pourquoi notre blog est l\u2019une de nos sections pr\u00e9f\u00e9r\u00e9es du site Web d\u2019Ibiza Villa.<\/p>\n<p style=\"text-align: center;\">En lisant nos articles, vous pourrez d\u00e9couvrir en d\u00e9tail nos villas de luxe et leurs points forts. En effet, chaque villa que nous proposons sur notre site est diff\u00e9rente et pr\u00e9sente un ou plusieurs points forts. Si vous \u00eates en qu\u00eate d&rsquo;inspiration, nos articles vous plairont.<br \/>\nNous vous donnerons des id\u00e9es originales pour rendre vos vacances uniques.<\/p>\n<p style=\"text-align: center;\">Laissez libre votre imagination et trouvez ce qui vous rendra heureux : un coucher de soleil incroyable ou une villa en pleine nature? Une villa avec piscine \u00e0 d\u00e9bordement ou une immense terrasse pour profiter avec vos amis?<br \/>\nNous sommes s\u00fbrs qu&rsquo;avec l&rsquo;aide de nos articles vous trouverez le plus appropri\u00e9 pour vous.<\/p>\n<p style=\"text-align: center;\">Mais nos articles ne se limitent pas seulement \u00e0 nos villas de luxe. En effet, l&rsquo;un de nos sujets de pr\u00e9dilection est l&rsquo;\u00eele magique d&rsquo;Ibiza. Nous avons choisi de vivre ici gr\u00e2ce \u00e0 son ambiance, son style de vie, ses couchers de soleil et ses plages secr\u00e8tes. Nous avons appris beaucoup de choses au cours de toutes ces ann\u00e9es et nous sommes impatients de les partager avec vous.<br \/>\nVous voulez prendre un ap\u00e9ritif et vous recherchez le meilleur toit d&rsquo;Ibiza? Gr\u00e2ce \u00e0 nos articles et \u00e0 notre liste de recommandations, vous pourrez profiter du meilleur de cette \u00eele. Nous vous dirons quels sont nos lieux, restaurants et bars pr\u00e9f\u00e9r\u00e9s. Vous n&rsquo;aurez que l&#8217;embarras du choix et nous sommes s\u00fbrs que vous appr\u00e9cierez fortement nos conseils.<\/p>\n<p style=\"text-align: center;\">Dans notre blog, nous parlons \u00e9galement des activit\u00e9s que vous pourrez faire pendant votre s\u00e9jour \u00e0 Ibiza. Vous recherchez des f\u00eates folles ou des excursions en bateau? Des restaurants 100% d\u00e9tente ou des plages de sable blanc?<br \/>\nAvec nos articles, nous vous donnerons l&rsquo;inspiration dont vous avez besoin pour organiser vos vacances de la meilleure fa\u00e7on possible.<\/p>\n<p style=\"text-align: center;\">Au travers de nos articles, vous d\u00e9couvrirez \u00e9galement nos services et la forte passion que nous portons \u00e0 notre travail. Notre objectif est de vous rendre heureux. Nous voulons vous assurer la meilleure exp\u00e9rience \u00e0 Ibiza et nos articles sont l\u2019un des moyens de vous montrer notre volont\u00e9 de vous faire d\u00e9couvrir l\u2019\u00eele qui nous a conquis.<\/p>\n<p style=\"text-align: center;\">Si vous \u00eates int\u00e9ress\u00e9s par un article en particulier ou si vous souhaitez avoir plus d&rsquo;informations sur certaines villas ou activit\u00e9s, nous serons heureux de vous donner plus de d\u00e9tails. Vous pourrez compter sur notre \u00e9quipe avant et pendant votre s\u00e9jour dans l&rsquo;une de nos villas de luxe. Nous vous invitons \u00e0 nous contacter et \u00e0 nous exposer vos besoins et vos souhaits. Nous ferons de notre mieux pour satisfaire vos demandes.<\/p>\n<p style=\"text-align: center;\">Mais pour le moment, d\u00e9tendez-vous en lisant nos articles!<\/p>\n<p>[\/vc_column_text][\/vc_column][\/vc_row]<\/p>\n<\/div>","protected":false},"excerpt":{"rendered":"<p>[vc_row][vc_column][vc_column_text] Le blog d&rsquo;Ibiza Villa Nous aimons partager avec vous notre travail, vous parler de notre \u00eele bien-aim\u00e9e d&rsquo;Ibiza, de nos villas de luxe et de nos passions. C\u2019est pourquoi notre blog est l\u2019une de nos sections pr\u00e9f\u00e9r\u00e9es du site Web d\u2019Ibiza Villa. En lisant nos articles, vous pourrez d\u00e9couvrir en d\u00e9tail nos villas de &#8230;<\/p>\n","protected":false},"author":9,"featured_media":30305,"parent":0,"menu_order":0,"comment_status":"closed","ping_status":"closed","template":"blog_list.php","meta":{"_acf_changed":false,"_joinchat":[],"footnotes":""},"class_list":["post-48305","page","type-page","status-publish","has-post-thumbnail","hentry"],"acf":[],"_links":{"self":[{"href":"https:\/\/ibizavilla.com\/fr\/wp-json\/wp\/v2\/pages\/48305","targetHints":{"allow":["GET"]}}],"collection":[{"href":"https:\/\/ibizavilla.com\/fr\/wp-json\/wp\/v2\/pages"}],"about":[{"href":"https:\/\/ibizavilla.com\/fr\/wp-json\/wp\/v2\/types\/page"}],"author":[{"embeddable":true,"href":"https:\/\/ibizavilla.com\/fr\/wp-json\/wp\/v2\/users\/9"}],"replies":[{"embeddable":true,"href":"https:\/\/ibizavilla.com\/fr\/wp-json\/wp\/v2\/comments?post=48305"}],"version-history":[{"count":0,"href":"https:\/\/ibizavilla.com\/fr\/wp-json\/wp\/v2\/pages\/48305\/revisions"}],"wp:featuredmedia":[{"embeddable":true,"href":"https:\/\/ibizavilla.com\/fr\/wp-json\/wp\/v2\/media\/30305"}],"wp:attachment":[{"href":"https:\/\/ibizavilla.com\/fr\/wp-json\/wp\/v2\/media?parent=48305"}],"curies":[{"name":"wp","href":"https:\/\/api.w.org\/{rel}","templated":true}]}}