{"id":67219,"date":"2019-10-28T14:59:33","date_gmt":"2019-10-28T12:59:33","guid":{"rendered":"https:\/\/ibizavilla.com\/booking-conditions\/"},"modified":"2019-11-29T06:34:48","modified_gmt":"2019-11-29T04:34:48","slug":"conditions-de-location","status":"publish","type":"page","link":"https:\/\/ibizavilla.com\/fr\/conditions-de-location\/","title":{"rendered":"Conditions de Location"},"content":{"rendered":"<div class=\"wpb-content-wrapper\"><p>[vc_row][vc_column][vc_column_text]<\/p>\n<p align=\"CENTER\"><span style=\"color: #000000;\"><span style=\"font-family: Helvetica, Arial, sans-serif;\"><span style=\"font-size: x-large;\"><u><b>CONDITIONS G\u00c9N\u00c9RALES DE LOCATION<\/b><\/u><\/span><\/span><\/span><\/p>\n<p lang=\"en-US\"><span style=\"color: #000000;\"><span style=\"font-family: Helvetica, Arial, sans-serif;\"><span style=\"font-size: small;\"><b>Ibiza Villa, soci\u00e9t\u00e9 immobili\u00e8re et services annexes, repr\u00e9sent\u00e9e par Ibiza Villa CB, CIF: E57689002, g\u00e8re et formalise le pr\u00e9sent contrat de location au nom et en repr\u00e9sentation du propri\u00e9taire.<\/b><\/span><\/span><\/span><\/p>\n<p><span style=\"color: #000000;\"><span style=\"font-family: Helvetica, Arial, sans-serif;\"><span style=\"font-size: medium;\"><b><br \/>\nPRIX<\/b><\/span><\/span><\/span><\/p>\n<p lang=\"en-US\"><span style=\"color: #000000;\"><span style=\"font-family: Helvetica, Arial, sans-serif;\"><span style=\"font-size: small;\">PRIX: Les prix correspondent \u00e0 la p\u00e9riode de location indiqu\u00e9e dans chaque contrat de location. <\/span><\/span><\/span><\/p>\n<p><span style=\"color: #000000;\"><span style=\"font-family: Helvetica, Arial, sans-serif;\"><span style=\"font-size: small;\">Ils comprennent:<\/span><\/span><\/span><\/p>\n<p><span style=\"color: #000000;\"><span style=\"font-family: Helvetica, Arial, sans-serif;\"><span style=\"font-size: small;\">&#8211; la TVA<\/span><\/span><\/span><\/p>\n<p><span style=\"color: #000000;\"><span style=\"font-family: Helvetica, Arial, sans-serif;\"><span style=\"font-size: small;\">&#8211; l\u2019ensemble des charges inh\u00e9rentes \u00e0 la maison : eau, \u00e9lectricit\u00e9, gaz, produits de piscine. <\/span><\/span><\/span><\/p>\n<p><span style=\"color: #000000;\"><span style=\"font-family: Helvetica, Arial, sans-serif;\"><span style=\"font-size: small;\">&#8211; le linge de maison (draps et serviettes de toilette \/ douche, parfois de piscine). <\/span><\/span><\/span><\/p>\n<p><span style=\"color: #000000;\">\u2028<span style=\"font-family: Helvetica, Arial, sans-serif;\"><span style=\"font-size: small;\">&#8211; l\u2019entretien des piscines et jardins.<\/span><\/span><\/span><\/p>\n<p><span style=\"color: #000000;\"><span style=\"font-family: Helvetica, Arial, sans-serif;\"><span style=\"font-size: small;\">&#8211; l\u2019accueil du client \u00e0 son arriv\u00e9e et la v\u00e9rification de la maison avant son d\u00e9part <\/span><\/span><\/span><\/p>\n<p><span style=\"color: #000000;\"><span style=\"font-family: Helvetica, Arial, sans-serif;\"><span style=\"font-size: small;\">&#8211; le m\u00e9nage stipul\u00e9 dans le coupon de r\u00e9servation.<\/span><\/span><\/span><span style=\"color: #000000;\"><span style=\"font-family: Helvetica, Arial, sans-serif;\"><span style=\"font-size: medium;\"><b><br \/>\n<\/b><\/span><\/span><\/span><\/p>\n<p><span style=\"color: #000000;\"><span style=\"font-family: Helvetica, Arial, sans-serif;\"><span style=\"font-size: small;\"><b>Heure d&rsquo;arriv\u00e9e (CHECK-IN)<\/b> : entre 15 h et 19 h (sauf accord contraire). <\/span><\/span><\/span><\/p>\n<p><span style=\"color: #000000;\"><span style=\"font-family: Helvetica, Arial, sans-serif;\"><span style=\"font-size: small;\"><b>Heure de d\u00e9part (CHECK-OUT) <\/b>: entre 10 h et 11 h (sauf accord contraire). <\/span><\/span><\/span><\/p>\n<p><span style=\"color: #000000;\"><span style=\"font-family: Helvetica, Arial, sans-serif;\"><span style=\"font-size: small;\"><b>Pour toute arriv\u00e9e apr\u00e8s 22 h et d\u00e9part avant 8 h un suppl\u00e9ment de 100 euros sera \u00e0 r\u00e9gler en esp\u00e8ces \u00e0 l\u2019agent charg\u00e9 de votre CHECK-IN\/OUT. <\/b><\/span><\/span><\/span><\/p>\n<p>De plus, si le client ne pouvait arriver \u00e0 la date et dans les horaires pr\u00e9vus, pour quelque cause que ce soit, il devra imp\u00e9rativement pr\u00e9venir l&rsquo;agent local, faute de quoi il perdra tous ses droits au s\u00e9jour, sans pouvoir pr\u00e9tendre \u00e0 aucun remboursement. Tout s\u00e9jour interrompu par le client, pour quelque cause que ce soit, ne peut donner lieu \u00e0 aucun remboursement.<\/p>\n<p><span style=\"color: #000000;\"><span style=\"font-family: Helvetica, Arial, sans-serif;\"><span style=\"font-size: small;\">Une fois la location termin\u00e9e, le locataire devra restituer la maison dans des conditions acceptables ; dans le cas contraire, un forfait de nettoyage sera factur\u00e9 sur le champ ou d\u00e9duit de la caution. Aussi en cas de retard dans la restitution du logement, une facturation au tarif de location saisonnier en vigueur sera \u00e9tablie. Cette facturation sera major\u00e9e d\u2019une amende de 1000 euros par jour si ce prolongement n\u2019a pas \u00e9t\u00e9 valid\u00e9 par le propri\u00e9taire et si il perturbe le r\u00e9servation d\u2019autres locataires. <\/span><\/span><\/span><\/p>\n<p><span style=\"color: #000000;\"><span style=\"font-family: Helvetica, Arial, sans-serif;\"><span style=\"font-size: medium;\"><b>S\u00c9CURIT\u00c9 ET RISQUES<\/b><\/span><\/span><\/span><span style=\"color: #000000;\"><span style=\"font-family: Helvetica, Arial, sans-serif;\"><span style=\"font-size: small;\">\u2028La responsabilit\u00e9, tant d&rsquo;IBIZAVILLA C.B comme celle du propri\u00e9taire, ne pourra \u00eatre engag\u00e9e en cas d\u2019accident survenant au client, sa famille ou ses invit\u00e9s. De la m\u00eame fa\u00e7on, le propri\u00e9taire et l\u2019interm\u00e9diaire IBIZAVILLA CB ne pourront \u00eatre tenus responsables en cas de vol, ou d\u2019effraction. <\/span><\/span><\/span><\/p>\n<p><span style=\"color: #000000;\"><span style=\"font-family: Helvetica, Arial, sans-serif;\"><span style=\"font-size: small;\">En effet, le client et ses invit\u00e9s sont responsables de leur propre s\u00e9curit\u00e9 et de celle des leurs enfants dans l\u2019ensemble de la villa, des jardins, toits, terrasses, puits, citernes. Il revient au client de souscrire une assurance afin de couvrir ces \u00e9ventuels risques.<\/span><\/span><\/span><\/p>\n<p><span style=\"color: #000000;\"><span style=\"font-family: Helvetica, Arial, sans-serif;\"><span style=\"font-size: small;\">Utilisation des piscines\u00a0: il appartient \u00e0 nos clients de prendre des pr\u00e9cautions pour l\u2019usage de ces installations, en particulier avec les jeunes enfants dont ils doivent assurer la surveillance. <\/span><\/span><\/span><\/p>\n<p><span style=\"color: #000000;\"><span style=\"font-family: Helvetica, Arial, sans-serif;\"><span style=\"font-size: small;\">Attention le locataire ne devra jamais intervenir personnellement dans la machinerie des piscines.<\/span><\/span><\/span><\/p>\n<p><span style=\"color: #000000;\"><span style=\"font-family: Helvetica, Arial, sans-serif;\"><span style=\"font-size: small;\">Le client est le seul responsable en cas de perte, d\u00e9g\u00e2ts, accident ou d\u00e9c\u00e8s r\u00e9sultant de l\u2019usage de la piscine.<\/span><\/span><\/span><\/p>\n<p><span style=\"color: #000000;\"><span style=\"font-family: Helvetica, Arial, sans-serif;\"><span style=\"font-size: small;\">Le locataire est le responsable de la connexion et la d\u00e9connexion de l\u2019alarme du logement, et de la s\u00e9curisation de toutes les portes et fen\u00eatres lors de chacune de ses sorties.<\/span><\/span><\/span><\/p>\n<p><span style=\"color: #000000;\"><span style=\"font-family: Helvetica, Arial, sans-serif;\"><span style=\"font-size: medium;\"><b>NUISANCES<\/b><\/span><\/span><\/span><\/p>\n<p><span style=\"color: #000000;\"><span style=\"font-family: Helvetica, Arial, sans-serif;\"><span style=\"font-size: small;\">Ni l\u2019agence, ni le propri\u00e9taire ne pourront \u00eatre tenus pour responsables en cas d&rsquo;irr\u00e9gularit\u00e9s et\/ou coupure pouvant survenir dans les services d\u2019eau, d\u2019\u00e9lectricit\u00e9, de t\u00e9l\u00e9phone, etc.\u2026 De m\u00eame, IBIZAVILLA CB et le propri\u00e9taire ne pourront \u00eatre tenus responsable en cas de travaux, chantiers ou manifestations diverses d\u2019origine priv\u00e9e ou publique.<\/span><\/span><\/span><\/p>\n<p><span style=\"color: #000000;\">\u2028<span style=\"font-family: Helvetica, Arial, sans-serif;\"><span style=\"font-size: small;\">Si le locataire souhaite organiser un \u00e9v\u00e8nement (mariage, cocktail, photo-shooting, f\u00eate avec DJ) dans la propri\u00e9t\u00e9, il devra au pr\u00e9alable demander la permission \u00e9crite au propri\u00e9taire ou \u00e0 l\u2019agence. \u2028Nous rappelons \u00e0 nos clients qu&rsquo;il est indispensable de respecter le voisinage et les d\u00e9crets municipaux en vigueur. \u2028En ce sens, la musique et tous types de nuisances sonores doivent \u00eatre au minimum \u00e0 partir de 11 pm jusqu&rsquo;\u00e0 9 am. L\u2019organisation de f\u00eates relevant de d\u00e9crets municipaux n\u2019est pas autoris\u00e9e.\u2028<\/span><\/span><\/span><\/p>\n<p><span style=\"color: #000000;\"><span style=\"font-family: Helvetica, Arial, sans-serif;\"><span style=\"font-size: small;\">Les animaux ne sont accueillis que dans la mesure o\u00f9 leur pr\u00e9sence a \u00e9t\u00e9 signal\u00e9e et accept\u00e9e lors de la souscription du contrat de location.<\/span><\/span><\/span><\/p>\n<p><span style=\"color: #000000;\"><span style=\"font-family: Helvetica, Arial, sans-serif;\"><span style=\"font-size: small;\"><br \/>\n<\/span><\/span><\/span><span style=\"color: #000000;\"><span style=\"font-family: Helvetica, Arial, sans-serif;\"><span style=\"font-size: medium;\"><b>CAPACIT\u00c9 D\u2019ACCUEIL <\/b><\/span><\/span><\/span><\/p>\n<p><span style=\"color: #000000;\"><span style=\"font-family: Helvetica, Arial, sans-serif;\"><span style=\"font-size: small;\">Si le nombre de personnes pr\u00e9vu dans le contrat de location est exc\u00e9d\u00e9, \u00e0 l&rsquo;arriv\u00e9e ou pendant le s\u00e9jour, l\u2019acc\u00e8s \u00e0 la propri\u00e9t\u00e9 peut vous \u00eatre refus\u00e9, sauf exception ou accord pr\u00e9alable. Cela pourrait entra\u00eener la rupture du contrat. <\/span><\/span><\/span><\/p>\n<p><span style=\"color: #000000;\"><span style=\"font-family: Helvetica, Arial, sans-serif;\"><span style=\"font-size: small;\">Dans le cas o\u00f9 la maison pourrait accueillir le nombre de personnes suppl\u00e9mentaires, le r\u00e8glement d&rsquo;un suppl\u00e9ment sera exig\u00e9, calcul\u00e9 de la fa\u00e7on suivante: montant total du contrat divis\u00e9 par le nombre de personnes figurant sur le contrat et multipli\u00e9 par le nombre de personnes suppl\u00e9mentaires, le r\u00e9sultat de la somme sera acquitt\u00e9 imm\u00e9diatement.<\/span><\/span><\/span><\/p>\n<p><span style=\"color: #000000;\"><span style=\"font-family: Helvetica, Arial, sans-serif;\"><span style=\"font-size: small;\">Le signataire du contrat est responsable du comportement des autres membres du groupe. Si une ou plusieurs personnes ne respectaient pas les conditions du contrat, l\u2019agence peut \u00e0 tout moment user de son pouvoir afin de mettre fin aux vacances de cette ou ces personnes. L\u2019agence et le propri\u00e9taire ne seront pas tenus responsables et ne rembourseront en aucun cas les d\u00e9penses r\u00e9sultant de la rupture du contrat.<br \/>\n<\/span><\/span><\/span><\/p>\n<p><span style=\"color: #000000;\"><span style=\"font-family: Helvetica, Arial, sans-serif;\"><span style=\"font-size: medium;\"><b>D\u00c9P\u00d4T DE GARANTIE OU CAUTION<\/b><\/span><\/span><\/span><\/p>\n<p><span style=\"color: #000000;\"><span style=\"font-family: Helvetica, Arial, sans-serif;\"><span style=\"font-size: small;\">Pour le paiement de la caution nous vous proposons 3 modalit\u00e9s\u00a0:<\/span><\/span><\/span><\/p>\n<p><span style=\"color: #000000;\"><span style=\"font-family: Helvetica, Arial, sans-serif;\"><span style=\"font-size: small;\">Par virement bancaire 1 mois avant votre arriv\u00e9e.<\/span><\/span><\/span><\/p>\n<p><span style=\"color: #000000;\"><span style=\"font-family: Helvetica, Arial, sans-serif;\"><span style=\"font-size: small;\">En esp\u00e8ces, au moment de la remise des cl\u00e9s de la villa. Le remboursement de la caution sera effectu\u00e9 au moment de la sortie apr\u00e8s v\u00e9rification de l&rsquo;\u00e9tat acceptable de la maison et d&rsquo;une possible d\u00e9duction de consommations t\u00e9l\u00e9phoniques. En cas de doute, Ibizavilla CB se r\u00e9serve le droit de conserver la caution et de la retourner int\u00e9gralement ou en partie par virement bancaire apr\u00e8s v\u00e9rification de l&rsquo;inventaire de la maison.<\/span><\/span><\/span><span style=\"color: #000000;\"><span style=\"font-family: TrebuchetMS-Bold;\"><span style=\"font-size: small;\"><b>\u2028<\/b><\/span><\/span><\/span><\/p>\n<p><span style=\"color: #000000;\"><span style=\"font-family: Helvetica, Arial, sans-serif;\"><span style=\"font-size: small;\">Par carte de cr\u00e9dit. : il convient de v\u00e9rifier que votre compte bancaire autorise le blocage du montant de la caution, donc, de vous assurer que votre carte puisse accepter le montant de la transaction le jour de l\u2019arriv\u00e9e. En cas de refus des services de votre banque, il vous sera demand\u00e9\u00a0le paiement en esp\u00e8ces. \u2028\u2028L\u2019entr\u00e9e dans les lieux vous sera refus\u00e9e si vous ne remettez pas la caution pr\u00e9vue dans le contrat.\u2028Pour toute acceptation de carte de cr\u00e9dit vous aurez l\u2019obligation de pr\u00e9senter la pi\u00e8ce d\u2019identit\u00e9 correspondant au titulaire de la carte de cr\u00e9dit. Seule est accept\u00e9e la carte de cr\u00e9dit du signataire du pr\u00e9sent contrat.<\/span><\/span><\/span><\/p>\n<p><span style=\"color: #000000;\"><span style=\"font-family: Helvetica, Arial, sans-serif;\"><span style=\"font-size: small;\">Ce montant restera bloqu\u00e9 sur votre compte durant la dur\u00e9e de votre s\u00e9jour + 10 jours et vous sera r\u00e9int\u00e9gr\u00e9 une fois l\u2019inventaire de sortie effectu\u00e9, et ainsi que la d\u00e9duction d\u2019\u00e9ventuelles sommes dues.<\/span><\/span><\/span><\/p>\n<p><span style=\"color: #000000;\"><span style=\"font-family: Helvetica, Arial, sans-serif;\"><span style=\"font-size: small;\">Une visite sera effectu\u00e9e \u00e0 la sortie des clients afin de v\u00e9rifier l\u2019\u00e9tat du logement, si des dommages sont caus\u00e9s lors de son s\u00e9jour, il devra lui-m\u00eame y r\u00e9pondre.<\/span><\/span><\/span><\/p>\n<p><span style=\"color: #000000;\"><span style=\"font-family: Helvetica, Arial, sans-serif;\"><span style=\"font-size: small;\">Lors de l\u2019entr\u00e9e dans les lieux, le client re\u00e7oit les cl\u00e9s et\/ou t\u00e9l\u00e9commandes\u00a0; elles doivent \u00eatre rendues lors de la sortie. Pour chaque cl\u00e9 ou t\u00e9l\u00e9commande non rendue, une somme de 100\u20ac sera d\u00e9duite de votre caution.<\/span><\/span><\/span><\/p>\n<p><span style=\"color: #000000;\"><span style=\"font-family: Helvetica, Arial, sans-serif;\"><span style=\"font-size: small;\"><br \/>\n<\/span><\/span><\/span><span style=\"color: #000000;\"><span style=\"font-family: Helvetica, Arial, sans-serif;\"><span style=\"font-size: medium;\"><b>P\u00c9NALIT\u00c9S D\u2019ANNULATION<\/b><\/span><\/span><\/span><\/p>\n<p align=\"JUSTIFY\"><span style=\"color: #000000;\">\u2022 <span style=\"font-family: Helvetica, Arial, sans-serif;\"><span style=\"font-size: small;\">Vous annulez plus de 45 jours avant votre entr\u00e9e dans les lieux\u00a0: les frais d&rsquo;annulation seront \u00e9gaux \u00e0 40\u00a0% du montant de votre location.<\/span><\/span><\/span><\/p>\n<p align=\"JUSTIFY\"><span style=\"color: #000000;\">\u2022 <span style=\"font-family: Helvetica, Arial, sans-serif;\"><span style=\"font-size: small;\">Entre 45 et 30 jours avant votre entr\u00e9e dans les lieux : les frais d&rsquo;annulation seront \u00e9gaux \u00e0 50% du montant de votre location.<\/span><\/span><\/span><\/p>\n<p align=\"JUSTIFY\"><span style=\"color: #000000;\">\u2022 <span style=\"font-family: Helvetica, Arial, sans-serif;\"><span style=\"font-size: small;\">Entre 30 jours et la date d&rsquo;entr\u00e9e dans les lieux : 100% du montant de votre location.<\/span><\/span><\/span><\/p>\n<p><span style=\"color: #000000;\"><span style=\"font-family: Helvetica, Arial, sans-serif;\"><span style=\"font-size: medium;\"><b>R\u00c9CLAMATION<\/b><\/span><\/span><\/span><\/p>\n<p align=\"JUSTIFY\"><span style=\"color: #000000;\"><span style=\"font-family: Helvetica, Arial, sans-serif;\"><span style=\"font-size: small;\">Desformumaires de r\u00e9clamation sont disponibmes \u00e0 nos bureaux. Si vous souhaitez faire une r\u00e9clamation, vous devrez nous en avertir dans un premier temps par t\u00e9l\u00e9phone dans les 72 h suivant votre arriv\u00e9e. Afin d&rsquo;\u00eatre prise en consid\u00e9ration, cette r\u00e9clamation devra imp\u00e9rativement \u00eatre suivie d&rsquo;une lettre recommand\u00e9e avec AR envoy\u00e9e dans les 4 jours suivant votre arriv\u00e9e. Cette r\u00e9clamation sera aussit\u00f4t transmise au propri\u00e9taire et nous vous communiquerons sa r\u00e9ponse. Pass\u00e9 ce d\u00e9lai (de 6 jours maximum) aucune r\u00e9clamation ne sera prise en consid\u00e9ration. \u00c0 d\u00e9faut <span style=\"font-family: Helvetica, sans-serif;\">de solutions, seuls les tribunaux d&rsquo;Ibiza de nos correspondants locaux seront comp\u00e9tents.<\/span><\/span><\/span><\/span><\/p>\n<p lang=\"en-US\"><span style=\"font-family: Helvetica, sans-serif;\"><span style=\"font-size: small;\"><b>SOUMISSION JURIDICTIONNELLE<\/b>: toute divergence \u00e9mise par l&rsquo;une des deux parties quant \u00e0 l&rsquo;interpr\u00e9tation et \/ ou \u00e0 l&rsquo;ex\u00e9cution du pr\u00e9sent contrat, sera trait\u00e9e et g\u00e9r\u00e9e par la cour de juridiction d&rsquo;Ibiza.<\/span><\/span><\/p>\n<p>[\/vc_column_text][\/vc_column][\/vc_row]<\/p>\n<\/div>","protected":false},"excerpt":{"rendered":"<p>[vc_row][vc_column][vc_column_text] CONDITIONS G\u00c9N\u00c9RALES DE LOCATION Ibiza Villa, soci\u00e9t\u00e9 immobili\u00e8re et services annexes, repr\u00e9sent\u00e9e par Ibiza Villa CB, CIF: E57689002, g\u00e8re et formalise le pr\u00e9sent contrat de location au nom et en repr\u00e9sentation du propri\u00e9taire. PRIX PRIX: Les prix correspondent \u00e0 la p\u00e9riode de location indiqu\u00e9e dans chaque contrat de location. Ils comprennent: &#8211; la TVA &#8230;<\/p>\n","protected":false},"author":9,"featured_media":0,"parent":0,"menu_order":0,"comment_status":"closed","ping_status":"closed","template":"","meta":{"_acf_changed":false,"_joinchat":[],"footnotes":""},"class_list":["post-67219","page","type-page","status-publish","hentry"],"acf":[],"_links":{"self":[{"href":"https:\/\/ibizavilla.com\/fr\/wp-json\/wp\/v2\/pages\/67219","targetHints":{"allow":["GET"]}}],"collection":[{"href":"https:\/\/ibizavilla.com\/fr\/wp-json\/wp\/v2\/pages"}],"about":[{"href":"https:\/\/ibizavilla.com\/fr\/wp-json\/wp\/v2\/types\/page"}],"author":[{"embeddable":true,"href":"https:\/\/ibizavilla.com\/fr\/wp-json\/wp\/v2\/users\/9"}],"replies":[{"embeddable":true,"href":"https:\/\/ibizavilla.com\/fr\/wp-json\/wp\/v2\/comments?post=67219"}],"version-history":[{"count":0,"href":"https:\/\/ibizavilla.com\/fr\/wp-json\/wp\/v2\/pages\/67219\/revisions"}],"wp:attachment":[{"href":"https:\/\/ibizavilla.com\/fr\/wp-json\/wp\/v2\/media?parent=67219"}],"curies":[{"name":"wp","href":"https:\/\/api.w.org\/{rel}","templated":true}]}}