{"id":67777,"date":"2019-11-13T13:00:54","date_gmt":"2019-11-13T11:00:54","guid":{"rendered":"https:\/\/ibizavilla.com\/?page_id=67777"},"modified":"2019-12-02T17:27:39","modified_gmt":"2019-12-02T15:27:39","slug":"reservations","status":"publish","type":"page","link":"https:\/\/ibizavilla.com\/fr\/reservations\/","title":{"rendered":"R\u00e9servations"},"content":{"rendered":"<div class=\"wpb-content-wrapper\"><p>[vc_row css=\u00a0\u00bb.vc_custom_1572336922621{margin-top: 30px !important;padding-top: 30px !important;padding-bottom: 30px !important;}\u00a0\u00bb][vc_column][vc_column_text]<\/p>\n<h1 style=\"text-align: center;\">Service de r\u00e9servations &#8230; Ibiza Villa!<\/h1>\n<p>[\/vc_column_text][vc_column_text]<\/p>\n<h4 style=\"text-align: center;\">Tout le monde est d&rsquo;accord sur le fait que pendant les vacances, la d\u00e9tente est reine!<\/h4>\n<p>[\/vc_column_text][\/vc_column][\/vc_row][vc_row full_width=\u00a0\u00bbstretch_row\u00a0\u00bb bg_type=\u00a0\u00bbbg_color\u00a0\u00bb bg_color_value=\u00a0\u00bb#f4f4f4&Prime; css=\u00a0\u00bb.vc_custom_1572091197730{margin-top: 30px !important;}\u00a0\u00bb][vc_column][vc_row_inner][vc_column_inner][vc_column_text el_class=\u00a0\u00bbcustom-text-padding\u00a0\u00bb]<\/p>\n<h2 style=\"text-align: center;\">Tout le monde est d&rsquo;accord sur le fait que pendant les vacances, la d\u00e9tente est reine!<\/h2>\n<p>[\/vc_column_text][vc_column_text el_class=\u00a0\u00bbcustom-text-padding\u00a0\u00bb]<\/p>\n<p style=\"text-align: center;\">C\u2019est en effet un r\u00e9el confort d\u2019\u00eatre accompagn\u00e9 d\u00e8s le plus petit d\u00e9tail, comme r\u00e9server un restaurant, au plus important, comme avoir son propre chauffeur ou un chef priv\u00e9 \u00e0 domicile.<br \/>\nC\u2019est pourquoi, depuis 1998, Ibiza Villa propose \u00e0 ses clients des services de la plus haute qualit\u00e9 pour faire de leurs vacances un v\u00e9ritable s\u00e9jour de r\u00eave.<\/p>\n<p style=\"text-align: center;\">Nous avons pens\u00e9 \u00e0 une vaste liste de services et avons s\u00e9lectionn\u00e9 les meilleurs professionnels de l&rsquo;\u00eele d&rsquo;Ibiza pour vous offrir des services de qualit\u00e9 sup\u00e9rieure.<\/p>\n<p style=\"text-align: center;\">Nous ne voulons pas seulement vous offrir une incroyable villa de luxe dans les meilleurs endroits de l\u2019\u00eele, nous voulons aussi vous faire vivre une exp\u00e9rience de luxe unique.<br \/>\nVenez profiter de vos vacances avec notre combinaison parfaite villa de luxe + services.<\/p>\n<p>[\/vc_column_text][\/vc_column_inner][\/vc_row_inner][vc_row_inner][vc_column_inner][vc_single_image image=\u00a0\u00bb67418&Prime; img_size=\u00a0\u00bbfull\u00a0\u00bb alignment=\u00a0\u00bbcenter\u00a0\u00bb][\/vc_column_inner][\/vc_row_inner][vc_row_inner][vc_column_inner][vc_column_text el_class=\u00a0\u00bbcustom-text-padding\u00a0\u00bb]<\/p>\n<p style=\"text-align: center;\">Lorsque nous visitons une nouvelle destination, il est difficile de trouver les meilleurs restaurants, bars et caf\u00e9s. Et bien \u00e9videmment les locaux connaissent les endroits secrets mais ces derniers sont g\u00e9n\u00e9ralement cach\u00e9s aux touristes.<\/p>\n<p style=\"text-align: center;\">Ibiza Villa veut donner \u00e0 ses clients l&rsquo;occasion de go\u00fbter la meilleure cuisine de l&rsquo;\u00eele dans les endroits les plus \u00e9tonnants d&rsquo;Ibiza. C\u2019est pourquoi nous avons cr\u00e9\u00e9 un service de r\u00e9servation.<\/p>\n<p>[\/vc_column_text][\/vc_column_inner][\/vc_row_inner][\/vc_column][\/vc_row][vc_row css=\u00a0\u00bb.vc_custom_1572344771444{padding-top: 60px !important;padding-bottom: 30px !important;}\u00a0\u00bb][vc_column][vc_column_text]<\/p>\n<h3 style=\"text-align: center;\">Comment \u00e7a marche?<\/h3>\n<p>[\/vc_column_text][vc_column_text el_class=\u00a0\u00bbcustom-text-padding\u00a0\u00bb]<\/p>\n<h4 style=\"text-align: center;\">C&rsquo;est tr\u00e8s facile. Une personne de notre \u00e9quipe aura le plaisir de r\u00e9server le restaurant que vous souhaitez selon le jour et l\u2019heure de votre choix.<\/h4>\n<p>[\/vc_column_text][\/vc_column][\/vc_row][vc_row el_class=\u00a0\u00bbspecial-col-imgtext\u00a0\u00bb css=\u00a0\u00bb.vc_custom_1572345469564{padding-top: 30px !important;padding-bottom: 30px !important;}\u00a0\u00bb][vc_column][vc_row_inner equal_height=\u00a0\u00bbyes\u00a0\u00bb el_class=\u00a0\u00bbto-equal-height\u00a0\u00bb][vc_column_inner el_class=\u00a0\u00bbto-center-height\u00a0\u00bb offset=\u00a0\u00bbvc_col-lg-4 vc_col-md-12 vc_col-xs-12&Prime;][vc_column_text]<\/p>\n<p style=\"text-align: center;\">La seule chose que vous aurez \u00e0 faire sera de vous rendre sur place et de savourer un bon d\u00eener ou un d\u00e9licieux d\u00e9jeuner.<br \/>\nSi vous souhaitez des suggestions, notre \u00e9quipe est \u00e9galement pr\u00eate \u00e0 vous donner de nombreux conseils pour vous faire d\u00e9couvrir de nouveaux lieux et de nouveaux chefs.<\/p>\n<p>[\/vc_column_text][\/vc_column_inner][vc_column_inner el_class=\u00a0\u00bbimage-equl-no-btm\u00a0\u00bb offset=\u00a0\u00bbvc_col-lg-4 vc_col-md-12 vc_col-xs-12&Prime;][vc_single_image image=\u00a0\u00bb67422&Prime; img_size=\u00a0\u00bbfull\u00a0\u00bb alignment=\u00a0\u00bbcenter\u00a0\u00bb][\/vc_column_inner][vc_column_inner el_class=\u00a0\u00bbto-center-height\u00a0\u00bb offset=\u00a0\u00bbvc_col-lg-4 vc_col-md-12 vc_col-xs-12&Prime;][vc_column_text]<\/p>\n<p style=\"text-align: center;\">\u00cates-vous plus du genre disco? Vous \u00eates \u00e0 Ibiza avec des amis et vous souhaitez faire la f\u00eate jusqu&rsquo;au petit matin dans l&rsquo;atmosph\u00e8re d\u00e9lirante de cette \u00eele magique?<br \/>\nNous avons pens\u00e9 \u00e0 tout! En effet, nous avons cr\u00e9\u00e9 ce service de r\u00e9servation, non seulement pour les restaurants, mais aussi pour les discoth\u00e8ques.<\/p>\n<p>[\/vc_column_text][\/vc_column_inner][\/vc_row_inner][vc_row_inner equal_height=\u00a0\u00bbyes\u00a0\u00bb el_class=\u00a0\u00bbto-equal-height\u00a0\u00bb][vc_column_inner el_class=\u00a0\u00bbimage-equl-no-btm\u00a0\u00bb offset=\u00a0\u00bbvc_col-lg-4 vc_col-md-12 vc_col-xs-12&Prime;][vc_single_image image=\u00a0\u00bb67557&Prime; img_size=\u00a0\u00bbfull\u00a0\u00bb alignment=\u00a0\u00bbcenter\u00a0\u00bb][\/vc_column_inner][vc_column_inner el_class=\u00a0\u00bbto-center-height\u00a0\u00bb offset=\u00a0\u00bbvc_col-lg-4 vc_col-md-12 vc_col-xs-12&Prime;][vc_column_text]<\/p>\n<p style=\"text-align: center;\">Ainsi, il vous suffira de nous dire dans quelle discoth\u00e8que vous aimeriez aller et nous ferons en sorte de pouvoir vous aider sur la r\u00e9servation. Nous nous ferons un plaisir d&rsquo;appeler le personnel de la discoth\u00e8que qui vous int\u00e9resse pour r\u00e9server la meilleure table. Commen\u00e7ons la f\u00eate!<\/p>\n<p>[\/vc_column_text][\/vc_column_inner][vc_column_inner el_class=\u00a0\u00bbimage-equl-no-btm\u00a0\u00bb offset=\u00a0\u00bbvc_col-lg-4 vc_col-md-12 vc_col-xs-12&Prime;][vc_single_image image=\u00a0\u00bb67430&Prime; img_size=\u00a0\u00bbfull\u00a0\u00bb alignment=\u00a0\u00bbcenter\u00a0\u00bb][\/vc_column_inner][\/vc_row_inner][vc_row_inner equal_height=\u00a0\u00bbyes\u00a0\u00bb el_class=\u00a0\u00bbto-equal-height\u00a0\u00bb][vc_column_inner el_class=\u00a0\u00bbto-center-height\u00a0\u00bb offset=\u00a0\u00bbvc_col-lg-4 vc_col-md-12 vc_col-xs-12&Prime;][vc_column_text]<\/p>\n<p style=\"text-align: center;\">Si vous \u00eates \u00e0 Ibiza pour prendre soin de votre corps et faire du sport, l\u00e0 aussi nous r\u00e9pondons pr\u00e9sents. En effet, nous sommes en mesure de r\u00e9server des activit\u00e9s sportives dans toutes les parties de l&rsquo;\u00eele pour vous faire vivre une v\u00e9ritable aventure.<\/p>\n<p>[\/vc_column_text][\/vc_column_inner][vc_column_inner el_class=\u00a0\u00bbimage-equl-no-btm\u00a0\u00bb offset=\u00a0\u00bbvc_col-lg-4 vc_col-md-12 vc_col-xs-12&Prime;][vc_single_image image=\u00a0\u00bb67434&Prime; img_size=\u00a0\u00bbfull\u00a0\u00bb alignment=\u00a0\u00bbcenter\u00a0\u00bb][\/vc_column_inner][vc_column_inner el_class=\u00a0\u00bbto-center-height\u00a0\u00bb offset=\u00a0\u00bbvc_col-lg-4 vc_col-md-12 vc_col-xs-12&Prime;][vc_column_text]<\/p>\n<p style=\"text-align: center;\">Enfin, si vous souhaitez assister \u00e0 des \u00e9v\u00e9nements exclusifs \u00e0 Ibiza, vous \u00eates entre de bonnes mains. Ibiza Villa vous propose \u00e9galement un service de r\u00e9servation premium dans les \u00e9tablissements les plus r\u00e9put\u00e9s de l&rsquo;\u00eele.<\/p>\n<p>[\/vc_column_text][\/vc_column_inner][\/vc_row_inner][\/vc_column][\/vc_row][vc_row css=\u00a0\u00bb.vc_custom_1572346632984{padding-top: 60px !important;padding-bottom: 60px !important;}\u00a0\u00bb][vc_column][vc_column_text el_class=\u00a0\u00bbcustom-text-padding\u00a0\u00bb]<\/p>\n<h3 style=\"text-align: center;\">R\u00e9servation Premium!<\/h3>\n<p>[\/vc_column_text][vc_column_text el_class=\u00a0\u00bbcustom-text-padding\u00a0\u00bb]<\/p>\n<p style=\"text-align: center;\">Qu&rsquo;est-ce que vous attendez? Contactez-nous et parlez-nous de vos besoins. Nous serons heureux d&rsquo;apporter \u00e0 vos vacances un autre niveau de d\u00e9tente.<\/p>\n<p>[\/vc_column_text][\/vc_column][\/vc_row][vc_row css=\u00a0\u00bb.vc_custom_1574963226616{padding-top: 20px !important;}\u00a0\u00bb][vc_column]<div class=\" ult_buttons ubtn-ctn-center \"><a class=\"ubtn-link ult-adjust-bottom-margin ubtn-center ubtn-normal \" href=\"mailto:info@ibizavilla.com\" ><button type=\"button\" id=\"ubtn-6259\"  class=\"ubtn ult-adjust-bottom-margin ult-responsive ubtn-normal ubtn-fade-bg  none  ubtn-center   tooltip-69e8701baca2f\"  data-hover=\"#0090ff\" data-border-color=\"#10c1ed\" data-bg=\"\" data-hover-bg=\"#ffffff\" data-border-hover=\"#0090ff\" data-shadow-hover=\"\" data-shadow-click=\"none\" data-shadow=\"\" data-shd-shadow=\"\"  data-ultimate-target='#ubtn-6259'  data-responsive-json-new='{\"font-size\":\"\",\"line-height\":\"\"}'  style=\"font-weight:normal;border-radius:30px;border-width:2px;border-color:#10c1ed;border-style:solid;color: #10c1ed;\"><span class=\"ubtn-hover\" style=\"background-color:#ffffff\"><\/span><span class=\"ubtn-data ubtn-text \" >R\u00e9servations &amp; infos<\/span><\/button><\/a><\/div>[\/vc_column][\/vc_row][vc_row full_width=\u00a0\u00bbstretch_row_content_no_spaces\u00a0\u00bb el_class=\u00a0\u00bbbg-no-mb\u00a0\u00bb css=\u00a0\u00bb.vc_custom_1573291425056{padding-top: 30px !important;}\u00a0\u00bb][vc_column][vc_single_image image=\u00a0\u00bb67344&Prime; img_size=\u00a0\u00bbfull\u00a0\u00bb alignment=\u00a0\u00bbcenter\u00a0\u00bb][\/vc_column][\/vc_row]<\/p>\n<\/div>","protected":false},"excerpt":{"rendered":"<p>[vc_row css=\u00a0\u00bb.vc_custom_1572336922621{margin-top: 30px !important;padding-top: 30px !important;padding-bottom: 30px !important;}\u00a0\u00bb][vc_column][vc_column_text] Service de r\u00e9servations &#8230; Ibiza Villa! [\/vc_column_text][vc_column_text] Tout le monde est d&rsquo;accord sur le fait que pendant les vacances, la d\u00e9tente est reine! [\/vc_column_text][\/vc_column][\/vc_row][vc_row full_width=\u00a0\u00bbstretch_row\u00a0\u00bb bg_type=\u00a0\u00bbbg_color\u00a0\u00bb bg_color_value=\u00a0\u00bb#f4f4f4&Prime; css=\u00a0\u00bb.vc_custom_1572091197730{margin-top: 30px !important;}\u00a0\u00bb][vc_column][vc_row_inner][vc_column_inner][vc_column_text el_class=\u00a0\u00bbcustom-text-padding\u00a0\u00bb] Tout le monde est d&rsquo;accord sur le fait que pendant les vacances, la d\u00e9tente est reine! &#8230;<\/p>\n","protected":false},"author":9,"featured_media":0,"parent":0,"menu_order":0,"comment_status":"closed","ping_status":"closed","template":"","meta":{"_acf_changed":false,"_joinchat":[],"footnotes":""},"class_list":["post-67777","page","type-page","status-publish","hentry"],"acf":[],"_links":{"self":[{"href":"https:\/\/ibizavilla.com\/fr\/wp-json\/wp\/v2\/pages\/67777","targetHints":{"allow":["GET"]}}],"collection":[{"href":"https:\/\/ibizavilla.com\/fr\/wp-json\/wp\/v2\/pages"}],"about":[{"href":"https:\/\/ibizavilla.com\/fr\/wp-json\/wp\/v2\/types\/page"}],"author":[{"embeddable":true,"href":"https:\/\/ibizavilla.com\/fr\/wp-json\/wp\/v2\/users\/9"}],"replies":[{"embeddable":true,"href":"https:\/\/ibizavilla.com\/fr\/wp-json\/wp\/v2\/comments?post=67777"}],"version-history":[{"count":0,"href":"https:\/\/ibizavilla.com\/fr\/wp-json\/wp\/v2\/pages\/67777\/revisions"}],"wp:attachment":[{"href":"https:\/\/ibizavilla.com\/fr\/wp-json\/wp\/v2\/media?parent=67777"}],"curies":[{"name":"wp","href":"https:\/\/api.w.org\/{rel}","templated":true}]}}