{"id":67784,"date":"2019-11-13T13:02:04","date_gmt":"2019-11-13T11:02:04","guid":{"rendered":"https:\/\/ibizavilla.com\/?page_id=67784"},"modified":"2023-10-30T14:25:42","modified_gmt":"2023-10-30T12:25:42","slug":"location-de-voitures","status":"publish","type":"page","link":"https:\/\/ibizavilla.com\/fr\/location-de-voitures\/","title":{"rendered":"Location de voitures"},"content":{"rendered":"<div class=\"wpb-content-wrapper\"><p>[vc_row full_width=\u00a0\u00bbstretch_row\u00a0\u00bb css=\u00a0\u00bb.vc_custom_1572365070235{margin-top: 60px !important;padding-top: 30px !important;background-color: #f9f9f9 !important;}\u00a0\u00bb][vc_column][vc_column_text]<\/p>\n<h2 style=\"text-align: center;\">N\u2019est-ce pas un sentiment merveilleux que d\u2019allumer le moteur de votre voiture et de commencer votre aventure\u2026 \u00eates-vous pr\u00eat?<\/h2>\n<p>[\/vc_column_text][vc_column_text]<\/p>\n<p style=\"text-align: center;\">Ibiza Villa sait \u00e0 quel point il est important de pouvoir se d\u00e9placer confortablement.<\/p>\n<p>Pour vous sentir vraiment libre de pouvoir visiter chaque recoin de la magnifique \u00eele d\u2019Ibiza, vous aurez besoin d\u2019une voiture capable de vous conduire dans des lieux \u00e9tonnants. Chez Ibiza Villa, nous nous effor\u00e7ons de vous garantir la libert\u00e9 d&rsquo;en<\/p>\n<p>d\u00e9couvrir davantage. Nous ferons de notre mieux pour vous trouver la voiture id\u00e9ale et vous fournir une exp\u00e9rience sans stress du d\u00e9but \u00e0 la fin. Ici vous pouvez en savoir plus sur notre fonctionnement.<\/p>\n<p>Notre objectif est de rendre votre exp\u00e9rience de location de voiture simple et pratique, comme si vous conduisiez votre propre voiture. Louer une voiture offre une totale libert\u00e9, et nous vous aiderons \u00e0 trouver celle qui vous convient et au meilleur prix. Nous sommes l\u00e0 pour vous aider et rendre l&rsquo;exp\u00e9rience de location moins stressante.[\/vc_column_text][\/vc_column][\/vc_row][vc_row full_width=\u00a0\u00bbstretch_row\u00a0\u00bb bg_type=\u00a0\u00bbimage\u00a0\u00bb parallax_style=\u00a0\u00bbvcpb-vz-jquery\u00a0\u00bb bg_image_new=\u00a0\u00bbid^28572|url^https:\/\/ibizavilla.com\/wp-content\/uploads\/2018\/10\/porsche-panamera_hd_55791.jpg|caption^null|alt^null|title^porsche-panamera_hd_55791|description^null\u00a0\u00bb bg_image_repeat=\u00a0\u00bbno-repeat\u00a0\u00bb css=\u00a0\u00bb.vc_custom_1572364582423{background-color: #f9f9f9 !important;}\u00a0\u00bb][vc_column width=\u00a0\u00bb1\/2&Prime;][vc_column_text]<span style=\"color: #ffffff;\">Pendant vos vacances, comme dans la vie elle-m\u00eame, les compagnons de voyage sont aussi importants que votre destination. Pour cette raison, \u00e0 Ibiza Villa depuis 1998, nous travaillons dur pour offrir chaque jour le meilleur service \u00e0 nos clients en mati\u00e8re de location de voitures et de scooters pour vos vacances \u00e0 Ibiza. <\/span><\/p>\n<p><span style=\"color: #ffffff;\">Dans notre entreprise, vous trouverez de tout nouveaux v\u00e9hicules, des livraisons personnalis\u00e9es \u00e0 l&rsquo;a\u00e9roport et dans des villas. , mod\u00e8les abordables et de luxe, prix d\u00e9taill\u00e9s sans co\u00fbts cach\u00e9s et personnel multilingue. Comme toujours, nous travaillons avec le sourire aux l\u00e8vres\u2026 <\/span><\/p>\n<p><span style=\"color: #ffffff;\">parce que nous voulons que vous tombiez amoureux d\u2019Ibiza et que vous d\u00e9couvriez tous les tr\u00e9sors cach\u00e9s le long de ses routes\u2026<\/span>[\/vc_column_text]<div class=\" ult_buttons ubtn-ctn-left \"><a class=\"ubtn-link ult-adjust-bottom-margin ubtn-left ubtn-normal \" href=\"mailto:info@ibizavilla.com\" ><button type=\"button\" id=\"ubtn-3141\"  class=\"ubtn ult-adjust-bottom-margin ult-responsive ubtn-normal ubtn-no-hover-bg  none  ubtn-left   tooltip-69e3ee8727010\"  data-hover=\"#ffffff\" data-border-color=\"\" data-bg=\"#ffffff\" data-hover-bg=\"#00b2ff\" data-border-hover=\"\" data-shadow-hover=\"\" data-shadow-click=\"none\" data-shadow=\"\" data-shd-shadow=\"\"  data-ultimate-target='#ubtn-3141'  data-responsive-json-new='{\"font-size\":\"\",\"line-height\":\"\"}'  style=\"font-weight:normal;border:none;background: #ffffff;color: #000000;\"><span class=\"ubtn-hover\" style=\"background-color:#00b2ff\"><\/span><span class=\"ubtn-data ubtn-text \" >Info &amp; Bookings<\/span><\/button><\/a><\/div>[\/vc_column][vc_column width=\u00a0\u00bb1\/2&Prime;][\/vc_column][\/vc_row][vc_row full_width=\u00a0\u00bbstretch_row\u00a0\u00bb css=\u00a0\u00bb.vc_custom_1572364435859{border-bottom-width: 30px !important;padding-top: 20px !important;padding-bottom: 20px !important;background-color: #f9f9f9 !important;}\u00a0\u00bb][vc_column][vc_column_text]<\/p>\n<p style=\"text-align: center;\">Nous savons que la qualit\u00e9 du service que vous recevez est importante.<\/p>\n<p style=\"text-align: center;\">C&rsquo;est pourquoi notre \u00e9quipe est multilingue et qualifi\u00e9e. De cette fa\u00e7on, vous recevrez les meilleurs conseils pour vous guider vers les meilleures options.<\/p>\n<p style=\"text-align: center;\">Nous travaillons avec la meilleure soci\u00e9t\u00e9 de location \u00e0 Ibiza depuis 1998. Nous avons choisi la meilleure dans le but de vous offrir un large choix de v\u00e9hicules et des offres qui feront la diff\u00e9rence lors de votre s\u00e9jour dans votre villa de luxe.<\/p>\n<p style=\"text-align: center;\">Nous vous accompagnerons \u00e0 chaque \u00e9tape.<\/p>\n<p style=\"text-align: center;\">Notre service client est l\u00e0 pour vous aider pendant votre voyage, o\u00f9 que vous soyez et \u00e0 tout moment, car nous sommes heureux de pouvoir vous offrir une exp\u00e9rience de location exceptionnelle.<\/p>\n<p style=\"text-align: center;\">Gr\u00e2ce \u00e0 notre large exp\u00e9rience, nous trouvons toujours la meilleure solution pour vous, avec d&rsquo;excellentes offres et les derniers mod\u00e8les de voitures disponibles.<\/p>\n<p style=\"text-align: center;\">Non seulement nous trouverons pour vous la meilleure voiture, mais nous vous assisterons \u00e0 chaque \u00e9tape de la location.<\/p>\n<p>[\/vc_column_text][\/vc_column][\/vc_row][vc_row full_width=\u00a0\u00bbstretch_row\u00a0\u00bb css=\u00a0\u00bb.vc_custom_1572364917346{margin-top: 30px !important;padding-bottom: 30px !important;}\u00a0\u00bb][vc_column][vc_column_text]<\/p>\n<h3 style=\"text-align: center;\">Nous vous assisterons \u00e0 chaque \u00e9tape<\/h3>\n<p>[\/vc_column_text][vc_column_text]<\/p>\n<p style=\"text-align: center;\">Vous pouvez nous contacter par t\u00e9l\u00e9phone ou par e-mail et nous serons heureux de vous envoyer les multiples options disponibles.<\/p>\n<p style=\"text-align: center;\">Vous pourrez comparer selon le mod\u00e8le et le prix et, gr\u00e2ce \u00e0 nos conseils, vous pourrez faire votre choix en toute qui\u00e9tude. Choisissez votre voiture, ajoutez des produits suppl\u00e9mentaires, tels qu&rsquo;une assurance plus compl\u00e8te ou un chauffeur, et compl\u00e9tez la r\u00e9servation.<\/p>\n<p>[\/vc_column_text][\/vc_column][\/vc_row][vc_row][vc_column][vc_raw_html]JTNDc2NyaXB0JTIwdHlwZSUzRCUyMnRleHQlMkZqYXZhc2NyaXB0JTIyJTIwc3JjJTNEJTIyJTJGd3AtY29udGVudCUyRnVwbG9hZHMlMkZpZnJhbWVSZXNpemVyLm1pbi5qcyUyMiUzRSUzQyUyRnNjcmlwdCUzRSUwQSUzQ2lmcmFtZSUyMHN0eWxlJTNEJTIyd2lkdGglM0ExMDAlMjUlM0Jib3JkZXIlM0Fub25lJTNCbWluLWhlaWdodCUzQTUwMHB4JTNCaGVpZ2h0JTNBYXV0byUzQiUyMiUyMGlkJTNEJTIyaWZyYW1lX2NhcnBsdXNfYWZpbGlhZG8lMjIlMjBzcmMlM0QlMjJodHRwcyUzQSUyRiUyRmJvb2tpbmdzLm1vdG9sdWlzLmNvbSUyRiUzRmlkaW9tYSUzRGVuJTI2YWZpbGlhZG8lM0Q0MzAwMDA2MDgzJTI2Y29sb3JfYWZpbGlhZG8lM0RjeWFuJTIyJTIwc2Nyb2xsaW5nJTNEJTIyeWVzJTIyJTNFJTNDJTJGaWZyYW1lJTNFJTBBJTNDc2NyaXB0JTNFaUZyYW1lUmVzaXplJTI4JTdCbG9nJTNBZmFsc2UlN0QlMkMlMjAlMjclMjNpZnJhbWVfY2FycGx1c19hZmlsaWFkbyUyNyUyOSUzQyUyRnNjcmlwdCUzRQ==[\/vc_raw_html][\/vc_column][\/vc_row][vc_row full_width=\u00a0\u00bbstretch_row\u00a0\u00bb css=\u00a0\u00bb.vc_custom_1572365112481{padding-bottom: 60px !important;}\u00a0\u00bb][vc_column][vc_column_text]<\/p>\n<h3 style=\"text-align: center;\">Pourquoi choisir ce service?<\/h3>\n<p>[\/vc_column_text][vc_column_text]<\/p>\n<p style=\"text-align: center;\">Nous nous occuperons de tout, en vous fournissant la voiture que vous aurez choisi le jour de votre arriv\u00e9e directement \u00e0 l\u2019a\u00e9roport. De cette fa\u00e7on, vous pourrez commencer vos vacances de mani\u00e8re d\u00e9tendue et sans aucun stress. Profitez de notre assistance. Nous sommes disponibles 7 jours sur 7 pour vous aider avant, pendant et apr\u00e8s votre voyage.<\/p>\n<p style=\"text-align: center;\">Pourquoi utiliser notre service?<\/p>\n<p>Tout simplement parce que nous vous offrons un excellent rapport qualit\u00e9-prix et une tranquillit\u00e9 d\u2019esprit pendant votre voyage. Nous utilisons toute notre exp\u00e9rience et celle de nos clients pour vous garantir un v\u00e9hicule adapt\u00e9 \u00e0 vos besoins et un service de haute qualit\u00e9.<\/p>\n<p style=\"text-align: center;\">Profitez de votre voyage. Commencez votre aventure.<\/p>\n<p>[\/vc_column_text][\/vc_column][\/vc_row][vc_row][vc_column]<div class=\"article_container slider_container bottom-estate_property nobutton\" ><div class=\"slider_control_left  wprentals_slider_control_left\"><\/div>\n                       <div class=\"slider_control_right wprentals_slider_control_right\"><\/div><h2 class=\"shortcode_title title_slider\">Recent properties<\/h2><div class=\"shortcode_slider_wrapper\"  data-auto=\"0\" ><ul class=\"shortcode_slider_list\"><li>\r\n\r\n<div itemscope itemtype=\"http:\/\/schema.org\/Product\" class=\"listing_wrapper col-md- shortcode-col property_unit_v1  property_flex \" data-org=\"4\" data-listid=\"58790\" >\r\n\r\n    \r\n    <div class=\"property_listing \" >\r\n        \r\n            <div class=\"listing-unit-img-wrapper\"><div class=\"property_unit_action\">\n    <span class=\"icon-fav icon-fav-off\" data-original-title=\"add to favorites\" data-postid=\"58790\">\n        <svg viewBox=\"0 0 32 32\" xmlns=\"http:\/\/www.w3.org\/2000\/svg\" aria-hidden=\"true\" role=\"presentation\" focusable=\"false\" \nstyle=\"display: block;  height: 24px; width: 24px; stroke: #fff; stroke-width: 2; overflow: visible;\">\n<path d=\"m16 28c7-4.733 14-10 14-17 0-1.792-.683-3.583-2.05-4.95-1.367-1.366-3.158-2.05-4.95-2.05-1.791 0-3.583.684-4.949 2.05l-2.051 2.051-2.05-2.051c-1.367-1.366-3.158-2.05-4.95-2.05-1.791 0-3.583.684-4.949 2.05-1.367 1.367-2.051 3.158-2.051 4.95 0 7 7 12.267 14 17z\"><\/path>\n<\/svg><\/span>\n    <\/div><a href=\"https:\/\/ibizavilla.com\/fr\/properties\/can-jondal\/\" target=\"_self\" ><img decoding=\"async\" itemprop=\"image\" src=\"https:\/\/ibizavilla.com\/wp-content\/uploads\/2019\/03\/can_jondal_2-400x314.jpg\" class=\"b-lazy img-responsive wp-post-image lazy-hidden\" alt=\"Can Jondal, villa de luxe avec piscine \u00e0 Ibiza, Cala Jondal\" title=\"\"><\/a><div class=\"price_unit_wrapper\"> <\/div><div class=\"\" itemprop=\"offers\" itemscope itemtype=\"http:\/\/schema.org\/Offer\"> <link itemprop=\"url\" href=\"https:\/\/ibizavilla.com\/fr\/properties\/can-jondal\/\"\/><meta itemprop=\"priceCurrency\" content=\"\u20ac\" \/><div class=\"price_unit\"><span itemprop=\"price\" content=\"4800\">4.800 \u20ac<span class=\"pernight\"> \/night<\/span><\/div><\/div><\/div>\r\n\r\n\r\n            <div class=\"featured_div\">featured<\/div><div class=\"property_status_wrapper\"><\/div>\r\n            <div class=\"title-container\">\r\n\r\n                                <div class=\"price_unit desde_fr\">\r\n                        <span class=\"pernight\">\r\n                            4800 \u20ac\r\n                        <\/span>\r\n                    <\/div>\r\n                \r\n            <meta itemprop=\"ratingValue\" content=\"0\"\/><div class=rating_placeholder><\/div>\r\n            <div class=\"owner_thumb\" style=\"background-image: url()\"><\/div>\r\n            <div class=\"category_name\">\r\n                    <a  itemprop=\"url\"  href=\"https:\/\/ibizavilla.com\/fr\/properties\/can-jondal\/\"  class=\"listing_title_unit\" >\n    \n    \n   <span itemprop=\"name\">\n    Can Jondal, villa de luxe avec piscine \u00e0 Ibiza, Cala...    <\/span>\n<\/a>\r\n                <div class=\"category_tagline map_icon\">\r\n                    <a href=\"https:\/\/ibizavilla.com\/fr\/area\/cala-jondal-fr\/\" rel=\"tag\">Cala Jondal<\/a>, <a href=\"https:\/\/ibizavilla.com\/fr\/city\/san-jose\/\" rel=\"tag\">San Jos\u00e9<\/a>                <\/div>\r\n\r\n                <div class=\"category_tagline actions_icon\">\r\n                    <a href=\"https:\/\/ibizavilla.com\/fr\/listings\/rentals\/\" rel=\"tag\">Location<\/a> \/ <a href=\"https:\/\/ibizavilla.com\/fr\/action\/villa-fr\/\" rel=\"tag\">Villa<\/a>                <\/div>\r\n            <\/div>\r\n\r\n                        <\/div>\r\n\r\n\r\n        \r\n        <\/div>\r\n    <\/div>\r\n<\/li><li>\r\n\r\n<div itemscope itemtype=\"http:\/\/schema.org\/Product\" class=\"listing_wrapper col-md- shortcode-col property_unit_v1  property_flex \" data-org=\"4\" data-listid=\"42243\" >\r\n\r\n    \r\n    <div class=\"property_listing \" >\r\n        \r\n            <div class=\"listing-unit-img-wrapper\"><div class=\"property_unit_action\">\n    <span class=\"icon-fav icon-fav-off\" data-original-title=\"add to favorites\" data-postid=\"42243\">\n        <svg viewBox=\"0 0 32 32\" xmlns=\"http:\/\/www.w3.org\/2000\/svg\" aria-hidden=\"true\" role=\"presentation\" focusable=\"false\" \nstyle=\"display: block;  height: 24px; width: 24px; stroke: #fff; stroke-width: 2; overflow: visible;\">\n<path d=\"m16 28c7-4.733 14-10 14-17 0-1.792-.683-3.583-2.05-4.95-1.367-1.366-3.158-2.05-4.95-2.05-1.791 0-3.583.684-4.949 2.05l-2.051 2.051-2.05-2.051c-1.367-1.366-3.158-2.05-4.95-2.05-1.791 0-3.583.684-4.949 2.05-1.367 1.367-2.051 3.158-2.051 4.95 0 7 7 12.267 14 17z\"><\/path>\n<\/svg><\/span>\n    <\/div><a href=\"https:\/\/ibizavilla.com\/fr\/properties\/casa-domingo\/\" target=\"_self\" ><img decoding=\"async\" itemprop=\"image\" src=\"https:\/\/ibizavilla.com\/wp-content\/uploads\/2018\/11\/casa_domingo_01-400x314.jpg\" class=\"b-lazy img-responsive wp-post-image lazy-hidden\" alt=\"Casa Domingo, villa avec vue mer \u00e0 Ibiza, Es Cubells\" title=\"\"><\/a><div class=\"price_unit_wrapper\"> <\/div><div class=\"\" itemprop=\"offers\" itemscope itemtype=\"http:\/\/schema.org\/Offer\"> <link itemprop=\"url\" href=\"https:\/\/ibizavilla.com\/fr\/properties\/casa-domingo\/\"\/><meta itemprop=\"priceCurrency\" content=\"\u20ac\" \/><div class=\"price_unit\"><span itemprop=\"price\" content=\"643\">643 \u20ac<span class=\"pernight\"> \/night<\/span><\/div><\/div><\/div>\r\n\r\n\r\n            <div class=\"featured_div\">featured<\/div><div class=\"property_status_wrapper\"><\/div>\r\n            <div class=\"title-container\">\r\n\r\n                                <div class=\"price_unit desde_fr\">\r\n                        <span class=\"pernight\">\r\n                            643 \u20ac\r\n                        <\/span>\r\n                    <\/div>\r\n                \r\n            <meta itemprop=\"ratingValue\" content=\"0\"\/><div class=rating_placeholder><\/div>\r\n            <div class=\"owner_thumb\" style=\"background-image: url()\"><\/div>\r\n            <div class=\"category_name\">\r\n                    <a  itemprop=\"url\"  href=\"https:\/\/ibizavilla.com\/fr\/properties\/casa-domingo\/\"  class=\"listing_title_unit\" >\n    \n    \n   <span itemprop=\"name\">\n    Casa Domingo, villa avec vue mer \u00e0 Ibiza, Es Cubells    <\/span>\n<\/a>\r\n                <div class=\"category_tagline map_icon\">\r\n                    <a href=\"https:\/\/ibizavilla.com\/fr\/area\/es-cubells-fr-2\/\" rel=\"tag\">Es Cubells<\/a>, <a href=\"https:\/\/ibizavilla.com\/fr\/city\/san-jose\/\" rel=\"tag\">San Jos\u00e9<\/a>                <\/div>\r\n\r\n                <div class=\"category_tagline actions_icon\">\r\n                    <a href=\"https:\/\/ibizavilla.com\/fr\/listings\/rentals\/\" rel=\"tag\">Location<\/a> \/ <a href=\"https:\/\/ibizavilla.com\/fr\/action\/villa-fr\/\" rel=\"tag\">Villa<\/a>                <\/div>\r\n            <\/div>\r\n\r\n                        <\/div>\r\n\r\n\r\n        \r\n        <\/div>\r\n    <\/div>\r\n<\/li><li>\r\n\r\n<div itemscope itemtype=\"http:\/\/schema.org\/Product\" class=\"listing_wrapper col-md- shortcode-col property_unit_v1  property_flex \" data-org=\"4\" data-listid=\"40965\" >\r\n\r\n    \r\n    <div class=\"property_listing \" >\r\n        \r\n            <div class=\"listing-unit-img-wrapper\"><div class=\"property_unit_action\">\n    <span class=\"icon-fav icon-fav-off\" data-original-title=\"add to favorites\" data-postid=\"40965\">\n        <svg viewBox=\"0 0 32 32\" xmlns=\"http:\/\/www.w3.org\/2000\/svg\" aria-hidden=\"true\" role=\"presentation\" focusable=\"false\" \nstyle=\"display: block;  height: 24px; width: 24px; stroke: #fff; stroke-width: 2; overflow: visible;\">\n<path d=\"m16 28c7-4.733 14-10 14-17 0-1.792-.683-3.583-2.05-4.95-1.367-1.366-3.158-2.05-4.95-2.05-1.791 0-3.583.684-4.949 2.05l-2.051 2.051-2.05-2.051c-1.367-1.366-3.158-2.05-4.95-2.05-1.791 0-3.583.684-4.949 2.05-1.367 1.367-2.051 3.158-2.051 4.95 0 7 7 12.267 14 17z\"><\/path>\n<\/svg><\/span>\n    <\/div><a href=\"https:\/\/ibizavilla.com\/fr\/properties\/casa-roan\/\" target=\"_self\" ><img decoding=\"async\" itemprop=\"image\" src=\"https:\/\/ibizavilla.com\/wp-content\/uploads\/2022\/07\/Casa-Roan_Ibiza-Villa-2-400x314.jpg\" class=\"b-lazy img-responsive wp-post-image lazy-hidden\" alt=\"Casa Roan, moderne villa avec vue mer \u00e0 Ibiza, Cala Moli\" title=\"\"><\/a><div class=\"price_unit_wrapper\"> <\/div><div class=\"\" itemprop=\"offers\" itemscope itemtype=\"http:\/\/schema.org\/Offer\"> <link itemprop=\"url\" href=\"https:\/\/ibizavilla.com\/fr\/properties\/casa-roan\/\"\/><meta itemprop=\"priceCurrency\" content=\"\u20ac\" \/><div class=\"price_unit\"><span itemprop=\"price\" content=\"893\">893 \u20ac<span class=\"pernight\"> \/night<\/span><\/div><\/div><\/div>\r\n\r\n\r\n            <div class=\"featured_div\">featured<\/div><div class=\"property_status_wrapper\"><\/div>\r\n            <div class=\"title-container\">\r\n\r\n                                <div class=\"price_unit desde_fr\">\r\n                        <span class=\"pernight\">\r\n                            893 \u20ac\r\n                        <\/span>\r\n                    <\/div>\r\n                \r\n            <meta itemprop=\"ratingValue\" content=\"0\"\/><div class=rating_placeholder><\/div>\r\n            <div class=\"owner_thumb\" style=\"background-image: url()\"><\/div>\r\n            <div class=\"category_name\">\r\n                    <a  itemprop=\"url\"  href=\"https:\/\/ibizavilla.com\/fr\/properties\/casa-roan\/\"  class=\"listing_title_unit\" >\n    \n    \n   <span itemprop=\"name\">\n    Casa Roan, moderne villa avec vue mer \u00e0 Ibiza, Cala Moli    <\/span>\n<\/a>\r\n                <div class=\"category_tagline map_icon\">\r\n                    <a href=\"https:\/\/ibizavilla.com\/fr\/area\/cala-moli-fr\/\" rel=\"tag\">Cala Moli<\/a>, <a href=\"https:\/\/ibizavilla.com\/fr\/city\/san-jose\/\" rel=\"tag\">San Jos\u00e9<\/a>                <\/div>\r\n\r\n                <div class=\"category_tagline actions_icon\">\r\n                    <a href=\"https:\/\/ibizavilla.com\/fr\/listings\/rentals\/\" rel=\"tag\">Location<\/a> \/ <a href=\"https:\/\/ibizavilla.com\/fr\/action\/villa-fr\/\" rel=\"tag\">Villa<\/a>                <\/div>\r\n            <\/div>\r\n\r\n                        <\/div>\r\n\r\n\r\n        \r\n        <\/div>\r\n    <\/div>\r\n<\/li><li>\r\n\r\n<div itemscope itemtype=\"http:\/\/schema.org\/Product\" class=\"listing_wrapper col-md- shortcode-col property_unit_v1  property_flex \" data-org=\"4\" data-listid=\"39834\" >\r\n\r\n    \r\n    <div class=\"property_listing \" >\r\n        \r\n            <div class=\"listing-unit-img-wrapper\"><div class=\"property_unit_action\">\n    <span class=\"icon-fav icon-fav-off\" data-original-title=\"add to favorites\" data-postid=\"39834\">\n        <svg viewBox=\"0 0 32 32\" xmlns=\"http:\/\/www.w3.org\/2000\/svg\" aria-hidden=\"true\" role=\"presentation\" focusable=\"false\" \nstyle=\"display: block;  height: 24px; width: 24px; stroke: #fff; stroke-width: 2; overflow: visible;\">\n<path d=\"m16 28c7-4.733 14-10 14-17 0-1.792-.683-3.583-2.05-4.95-1.367-1.366-3.158-2.05-4.95-2.05-1.791 0-3.583.684-4.949 2.05l-2.051 2.051-2.05-2.051c-1.367-1.366-3.158-2.05-4.95-2.05-1.791 0-3.583.684-4.949 2.05-1.367 1.367-2.051 3.158-2.051 4.95 0 7 7 12.267 14 17z\"><\/path>\n<\/svg><\/span>\n    <\/div><a href=\"https:\/\/ibizavilla.com\/fr\/properties\/can-puig-de-mar\/\" target=\"_self\" ><img decoding=\"async\" itemprop=\"image\" src=\"https:\/\/ibizavilla.com\/wp-content\/uploads\/2025\/01\/Can-Puig-de-Mar_Ibiza-Villa-FILEminimizer-400x314.jpg\" class=\"b-lazy img-responsive wp-post-image lazy-hidden\" alt=\"Can Puig de Mar, villa avec vue mer \u00e0 Ibiza, Cala Moli\" title=\"\"><\/a><div class=\"price_unit_wrapper\"> <\/div><div class=\"\" itemprop=\"offers\" itemscope itemtype=\"http:\/\/schema.org\/Offer\"> <link itemprop=\"url\" href=\"https:\/\/ibizavilla.com\/fr\/properties\/can-puig-de-mar\/\"\/><meta itemprop=\"priceCurrency\" content=\"\u20ac\" \/><div class=\"price_unit\"><span itemprop=\"price\" content=\"1186\">1.186 \u20ac<span class=\"pernight\"> \/night<\/span><\/div><\/div><\/div>\r\n\r\n\r\n            <div class=\"featured_div\">featured<\/div><div class=\"property_status_wrapper\"><\/div>\r\n            <div class=\"title-container\">\r\n\r\n                                <div class=\"price_unit desde_fr\">\r\n                        <span class=\"pernight\">\r\n                            1186 \u20ac\r\n                        <\/span>\r\n                    <\/div>\r\n                \r\n            <meta itemprop=\"ratingValue\" content=\"0\"\/><div class=rating_placeholder><\/div>\r\n            <div class=\"owner_thumb\" style=\"background-image: url()\"><\/div>\r\n            <div class=\"category_name\">\r\n                    <a  itemprop=\"url\"  href=\"https:\/\/ibizavilla.com\/fr\/properties\/can-puig-de-mar\/\"  class=\"listing_title_unit\" >\n    \n    \n   <span itemprop=\"name\">\n    Can Puig de Mar, villa avec vue mer \u00e0 Ibiza, Cala Moli    <\/span>\n<\/a>\r\n                <div class=\"category_tagline map_icon\">\r\n                    <a href=\"https:\/\/ibizavilla.com\/fr\/area\/cala-moli-fr\/\" rel=\"tag\">Cala Moli<\/a>, <a href=\"https:\/\/ibizavilla.com\/fr\/city\/san-jose\/\" rel=\"tag\">San Jos\u00e9<\/a>                <\/div>\r\n\r\n                <div class=\"category_tagline actions_icon\">\r\n                    <a href=\"https:\/\/ibizavilla.com\/fr\/listings\/rentals\/\" rel=\"tag\">Location<\/a> \/ <a href=\"https:\/\/ibizavilla.com\/fr\/action\/villa-fr\/\" rel=\"tag\">Villa<\/a>                <\/div>\r\n            <\/div>\r\n\r\n                        <\/div>\r\n\r\n\r\n        \r\n        <\/div>\r\n    <\/div>\r\n<\/li><\/ul><\/div><\/div>[\/vc_column][\/vc_row][vc_row css=\u00a0\u00bb.vc_custom_1574963226616{padding-top: 20px !important;}\u00a0\u00bb][vc_column]<div class=\" ult_buttons ubtn-ctn-center \"><a class=\"ubtn-link ult-adjust-bottom-margin ubtn-center ubtn-normal \" href=\"mailto:info@ibizavilla.com\" ><button type=\"button\" id=\"ubtn-8842\"  class=\"ubtn ult-adjust-bottom-margin ult-responsive ubtn-normal ubtn-fade-bg  none  ubtn-center   tooltip-69e3ee87508a4\"  data-hover=\"#0090ff\" data-border-color=\"#10c1ed\" data-bg=\"\" data-hover-bg=\"#ffffff\" data-border-hover=\"#0090ff\" data-shadow-hover=\"\" data-shadow-click=\"none\" data-shadow=\"\" data-shd-shadow=\"\"  data-ultimate-target='#ubtn-8842'  data-responsive-json-new='{\"font-size\":\"\",\"line-height\":\"\"}'  style=\"font-weight:normal;border-radius:30px;border-width:2px;border-color:#10c1ed;border-style:solid;color: #10c1ed;\"><span class=\"ubtn-hover\" style=\"background-color:#ffffff\"><\/span><span class=\"ubtn-data ubtn-text \" >R\u00e9servations &amp; infos<\/span><\/button><\/a><\/div>[\/vc_column][\/vc_row][vc_row full_width=\u00a0\u00bbstretch_row_content_no_spaces\u00a0\u00bb el_class=\u00a0\u00bbbg-no-mb\u00a0\u00bb css=\u00a0\u00bb.vc_custom_1573291137415{padding-top: 60px !important;}\u00a0\u00bb][vc_column][vc_single_image image=\u00a0\u00bb67344&Prime; img_size=\u00a0\u00bbfull\u00a0\u00bb alignment=\u00a0\u00bbcenter\u00a0\u00bb][\/vc_column][\/vc_row]<\/p>\n<\/div>","protected":false},"excerpt":{"rendered":"<p>[vc_row full_width=\u00a0\u00bbstretch_row\u00a0\u00bb css=\u00a0\u00bb.vc_custom_1572365070235{margin-top: 60px !important;padding-top: 30px !important;background-color: #f9f9f9 !important;}\u00a0\u00bb][vc_column][vc_column_text] N\u2019est-ce pas un sentiment merveilleux que d\u2019allumer le moteur de votre voiture et de commencer votre aventure\u2026 \u00eates-vous pr\u00eat? [\/vc_column_text][vc_column_text] Ibiza Villa sait \u00e0 quel point il est important de pouvoir se d\u00e9placer confortablement. Pour vous sentir vraiment libre de pouvoir visiter chaque recoin de la &#8230;<\/p>\n","protected":false},"author":9,"featured_media":0,"parent":0,"menu_order":0,"comment_status":"closed","ping_status":"closed","template":"","meta":{"_acf_changed":false,"_joinchat":[],"footnotes":""},"class_list":["post-67784","page","type-page","status-publish","hentry"],"acf":[],"_links":{"self":[{"href":"https:\/\/ibizavilla.com\/fr\/wp-json\/wp\/v2\/pages\/67784","targetHints":{"allow":["GET"]}}],"collection":[{"href":"https:\/\/ibizavilla.com\/fr\/wp-json\/wp\/v2\/pages"}],"about":[{"href":"https:\/\/ibizavilla.com\/fr\/wp-json\/wp\/v2\/types\/page"}],"author":[{"embeddable":true,"href":"https:\/\/ibizavilla.com\/fr\/wp-json\/wp\/v2\/users\/9"}],"replies":[{"embeddable":true,"href":"https:\/\/ibizavilla.com\/fr\/wp-json\/wp\/v2\/comments?post=67784"}],"version-history":[{"count":0,"href":"https:\/\/ibizavilla.com\/fr\/wp-json\/wp\/v2\/pages\/67784\/revisions"}],"wp:attachment":[{"href":"https:\/\/ibizavilla.com\/fr\/wp-json\/wp\/v2\/media?parent=67784"}],"curies":[{"name":"wp","href":"https:\/\/api.w.org\/{rel}","templated":true}]}}