{"id":67787,"date":"2019-11-13T13:02:45","date_gmt":"2019-11-13T11:02:45","guid":{"rendered":"https:\/\/ibizavilla.com\/?page_id=67787"},"modified":"2025-12-23T10:34:54","modified_gmt":"2025-12-23T09:34:54","slug":"contact","status":"publish","type":"page","link":"https:\/\/ibizavilla.com\/fr\/contact\/","title":{"rendered":"Contact"},"content":{"rendered":"<div class=\"wpb-content-wrapper\"><p>[vc_row css=\u00a0\u00bb.vc_custom_1549141179700{padding-top: 70px !important;padding-bottom: 40px !important;}\u00a0\u00bb][vc_column][vc_separator color=\u00a0\u00bbcustom\u00a0\u00bb style=\u00a0\u00bbshadow\u00a0\u00bb el_width=\u00a0\u00bb60&Prime; accent_color=\u00a0\u00bb#2cc4e8&Prime;][\/vc_column][\/vc_row][vc_row content_placement=\u00a0\u00bbmiddle\u00a0\u00bb css=\u00a0\u00bb.vc_custom_1572376114580{margin-top: 30px !important;}\u00a0\u00bb][vc_column][vc_column_text]<\/p>\n<h1 style=\"text-align: center;\"><b>Contact Ibiza Villa<\/b><\/h1>\n<p>[\/vc_column_text][vc_column_text]Vous planifiez vos vacances \u00e0 Ibiza, mais vous avez besoin de notre aide?<br \/>\nC&rsquo;est simple, contactez-nous d\u00e8s maintenant!<\/p>\n<p>Nos bureaux \u00e0 Ibiza sont situ\u00e9s \u00e0 Cala Mol\u00ec, un magnifique site naturel pr\u00e8s de San Jos\u00e9. Notre personnel se fera un plaisir de vous accueillir et de r\u00e9pondre \u00e0 vos questions.<\/p>\n<p>Vous souhaitez louer une villa de luxe pour une semaine ou pour toute une saison? Aucun probl\u00e8me, nous sommes \u00e0 votre disposition pour vous proposer nos villas disponibles et vous conseiller sur la meilleure zone \u00e0 Ibiza selon vos envies.<\/p>\n<p>Vous souhaitez ajouter les meilleurs services \u00e0 vos vacances ? Nous serons heureux de vous donner les d\u00e9tails. En effet, notre personnel comp\u00e9tent et qualifi\u00e9 saura vous accompagner et vous conseiller sur la combinaison parfaite de services pour rendre vos vacances confortables, inoubliables et sans stress.<\/p>\n<p>Vous souhaitez louer une villa de luxe, mais vous ne savez pas encore si vous pr\u00e9f\u00e9rez une propri\u00e9t\u00e9 avec vue sur la mer ou dans la campagne paisible?<br \/>\nVous voulez ajouter une location de voiture \u00e0 votre r\u00e9servation ou encore r\u00e9server une journ\u00e9e sur notre magnifique catamaran? Nous sommes l\u00e0 pour vous aider \u00e0 vous d\u00e9cider. Nous serons \u00e0 votre disposition pour r\u00e9pondre \u00e0 toutes vos questions![\/vc_column_text][\/vc_column][\/vc_row][vc_row content_placement=\u00a0\u00bbmiddle\u00a0\u00bb][vc_column][vc_column_text]Vous souhaitez nous contacter? Aucun probl\u00e8me, nous sommes \u00e0 votre disposition par t\u00e9l\u00e9phone et via WhatsApp, ou simplement en remplissant les champs du message en bas de cette page.<\/p>\n<p>M\u00eame virtuellement, nous vous donnerons tous les conseils n\u00e9cessaires pour r\u00e9server vos vacances. Egalement si vous souhaitez ajouter des services suppl\u00e9mentaires durant votre s\u00e9jour dans votre villa de luxe ; contactez-nous et vous aurez tous les d\u00e9tails.<\/p>\n<p>Nous proposons \u00e9galement un service de shopping vous permettant ainsi de rester en famille ou entre amis pendant que quelqu&rsquo;un se charge de vos achats. Vous n&rsquo;aurez qu&rsquo;\u00e0 faire une liste de courses en y indiquant vos pr\u00e9f\u00e9rences et en un \u00e9clair, vous aurez vos courses \u00e0 la villa.<\/p>\n<p>De la m\u00eame fa\u00e7on, nous proposons \u00e9galement un service de chef \u00e0 domicile. Ainsi vous n&rsquo;aurez pas \u00e0 cuisiner, surtout si vous recevez des \u2019invit\u00e9s pour le d\u00eener! Inutile de de stresser, vous pourrez vous d\u00e9tendre et confier le repas \u00e0 l&rsquo;un de nos chefs,<\/p>\n<p>s\u00e9lectionn\u00e9 par notre personnel qualifi\u00e9 apr\u00e8s de nombreuses ann\u00e9es d&rsquo;exp\u00e9rience.[\/vc_column_text][\/vc_column][\/vc_row][vc_row content_placement=\u00a0\u00bbmiddle\u00a0\u00bb][vc_column][vc_column_text]Tout cela est possible, vous avez juste \u00e0 nous contacter!<br \/>\nVos vacances \u00e0 Ibiza se concr\u00e9tiseront gr\u00e2ce \u00e0 nos conseils adapt\u00e9s \u00e0 vos besoins.<br \/>\nNotre \u00e9quipe multilingue qualifi\u00e9e attend votre email, votre appel t\u00e9l\u00e9phonique, votre message WhatsApp ou vous pouvez \u00e9galement nous contacter en compl\u00e9tant le formulaire ci-dessous.<\/p>\n<p>\u00cates-vous pr\u00eats \u00e0 transformer votre r\u00eave en r\u00e9alit\u00e9?[\/vc_column_text][\/vc_column][\/vc_row]<\/p>\n<\/div>","protected":false},"excerpt":{"rendered":"<p>[vc_row css=\u00a0\u00bb.vc_custom_1549141179700{padding-top: 70px !important;padding-bottom: 40px !important;}\u00a0\u00bb][vc_column][vc_separator color=\u00a0\u00bbcustom\u00a0\u00bb style=\u00a0\u00bbshadow\u00a0\u00bb el_width=\u00a0\u00bb60&Prime; accent_color=\u00a0\u00bb#2cc4e8&Prime;][\/vc_column][\/vc_row][vc_row content_placement=\u00a0\u00bbmiddle\u00a0\u00bb css=\u00a0\u00bb.vc_custom_1572376114580{margin-top: 30px !important;}\u00a0\u00bb][vc_column][vc_column_text] Contact Ibiza Villa [\/vc_column_text][vc_column_text]Vous planifiez vos vacances \u00e0 Ibiza, mais vous avez besoin de notre aide? C&rsquo;est simple, contactez-nous d\u00e8s maintenant! Nos bureaux \u00e0 Ibiza sont situ\u00e9s \u00e0 Cala Mol\u00ec, un magnifique site naturel pr\u00e8s de San Jos\u00e9. Notre personnel se &#8230;<\/p>\n","protected":false},"author":9,"featured_media":0,"parent":0,"menu_order":0,"comment_status":"closed","ping_status":"closed","template":"contact_page.php","meta":{"_acf_changed":false,"_joinchat":[],"footnotes":""},"class_list":["post-67787","page","type-page","status-publish","hentry"],"acf":[],"_links":{"self":[{"href":"https:\/\/ibizavilla.com\/fr\/wp-json\/wp\/v2\/pages\/67787","targetHints":{"allow":["GET"]}}],"collection":[{"href":"https:\/\/ibizavilla.com\/fr\/wp-json\/wp\/v2\/pages"}],"about":[{"href":"https:\/\/ibizavilla.com\/fr\/wp-json\/wp\/v2\/types\/page"}],"author":[{"embeddable":true,"href":"https:\/\/ibizavilla.com\/fr\/wp-json\/wp\/v2\/users\/9"}],"replies":[{"embeddable":true,"href":"https:\/\/ibizavilla.com\/fr\/wp-json\/wp\/v2\/comments?post=67787"}],"version-history":[{"count":1,"href":"https:\/\/ibizavilla.com\/fr\/wp-json\/wp\/v2\/pages\/67787\/revisions"}],"predecessor-version":[{"id":118555,"href":"https:\/\/ibizavilla.com\/fr\/wp-json\/wp\/v2\/pages\/67787\/revisions\/118555"}],"wp:attachment":[{"href":"https:\/\/ibizavilla.com\/fr\/wp-json\/wp\/v2\/media?parent=67787"}],"curies":[{"name":"wp","href":"https:\/\/api.w.org\/{rel}","templated":true}]}}