{"id":67798,"date":"2019-11-13T13:03:58","date_gmt":"2019-11-13T11:03:58","guid":{"rendered":"https:\/\/ibizavilla.com\/?page_id=67798"},"modified":"2019-12-02T17:18:06","modified_gmt":"2019-12-02T15:18:06","slug":"chauffeur","status":"publish","type":"page","link":"https:\/\/ibizavilla.com\/fr\/chauffeur\/","title":{"rendered":"Chauffeur"},"content":{"rendered":"<div class=\"wpb-content-wrapper\"><p>[vc_row css=\u00a0\u00bb.vc_custom_1572336922621{margin-top: 30px !important;padding-top: 30px !important;padding-bottom: 30px !important;}\u00a0\u00bb][vc_column][vc_column_text]<\/p>\n<h1 style=\"text-align: center;\">Service de chauffeur priv\u00e9<\/h1>\n<p>[\/vc_column_text][vc_column_text]<\/p>\n<p style=\"text-align: center;\">Ibiza Villa sait \u00e0 quel point il peut \u00eatre pratique d&rsquo;avoir quelqu&rsquo;un qui se soucie de vos allers et venues.!<\/p>\n<p>[\/vc_column_text][\/vc_column][\/vc_row][vc_row full_width=\u00a0\u00bbstretch_row\u00a0\u00bb bg_type=\u00a0\u00bbbg_color\u00a0\u00bb bg_color_value=\u00a0\u00bb#f4f4f4&Prime; css=\u00a0\u00bb.vc_custom_1572091197730{margin-top: 30px !important;}\u00a0\u00bb][vc_column][vc_row_inner][vc_column_inner][vc_column_text el_class=\u00a0\u00bbcustom-text-padding\u00a0\u00bb]<\/p>\n<h2 style=\"text-align: center;\">C\u2019est la raison pour laquelle nous avons pens\u00e9 vous offrir un service de chauffeur priv\u00e9 qui pourra vous conduire partout sur l\u2019\u00eele!<\/h2>\n<p>[\/vc_column_text][vc_column_text el_class=\u00a0\u00bbcustom-text-padding\u00a0\u00bb]<\/p>\n<p style=\"text-align: center;\">Ainsi, tous vos d\u00e9placements sur l&rsquo;\u00eele seront un r\u00e9el plaisir et cela vous \u00e9vitera tout stress.<\/p>\n<p style=\"text-align: center;\">Ibiza Villa se fera un plaisir de vous organiser un chauffeur priv\u00e9 si vous en exprimez le besoin pendant votre s\u00e9jour.<\/p>\n<p>[\/vc_column_text][\/vc_column_inner][\/vc_row_inner][vc_row_inner][vc_column_inner][vc_single_image image=\u00a0\u00bb67502&Prime; img_size=\u00a0\u00bbfull\u00a0\u00bb alignment=\u00a0\u00bbcenter\u00a0\u00bb][\/vc_column_inner][\/vc_row_inner][vc_row_inner][vc_column_inner][vc_column_text el_class=\u00a0\u00bbcustom-text-padding\u00a0\u00bb]<\/p>\n<p style=\"text-align: center;\">Nos chauffeurs experiment\u00e9s sont pr\u00eats \u00e0 vous accompagner n&rsquo;importe o\u00f9 vous le souhaitez : \u00e0 l&rsquo;a\u00e9roport, \u00e0 un \u00e9v\u00e9nement en particulier ou simplement pour une visite d&rsquo;une partie de l&rsquo;\u00eele que vous souhaiteriez explorer.<\/p>\n<p style=\"text-align: center;\">Ibiza Villa propose des tarifs horaires flexibles selon la r\u00e9gion que vous souhaiterez visiter, accompagn\u00e9 par l&rsquo;exp\u00e9rience et la connaissance de nos chauffeurs. N&rsquo;h\u00e9sitez pas \u00e0 demander \u00e0 nos chauffeurs des conseils sur les meilleurs plans et activit\u00e9s d\u00e8s votre arriv\u00e9e sur l&rsquo;\u00eele.<br \/>\nVous devez vous rendre d&rsquo;un point de l&rsquo;\u00eele \u00e0 un autre? Aucun probl\u00e8me, nous vous accompagnons \u00e9galement! Nous serons pr\u00eats \u00e0 r\u00e9pondre \u00e0 vos besoins. tout ce qu&rsquo;il vous restera \u00e0 faire sera de vous d\u00e9tendre et de profiter de la balade.<\/p>\n<p>[\/vc_column_text][\/vc_column_inner][\/vc_row_inner][\/vc_column][\/vc_row][vc_row css=\u00a0\u00bb.vc_custom_1572344771444{padding-top: 60px !important;padding-bottom: 30px !important;}\u00a0\u00bb][vc_column][vc_column_text]<\/p>\n<h3 style=\"text-align: center;\">Choix impressionnant de v\u00e9hicules premium<\/h3>\n<p>[\/vc_column_text][vc_column_text el_class=\u00a0\u00bbcustom-text-padding\u00a0\u00bb]<\/p>\n<p style=\"text-align: center;\">Ibiza Villa sera en mesure de vous offrir un choix important de v\u00e9hicules haut de gamme type BMW, Mercedes-Benz, Audi et bien plus encore. Nous offrons un grand choix de cat\u00e9gories de v\u00e9hicules, de mod\u00e8les \u00e9conomiques \u00e0 des mod\u00e8les premi\u00e8re classe pour vous assurer le meilleur.<\/p>\n<p style=\"text-align: center;\">Que vous souhaitiez voyager avec style ou dans la plus grande discr\u00e9tion, nos v\u00e9hocules sont id\u00e9aux pour vous conduire l\u00e0 o\u00f9 vous le souhaitez!<\/p>\n<p>[\/vc_column_text][\/vc_column][\/vc_row][vc_row el_class=\u00a0\u00bbspecial-col-imgtext\u00a0\u00bb css=\u00a0\u00bb.vc_custom_1572358967154{padding-top: 30px !important;padding-bottom: 120px !important;}\u00a0\u00bb][vc_column][vc_row_inner equal_height=\u00a0\u00bbyes\u00a0\u00bb el_class=\u00a0\u00bbto-equal-height\u00a0\u00bb][vc_column_inner el_class=\u00a0\u00bbto-center-height\u00a0\u00bb offset=\u00a0\u00bbvc_col-lg-4 vc_col-md-12 vc_col-xs-12&Prime;][vc_column_text]<\/p>\n<p style=\"text-align: center;\">R\u00e9servez \u00e0 l&rsquo;avance par email ou par t\u00e9l\u00e9phone. Vous devrez nous indiquer le point de d\u00e9part o\u00f9 vous souhaiteriez \u00eatre r\u00e9cup\u00e9r\u00e9, votre destination et en quelques instants vous en aurez termin\u00e9 avec la r\u00e9servation.<\/p>\n<p style=\"text-align: center;\">Nous nous occuperons du reste!<br \/>\nEffectuer une r\u00e9servation \u00e0 l\u2019heure est \u00e9galement possible avec Ibiza Villa, vous pourrez donc r\u00e9server un chauffeur priv\u00e9 aussi longtemps que vous le souhaiterez. Tarifs sp\u00e9ciaux pour des p\u00e9riodes plus longues.<\/p>\n<p>[\/vc_column_text][\/vc_column_inner][vc_column_inner el_class=\u00a0\u00bbimage-equl-no-btm\u00a0\u00bb offset=\u00a0\u00bbvc_col-lg-4 vc_col-md-12 vc_col-xs-12&Prime;][vc_single_image image=\u00a0\u00bb67506&Prime; img_size=\u00a0\u00bbfull\u00a0\u00bb alignment=\u00a0\u00bbcenter\u00a0\u00bb][\/vc_column_inner][vc_column_inner el_class=\u00a0\u00bbto-center-height\u00a0\u00bb offset=\u00a0\u00bbvc_col-lg-4 vc_col-md-12 vc_col-xs-12&Prime;][vc_column_text]<\/p>\n<p style=\"text-align: center;\">Nos chauffeurs sont ponctuels. En effet, la ponctualit\u00e9 est l&rsquo;une des premi\u00e8res exigences des conducteurs d\u2019Ibiza Villa. La bonne conduite est \u00e9galement fondamentale &#8211; ne pas fumer, pas de nourriture, pas de t\u00e9l\u00e9phone \u2013 et un v\u00e9hicule propre.<\/p>\n<p style=\"text-align: center;\">Ce ne sont l\u00e0 que quelques-uns des facteurs qui sont pointilleusement suivis par nos chauffeurs.<\/p>\n<p>[\/vc_column_text][\/vc_column_inner][\/vc_row_inner][vc_row_inner equal_height=\u00a0\u00bbyes\u00a0\u00bb el_class=\u00a0\u00bbto-equal-height\u00a0\u00bb][vc_column_inner el_class=\u00a0\u00bbimage-equl-no-btm\u00a0\u00bb offset=\u00a0\u00bbvc_col-lg-4 vc_col-md-12 vc_col-xs-12&Prime;][vc_single_image image=\u00a0\u00bb67510&Prime; img_size=\u00a0\u00bbfull\u00a0\u00bb alignment=\u00a0\u00bbcenter\u00a0\u00bb][\/vc_column_inner][vc_column_inner el_class=\u00a0\u00bbto-center-height\u00a0\u00bb offset=\u00a0\u00bbvc_col-lg-4 vc_col-md-12 vc_col-xs-12&Prime;][vc_column_text]<\/p>\n<p style=\"text-align: center;\">Bien entendu, nos chauffeurs respectent avec prudence le code de la route afin de garantir la s\u00e9curit\u00e9 des passagers.<\/p>\n<p style=\"text-align: center;\">Comme on dit toujours, la s\u00e9curit\u00e9 avant tout! Si vous avez d&rsquo;autres questions, nous serons heureux de vous donner toutes les r\u00e9ponses. Contactez-nous et pr\u00e9parez-vous \u00e0 profiter de la balade!!<\/p>\n<p>[\/vc_column_text][\/vc_column_inner][vc_column_inner el_class=\u00a0\u00bbimage-equl-no-btm\u00a0\u00bb offset=\u00a0\u00bbvc_col-lg-4 vc_col-md-12 vc_col-xs-12&Prime;][vc_single_image image=\u00a0\u00bb67514&Prime; img_size=\u00a0\u00bbfull\u00a0\u00bb alignment=\u00a0\u00bbcenter\u00a0\u00bb][\/vc_column_inner][\/vc_row_inner][\/vc_column][\/vc_row][vc_row css=\u00a0\u00bb.vc_custom_1574963226616{padding-top: 20px !important;}\u00a0\u00bb][vc_column]<div class=\" ult_buttons ubtn-ctn-center \"><a class=\"ubtn-link ult-adjust-bottom-margin ubtn-center ubtn-normal \" href=\"mailto:info@ibizavilla.com\" ><button type=\"button\" id=\"ubtn-7504\"  class=\"ubtn ult-adjust-bottom-margin ult-responsive ubtn-normal ubtn-fade-bg  none  ubtn-center   tooltip-69f4eb6e1e970\"  data-hover=\"#0090ff\" data-border-color=\"#10c1ed\" data-bg=\"\" data-hover-bg=\"#ffffff\" data-border-hover=\"#0090ff\" data-shadow-hover=\"\" data-shadow-click=\"none\" data-shadow=\"\" data-shd-shadow=\"\"  data-ultimate-target='#ubtn-7504'  data-responsive-json-new='{\"font-size\":\"\",\"line-height\":\"\"}'  style=\"font-weight:normal;border-radius:30px;border-width:2px;border-color:#10c1ed;border-style:solid;color: #10c1ed;\"><span class=\"ubtn-hover\" style=\"background-color:#ffffff\"><\/span><span class=\"ubtn-data ubtn-text \" >R\u00e9servations &amp; info<\/span><\/button><\/a><\/div>[\/vc_column][\/vc_row][vc_row full_width=\u00a0\u00bbstretch_row_content_no_spaces\u00a0\u00bb el_class=\u00a0\u00bbbg-no-mb\u00a0\u00bb css=\u00a0\u00bb.vc_custom_1573291355678{padding-top: 30px !important;}\u00a0\u00bb][vc_column][vc_single_image image=\u00a0\u00bb67344&Prime; img_size=\u00a0\u00bbfull\u00a0\u00bb alignment=\u00a0\u00bbcenter\u00a0\u00bb][\/vc_column][\/vc_row]<\/p>\n<\/div>","protected":false},"excerpt":{"rendered":"<p>[vc_row css=\u00a0\u00bb.vc_custom_1572336922621{margin-top: 30px !important;padding-top: 30px !important;padding-bottom: 30px !important;}\u00a0\u00bb][vc_column][vc_column_text] Service de chauffeur priv\u00e9 [\/vc_column_text][vc_column_text] Ibiza Villa sait \u00e0 quel point il peut \u00eatre pratique d&rsquo;avoir quelqu&rsquo;un qui se soucie de vos allers et venues.! [\/vc_column_text][\/vc_column][\/vc_row][vc_row full_width=\u00a0\u00bbstretch_row\u00a0\u00bb bg_type=\u00a0\u00bbbg_color\u00a0\u00bb bg_color_value=\u00a0\u00bb#f4f4f4&Prime; css=\u00a0\u00bb.vc_custom_1572091197730{margin-top: 30px !important;}\u00a0\u00bb][vc_column][vc_row_inner][vc_column_inner][vc_column_text el_class=\u00a0\u00bbcustom-text-padding\u00a0\u00bb] C\u2019est la raison pour laquelle nous avons pens\u00e9 vous offrir un service de chauffeur &#8230;<\/p>\n","protected":false},"author":9,"featured_media":0,"parent":0,"menu_order":0,"comment_status":"closed","ping_status":"closed","template":"","meta":{"_acf_changed":false,"_joinchat":[],"footnotes":""},"class_list":["post-67798","page","type-page","status-publish","hentry"],"acf":[],"_links":{"self":[{"href":"https:\/\/ibizavilla.com\/fr\/wp-json\/wp\/v2\/pages\/67798","targetHints":{"allow":["GET"]}}],"collection":[{"href":"https:\/\/ibizavilla.com\/fr\/wp-json\/wp\/v2\/pages"}],"about":[{"href":"https:\/\/ibizavilla.com\/fr\/wp-json\/wp\/v2\/types\/page"}],"author":[{"embeddable":true,"href":"https:\/\/ibizavilla.com\/fr\/wp-json\/wp\/v2\/users\/9"}],"replies":[{"embeddable":true,"href":"https:\/\/ibizavilla.com\/fr\/wp-json\/wp\/v2\/comments?post=67798"}],"version-history":[{"count":0,"href":"https:\/\/ibizavilla.com\/fr\/wp-json\/wp\/v2\/pages\/67798\/revisions"}],"wp:attachment":[{"href":"https:\/\/ibizavilla.com\/fr\/wp-json\/wp\/v2\/media?parent=67798"}],"curies":[{"name":"wp","href":"https:\/\/api.w.org\/{rel}","templated":true}]}}