{"id":67800,"date":"2019-11-13T13:04:21","date_gmt":"2019-11-13T11:04:21","guid":{"rendered":"https:\/\/ibizavilla.com\/?page_id=67800"},"modified":"2025-06-09T22:07:10","modified_gmt":"2025-06-09T20:07:10","slug":"last-minute","status":"publish","type":"page","link":"https:\/\/ibizavilla.com\/fr\/last-minute\/","title":{"rendered":"Last Minute"},"content":{"rendered":"<div class=\"wpb-content-wrapper\"><p>[vc_row][vc_column][vc_column_text el_class=\u00a0\u00bbcustom-read-less\u00a0\u00bb]<\/p>\n<p style=\"text-align: center;\"><strong>\u00cates-vous une personne qui n\u2019aime pas pr\u00e9parer ses vacances \u00e0 l\u2019avance?<\/strong> Aimez-vous cette sensation de l&rsquo;inconnu et de l&rsquo;aventure? Et bien, <strong>Ibiza Villa a pens\u00e9 \u00e0 vous.<\/strong><br \/>\nSur cette page, nous vous parlerons de toutes nos offres et opportunit\u00e9s de derni\u00e8re minute!<\/p>\n<p class=\"custom-read-ml-button\">+<\/p>\n<p>[\/vc_column_text][vc_column_text el_class=\u00a0\u00bbcustom-read-more\u00a0\u00bb]<\/p>\n<p style=\"text-align: center;\">\u00cates-vous une personne qui n\u2019aime pas pr\u00e9parer ses vacances \u00e0 l\u2019avance? Aimez-vous cette sensation de l&rsquo;inconnu et de l&rsquo;aventure? Et bien, Ibiza Villa a pens\u00e9 \u00e0 vous.<br \/>\nSur cette page, nous vous parlerons de toutes nos offres et opportunit\u00e9s de derni\u00e8re minute!<\/p>\n<p style=\"text-align: center;\">Si vous n&rsquo;avez pas encore organis\u00e9 vos vacances, ne les repoussez pas, choisissez la villa de luxe qui vous pla\u00eet le plus, contactez-nous pour r\u00e9server et passez directement en mode vacances! Nous vous souhaitons la bienvenue \u00e0 Ibiza pour une d\u00e9tente garantie!<\/p>\n<p style=\"text-align: center;\">Si vous n&rsquo;avez pas encore r\u00e9serv\u00e9 vos vacances, pas de probl\u00e8me, il est encore temps. C\u2019est la raison pour laquelle nous avons pens\u00e9 \u00e0 vous proposer des offres int\u00e9ressantes pour vous faire profiter d\u2019Ibiza et de nos villas de luxe \u00e0 un prix avantageux. Selon la p\u00e9riode \u00e0 laquelle vous souhaitez partir et le nombre de personnes, vous obtiendrez des r\u00e9ductions allant de 10% jusqu&rsquo;\u00e0 parfois moiti\u00e9 prix! Cela vous permettra de faire des \u00e9conomies tout en profitant de nos belles villas de luxe sur l&rsquo;\u00eele d&rsquo;Ibiza.<\/p>\n<p style=\"text-align: center;\">Nous vous proposons deux types d&rsquo;offres, la premi\u00e8re est l&rsquo;offre classique de derni\u00e8re minute qui consiste \u00e0 attendre le dernier moment pour choisir votre villa de luxe selon les disponibilit\u00e9s Vous b\u00e9n\u00e9ficierez ainsi d&rsquo;une r\u00e9duction importante sur le prix final de vos vacances. Le principe est le suivant : plus les dates approchent, plus le rabais sera \u00e9lev\u00e9. C\u2019est pourquoi, parfois, \u00eatre en retard n\u2019est pas toujours une mauvaise chose!<br \/>\nLa seule chose que vous devrez garder \u00e0 l&rsquo;esprit est que, g\u00e9n\u00e9ralement, pour pouvoir b\u00e9n\u00e9ficier d&rsquo;un tarif vraiment int\u00e9ressant, votre r\u00e9servation devra durer au moins une semaine. C&rsquo;est simple! \u00cates-vous pr\u00eat \u00e0 trouver l&rsquo;offre Last Minute id\u00e9ale pour vos vacances, celles de vos amis et de votre famille? Mettez-vous \u00e0 la recherche de la villa de luxe de vos r\u00eaves d\u00e8s maintenant!<\/p>\n<p style=\"text-align: center;\">Le deuxi\u00e8me type d\u2019offre Last-Minute est un peu diff\u00e9rent. En effet, votre s\u00e9jour devra toujours durer au moins une semaine, mais, en choisissant cette option, vous paierez une semaine enti\u00e8re mais b\u00e9n\u00e9ficierez de nuits gratuites suppl\u00e9mentaires. Ainsi, vos vacances dureront plus longtemps pour un tarif beaucoup moins \u00e9lev\u00e9.<\/p>\n<p style=\"text-align: center;\">N&rsquo;h\u00e9sitez pas \u00e0 nous contacter si vous avez besoin d&rsquo;aide dans vos recherches.<br \/>\nVous obtiendrez la liste compl\u00e8te de nos villas de luxe avec des offres Last-Minute et nous vous aiderons \u00e0 rechercher la meilleure option pour votre \u00e9t\u00e9!<\/p>\n<p style=\"text-align: center;\">Contactez-nous pour savoir \u00e0 quelle p\u00e9riode vous pourrez profiter de ces r\u00e9ductions et soyez pr\u00eat \u00e0 pr\u00e9parer vos bagages!<\/p>\n<p style=\"text-align: center;\">Nous sommes s\u00fbrs qu&rsquo;ensemble, nous organiserons les vacances de derni\u00e8re minute id\u00e9ales \u00e0 Ibiza. Pr\u00e9parez-vous\u2026 C&rsquo;est parti!<\/p>\n<p class=\"custom-read-ml-button\">&#8211;<\/p>\n<p>[\/vc_column_text][\/vc_column][\/vc_row]<\/p>\n<\/div>","protected":false},"excerpt":{"rendered":"<p>[vc_row][vc_column][vc_column_text el_class=\u00a0\u00bbcustom-read-less\u00a0\u00bb] \u00cates-vous une personne qui n\u2019aime pas pr\u00e9parer ses vacances \u00e0 l\u2019avance? Aimez-vous cette sensation de l&rsquo;inconnu et de l&rsquo;aventure? Et bien, Ibiza Villa a pens\u00e9 \u00e0 vous. Sur cette page, nous vous parlerons de toutes nos offres et opportunit\u00e9s de derni\u00e8re minute! + [\/vc_column_text][vc_column_text el_class=\u00a0\u00bbcustom-read-more\u00a0\u00bb] \u00cates-vous une personne qui n\u2019aime pas pr\u00e9parer ses &#8230;<\/p>\n","protected":false},"author":9,"featured_media":0,"parent":0,"menu_order":0,"comment_status":"closed","ping_status":"closed","template":"property_list_half.php","meta":{"_acf_changed":false,"_joinchat":[],"footnotes":""},"class_list":["post-67800","page","type-page","status-publish","hentry"],"acf":[],"_links":{"self":[{"href":"https:\/\/ibizavilla.com\/fr\/wp-json\/wp\/v2\/pages\/67800","targetHints":{"allow":["GET"]}}],"collection":[{"href":"https:\/\/ibizavilla.com\/fr\/wp-json\/wp\/v2\/pages"}],"about":[{"href":"https:\/\/ibizavilla.com\/fr\/wp-json\/wp\/v2\/types\/page"}],"author":[{"embeddable":true,"href":"https:\/\/ibizavilla.com\/fr\/wp-json\/wp\/v2\/users\/9"}],"replies":[{"embeddable":true,"href":"https:\/\/ibizavilla.com\/fr\/wp-json\/wp\/v2\/comments?post=67800"}],"version-history":[{"count":0,"href":"https:\/\/ibizavilla.com\/fr\/wp-json\/wp\/v2\/pages\/67800\/revisions"}],"wp:attachment":[{"href":"https:\/\/ibizavilla.com\/fr\/wp-json\/wp\/v2\/media?parent=67800"}],"curies":[{"name":"wp","href":"https:\/\/api.w.org\/{rel}","templated":true}]}}