{"id":67806,"date":"2019-11-13T13:05:02","date_gmt":"2019-11-13T11:05:02","guid":{"rendered":"https:\/\/ibizavilla.com\/?page_id=67806"},"modified":"2019-11-29T09:17:46","modified_gmt":"2019-11-29T07:17:46","slug":"massage","status":"publish","type":"page","link":"https:\/\/ibizavilla.com\/fr\/massage\/","title":{"rendered":"Massage"},"content":{"rendered":"<div class=\"wpb-content-wrapper\"><p>[vc_row css=\u00a0\u00bb.vc_custom_1572336922621{margin-top: 30px !important;padding-top: 30px !important;padding-bottom: 30px !important;}\u00a0\u00bb][vc_column][vc_column_text]<\/p>\n<h1 style=\"text-align: center;\">Service de massage&#8230; Ibiza Villa!<\/h1>\n<p>[\/vc_column_text][vc_column_text]<\/p>\n<h3 style=\"text-align: center;\">Ibiza Villa se pr\u00e9occupe en permanence de votre d\u00e9tente et de votre confort!<\/h3>\n<p style=\"text-align: center;\">Les vacances doivent \u00eatre r\u00e9g\u00e9n\u00e9rantes et doivent vous permettre de recharger les batteries afin d&rsquo;\u00eatre productifs et en forme apr\u00e8s vos vacances.<\/p>\n<p>[\/vc_column_text][\/vc_column][\/vc_row][vc_row full_width=\u00a0\u00bbstretch_row\u00a0\u00bb bg_type=\u00a0\u00bbbg_color\u00a0\u00bb bg_color_value=\u00a0\u00bb#f4f4f4&Prime; css=\u00a0\u00bb.vc_custom_1572091197730{margin-top: 30px !important;}\u00a0\u00bb][vc_column][vc_row_inner][vc_column_inner][vc_column_text el_class=\u00a0\u00bbcustom-text-padding\u00a0\u00bb]<\/p>\n<h2 style=\"text-align: center;\">C\u2019est pourquoi nous avons pens\u00e9 \u00e0 l\u2019une des activit\u00e9s des plus relaxantes: le massage.<\/h2>\n<p>[\/vc_column_text][vc_column_text el_class=\u00a0\u00bbcustom-text-padding\u00a0\u00bb]<\/p>\n<p style=\"text-align: center;\">Le massage est une forme de th\u00e9rapie ancestrale et l\u2019un des gestes les plus naturels que nous pratiquons tous les jours, car il est instinctif de se masser les \u00e9paules ou n&rsquo;importe quelle partie du corps qui nous fait mal. Dans la pratique, il s&rsquo;agit d&rsquo;un ensemble de diff\u00e9rentes manipulations effectu\u00e9es sur le corps pour soulager les douleurs musculaires ou articulaires, pour tonifier le volume de nos tissus, mais \u00e9galement afin de pr\u00e9server et d&rsquo;am\u00e9liorer le bien-\u00eatre mental en lib\u00e9rant les tensions et la fatigue.<\/p>\n<p>[\/vc_column_text][\/vc_column_inner][\/vc_row_inner][vc_row_inner][vc_column_inner][vc_single_image image=\u00a0\u00bb67527&Prime; img_size=\u00a0\u00bbfull\u00a0\u00bb alignment=\u00a0\u00bbcenter\u00a0\u00bb][\/vc_column_inner][\/vc_row_inner][vc_row_inner][vc_column_inner][vc_column_text el_class=\u00a0\u00bbcustom-text-padding\u00a0\u00bb]<\/p>\n<p style=\"text-align: center;\">Pour Ibiza Villa, cette pratique est la combinaison id\u00e9ale pour d\u00e9tendre votre esprit et votre corps. En effet, nous pensons que le massage n&rsquo;est pas seulement un acte physique qui nous permet d&rsquo;obtenir un bien-\u00eatre sp\u00e9cifique, mais qu&rsquo;il nous permet de trouver une connexion profonde avec notre \u00eatre, souvent avec des effets extraordinaires.<\/p>\n<p>[\/vc_column_text][\/vc_column_inner][\/vc_row_inner][\/vc_column][\/vc_row][vc_row css=\u00a0\u00bb.vc_custom_1572344771444{padding-top: 60px !important;padding-bottom: 30px !important;}\u00a0\u00bb][vc_column][vc_column_text]<\/p>\n<h3 style=\"text-align: center;\">Pas une simple d\u00e9tente!<\/h3>\n<p>[\/vc_column_text][vc_column_text el_class=\u00a0\u00bbcustom-text-padding\u00a0\u00bb]<\/p>\n<p style=\"text-align: center;\">Difficile de penser \u00e0 quelque chose de plus agr\u00e9able qu&rsquo;un massage pendant vos vacances directement dans la villa de luxe que vous choisirez pour votre s\u00e9jour \u00e0 Ibiza.<\/p>\n<p style=\"text-align: center;\">La large gamme de masseurs professionnels avec lesquels nous collaborons depuis des ann\u00e9es sera en mesure de vous proposer des massages de toutes sortes, allant du massage relaxant total du corps aux soins ayurv\u00e9diques, shiatsu, tha\u00eflandais, aromath\u00e9rapie, anti-stress, \u00e9nergisant, d\u00e9contractant, drainant, etc.<\/p>\n<p>[\/vc_column_text][\/vc_column][\/vc_row][vc_row el_class=\u00a0\u00bbspecial-col-imgtext\u00a0\u00bb css=\u00a0\u00bb.vc_custom_1572358967154{padding-top: 30px !important;padding-bottom: 120px !important;}\u00a0\u00bb][vc_column][vc_row_inner equal_height=\u00a0\u00bbyes\u00a0\u00bb el_class=\u00a0\u00bbto-equal-height\u00a0\u00bb][vc_column_inner el_class=\u00a0\u00bbto-center-height\u00a0\u00bb offset=\u00a0\u00bbvc_col-lg-4 vc_col-md-12 vc_col-xs-12&Prime;][vc_column_text]<\/p>\n<p style=\"text-align: center;\">Prenez soin de votre corps et offrez-vous des moments de pure d\u00e9tente et de bien-\u00eatre total directement dans votre villa de luxe.<\/p>\n<p style=\"text-align: center;\">Laissez-vous tenter par nos traitements et choisissez celui qui vous conviendra le mieux. Il vous suffira de nous contacter avant ou pendant vos vacances pour organiser et planifier votre massage, en choisissant la date et l&rsquo;heure \u00e0 laquelle vous souhaitez profiter de ce moment de pure d\u00e9tente.<\/p>\n<p>[\/vc_column_text][\/vc_column_inner][vc_column_inner el_class=\u00a0\u00bbimage-equl-no-btm\u00a0\u00bb offset=\u00a0\u00bbvc_col-lg-4 vc_col-md-12 vc_col-xs-12&Prime;][vc_single_image image=\u00a0\u00bb67531&Prime; img_size=\u00a0\u00bbfull\u00a0\u00bb alignment=\u00a0\u00bbcenter\u00a0\u00bb][\/vc_column_inner][vc_column_inner el_class=\u00a0\u00bbto-center-height\u00a0\u00bb offset=\u00a0\u00bbvc_col-lg-4 vc_col-md-12 vc_col-xs-12&Prime;][vc_column_text]<\/p>\n<p style=\"text-align: center;\">Nous choisissons minutieusement notre \u00e9quipe de masseurs et de masseuses. En choisissant ce service, vous serez assur\u00e9s d&rsquo;avoir affaire \u00e0 des professionnels qualifi\u00e9s pr\u00eats \u00e0 vous faire vivre la meilleure exp\u00e9rience de d\u00e9tente directement dans votre villa de luxe. Nos professionnels se feront un plaisir de r\u00e9pondre \u00e0 vos besoins et de vous offrir un moment de d\u00e9tente unique.<\/p>\n<p>[\/vc_column_text][\/vc_column_inner][\/vc_row_inner][vc_row_inner equal_height=\u00a0\u00bbyes\u00a0\u00bb el_class=\u00a0\u00bbto-equal-height\u00a0\u00bb][vc_column_inner el_class=\u00a0\u00bbimage-equl-no-btm\u00a0\u00bb offset=\u00a0\u00bbvc_col-lg-4 vc_col-md-12 vc_col-xs-12&Prime;][vc_single_image image=\u00a0\u00bb67535&Prime; img_size=\u00a0\u00bbfull\u00a0\u00bb alignment=\u00a0\u00bbcenter\u00a0\u00bb][\/vc_column_inner][vc_column_inner el_class=\u00a0\u00bbto-center-height\u00a0\u00bb offset=\u00a0\u00bbvc_col-lg-4 vc_col-md-12 vc_col-xs-12&Prime;][vc_column_text]<\/p>\n<p style=\"text-align: center;\">Faites confiance aux mains expertes de nos professionnels pour r\u00e9g\u00e9n\u00e9rer votre corps et votre esprit en vous offrant un moment de pure d\u00e9tente. Apr\u00e8s votre traitement, nous vous recommandons de prendre une tisane naturelle afin de ressentir les bienfaits du massage et de poursuivre ce moment de d\u00e9tente.<\/p>\n<p style=\"text-align: center;\">Qu&rsquo;attendez-vous?<br \/>\nOrganisons d\u00e9j\u00e0 le meilleur des traitements de d\u00e9tente pendant vos vacances \u00e0 Ibiza.<\/p>\n<p>[\/vc_column_text][\/vc_column_inner][vc_column_inner el_class=\u00a0\u00bbimage-equl-no-btm\u00a0\u00bb offset=\u00a0\u00bbvc_col-lg-4 vc_col-md-12 vc_col-xs-12&Prime;][vc_single_image image=\u00a0\u00bb67539&Prime; img_size=\u00a0\u00bbfull\u00a0\u00bb alignment=\u00a0\u00bbcenter\u00a0\u00bb][\/vc_column_inner][\/vc_row_inner][\/vc_column][\/vc_row][vc_row css=\u00a0\u00bb.vc_custom_1574963226616{padding-top: 20px !important;}\u00a0\u00bb][vc_column]<div class=\" ult_buttons ubtn-ctn-center \"><a class=\"ubtn-link ult-adjust-bottom-margin ubtn-center ubtn-normal \" href=\"mailto:info@ibizavilla.com\" ><button type=\"button\" id=\"ubtn-2726\"  class=\"ubtn ult-adjust-bottom-margin ult-responsive ubtn-normal ubtn-fade-bg  none  ubtn-center   tooltip-69f0c57505625\"  data-hover=\"#0090ff\" data-border-color=\"#10c1ed\" data-bg=\"\" data-hover-bg=\"#ffffff\" data-border-hover=\"#0090ff\" data-shadow-hover=\"\" data-shadow-click=\"none\" data-shadow=\"\" data-shd-shadow=\"\"  data-ultimate-target='#ubtn-2726'  data-responsive-json-new='{\"font-size\":\"\",\"line-height\":\"\"}'  style=\"font-weight:normal;border-radius:30px;border-width:2px;border-color:#10c1ed;border-style:solid;color: #10c1ed;\"><span class=\"ubtn-hover\" style=\"background-color:#ffffff\"><\/span><span class=\"ubtn-data ubtn-text \" >R\u00e9servations &amp; info<\/span><\/button><\/a><\/div>[\/vc_column][\/vc_row][vc_row full_width=\u00a0\u00bbstretch_row_content_no_spaces\u00a0\u00bb el_class=\u00a0\u00bbbg-no-mb\u00a0\u00bb css=\u00a0\u00bb.vc_custom_1573291425056{padding-top: 30px !important;}\u00a0\u00bb][vc_column][vc_single_image image=\u00a0\u00bb67344&Prime; img_size=\u00a0\u00bbfull\u00a0\u00bb alignment=\u00a0\u00bbcenter\u00a0\u00bb][\/vc_column][\/vc_row]<\/p>\n<\/div>","protected":false},"excerpt":{"rendered":"<p>[vc_row css=\u00a0\u00bb.vc_custom_1572336922621{margin-top: 30px !important;padding-top: 30px !important;padding-bottom: 30px !important;}\u00a0\u00bb][vc_column][vc_column_text] Service de massage&#8230; Ibiza Villa! [\/vc_column_text][vc_column_text] Ibiza Villa se pr\u00e9occupe en permanence de votre d\u00e9tente et de votre confort! Les vacances doivent \u00eatre r\u00e9g\u00e9n\u00e9rantes et doivent vous permettre de recharger les batteries afin d&rsquo;\u00eatre productifs et en forme apr\u00e8s vos vacances. [\/vc_column_text][\/vc_column][\/vc_row][vc_row full_width=\u00a0\u00bbstretch_row\u00a0\u00bb bg_type=\u00a0\u00bbbg_color\u00a0\u00bb bg_color_value=\u00a0\u00bb#f4f4f4&Prime; css=\u00a0\u00bb.vc_custom_1572091197730{margin-top: 30px &#8230;<\/p>\n","protected":false},"author":9,"featured_media":0,"parent":0,"menu_order":0,"comment_status":"closed","ping_status":"closed","template":"","meta":{"_acf_changed":false,"_joinchat":[],"footnotes":""},"class_list":["post-67806","page","type-page","status-publish","hentry"],"acf":[],"_links":{"self":[{"href":"https:\/\/ibizavilla.com\/fr\/wp-json\/wp\/v2\/pages\/67806","targetHints":{"allow":["GET"]}}],"collection":[{"href":"https:\/\/ibizavilla.com\/fr\/wp-json\/wp\/v2\/pages"}],"about":[{"href":"https:\/\/ibizavilla.com\/fr\/wp-json\/wp\/v2\/types\/page"}],"author":[{"embeddable":true,"href":"https:\/\/ibizavilla.com\/fr\/wp-json\/wp\/v2\/users\/9"}],"replies":[{"embeddable":true,"href":"https:\/\/ibizavilla.com\/fr\/wp-json\/wp\/v2\/comments?post=67806"}],"version-history":[{"count":0,"href":"https:\/\/ibizavilla.com\/fr\/wp-json\/wp\/v2\/pages\/67806\/revisions"}],"wp:attachment":[{"href":"https:\/\/ibizavilla.com\/fr\/wp-json\/wp\/v2\/media?parent=67806"}],"curies":[{"name":"wp","href":"https:\/\/api.w.org\/{rel}","templated":true}]}}