{"id":67807,"date":"2019-11-13T13:05:12","date_gmt":"2019-11-13T11:05:12","guid":{"rendered":"https:\/\/ibizavilla.com\/?page_id=67807"},"modified":"2019-12-02T17:24:26","modified_gmt":"2019-12-02T15:24:26","slug":"rendez-vous-a-l-aeroport","status":"publish","type":"page","link":"https:\/\/ibizavilla.com\/fr\/rendez-vous-a-l-aeroport\/","title":{"rendered":"Rendez-vous \u00e0 l&rsquo;a\u00e9roport"},"content":{"rendered":"<div class=\"wpb-content-wrapper\"><p>[vc_row css=\u00a0\u00bb.vc_custom_1572336922621{margin-top: 30px !important;padding-top: 30px !important;padding-bottom: 30px !important;}\u00a0\u00bb][vc_column][vc_column_text]<\/p>\n<h1 style=\"text-align: center;\">Service de rendez-vous \u00e0 l&rsquo;a\u00e9roport&#8230; Ibiza Villa!<\/h1>\n<p>[\/vc_column_text][vc_column_text]<\/p>\n<h4 style=\"text-align: center;\">Bienvenus! Si vous \u00eates ici c&rsquo;est que vous planifiez probablement vos vacances dans l\u2019une de nos villas de luxe.<\/h4>\n<h4 style=\"text-align: center;\">Et bien, vous avez fait le bon choix.<\/h4>\n<p>[\/vc_column_text][\/vc_column][\/vc_row][vc_row full_width=\u00a0\u00bbstretch_row\u00a0\u00bb bg_type=\u00a0\u00bbbg_color\u00a0\u00bb bg_color_value=\u00a0\u00bb#f4f4f4&Prime; css=\u00a0\u00bb.vc_custom_1572091197730{margin-top: 30px !important;}\u00a0\u00bb][vc_column][vc_row_inner][vc_column_inner][vc_column_text]<\/p>\n<h2 style=\"text-align: center;\">Ibiza Villa prend en charge ses clients de mani\u00e8re tr\u00e8s professionnelle.<\/h2>\n<p>[\/vc_column_text][vc_column_text el_class=\u00a0\u00bbcustom-text-padding\u00a0\u00bb]<\/p>\n<p style=\"text-align: center;\">Pourquoi? Parce que nous nous soucions de vos besoins et que nous aimons avant tout notre travail. Nous transformons notre passion en \u00e9nergie et cr\u00e9ativit\u00e9 pour vous offrir le meilleur s\u00e9jour de tous les temps. Votre arriv\u00e9e est l\u2019un des \u00e9l\u00e9ments fondamentaux dans ce processus.<\/p>\n<p>[\/vc_column_text][\/vc_column_inner][\/vc_row_inner][vc_row_inner][vc_column_inner][vc_single_image image=\u00a0\u00bb67571&Prime; img_size=\u00a0\u00bbfull\u00a0\u00bb alignment=\u00a0\u00bbcenter\u00a0\u00bb][\/vc_column_inner][\/vc_row_inner][vc_row_inner][vc_column_inner][vc_column_text el_class=\u00a0\u00bbcustom-text-padding\u00a0\u00bb]<\/p>\n<p style=\"text-align: center;\">Nous pensons en effet que votre arriv\u00e9e est la partie la plus importante de votre s\u00e9jour car parfois, les premi\u00e8res impressions peuvent changer compl\u00e8tement vos vacances. C\u2019est pourquoi nous voulons vous offrir la meilleure exp\u00e9rience du d\u00e9but \u00e0 la fin. En effet, notre accueil commence bien avant votre arriv\u00e9e dans la villa de luxe que vous aurez r\u00e9serv\u00e9e. M\u00eame avant votre arriv\u00e9e \u00e0 Ibiza, notre \u00e9quipe vous suivra \u00e0 chaque \u00e9tape et vous aurez ainsi la possibilit\u00e9 de choisir le service dont il est question sur cette page.<\/p>\n<p>[\/vc_column_text][\/vc_column_inner][\/vc_row_inner][\/vc_column][\/vc_row][vc_row equal_height=\u00a0\u00bbyes\u00a0\u00bb el_class=\u00a0\u00bbto-equal-height flex-reverse\u00a0\u00bb css=\u00a0\u00bb.vc_custom_1572090568472{padding-top: 60px !important;}\u00a0\u00bb][vc_column offset=\u00a0\u00bbvc_col-lg-6 vc_col-md-6 vc_col-xs-12&Prime; el_class=\u00a0\u00bbdouble-row-to-pad to-center-height\u00a0\u00bb css=\u00a0\u00bb.vc_custom_1572091513590{padding-top: 0px !important;}\u00a0\u00bb][vc_column_text]<\/p>\n<h3 style=\"text-align: center;\">Pourquoi choisir ce service?<\/h3>\n<p style=\"text-align: center;\">En effet, nous avons cr\u00e9\u00e9 ce service afin de faciliter votre arriv\u00e9e. Nous voulons que vous vous sentiez comme chez vous. C\u2019est pourquoi, gr\u00e2ce \u00e0 ce service, vous pourrez retrouver l\u2019un de nos agents d\u00e8s votre arriv\u00e9e \u00e0 l\u2019a\u00e9roport. Il ou elle vous attendra devant la sortie des arriv\u00e9es. Vous n&rsquo;aurez aucune pression et aucun stress.<\/p>\n<p style=\"text-align: center;\">Vous n&rsquo;aurez pas non plus \u00e0 chercher un taxi pour vous rendre \u00e0 la villa. Nous serons l\u00e0 pour rendre votre arriv\u00e9e aussi simple que possible. L&rsquo;un de nos agents vous retrouvera et vous conduira directement \u00e0 la villa de luxe que vous aurez r\u00e9serv\u00e9.<\/p>\n<p>[\/vc_column_text][\/vc_column][vc_column el_class=\u00a0\u00bbimage-equl-no-btm\u00a0\u00bb offset=\u00a0\u00bbvc_col-lg-6 vc_col-md-6 vc_col-xs-12&Prime;][vc_single_image image=\u00a0\u00bb67575&Prime; img_size=\u00a0\u00bbfull\u00a0\u00bb alignment=\u00a0\u00bbcenter\u00a0\u00bb][\/vc_column][\/vc_row][vc_row equal_height=\u00a0\u00bbyes\u00a0\u00bb el_class=\u00a0\u00bbto-equal-height\u00a0\u00bb css=\u00a0\u00bb.vc_custom_1572090784320{padding-top: 60px !important;}\u00a0\u00bb][vc_column offset=\u00a0\u00bbvc_col-lg-6 vc_col-md-6 vc_col-xs-12&Prime; el_class=\u00a0\u00bbimage-equl-no-btm\u00a0\u00bb][vc_single_image image=\u00a0\u00bb67579&Prime; img_size=\u00a0\u00bbfull\u00a0\u00bb alignment=\u00a0\u00bbcenter\u00a0\u00bb][\/vc_column][vc_column el_class=\u00a0\u00bbdouble-row-to-pad to-center-height\u00a0\u00bb offset=\u00a0\u00bbvc_col-lg-6 vc_col-md-6 vc_col-xs-12&Prime;][vc_column_text]<\/p>\n<h3 style=\"text-align: center;\">Comment cela fonctionne t-il?<\/h3>\n<p style=\"text-align: center;\">Si vous souhaitez b\u00e9n\u00e9ficier de ce service, il vous suffit de nous appeler ou de nous contacter par email afin de nous indiquer l&rsquo;heure de votre arriv\u00e9e et l&rsquo;un de nos agents vous attendra le jour de votre arriv\u00e9e.<\/p>\n<p>Gr\u00e2ce \u00e0 ce service, votre arriv\u00e9e sera beaucoup plus simple et d\u00e9contract\u00e9e. Nous aurons \u00e9galement le plaisir de vous faire visiter la villa et de vous donner tous les conseils dont vous aurez besoin. Ce sera un plaisir de vous rencontrer et nous avons h\u00e2te de vous accueillir.[\/vc_column_text][\/vc_column][\/vc_row][vc_row css=\u00a0\u00bb.vc_custom_1572336922621{margin-top: 30px !important;padding-top: 30px !important;padding-bottom: 30px !important;}\u00a0\u00bb][vc_column][vc_column_text]<\/p>\n<h3 style=\"text-align: center;\">Les services d&rsquo;Ibiza Villa!<\/h3>\n<p>[\/vc_column_text][vc_column_text el_class=\u00a0\u00bbcustom-text-padding\u00a0\u00bb]<\/p>\n<p style=\"text-align: center;\">Comme vous l&rsquo;avez probablement d\u00e9j\u00e0 lu sur notre site, il ne s&rsquo;agit pas de l&rsquo;unique service que nous proposons au moment de votre arriv\u00e9e. En effet, vous pourrez \u00e9galement profiter de notre service de courses \u00e0 domicile. De cette fa\u00e7on, votre frigo sera d\u00e9j\u00e0 rempli de boissons et nourriture \u00e0 votre arriv\u00e9e dans la villa. Ce ne sont l\u00e0 que quelques-uns des services que nous proposons \u00e0 nos clients. C\u2019est pourquoi, nous vous invitons \u00e0 nous contacter pour obtenir la liste de tous les services que nous avons con\u00e7u pour vous.<\/p>\n<p style=\"text-align: center;\">Ibiza Villa a h\u00e2te de vous accueillir \u00e0 votre arriv\u00e9e!<\/p>\n<p style=\"text-align: center;\">Qu&rsquo;attendez-vous?<\/p>\n<p>[\/vc_column_text][\/vc_column][\/vc_row][vc_row css=\u00a0\u00bb.vc_custom_1574963226616{padding-top: 20px !important;}\u00a0\u00bb][vc_column]<div class=\" ult_buttons ubtn-ctn-center \"><a class=\"ubtn-link ult-adjust-bottom-margin ubtn-center ubtn-normal \" href=\"mailto:info@ibizavilla.com\" ><button type=\"button\" id=\"ubtn-5546\"  class=\"ubtn ult-adjust-bottom-margin ult-responsive ubtn-normal ubtn-fade-bg  none  ubtn-center   tooltip-69e4f082da444\"  data-hover=\"#0090ff\" data-border-color=\"#10c1ed\" data-bg=\"\" data-hover-bg=\"#ffffff\" data-border-hover=\"#0090ff\" data-shadow-hover=\"\" data-shadow-click=\"none\" data-shadow=\"\" data-shd-shadow=\"\"  data-ultimate-target='#ubtn-5546'  data-responsive-json-new='{\"font-size\":\"\",\"line-height\":\"\"}'  style=\"font-weight:normal;border-radius:30px;border-width:2px;border-color:#10c1ed;border-style:solid;color: #10c1ed;\"><span class=\"ubtn-hover\" style=\"background-color:#ffffff\"><\/span><span class=\"ubtn-data ubtn-text \" >R\u00e9servations &amp; info<\/span><\/button><\/a><\/div>[\/vc_column][\/vc_row][vc_row full_width=\u00a0\u00bbstretch_row_content_no_spaces\u00a0\u00bb el_class=\u00a0\u00bbbg-no-mb\u00a0\u00bb css=\u00a0\u00bb.vc_custom_1573291425056{padding-top: 30px !important;}\u00a0\u00bb][vc_column][vc_single_image image=\u00a0\u00bb67344&Prime; img_size=\u00a0\u00bbfull\u00a0\u00bb alignment=\u00a0\u00bbcenter\u00a0\u00bb][\/vc_column][\/vc_row]<\/p>\n<\/div>","protected":false},"excerpt":{"rendered":"<p>[vc_row css=\u00a0\u00bb.vc_custom_1572336922621{margin-top: 30px !important;padding-top: 30px !important;padding-bottom: 30px !important;}\u00a0\u00bb][vc_column][vc_column_text] Service de rendez-vous \u00e0 l&rsquo;a\u00e9roport&#8230; Ibiza Villa! [\/vc_column_text][vc_column_text] Bienvenus! Si vous \u00eates ici c&rsquo;est que vous planifiez probablement vos vacances dans l\u2019une de nos villas de luxe. Et bien, vous avez fait le bon choix. [\/vc_column_text][\/vc_column][\/vc_row][vc_row full_width=\u00a0\u00bbstretch_row\u00a0\u00bb bg_type=\u00a0\u00bbbg_color\u00a0\u00bb bg_color_value=\u00a0\u00bb#f4f4f4&Prime; css=\u00a0\u00bb.vc_custom_1572091197730{margin-top: 30px !important;}\u00a0\u00bb][vc_column][vc_row_inner][vc_column_inner][vc_column_text] Ibiza Villa prend en charge &#8230;<\/p>\n","protected":false},"author":9,"featured_media":0,"parent":0,"menu_order":0,"comment_status":"closed","ping_status":"closed","template":"","meta":{"_acf_changed":false,"_joinchat":[],"footnotes":""},"class_list":["post-67807","page","type-page","status-publish","hentry"],"acf":[],"_links":{"self":[{"href":"https:\/\/ibizavilla.com\/fr\/wp-json\/wp\/v2\/pages\/67807","targetHints":{"allow":["GET"]}}],"collection":[{"href":"https:\/\/ibizavilla.com\/fr\/wp-json\/wp\/v2\/pages"}],"about":[{"href":"https:\/\/ibizavilla.com\/fr\/wp-json\/wp\/v2\/types\/page"}],"author":[{"embeddable":true,"href":"https:\/\/ibizavilla.com\/fr\/wp-json\/wp\/v2\/users\/9"}],"replies":[{"embeddable":true,"href":"https:\/\/ibizavilla.com\/fr\/wp-json\/wp\/v2\/comments?post=67807"}],"version-history":[{"count":0,"href":"https:\/\/ibizavilla.com\/fr\/wp-json\/wp\/v2\/pages\/67807\/revisions"}],"wp:attachment":[{"href":"https:\/\/ibizavilla.com\/fr\/wp-json\/wp\/v2\/media?parent=67807"}],"curies":[{"name":"wp","href":"https:\/\/api.w.org\/{rel}","templated":true}]}}