{"id":67814,"date":"2019-11-13T13:06:05","date_gmt":"2019-11-13T11:06:05","guid":{"rendered":"https:\/\/ibizavilla.com\/?page_id=67814"},"modified":"2020-01-30T08:50:07","modified_gmt":"2020-01-30T06:50:07","slug":"locations","status":"publish","type":"page","link":"https:\/\/ibizavilla.com\/fr\/locations\/","title":{"rendered":"Location"},"content":{"rendered":"<div class=\"wpb-content-wrapper\"><p style=\"text-align: center;\">[vc_row][vc_column][vc_column_text el_class=\u00a0\u00bbcustom-read-less\u00a0\u00bb]<strong>Cher invit\u00e9s, bienvenus sur l&rsquo;\u00eele magique d&rsquo;Ibiza. <\/strong>Sachez que vous \u00eates sur le point de d\u00e9couvrir un <strong>endroit unique qui restera dans votre c\u0153ur longtemps<\/strong>, m\u00eame apr\u00e8s la fin de votre s\u00e9jour sur l&rsquo;\u00eele<strong>&#8230;<\/strong><\/p>\n<p class=\"custom-read-ml-button\" style=\"text-align: center;\">+<\/p>\n<p>[\/vc_column_text][vc_column_text el_class=\u00a0\u00bbcustom-read-more\u00a0\u00bb]<\/p>\n<p style=\"text-align: center;\">Cher invit\u00e9s, bienvenus sur l&rsquo;\u00eele magique d&rsquo;Ibiza.<br \/>\nSachez que vous \u00eates sur le point de d\u00e9couvrir un endroit unique qui restera dans votre c\u0153ur longtemps, m\u00eame apr\u00e8s la fin de votre s\u00e9jour sur l&rsquo;\u00eele.<\/p>\n<p style=\"text-align: center;\">Ibiza est un lieu privil\u00e9gi\u00e9 o\u00f9 la terre, le ciel et la mer communiquent, cr\u00e9ant une harmonie unique de beaut\u00e9 et de s\u00e9r\u00e9nit\u00e9. C\u2019est pourquoi nous avons s\u00e9lectionn\u00e9 les meilleures villas de luxe de l\u2019\u00eele. Nous voulons que vous tombiez amoureux de l&rsquo;\u00eele et, surtout, que vous puissiez vous d\u00e9tendre. Ibiza Villa a donc pens\u00e9 \u00e0 tous les d\u00e9tails pour rendre votre s\u00e9jour inoubliable.<\/p>\n<p style=\"text-align: center;\">Ibiza est un m\u00e9lange de libert\u00e9, d&rsquo;unicit\u00e9 et de plaisir. Chaque partie d&rsquo;Ibiza est particuli\u00e8re et unique \u00e0 sa mani\u00e8re. Nous choisissons les meilleurs emplacements sur l&rsquo;\u00eele afin de r\u00e9pondre au mieux \u00e0 vos demandes et \u00e0 vos exigences. Soit pr\u00e8s de petites villages rustiques loin du chaos des discoth\u00e8ques et des f\u00eates sur la plage, soit pr\u00e8s des plus grandes villes o\u00f9 la vie nocturne r\u00e8gne en ma\u00eetre: nous sommes convaincus que nos villas satisferont vos go\u00fbts et d\u00e9passeront vos attentes.<\/p>\n<p style=\"text-align: center;\">Ibiza Villa est l\u00e0 pour vous offrir un large choix de villas de luxe \u00e0 vous en couper le souffle. Oui, c\u2019est notre travail: nous tenons \u00e0 vous offrir non seulement une villa \u00e0 louer, mais \u00e9galement une exp\u00e9rience de luxe dans cette belle \u00eele.<\/p>\n<p style=\"text-align: center;\">Chaque demande deviendra r\u00e9alit\u00e9 gr\u00e2ce \u00e0 notre \u00e9quipe sp\u00e9cialis\u00e9e.<br \/>\nVous recherchez des plages magnifiques et une mer cristalline? Il n&rsquo;y a aucun probl\u00e8me. Nous trouverons la meilleure villa pr\u00e8s de vos plages pr\u00e9f\u00e9r\u00e9es.<br \/>\nVous planifiez des vacances amusantes avec vos amis? Nous trouverons la villa pour votre budget, peu importe le nombre de personnes que vous \u00eates.<br \/>\nVoulez-vous un espace d\u00e9tente avec piscine ou jacuzzi en pleine nature? Nous connaissons d\u00e9j\u00e0 la villa qui va vous s\u00e9duire!<\/p>\n<p style=\"text-align: center;\">La seule chose \u00e0 faire est de nous contacter par t\u00e9l\u00e9phone, WhatsApp ou email afin de nous indiquer l&rsquo;ensemble de vos besoins. Nous trouverons la meilleure villa \u00e0 louer en fonction de vos exigences, de votre style et de votre budget.<br \/>\nEn attendant, vous pouvez consulter notre tout nouveau site Web et choisir vos villas pr\u00e9f\u00e9r\u00e9es.<\/p>\n<p style=\"text-align: center;\">Ibiza Villa, depuis 1998, offre \u00e0 ses clients une exp\u00e9rience unique dans ce havre de paix au milieu de la M\u00e9diterran\u00e9e. Ce qui nous pousse \u00e0 \u00eatre toujours meilleurs, c\u2019est notre amour pour cette \u00eele, la beaut\u00e9 des villas qui la peuplent et nos clients toujours satisfaits.<\/p>\n<p style=\"text-align: center;\">Sur notre site web, vous trouverez les meilleures villas de luxe sur l&rsquo;\u00eele d&rsquo;Ibiza, soigneusement choisies pour vous offrir le meilleur.<br \/>\nNos villas \u00e0 louer sont toujours associ\u00e9es \u00e0 de nombreux autres services que nous avons con\u00e7us pour nos clients. Regardez la section des services pour ajouter une touche suppl\u00e9mentaire \u00e0 vos vacances. Ibiza n&rsquo;attend que vous.<\/p>\n<p style=\"text-align: center;\">Laissez place \u00e0 votre cr\u00e9ativit\u00e9 et choisissez la villa de luxe qui vous repr\u00e9sente le mieux!<\/p>\n<p class=\"custom-read-ml-button\" style=\"text-align: center;\">&#8211;<\/p>\n<p>[\/vc_column_text][vc_column_text]<input id=\"typelisting\" name=\"typelist\" type=\"hidden\" value=\"rentals\" \/>[\/vc_column_text][\/vc_column][\/vc_row]<\/p>\n<\/div>","protected":false},"excerpt":{"rendered":"<p>[vc_row][vc_column][vc_column_text el_class=\u00a0\u00bbcustom-read-less\u00a0\u00bb]Cher invit\u00e9s, bienvenus sur l&rsquo;\u00eele magique d&rsquo;Ibiza. Sachez que vous \u00eates sur le point de d\u00e9couvrir un endroit unique qui restera dans votre c\u0153ur longtemps, m\u00eame apr\u00e8s la fin de votre s\u00e9jour sur l&rsquo;\u00eele&#8230; + [\/vc_column_text][vc_column_text el_class=\u00a0\u00bbcustom-read-more\u00a0\u00bb] Cher invit\u00e9s, bienvenus sur l&rsquo;\u00eele magique d&rsquo;Ibiza. Sachez que vous \u00eates sur le point de d\u00e9couvrir un &#8230;<\/p>\n","protected":false},"author":9,"featured_media":0,"parent":0,"menu_order":0,"comment_status":"closed","ping_status":"closed","template":"property_list_half.php","meta":{"_acf_changed":false,"_joinchat":[],"footnotes":""},"class_list":["post-67814","page","type-page","status-publish","hentry"],"acf":[],"_links":{"self":[{"href":"https:\/\/ibizavilla.com\/fr\/wp-json\/wp\/v2\/pages\/67814","targetHints":{"allow":["GET"]}}],"collection":[{"href":"https:\/\/ibizavilla.com\/fr\/wp-json\/wp\/v2\/pages"}],"about":[{"href":"https:\/\/ibizavilla.com\/fr\/wp-json\/wp\/v2\/types\/page"}],"author":[{"embeddable":true,"href":"https:\/\/ibizavilla.com\/fr\/wp-json\/wp\/v2\/users\/9"}],"replies":[{"embeddable":true,"href":"https:\/\/ibizavilla.com\/fr\/wp-json\/wp\/v2\/comments?post=67814"}],"version-history":[{"count":0,"href":"https:\/\/ibizavilla.com\/fr\/wp-json\/wp\/v2\/pages\/67814\/revisions"}],"wp:attachment":[{"href":"https:\/\/ibizavilla.com\/fr\/wp-json\/wp\/v2\/media?parent=67814"}],"curies":[{"name":"wp","href":"https:\/\/api.w.org\/{rel}","templated":true}]}}