{"id":67822,"date":"2019-11-13T13:08:45","date_gmt":"2019-11-13T11:08:45","guid":{"rendered":"https:\/\/ibizavilla.com\/?page_id=67822"},"modified":"2026-04-17T09:56:58","modified_gmt":"2026-04-17T07:56:58","slug":"tout-voir","status":"publish","type":"page","link":"https:\/\/ibizavilla.com\/fr\/tout-voir\/","title":{"rendered":"Tout voir"},"content":{"rendered":"<div class=\"wpb-content-wrapper\"><p>[vc_row css=\u00a0\u00bb.vc_custom_1572365420985{margin-top: 60px !important;padding-bottom: 30px !important;}\u00a0\u00bb][vc_column][vc_column_text css=\u00a0\u00bb\u00a0\u00bb]<\/p>\n<h2 style=\"text-align: center;\">Ibiza Villa \u2013 Location de voitures<\/h2>\n<p>[\/vc_column_text][vc_column_text css=\u00a0\u00bb\u00a0\u00bb]<\/p>\n<p style=\"text-align: center;\">Vous pouvez nous contacter par t\u00e9l\u00e9phone ou par e-mail et nous serons heureux de vous envoyer les multiples options disponibles.<\/p>\n<p style=\"text-align: center;\">Vous pourrez comparer selon le mod\u00e8le et le prix et, gr\u00e2ce \u00e0 nos conseils, vous pourrez faire votre choix en toute qui\u00e9tude. Choisissez votre voiture, ajoutez des produits suppl\u00e9mentaires, tels qu&rsquo;une assurance plus compl\u00e8te ou un chauffeur, et compl\u00e9tez la r\u00e9servation.<\/p>\n<p>[\/vc_column_text][vc_raw_html css=\u00a0\u00bb\u00a0\u00bb]JTNDc2NyaXB0JTIwdHlwZSUzRCUyMnRleHQlMkZqYXZhc2NyaXB0JTIyJTIwc3JjJTNEJTIyJTJGd3AtY29udGVudCUyRnVwbG9hZHMlMkZpZnJhbWVSZXNpemVyLm1pbi5qcyUyMiUzRSUzQyUyRnNjcmlwdCUzRSUwQSUzQ2lmcmFtZSUyMHN0eWxlJTNEJTIyd2lkdGglM0ExMDAlMjUlM0Jib3JkZXIlM0Fub25lJTNCbWluLWhlaWdodCUzQTUwMHB4JTNCaGVpZ2h0JTNBYXV0byUzQiUyMiUyMGlkJTNEJTIyaWZyYW1lX2NhcnBsdXNfYWZpbGlhZG8lMjIlMjBzcmMlM0QlMjJodHRwcyUzQSUyRiUyRmJvb2tpbmdzLm1vdG9sdWlzLmNvbSUyRiUzRmlkaW9tYSUzRGVuJTI2YWZpbGlhZG8lM0Q0MzAwMDA2MDgzJTI2Y29sb3JfYWZpbGlhZG8lM0RjeWFuJTI2ZG9udENoZWNrU2FmYXJpJTNEMSUyMiUyMHNjcm9sbGluZyUzRCUyMnllcyUyMiUzRSUzQyUyRmlmcmFtZSUzRSUwQSUzQ3NjcmlwdCUzRWlGcmFtZVJlc2l6ZSUyOCU3QmxvZyUzQWZhbHNlJTdEJTJDJTIwJTI3JTIzaWZyYW1lX2NhcnBsdXNfYWZpbGlhZG8lMjclMjklM0MlMkZzY3JpcHQlM0U=[\/vc_raw_html][\/vc_column][\/vc_row][vc_row css=\u00a0\u00bb.vc_custom_1775719551224{padding-bottom: 30px !important;}\u00a0\u00bb][vc_column][vc_column_text css=\u00a0\u00bb\u00a0\u00bb]<\/p>\n<h2 style=\"text-align: center;\">Ibiza Villa \u2013 Services Exclusifs et Personnalis\u00e9s pour Nos Clients<\/h2>\n<p>[\/vc_column_text][vc_column_text css=\u00a0\u00bb\u00a0\u00bb]<\/p>\n<p style=\"text-align: center;\">Ibiza Villa vous garantit une exp\u00e9rience premium sur l\u2019\u00eele, avec une gamme compl\u00e8te de prestations sur-mesure, r\u00e9serv\u00e9es uniquement \u00e0 notre client\u00e8le.<\/p>\n<p>[\/vc_column_text][\/vc_column][\/vc_row][vc_row el_class=\u00a0\u00bbservicios-box\u00a0\u00bb css=\u00a0\u00bb.vc_custom_1572365501032{padding-bottom: 30px !important;}\u00a0\u00bb][vc_column width=\u00a0\u00bb1\/3&Prime;]<div id=\"ultimate-heading-26396a0335baef578\" class=\"uvc-heading ult-adjust-bottom-margin ultimate-heading-26396a0335baef578 uvc-4263 \" data-hspacer=\"no_spacer\"  data-halign=\"center\" style=\"text-align:center\"><div class=\"uvc-heading-spacer no_spacer\" style=\"top\"><\/div><div class=\"uvc-main-heading ult-responsive\"  data-ultimate-target='.uvc-heading.ultimate-heading-26396a0335baef578 h3'  data-responsive-json-new='{\"font-size\":\"\",\"line-height\":\"\"}' ><h3 style=\"font-weight:bold;\">Exp\u00e9riences nautiques sur mesure<\/h3><\/div><\/div>[vc_single_image image=\u00a0\u00bb30317&Prime; img_size=\u00a0\u00bbfull\u00a0\u00bb alignment=\u00a0\u00bbcenter\u00a0\u00bb css_animation=\u00a0\u00bbfadeIn\u00a0\u00bb css=\u00a0\u00bb\u00a0\u00bb el_class=\u00a0\u00bbshadow-transition\u00a0\u00bb][vc_column_text css=\u00a0\u00bb\u00a0\u00bb]<\/p>\n<p style=\"text-align: center;\">Profitez de la M\u00e9diterran\u00e9e gr\u00e2ce \u00e0 notre s\u00e9lection de yachts, bateaux et catamarans. Nous organisons des journ\u00e9es en mer, des excursions priv\u00e9es et des transferts exclusifs pour d\u00e9couvrir Ibiza depuis la mer.<\/p>\n<p>[\/vc_column_text][\/vc_column][vc_column width=\u00a0\u00bb1\/3&Prime;]<div id=\"ultimate-heading-42526a0335baef5fb\" class=\"uvc-heading ult-adjust-bottom-margin ultimate-heading-42526a0335baef5fb uvc-4009 \" data-hspacer=\"no_spacer\"  data-halign=\"center\" style=\"text-align:center\"><div class=\"uvc-heading-spacer no_spacer\" style=\"top\"><\/div><div class=\"uvc-main-heading ult-responsive\"  data-ultimate-target='.uvc-heading.ultimate-heading-42526a0335baef5fb h3'  data-responsive-json-new='{\"font-size\":\"\",\"line-height\":\"\"}' ><h3 style=\"font-weight:bold;\">Mobilit\u00e9 et transferts de luxe<\/h3><\/div><\/div>[vc_single_image image=\u00a0\u00bb30321&Prime; img_size=\u00a0\u00bbfull\u00a0\u00bb alignment=\u00a0\u00bbcenter\u00a0\u00bb css_animation=\u00a0\u00bbfadeIn\u00a0\u00bb css=\u00a0\u00bb\u00a0\u00bb el_class=\u00a0\u00bbshadow-transition\u00a0\u00bb][vc_column_text css=\u00a0\u00bb\u00a0\u00bb]<\/p>\n<p style=\"text-align: center;\">Acc\u00e9dez \u00e0 une flotte de voitures haut de gamme, livr\u00e9es \u00e0 l&rsquo;a\u00e9roport ou \u00e0 votre villa. B\u00e9n\u00e9ficiez d&rsquo;un traitement VIP d\u00e8s votre arriv\u00e9e et \u00e9vitez les temps d&rsquo;attente gr\u00e2ce \u00e0 nos transferts directs.<\/p>\n<p>[\/vc_column_text][\/vc_column][vc_column width=\u00a0\u00bb1\/3&Prime;]<div id=\"ultimate-heading-24816a0335baef64d\" class=\"uvc-heading ult-adjust-bottom-margin ultimate-heading-24816a0335baef64d uvc-1224 \" data-hspacer=\"no_spacer\"  data-halign=\"center\" style=\"text-align:center\"><div class=\"uvc-heading-spacer no_spacer\" style=\"top\"><\/div><div class=\"uvc-main-heading ult-responsive\"  data-ultimate-target='.uvc-heading.ultimate-heading-24816a0335baef64d h3'  data-responsive-json-new='{\"font-size\":\"\",\"line-height\":\"\"}' ><h3 style=\"font-weight:bold;\">Gastronomie et restauration priv\u00e9e<\/h3><\/div><\/div>[vc_single_image image=\u00a0\u00bb30337&Prime; img_size=\u00a0\u00bbfull\u00a0\u00bb alignment=\u00a0\u00bbcenter\u00a0\u00bb css_animation=\u00a0\u00bbfadeIn\u00a0\u00bb][vc_column_text css=\u00a0\u00bb\u00a0\u00bb]<\/p>\n<p style=\"text-align: center;\">Laissez-vous tenter par les meilleurs d\u00e9lices culinaires : un chef priv\u00e9 \u00e0 domicile, un service traiteur personnalis\u00e9 adapt\u00e9 \u00e0 vos go\u00fbts, l&rsquo;organisation d&rsquo;\u00e9v\u00e9nements gastronomiques et la livraison de produits gastronomiques directement \u00e0 votre villa.<\/p>\n<p>[\/vc_column_text][\/vc_column][\/vc_row][vc_row][vc_column width=\u00a0\u00bb1\/3&Prime;][vc_row_inner][vc_column_inner]<div id=\"ultimate-heading-83296a0335baef699\" class=\"uvc-heading ult-adjust-bottom-margin ultimate-heading-83296a0335baef699 uvc-8650 \" data-hspacer=\"no_spacer\"  data-halign=\"center\" style=\"text-align:center\"><div class=\"uvc-heading-spacer no_spacer\" style=\"top\"><\/div><div class=\"uvc-main-heading ult-responsive\"  data-ultimate-target='.uvc-heading.ultimate-heading-83296a0335baef699 h3'  data-responsive-json-new='{\"font-size\":\"\",\"line-height\":\"\"}' ><h3 style=\"font-weight:bold;\">Bien-\u00eatre familial \/ Baby-sitter<\/h3><\/div><\/div>[vc_single_image image=\u00a0\u00bb30341&Prime; img_size=\u00a0\u00bbfull\u00a0\u00bb alignment=\u00a0\u00bbcenter\u00a0\u00bb css_animation=\u00a0\u00bbfadeIn\u00a0\u00bb][vc_column_text css=\u00a0\u00bb\u00a0\u00bb]<\/p>\n<p style=\"text-align: center;\">Vous avez besoin d&rsquo;une baby-sitter pendant votre s\u00e9jour \u00e0 Ibiza ? Nous vous aiderons \u00e0 trouver la personne id\u00e9ale afin que vous puissiez vous d\u00e9tendre et profiter d&rsquo;Ibiza en famille, en toute confiance et s\u00e9r\u00e9nit\u00e9.<\/p>\n<p>[\/vc_column_text][\/vc_column_inner][\/vc_row_inner][\/vc_column][vc_column width=\u00a0\u00bb1\/3&Prime;][vc_row_inner][vc_column_inner]<div id=\"ultimate-heading-24176a0335baef6e2\" class=\"uvc-heading ult-adjust-bottom-margin ultimate-heading-24176a0335baef6e2 uvc-9748 \" data-hspacer=\"no_spacer\"  data-halign=\"center\" style=\"text-align:center\"><div class=\"uvc-heading-spacer no_spacer\" style=\"top\"><\/div><div class=\"uvc-main-heading ult-responsive\"  data-ultimate-target='.uvc-heading.ultimate-heading-24176a0335baef6e2 h3'  data-responsive-json-new='{\"font-size\":\"\",\"line-height\":\"\"}' ><h3 style=\"font-weight:bold;\">Concierge premium<\/h3><\/div><\/div>[vc_single_image image=\u00a0\u00bb30329&Prime; img_size=\u00a0\u00bbfull\u00a0\u00bb alignment=\u00a0\u00bbcenter\u00a0\u00bb css_animation=\u00a0\u00bbfadeIn\u00a0\u00bb][\/vc_column_inner][\/vc_row_inner][vc_column_text css=\u00a0\u00bb\u00a0\u00bb]<\/p>\n<p style=\"text-align: center;\">Nous nous occupons de tous les services suppl\u00e9mentaires dont vous pourriez avoir besoin : courses, service d&rsquo;accueil, pr\u00e9paration sp\u00e9ciale de la villa, personnel disponible pour r\u00e9pondre \u00e0 vos besoins sp\u00e9cifiques.<\/p>\n<p>[\/vc_column_text][\/vc_column][vc_column width=\u00a0\u00bb1\/3&Prime;][vc_row_inner][vc_column_inner]<div id=\"ultimate-heading-63576a0335baef727\" class=\"uvc-heading ult-adjust-bottom-margin ultimate-heading-63576a0335baef727 uvc-8999 \" data-hspacer=\"no_spacer\"  data-halign=\"center\" style=\"text-align:center\"><div class=\"uvc-heading-spacer no_spacer\" style=\"top\"><\/div><div class=\"uvc-main-heading ult-responsive\"  data-ultimate-target='.uvc-heading.ultimate-heading-63576a0335baef727 h3'  data-responsive-json-new='{\"font-size\":\"\",\"line-height\":\"\"}' ><h3 style=\"font-weight:bold;\">D\u00e9tente et bien-\u00eatre personnalis\u00e9<\/h3><\/div><\/div>[vc_single_image image=\u00a0\u00bb30333&Prime; img_size=\u00a0\u00bbfull\u00a0\u00bb alignment=\u00a0\u00bbcenter\u00a0\u00bb css_animation=\u00a0\u00bbfadeIn\u00a0\u00bb][vc_column_text css=\u00a0\u00bb\u00a0\u00bb]<\/p>\n<p style=\"text-align: center;\">Nous nous chargeons de trouver du personnel pour des massages et des soins relaxants directement dans votre villa, afin que vous puissiez profiter de moments de d\u00e9tente et de soins complets en toute intimit\u00e9.<\/p>\n<p>[\/vc_column_text][\/vc_column_inner][\/vc_row_inner][\/vc_column][\/vc_row][vc_row][vc_column width=\u00a0\u00bb1\/3&Prime;][vc_row_inner][vc_column_inner][\/vc_column_inner][\/vc_row_inner][\/vc_column][vc_column width=\u00a0\u00bb1\/3&Prime;]<div id=\"ultimate-heading-10676a0335baef76b\" class=\"uvc-heading ult-adjust-bottom-margin ultimate-heading-10676a0335baef76b uvc-4436 \" data-hspacer=\"no_spacer\"  data-halign=\"center\" style=\"text-align:center\"><div class=\"uvc-heading-spacer no_spacer\" style=\"top\"><\/div><div class=\"uvc-main-heading ult-responsive\"  data-ultimate-target='.uvc-heading.ultimate-heading-10676a0335baef76b h3'  data-responsive-json-new='{\"font-size\":\"\",\"line-height\":\"\"}' ><h3 style=\"font-weight:bold;\">R\u00e9servations et acc\u00e8s prioritaire<\/h3><\/div><\/div>[vc_single_image image=\u00a0\u00bb30325&Prime; img_size=\u00a0\u00bbfull\u00a0\u00bb alignment=\u00a0\u00bbcenter\u00a0\u00bb css_animation=\u00a0\u00bbfadeIn\u00a0\u00bb][vc_column_text css=\u00a0\u00bb\u00a0\u00bb]<\/p>\n<p style=\"text-align: center;\">Nous g\u00e9rons pour vous les r\u00e9servations dans les restaurants et clubs exclusifs d&rsquo;Ibiza.<\/p>\n<p>[\/vc_column_text][\/vc_column][vc_column width=\u00a0\u00bb1\/3&Prime;][\/vc_column][\/vc_row][vc_row css=\u00a0\u00bb.vc_custom_1574963226616{padding-top: 20px !important;}\u00a0\u00bb][vc_column][vc_column_text css=\u00a0\u00bb\u00a0\u00bb]<\/p>\n<p style=\"text-align: center;\">Tous ces services sont exclusivement r\u00e9serv\u00e9s \u00e0 nos clients, leur garantissant un s\u00e9jour \u00e0 Ibiza plac\u00e9 sous le signe du confort, du luxe et d&rsquo;une attention personnalis\u00e9e.<\/p>\n<p>[\/vc_column_text]<div class=\" ult_buttons ubtn-ctn-center \"><a class=\"ubtn-link ult-adjust-bottom-margin ubtn-center ubtn-normal \" href=\"mailto:info@ibizavilla.com\" ><button type=\"button\" id=\"ubtn-2020\"  class=\"ubtn ult-adjust-bottom-margin ult-responsive ubtn-normal ubtn-fade-bg  none  ubtn-center   tooltip-6a0335baef7b8\"  data-hover=\"#0090ff\" data-border-color=\"#10c1ed\" data-bg=\"\" data-hover-bg=\"#ffffff\" data-border-hover=\"#0090ff\" data-shadow-hover=\"\" data-shadow-click=\"none\" data-shadow=\"\" data-shd-shadow=\"\"  data-ultimate-target='#ubtn-2020'  data-responsive-json-new='{\"font-size\":\"\",\"line-height\":\"\"}'  style=\"font-weight:normal;border-radius:30px;border-width:2px;border-color:#10c1ed;border-style:solid;color: #10c1ed;\"><span class=\"ubtn-hover\" style=\"background-color:#ffffff\"><\/span><span class=\"ubtn-data ubtn-text \" >R\u00e9servations &amp; infos<\/span><\/button><\/a><\/div>[\/vc_column][\/vc_row][vc_row full_width=\u00a0\u00bbstretch_row_content_no_spaces\u00a0\u00bb el_class=\u00a0\u00bbbg-no-mb\u00a0\u00bb css=\u00a0\u00bb.vc_custom_1573291425056{padding-top: 30px !important;}\u00a0\u00bb][vc_column][vc_single_image image=\u00a0\u00bb67344&Prime; img_size=\u00a0\u00bbfull\u00a0\u00bb alignment=\u00a0\u00bbcenter\u00a0\u00bb][\/vc_column][\/vc_row]<\/p>\n<\/div>","protected":false},"excerpt":{"rendered":"<p>[vc_row css=\u00a0\u00bb.vc_custom_1572365420985{margin-top: 60px !important;padding-bottom: 30px !important;}\u00a0\u00bb][vc_column][vc_column_text css=\u00a0\u00bb\u00a0\u00bb] Ibiza Villa \u2013 Location de voitures [\/vc_column_text][vc_column_text css=\u00a0\u00bb\u00a0\u00bb] Vous pouvez nous contacter par t\u00e9l\u00e9phone ou par e-mail et nous serons heureux de vous envoyer les multiples options disponibles. Vous pourrez comparer selon le mod\u00e8le et le prix et, gr\u00e2ce \u00e0 nos conseils, vous pourrez faire votre choix en &#8230;<\/p>\n","protected":false},"author":9,"featured_media":0,"parent":0,"menu_order":0,"comment_status":"closed","ping_status":"closed","template":"","meta":{"_acf_changed":false,"_joinchat":[],"footnotes":""},"class_list":["post-67822","page","type-page","status-publish","hentry"],"acf":[],"_links":{"self":[{"href":"https:\/\/ibizavilla.com\/fr\/wp-json\/wp\/v2\/pages\/67822","targetHints":{"allow":["GET"]}}],"collection":[{"href":"https:\/\/ibizavilla.com\/fr\/wp-json\/wp\/v2\/pages"}],"about":[{"href":"https:\/\/ibizavilla.com\/fr\/wp-json\/wp\/v2\/types\/page"}],"author":[{"embeddable":true,"href":"https:\/\/ibizavilla.com\/fr\/wp-json\/wp\/v2\/users\/9"}],"replies":[{"embeddable":true,"href":"https:\/\/ibizavilla.com\/fr\/wp-json\/wp\/v2\/comments?post=67822"}],"version-history":[{"count":5,"href":"https:\/\/ibizavilla.com\/fr\/wp-json\/wp\/v2\/pages\/67822\/revisions"}],"predecessor-version":[{"id":119976,"href":"https:\/\/ibizavilla.com\/fr\/wp-json\/wp\/v2\/pages\/67822\/revisions\/119976"}],"wp:attachment":[{"href":"https:\/\/ibizavilla.com\/fr\/wp-json\/wp\/v2\/media?parent=67822"}],"curies":[{"name":"wp","href":"https:\/\/api.w.org\/{rel}","templated":true}]}}