{"id":67823,"date":"2019-11-13T13:08:56","date_gmt":"2019-11-13T11:08:56","guid":{"rendered":"https:\/\/ibizavilla.com\/?page_id=67823"},"modified":"2019-12-02T17:57:22","modified_gmt":"2019-12-02T15:57:22","slug":"shopping","status":"publish","type":"page","link":"https:\/\/ibizavilla.com\/fr\/shopping\/","title":{"rendered":"Shopping"},"content":{"rendered":"<div class=\"wpb-content-wrapper\"><p>[vc_row css=\u00a0\u00bb.vc_custom_1572336922621{margin-top: 30px !important;padding-top: 30px !important;padding-bottom: 30px !important;}\u00a0\u00bb][vc_column][vc_column_text]<\/p>\n<h1 style=\"text-align: center;\">Service de Shopping&#8230; Ibiza Villa!<\/h1>\n<p>[\/vc_column_text][vc_column_text]<\/p>\n<h4 style=\"text-align: center;\">Ibiza Villa veut simplifier votre arriv\u00e9e!<\/h4>\n<p>[\/vc_column_text][\/vc_column][\/vc_row][vc_row full_width=\u00a0\u00bbstretch_row\u00a0\u00bb bg_type=\u00a0\u00bbbg_color\u00a0\u00bb bg_color_value=\u00a0\u00bb#f4f4f4&Prime; css=\u00a0\u00bb.vc_custom_1572091197730{margin-top: 30px !important;}\u00a0\u00bb][vc_column][vc_row_inner][vc_column_inner][vc_column_text]<\/p>\n<h2 style=\"text-align: center;\">Dites adieu aux sacs lourds, au temps perdu et aux files d&rsquo;attente \u00e0 la caisse: nous irons au supermarch\u00e9 pour vous avant votre arriv\u00e9e dans votre villa de luxe.<\/h2>\n<p>[\/vc_column_text][vc_column_text el_class=\u00a0\u00bbcustom-text-padding\u00a0\u00bb]<\/p>\n<p style=\"text-align: center;\">Nous pensons \u00e0 votre bien-\u00eatre et \u00e0 votre confort parce que nous nous soucions de vous. Nous voulons vous \u00e9viter le stress et la fatigue. Les heures consacr\u00e9es \u00e0 la recherche de produits dans les all\u00e9es des supermarch\u00e9s \u00e0 votre arriv\u00e9e ne seront bient\u00f4t plus qu&rsquo;un souvenir.<\/p>\n<p>[\/vc_column_text][\/vc_column_inner][\/vc_row_inner][vc_row_inner][vc_column_inner][vc_single_image image=\u00a0\u00bb67610&Prime; img_size=\u00a0\u00bbfull\u00a0\u00bb alignment=\u00a0\u00bbcenter\u00a0\u00bb][\/vc_column_inner][\/vc_row_inner][vc_row_inner][vc_column_inner][vc_column_text el_class=\u00a0\u00bbcustom-text-padding\u00a0\u00bb]<\/p>\n<p style=\"text-align: center;\">Nous sommes ici pour assurer votre d\u00e9tente absolue. Nous connaissons tous l&rsquo;agr\u00e9able sensation d&rsquo;arriver \u00e0 la maison et de trouver le frigo plein de boissons et de plats savoureux.<\/p>\n<p style=\"text-align: center;\">C\u2019est pourquoi Ibiza Villa vous propose de remplir votre r\u00e9frig\u00e9rateur avant votre arriv\u00e9e. Ainsi, lorsque vous arriverez dans votre villa de luxe au d\u00e9but de votre s\u00e9jour, vous ne serez plus stress\u00e9 \u00e0 la recherche du supermarch\u00e9 le plus proche et, au contraire, vous trouverez d\u00e9j\u00e0 ce que vous aurez choisi dans votre r\u00e9frig\u00e9rateur.<\/p>\n<p>[\/vc_column_text][\/vc_column_inner][\/vc_row_inner][\/vc_column][\/vc_row][vc_row css=\u00a0\u00bb.vc_custom_1572344771444{padding-top: 60px !important;padding-bottom: 30px !important;}\u00a0\u00bb][vc_column][vc_column_text]<\/p>\n<h2 style=\"text-align: center;\">Comment \u00e7a marche?<\/h2>\n<p>[\/vc_column_text][vc_column_text]<\/p>\n<h4 style=\"text-align: center;\">Et bien, c\u2019est tr\u00e8s simple et cela ne prend que quelques minutes.<\/h4>\n<p>[\/vc_column_text][\/vc_column][\/vc_row][vc_row el_class=\u00a0\u00bbspecial-col-imgtext\u00a0\u00bb css=\u00a0\u00bb.vc_custom_1572345469564{padding-top: 30px !important;padding-bottom: 30px !important;}\u00a0\u00bb][vc_column][vc_row_inner equal_height=\u00a0\u00bbyes\u00a0\u00bb el_class=\u00a0\u00bbto-equal-height\u00a0\u00bb][vc_column_inner el_class=\u00a0\u00bbto-center-height\u00a0\u00bb offset=\u00a0\u00bbvc_col-lg-4 vc_col-md-12 vc_col-xs-12&Prime;][vc_column_text]<\/p>\n<h4 style=\"text-align: center;\">\u00c9tape 1<\/h4>\n<p style=\"text-align: center;\">La premi\u00e8re \u00e9tape consiste \u00e0 vous faire parvenir une liste compl\u00e8te de produits et aliments de base que nous avons cr\u00e9\u00e9 en pensant \u00e0 l&rsquo;ensemble de vos besoins.<\/p>\n<p>[\/vc_column_text][\/vc_column_inner][vc_column_inner el_class=\u00a0\u00bbimage-equl-no-btm\u00a0\u00bb offset=\u00a0\u00bbvc_col-lg-4 vc_col-md-12 vc_col-xs-12&Prime;][vc_single_image image=\u00a0\u00bb67614&Prime; img_size=\u00a0\u00bbfull\u00a0\u00bb alignment=\u00a0\u00bbcenter\u00a0\u00bb][\/vc_column_inner][vc_column_inner el_class=\u00a0\u00bbto-center-height\u00a0\u00bb offset=\u00a0\u00bbvc_col-lg-4 vc_col-md-12 vc_col-xs-12&Prime;][vc_column_text]<\/p>\n<h4 style=\"text-align: center;\">\u00c9tape 2<\/h4>\n<p style=\"text-align: center;\">La deuxi\u00e8me \u00e9tape est simple : nous faire savoir quels produits vous souhaitez trouver dans votre frigo \u00e0 votre arriv\u00e9e. Vous pourrez \u00e9galement nous stipuler la quantit\u00e9 de chaque aliment que vous aurez choisi. Une fois que la liste d&rsquo;achats sera compl\u00e9t\u00e9e selon vos pr\u00e9f\u00e9rences, nous nous chargerons d&rsquo;acheter tous les produits que vous aurez indiqu\u00e9.<\/p>\n<p>[\/vc_column_text][\/vc_column_inner][\/vc_row_inner][vc_row_inner equal_height=\u00a0\u00bbyes\u00a0\u00bb el_class=\u00a0\u00bbto-equal-height\u00a0\u00bb][vc_column_inner el_class=\u00a0\u00bbimage-equl-no-btm\u00a0\u00bb offset=\u00a0\u00bbvc_col-lg-4 vc_col-md-12 vc_col-xs-12&Prime;][vc_single_image image=\u00a0\u00bb67618&Prime; img_size=\u00a0\u00bbfull\u00a0\u00bb alignment=\u00a0\u00bbcenter\u00a0\u00bb][\/vc_column_inner][vc_column_inner el_class=\u00a0\u00bbto-center-height\u00a0\u00bb offset=\u00a0\u00bbvc_col-lg-4 vc_col-md-12 vc_col-xs-12&Prime;][vc_column_text]<\/p>\n<h4 style=\"text-align: center;\">\u00c9tape 3<\/h4>\n<p style=\"text-align: center;\">Enfin, la troisi\u00e8me \u00e9tape est la plus facile et aussi la plus satisfaisante. En effet, au moment de votre arriv\u00e9e dans l\u2019une de nos villas de luxe, il vous suffira d\u2019ouvrir le r\u00e9frig\u00e9rateur. Vous le trouverez rempli de la nourriture que vous aurez demand\u00e9, fra\u00eechement achet\u00e9e et d\u00e9j\u00e0 dispos\u00e9e dans les espaces appropri\u00e9s.<\/p>\n<p>[\/vc_column_text][\/vc_column_inner][vc_column_inner el_class=\u00a0\u00bbimage-equl-no-btm\u00a0\u00bb offset=\u00a0\u00bbvc_col-lg-4 vc_col-md-12 vc_col-xs-12&Prime;][vc_single_image image=\u00a0\u00bb67622&Prime; img_size=\u00a0\u00bbfull\u00a0\u00bb alignment=\u00a0\u00bbcenter\u00a0\u00bb][\/vc_column_inner][\/vc_row_inner][\/vc_column][\/vc_row][vc_row css=\u00a0\u00bb.vc_custom_1572346632984{padding-top: 60px !important;padding-bottom: 60px !important;}\u00a0\u00bb][vc_column][vc_column_text el_class=\u00a0\u00bbcustom-text-padding\u00a0\u00bb]<\/p>\n<h3 style=\"text-align: center;\">Peut-\u00eatre vous demandez-vous comment r\u00e9gler ce service?<\/h3>\n<p>[\/vc_column_text][vc_column_text el_class=\u00a0\u00bbcustom-text-padding\u00a0\u00bb]<\/p>\n<p style=\"text-align: center;\">Ibiza Villa vous offre la possibilit\u00e9 de r\u00e9gler directement en esp\u00e8ces la nourriture que vous aurez command\u00e9 \u00e0 votre arriv\u00e9e. Simple, n&rsquo;est-ce pas?<\/p>\n<p style=\"text-align: center;\">Nous savons \u00e0 quel point il est important de choisir les meilleurs produits pour vous et vos proches, c\u2019est pourquoi nous avons cr\u00e9\u00e9 une liste de produits que nous aimons. Ainsi, nous vous fournirons les meilleurs produits de base qui donneront \u00e0 votre arriv\u00e9e un bon d\u00e9part.<\/p>\n<p>[\/vc_column_text][vc_row_inner][vc_column_inner][vc_single_image image=\u00a0\u00bb67626&Prime; img_size=\u00a0\u00bbfull\u00a0\u00bb alignment=\u00a0\u00bbcenter\u00a0\u00bb][\/vc_column_inner][\/vc_row_inner][vc_column_text el_class=\u00a0\u00bbcustom-text-padding\u00a0\u00bb]<\/p>\n<p style=\"text-align: center;\">Si vous souhaitez b\u00e9n\u00e9ficier d&rsquo;un service de shopping m\u00eame apr\u00e8s votre arriv\u00e9e dans l&rsquo;une de nos villas de luxe, nous pourrons vous le fournir par le biais d&rsquo;un autre service que nous proposons. En effet, nous pourrons vous fournir un chef personnel qui, \u00e0 la date et \u00e0 l&rsquo;heure demand\u00e9es, ach\u00e8tera la nourriture que vous souhaitez et sera pr\u00eat \u00e0 cuisiner pour vous. Si vous souhaitez plus d&rsquo;informations, consultez notre page chef\/Cuisinier!<\/p>\n<p style=\"text-align: center;\">En vous livrant les premi\u00e8res courses, nous voulons vous faire plaisir, ainsi qu&rsquo;\u00e0 votre r\u00e9frig\u00e9rateur!<br \/>\nD\u00e9j\u00e0 une petite faim?<\/p>\n<p>[\/vc_column_text][\/vc_column][\/vc_row][vc_row css=\u00a0\u00bb.vc_custom_1574963226616{padding-top: 20px !important;}\u00a0\u00bb][vc_column]<div class=\" ult_buttons ubtn-ctn-center \"><a class=\"ubtn-link ult-adjust-bottom-margin ubtn-center ubtn-normal \" href=\"mailto:info@ibizavilla.com\" ><button type=\"button\" id=\"ubtn-7871\"  class=\"ubtn ult-adjust-bottom-margin ult-responsive ubtn-normal ubtn-fade-bg  none  ubtn-center   tooltip-69fd9de0cb3eb\"  data-hover=\"#0090ff\" data-border-color=\"#10c1ed\" data-bg=\"\" data-hover-bg=\"#ffffff\" data-border-hover=\"#0090ff\" data-shadow-hover=\"\" data-shadow-click=\"none\" data-shadow=\"\" data-shd-shadow=\"\"  data-ultimate-target='#ubtn-7871'  data-responsive-json-new='{\"font-size\":\"\",\"line-height\":\"\"}'  style=\"font-weight:normal;border-radius:30px;border-width:2px;border-color:#10c1ed;border-style:solid;color: #10c1ed;\"><span class=\"ubtn-hover\" style=\"background-color:#ffffff\"><\/span><span class=\"ubtn-data ubtn-text \" >R\u00e9servations &amp; info<\/span><\/button><\/a><\/div>[\/vc_column][\/vc_row][vc_row full_width=\u00a0\u00bbstretch_row_content_no_spaces\u00a0\u00bb el_class=\u00a0\u00bbbg-no-mb\u00a0\u00bb css=\u00a0\u00bb.vc_custom_1573291425056{padding-top: 30px !important;}\u00a0\u00bb][vc_column][vc_single_image image=\u00a0\u00bb67344&Prime; img_size=\u00a0\u00bbfull\u00a0\u00bb alignment=\u00a0\u00bbcenter\u00a0\u00bb][\/vc_column][\/vc_row]<\/p>\n<\/div>","protected":false},"excerpt":{"rendered":"<p>[vc_row css=\u00a0\u00bb.vc_custom_1572336922621{margin-top: 30px !important;padding-top: 30px !important;padding-bottom: 30px !important;}\u00a0\u00bb][vc_column][vc_column_text] Service de Shopping&#8230; Ibiza Villa! [\/vc_column_text][vc_column_text] Ibiza Villa veut simplifier votre arriv\u00e9e! [\/vc_column_text][\/vc_column][\/vc_row][vc_row full_width=\u00a0\u00bbstretch_row\u00a0\u00bb bg_type=\u00a0\u00bbbg_color\u00a0\u00bb bg_color_value=\u00a0\u00bb#f4f4f4&Prime; css=\u00a0\u00bb.vc_custom_1572091197730{margin-top: 30px !important;}\u00a0\u00bb][vc_column][vc_row_inner][vc_column_inner][vc_column_text] Dites adieu aux sacs lourds, au temps perdu et aux files d&rsquo;attente \u00e0 la caisse: nous irons au supermarch\u00e9 pour vous avant votre arriv\u00e9e dans votre villa de &#8230;<\/p>\n","protected":false},"author":9,"featured_media":0,"parent":0,"menu_order":0,"comment_status":"closed","ping_status":"closed","template":"","meta":{"_acf_changed":false,"_joinchat":[],"footnotes":""},"class_list":["post-67823","page","type-page","status-publish","hentry"],"acf":[],"_links":{"self":[{"href":"https:\/\/ibizavilla.com\/fr\/wp-json\/wp\/v2\/pages\/67823","targetHints":{"allow":["GET"]}}],"collection":[{"href":"https:\/\/ibizavilla.com\/fr\/wp-json\/wp\/v2\/pages"}],"about":[{"href":"https:\/\/ibizavilla.com\/fr\/wp-json\/wp\/v2\/types\/page"}],"author":[{"embeddable":true,"href":"https:\/\/ibizavilla.com\/fr\/wp-json\/wp\/v2\/users\/9"}],"replies":[{"embeddable":true,"href":"https:\/\/ibizavilla.com\/fr\/wp-json\/wp\/v2\/comments?post=67823"}],"version-history":[{"count":0,"href":"https:\/\/ibizavilla.com\/fr\/wp-json\/wp\/v2\/pages\/67823\/revisions"}],"wp:attachment":[{"href":"https:\/\/ibizavilla.com\/fr\/wp-json\/wp\/v2\/media?parent=67823"}],"curies":[{"name":"wp","href":"https:\/\/api.w.org\/{rel}","templated":true}]}}