{"id":67879,"date":"2019-11-13T18:02:02","date_gmt":"2019-11-13T16:02:02","guid":{"rendered":"https:\/\/ibizavilla.com\/?page_id=67879"},"modified":"2020-01-30T08:43:47","modified_gmt":"2020-01-30T06:43:47","slug":"ventes","status":"publish","type":"page","link":"https:\/\/ibizavilla.com\/fr\/ventes\/","title":{"rendered":"Vente"},"content":{"rendered":"<div class=\"wpb-content-wrapper\"><p>[vc_row][vc_column][vc_column_text el_class=\u00a0\u00bbcustom-read-less\u00a0\u00bb]<\/p>\n<p style=\"text-align: center;\"><strong>Vous \u00eates tomb\u00e9 amoureux de l&rsquo;\u00eele d&rsquo;Ibiza et vous ne pouvez plus vous en passer?<\/strong><br \/>\nVous avez d\u00e9cid\u00e9 d&rsquo;acheter <strong>une r\u00e9sidence secondaire \u00e0 Ibiza ou bien bien carr\u00e9ment<\/strong> de vous installer d\u00e9finitivement sur cette \u00eele de r\u00eave? <strong>L&rsquo;achat d&rsquo;une maison \u00e0 Ibiza est possible et de nombreux<\/strong> \u00e9trangers l&rsquo;ont d\u00e9j\u00e0 fait&#8230;<\/p>\n<p class=\"custom-read-ml-button\">+<\/p>\n<p>[\/vc_column_text][vc_column_text el_class=\u00a0\u00bbcustom-read-more\u00a0\u00bb]<\/p>\n<p style=\"text-align: center;\">Vous \u00eates tomb\u00e9 amoureux de l&rsquo;\u00eele d&rsquo;Ibiza et vous ne pouvez plus vous en passer?<br \/>\nVous avez d\u00e9cid\u00e9 d&rsquo;acheter une r\u00e9sidence secondaire \u00e0 Ibiza ou bien bien carr\u00e9ment de vous installer d\u00e9finitivement sur cette \u00eele de r\u00eave?<\/p>\n<p style=\"text-align: center;\">L&rsquo;achat d&rsquo;une maison \u00e0 Ibiza est possible et de nombreux \u00e9trangers l&rsquo;ont d\u00e9j\u00e0 fait.<br \/>\nL\u2019\u00eele d\u2019Ibiza est connue dans le monde entier et, chaque \u00e9t\u00e9, elle devient l\u2019une des destinations les plus pris\u00e9es des touristes du monde entier. Alors, pourquoi ne pas investir votre capital dans une maison de vacances aux Bal\u00e9ares ou d\u00e9cider d&rsquo;acheter une maison et d&rsquo;aller vivre \u00e0 Ibiza pour toujours, o\u00f9 le climat, la mer et la qualit\u00e9 de vie ne vous feront absolument pas regretter votre chez-vous \u00e0 l&rsquo;\u00e9tranger!<\/p>\n<p style=\"text-align: center;\">Ibiza Villa est \u00e9galement \u00e0 votre disposition dans ce domaine depuis 1998.<br \/>\nParmi les nombreux services que nous proposons, nous proposons \u00e9galement la vente de maisons et villas de luxe sur l\u2019\u00eele d\u2019Ibiza. Nos villas sont dispers\u00e9es un peu partout sur l&rsquo;\u00eele.<\/p>\n<p style=\"text-align: center;\">Nos villas en vente sont choisies suite \u00e0 une s\u00e9lection rigoureuse et doivent respecter nos crit\u00e8res, \u00e0 savoir : luxe, beaut\u00e9 et confort. Nos villas offrent pour beaucoup une vue de r\u00eave dans les endroits les plus charmants d&rsquo;Ibiza.<br \/>\nVous serez accompagn\u00e9s lors de vos visites des maisons en vente par un agent multilingue et professionnel qui vous guidera et vous conseillera lors de l&rsquo;achat de votre petit coin de paradis sur cette \u00eele \u00e0 l&rsquo;\u00e2me unique.<\/p>\n<p style=\"text-align: center;\">L&rsquo;achat d&rsquo;une maison est une \u00e9tape importante.<br \/>\nPar cons\u00e9quent, faire appel \u00e0 des sp\u00e9cialistes comme nous est le bon choix.<\/p>\n<p style=\"text-align: center;\">Venez nous rendre visite directement dans nos bureaux ou contactez-nous par t\u00e9l\u00e9phone ou par email. Faites-nous part de vos d\u00e9sirs, de ce qui vous rend heureux et de ce que vous recherchez sur l&rsquo;\u00eele d&rsquo;Ibiza.<br \/>\nVous pouvez \u00e9galement nous indiquer vos go\u00fbts en mati\u00e8re d&rsquo;ameublement et vos exigences, jusqu&rsquo;\u00e0 ce que nous obtenions le combo parfait pour vous.<br \/>\nDes maisons \u00e0 la d\u00e9coration minimaliste aux villas de luxe dot\u00e9es d&rsquo;un mobilier somptueux, des maisons d\u00e9cor\u00e9es dans un style plus naturel aux maisons con\u00e7ues selon un esprit plus boh\u00e8me et hippie, nous sommes certains de pouvoir satisfaire tous vos besoins et vos attentes. .<\/p>\n<p style=\"text-align: center;\">Nous essaierons de satisfaire l&rsquo;ensemble de vos exigences: de la piscine surplombant la mer \u00e0 un espace de d\u00e9tente entour\u00e9 d&rsquo;un jardin luxuriant, d&rsquo;une salle de jeux pour enfants \u00e0 un vaste espace de vie pour partager des moments inoubliables.<\/p>\n<p style=\"text-align: center;\">Il est donc temps de vous laisser guider par vos go\u00fbts et de tomber amoureux de l&rsquo;une des maisons que nous proposons \u00e0 la vente chez Ibiza Villa.<\/p>\n<p class=\"custom-read-ml-button\">&#8211;<\/p>\n<p>[\/vc_column_text][vc_column_text]<input id=\"typelisting\" name=\"typelist\" type=\"hidden\" value=\"sales\" \/>[\/vc_column_text][\/vc_column][\/vc_row]<\/p>\n<\/div>","protected":false},"excerpt":{"rendered":"<p>[vc_row][vc_column][vc_column_text el_class=\u00a0\u00bbcustom-read-less\u00a0\u00bb] Vous \u00eates tomb\u00e9 amoureux de l&rsquo;\u00eele d&rsquo;Ibiza et vous ne pouvez plus vous en passer? Vous avez d\u00e9cid\u00e9 d&rsquo;acheter une r\u00e9sidence secondaire \u00e0 Ibiza ou bien bien carr\u00e9ment de vous installer d\u00e9finitivement sur cette \u00eele de r\u00eave? L&rsquo;achat d&rsquo;une maison \u00e0 Ibiza est possible et de nombreux \u00e9trangers l&rsquo;ont d\u00e9j\u00e0 fait&#8230; + [\/vc_column_text][vc_column_text &#8230;<\/p>\n","protected":false},"author":9,"featured_media":0,"parent":0,"menu_order":0,"comment_status":"closed","ping_status":"closed","template":"property_list_half.php","meta":{"_acf_changed":false,"_joinchat":[],"footnotes":""},"class_list":["post-67879","page","type-page","status-publish","hentry"],"acf":[],"_links":{"self":[{"href":"https:\/\/ibizavilla.com\/fr\/wp-json\/wp\/v2\/pages\/67879","targetHints":{"allow":["GET"]}}],"collection":[{"href":"https:\/\/ibizavilla.com\/fr\/wp-json\/wp\/v2\/pages"}],"about":[{"href":"https:\/\/ibizavilla.com\/fr\/wp-json\/wp\/v2\/types\/page"}],"author":[{"embeddable":true,"href":"https:\/\/ibizavilla.com\/fr\/wp-json\/wp\/v2\/users\/9"}],"replies":[{"embeddable":true,"href":"https:\/\/ibizavilla.com\/fr\/wp-json\/wp\/v2\/comments?post=67879"}],"version-history":[{"count":0,"href":"https:\/\/ibizavilla.com\/fr\/wp-json\/wp\/v2\/pages\/67879\/revisions"}],"wp:attachment":[{"href":"https:\/\/ibizavilla.com\/fr\/wp-json\/wp\/v2\/media?parent=67879"}],"curies":[{"name":"wp","href":"https:\/\/api.w.org\/{rel}","templated":true}]}}