{"id":67174,"date":"2019-11-06T17:43:22","date_gmt":"2019-11-06T15:43:22","guid":{"rendered":"https:\/\/ibizavilla.com\/?page_id=67174"},"modified":"2019-11-28T20:08:39","modified_gmt":"2019-11-28T18:08:39","slug":"babysitter","status":"publish","type":"page","link":"https:\/\/ibizavilla.com\/it\/babysitter\/","title":{"rendered":"Babysitter"},"content":{"rendered":"<div class=\"wpb-content-wrapper\"><p>[vc_row css=&#8221;.vc_custom_1572336922621{margin-top: 30px !important;padding-top: 30px !important;padding-bottom: 30px !important;}&#8221;][vc_column][vc_column_text]<\/p>\n<h1 style=\"text-align: center;\">Servizio Babysitter&#8230; Ibiza Villa!<\/h1>\n<p>[\/vc_column_text][vc_column_text]<\/p>\n<h2 style=\"text-align: center;\">Hai bisogno di una babysitter per il tuo soggiorno in Ibiza?<\/h2>\n<p>[\/vc_column_text][\/vc_column][\/vc_row][vc_row full_width=&#8221;stretch_row&#8221; bg_type=&#8221;bg_color&#8221; bg_color_value=&#8221;#f4f4f4&#8243; css=&#8221;.vc_custom_1572091197730{margin-top: 30px !important;}&#8221;][vc_column][vc_row_inner][vc_column_inner][vc_column_text]<\/p>\n<h2 style=\"text-align: center;\">Vacanze in libert\u00e0<\/h2>\n<p>[\/vc_column_text][vc_column_text el_class=&#8221;custom-text-padding&#8221;]<\/p>\n<p style=\"text-align: center;\">Ibiza Villa apre le porte delle sue ville di lusso alle famiglie che vogliono rilassarsi e godersi la bellezza dell&#8217;isola di Ibiza. Ma, come tutti sanno, a volte \u00e8 giusto avere un momento di calma senza bambini in giro.<\/p>\n<p>[\/vc_column_text][\/vc_column_inner][\/vc_row_inner][vc_row_inner][vc_column_inner][vc_single_image image=&#8221;67306&#8243; img_size=&#8221;full&#8221; alignment=&#8221;center&#8221;][\/vc_column_inner][\/vc_row_inner][vc_row_inner][vc_column_inner][vc_column_text el_class=&#8221;custom-text-padding&#8221;]<\/p>\n<p style=\"text-align: center;\">Pensiamo profondamente che sia un diritto dei genitori trovare la loro intimit\u00e0 e un diritto dei bambini a divertirsi con una babysitter qualificata che si prende cura di loro.<\/p>\n<p style=\"text-align: center;\">Ecco perch\u00e9 abbiamo pensato a questo servizio molto speciale. Abbiamo creato un team di babysitter altamente qualificate pronte a venire nella tua villa di lusso per prendersi cura di tuo figlio o dei tuoi figli, e per offrirti un momento di calma con i tuoi amici o la tua amata.<\/p>\n<p>[\/vc_column_text][\/vc_column_inner][\/vc_row_inner][\/vc_column][\/vc_row][vc_row equal_height=&#8221;yes&#8221; el_class=&#8221;to-equal-height flex-reverse&#8221; css=&#8221;.vc_custom_1572090568472{padding-top: 60px !important;}&#8221;][vc_column offset=&#8221;vc_col-lg-6 vc_col-md-6 vc_col-xs-12&#8243; el_class=&#8221;double-row-to-pad to-center-height&#8221; css=&#8221;.vc_custom_1572091513590{padding-top: 0px !important;}&#8221;][vc_column_text]<\/p>\n<h3 style=\"text-align: center;\">Come funziona il servizio babysitter di Ibiza Villa<\/h3>\n<p style=\"text-align: center;\">Ha il solo scopo di mettere in contatto le nostre babysitter e il nostro personale specializzato con i genitori che hanno bisogno di questo servizio durante il loro soggiorno in una delle nostre lussuose ville.<\/p>\n<p style=\"text-align: center;\">Non pretendiamo di semplificarti la vita, ma siamo sicuri che riusciremo a rendere le tue ferie senza problemi.<\/p>\n<p style=\"text-align: center;\">Il nostro servizio di babysitter ti aiuter\u00e0 a rilassarti durante le tue ferie e ti fornir\u00e0 un supporto competente nella cura dei tuoi figli.<\/p>\n<p>[\/vc_column_text][\/vc_column][vc_column el_class=&#8221;image-equl-no-btm&#8221; offset=&#8221;vc_col-lg-6 vc_col-md-6 vc_col-xs-12&#8243;][vc_single_image image=&#8221;67311&#8243; img_size=&#8221;full&#8221; alignment=&#8221;center&#8221;][\/vc_column][\/vc_row][vc_row equal_height=&#8221;yes&#8221; el_class=&#8221;to-equal-height&#8221; css=&#8221;.vc_custom_1572090784320{padding-top: 60px !important;}&#8221;][vc_column offset=&#8221;vc_col-lg-6 vc_col-md-6 vc_col-xs-12&#8243; el_class=&#8221;image-equl-no-btm&#8221;][vc_single_image image=&#8221;67316&#8243; img_size=&#8221;full&#8221; alignment=&#8221;center&#8221;][\/vc_column][vc_column el_class=&#8221;double-row-to-pad to-center-height&#8221; offset=&#8221;vc_col-lg-6 vc_col-md-6 vc_col-xs-12&#8243;][vc_column_text]<\/p>\n<h3 style=\"text-align: center;\">Servizio di qualit\u00e0<\/h3>\n<p style=\"text-align: center;\">Ibiza Villa ha espressamente cercato un team qualificato di baby-sitter preparato per l&#8217;assistenza con seriet\u00e0 e sensibilit\u00e0 rispetto alle esigenze educative e di crescita: ogni baby-sitter di Ibiza Villa \u00e8 un professionista fidato e responsabile, esperto<\/p>\n<p>nella cura occasionale di bambini di ogni et\u00e0. Con Ibiza Villa nulla \u00e8 lasciato all&#8217;improvvisazione, perch\u00e9 non ti mettiamo semplicemente in contatto con le babysitter vicino alla tua villa di lusso.<\/p>\n<p>In effetti, ti forniamo babysitter competenti selezionate direttamente da noi. Sono operatori professionali attenti e puntuali controllati dalla nostra azienda per offrirti un servizio su misura per le tue esigenze, con la nostra garanzia di seriet\u00e0.<\/p>\n<p>[\/vc_column_text][\/vc_column][\/vc_row][vc_row equal_height=&#8221;yes&#8221; el_class=&#8221;to-equal-height flex-reverse&#8221; css=&#8221;.vc_custom_1572336440146{padding-top: 60px !important;padding-bottom: 60px !important;}&#8221;][vc_column offset=&#8221;vc_col-lg-6 vc_col-md-6 vc_col-xs-12&#8243; el_class=&#8221;double-row-to-pad to-center-height&#8221; css=&#8221;.vc_custom_1572091513590{padding-top: 0px !important;}&#8221;][vc_column_text]<\/p>\n<h3 style=\"text-align: center;\">Alcune garanzie<\/h3>\n<p style=\"text-align: center;\">Per la delicatezza del ruolo ricoperto nella babysitter, soprattutto, vi garantiamo una babysitter referenziata con capacit\u00e0 di comunicazione empatica, sia verbale che non verbale, e conoscenze sullo sviluppo del bambino e sui bisogni educativi in<\/p>\n<p>riferimento alle diverse et\u00e0. Le babysitter di Ibiza Villa sono sempre disponibili, tutti i giorni della settimana, per stare con i bambini.<\/p>\n<p>Puoi personalizzare il loro servizio in base alle tue esigenze: saranno la compagnia di gioco ideale per il tuo bambino, sempre disponibile e pronta a rispettare le tue richieste.<\/p>\n<p>Le nostre babysitter sono pronte a prendersi cura dei tuoi figli per permetterti di prenderti un momento solo per te.[\/vc_column_text][\/vc_column][vc_column el_class=&#8221;image-equl-no-btm&#8221; offset=&#8221;vc_col-lg-6 vc_col-md-6 vc_col-xs-12&#8243;][vc_single_image image=&#8221;67321&#8243; img_size=&#8221;full&#8221; alignment=&#8221;center&#8221;][\/vc_column][\/vc_row][vc_row css=&#8221;.vc_custom_1574963226616{padding-top: 20px !important;}&#8221;][vc_column]<div class=\" ult_buttons ubtn-ctn-center \"><a class=\"ubtn-link ult-adjust-bottom-margin ubtn-center ubtn-normal \" href=\"mailto:info@ibizavilla.com\" ><button type=\"button\" id=\"ubtn-5523\"  class=\"ubtn ult-adjust-bottom-margin ult-responsive ubtn-normal ubtn-fade-bg  none  ubtn-center   tooltip-69e5ebc499eca\"  data-hover=\"#0090ff\" data-border-color=\"#10c1ed\" data-bg=\"\" data-hover-bg=\"#ffffff\" data-border-hover=\"#0090ff\" data-shadow-hover=\"\" data-shadow-click=\"none\" data-shadow=\"\" data-shd-shadow=\"\"  data-ultimate-target='#ubtn-5523'  data-responsive-json-new='{\"font-size\":\"\",\"line-height\":\"\"}'  style=\"font-weight:normal;border-radius:30px;border-width:2px;border-color:#10c1ed;border-style:solid;color: #10c1ed;\"><span class=\"ubtn-hover\" style=\"background-color:#ffffff\"><\/span><span class=\"ubtn-data ubtn-text \" >Prenotazioni &amp; Info<\/span><\/button><\/a><\/div>[\/vc_column][\/vc_row][vc_row full_width=&#8221;stretch_row_content_no_spaces&#8221; el_class=&#8221;bg-no-mb&#8221; css=&#8221;.vc_custom_1573291425056{padding-top: 30px !important;}&#8221;][vc_column][vc_single_image image=&#8221;67345&#8243; img_size=&#8221;full&#8221; alignment=&#8221;center&#8221;][\/vc_column][\/vc_row]<\/p>\n<\/div>","protected":false},"excerpt":{"rendered":"<p>[vc_row css=&#8221;.vc_custom_1572336922621{margin-top: 30px !important;padding-top: 30px !important;padding-bottom: 30px !important;}&#8221;][vc_column][vc_column_text] Servizio Babysitter&#8230; Ibiza Villa! [\/vc_column_text][vc_column_text] Hai bisogno di una babysitter per il tuo soggiorno in Ibiza? [\/vc_column_text][\/vc_column][\/vc_row][vc_row full_width=&#8221;stretch_row&#8221; bg_type=&#8221;bg_color&#8221; bg_color_value=&#8221;#f4f4f4&#8243; css=&#8221;.vc_custom_1572091197730{margin-top: 30px !important;}&#8221;][vc_column][vc_row_inner][vc_column_inner][vc_column_text] Vacanze in libert\u00e0 [\/vc_column_text][vc_column_text el_class=&#8221;custom-text-padding&#8221;] Ibiza Villa apre le porte delle sue ville di lusso alle famiglie che vogliono rilassarsi e godersi la bellezza &#8230;<\/p>\n","protected":false},"author":9,"featured_media":0,"parent":0,"menu_order":0,"comment_status":"closed","ping_status":"closed","template":"","meta":{"_acf_changed":false,"_joinchat":[],"footnotes":""},"class_list":["post-67174","page","type-page","status-publish","hentry"],"acf":[],"_links":{"self":[{"href":"https:\/\/ibizavilla.com\/it\/wp-json\/wp\/v2\/pages\/67174","targetHints":{"allow":["GET"]}}],"collection":[{"href":"https:\/\/ibizavilla.com\/it\/wp-json\/wp\/v2\/pages"}],"about":[{"href":"https:\/\/ibizavilla.com\/it\/wp-json\/wp\/v2\/types\/page"}],"author":[{"embeddable":true,"href":"https:\/\/ibizavilla.com\/it\/wp-json\/wp\/v2\/users\/9"}],"replies":[{"embeddable":true,"href":"https:\/\/ibizavilla.com\/it\/wp-json\/wp\/v2\/comments?post=67174"}],"version-history":[{"count":0,"href":"https:\/\/ibizavilla.com\/it\/wp-json\/wp\/v2\/pages\/67174\/revisions"}],"wp:attachment":[{"href":"https:\/\/ibizavilla.com\/it\/wp-json\/wp\/v2\/media?parent=67174"}],"curies":[{"name":"wp","href":"https:\/\/api.w.org\/{rel}","templated":true}]}}