{"id":67189,"date":"2019-11-06T18:47:07","date_gmt":"2019-11-06T16:47:07","guid":{"rendered":"https:\/\/ibizavilla.com\/?page_id=67189"},"modified":"2019-11-28T20:08:10","modified_gmt":"2019-11-28T18:08:10","slug":"prenotazione","status":"publish","type":"page","link":"https:\/\/ibizavilla.com\/it\/prenotazione\/","title":{"rendered":"Prenotazioni"},"content":{"rendered":"<div class=\"wpb-content-wrapper\"><p>[vc_row css=&#8221;.vc_custom_1572336922621{margin-top: 30px !important;padding-top: 30px !important;padding-bottom: 30px !important;}&#8221;][vc_column][vc_column_text]<\/p>\n<h1 style=\"text-align: center;\">Servizio di Prenotazione&#8230; Ibiza Villa!<\/h1>\n<p>[\/vc_column_text][vc_column_text]<\/p>\n<h3 style=\"text-align: center;\">Tutti sanno che durante le ferie il relax regna sovrano!<\/h3>\n<p>[\/vc_column_text][\/vc_column][\/vc_row][vc_row full_width=&#8221;stretch_row&#8221; bg_type=&#8221;bg_color&#8221; bg_color_value=&#8221;#f4f4f4&#8243; css=&#8221;.vc_custom_1572091197730{margin-top: 30px !important;}&#8221;][vc_column][vc_row_inner][vc_column_inner][vc_column_text el_class=&#8221;custom-text-padding&#8221;]<\/p>\n<h3 style=\"text-align: center;\">\u00c8 un vero conforto essere seguito e aiutato dall&#8217;azione pi\u00f9 piccola! Come prenotare un ristorante, uno chef privato o un autista<\/h3>\n<p>[\/vc_column_text][vc_column_text el_class=&#8221;custom-text-padding&#8221;]<\/p>\n<p style=\"text-align: center;\">Ecco perch\u00e9, dal 1998, Ibiza Villa offre ai suoi clienti servizi di altissima qualit\u00e0 per rendere le loro ferie un vero sogno. Abbiamo pensato a un grande elenco di servizi e abbiamo selezionato i migliori professionisti dell&#8217;isola di Ibiza per offrirti servizi di alta qualit\u00e0. Non vogliamo solo offrirti una meravigliosa villa di lusso nelle migliori posizioni dell&#8217;isola, ma vogliamo farti vivere una vera esperienza di lusso. Vieni e goditi le tue ferie con la nostra combinazione perfetta di villa e servizi di lusso.<\/p>\n<p>[\/vc_column_text][\/vc_column_inner][\/vc_row_inner][vc_row_inner][vc_column_inner][vc_single_image image=&#8221;67419&#8243; img_size=&#8221;full&#8221; alignment=&#8221;center&#8221;][\/vc_column_inner][\/vc_row_inner][vc_row_inner][vc_column_inner][vc_column_text el_class=&#8221;custom-text-padding&#8221;]<\/p>\n<p style=\"text-align: center;\">Ogni volta che visitiamo un nuovo posto, \u00e8 difficile trovare i migliori ristoranti, bar e caffetterie. Naturalmente, la gente del posto conosce le gemme segrete che spesso sono nascoste ai turisti. Ibiza Villa vuole offrire ai suoi clienti l&#8217;opportunit\u00e0 di gustare la migliore cucina dell&#8217;isola nelle localit\u00e0 pi\u00f9 belle di Ibiza. Ecco perch\u00e9 abbiamo creato questo servizio di prenotazione.<\/p>\n<p>[\/vc_column_text][\/vc_column_inner][\/vc_row_inner][\/vc_column][\/vc_row][vc_row css=&#8221;.vc_custom_1572344771444{padding-top: 60px !important;padding-bottom: 30px !important;}&#8221;][vc_column][vc_column_text]<\/p>\n<h3 style=\"text-align: center;\">Come funziona?<\/h3>\n<p>[\/vc_column_text][vc_column_text el_class=&#8221;custom-text-padding&#8221;]<\/p>\n<h4 style=\"text-align: center;\">\u00c8 molto facile! Una persona del nostro team avr\u00e0 il piacere di prenotare il ristorante che vorresti scoprire il giorno e l&#8217;ora che scegli.<\/h4>\n<p>[\/vc_column_text][\/vc_column][\/vc_row][vc_row el_class=&#8221;special-col-imgtext&#8221; css=&#8221;.vc_custom_1572345469564{padding-top: 30px !important;padding-bottom: 30px !important;}&#8221;][vc_column][vc_row_inner equal_height=&#8221;yes&#8221; el_class=&#8221;to-equal-height&#8221;][vc_column_inner el_class=&#8221;to-center-height&#8221; offset=&#8221;vc_col-lg-4 vc_col-md-12 vc_col-xs-12&#8243;][vc_column_text]<\/p>\n<p style=\"text-align: center;\"><strong>L&#8217;unica cosa che dovrai fare \u00e8 raggiungere il ristorante<\/strong> e goderti una buona cena o un pranzo delizioso.<\/p>\n<p style=\"text-align: center;\">Se desideri dei suggerimenti, il nostro team \u00e8 anche pronto a darti molti consigli per farti scoprire nuovi posti e nuovi chef.<\/p>\n<p>[\/vc_column_text][\/vc_column_inner][vc_column_inner el_class=&#8221;image-equl-no-btm&#8221; offset=&#8221;vc_col-lg-4 vc_col-md-12 vc_col-xs-12&#8243;][vc_single_image image=&#8221;67423&#8243; img_size=&#8221;full&#8221; alignment=&#8221;center&#8221;][\/vc_column_inner][vc_column_inner el_class=&#8221;to-center-height&#8221; offset=&#8221;vc_col-lg-4 vc_col-md-12 vc_col-xs-12&#8243;][vc_column_text]<\/p>\n<p style=\"text-align: center;\"><strong>Sei pi\u00f9 un tipo da discoteca?<\/strong> Sei a Ibiza con i tuoi amici e vuoi goderti le feste fino all&#8217;alba nella folle atmosfera di questa isola magica?<\/p>\n<p style=\"text-align: center;\">Abbiamo gi\u00e0 pensato a te! In effetti, abbiamo creato questo servizio, non solo per i ristoranti, ma anche per le discoteche.<\/p>\n<p>[\/vc_column_text][\/vc_column_inner][\/vc_row_inner][vc_row_inner equal_height=&#8221;yes&#8221; el_class=&#8221;to-equal-height&#8221;][vc_column_inner el_class=&#8221;image-equl-no-btm&#8221; offset=&#8221;vc_col-lg-4 vc_col-md-12 vc_col-xs-12&#8243;][vc_single_image image=&#8221;67427&#8243; img_size=&#8221;full&#8221; alignment=&#8221;center&#8221;][\/vc_column_inner][vc_column_inner el_class=&#8221;to-center-height&#8221; offset=&#8221;vc_col-lg-4 vc_col-md-12 vc_col-xs-12&#8243;][vc_column_text]<\/p>\n<p style=\"text-align: center;\"><strong>Dovrai solo dirci in quale discoteca vorresti andare<\/strong> e noi penseremo alla prenotazione.<\/p>\n<p style=\"text-align: center;\">Saremo lieti di chiamare lo staff della discoteca che ti interessa per prenotare il tavolo migliore per te. Iniziamo la festa!<\/p>\n<p>[\/vc_column_text][\/vc_column_inner][vc_column_inner el_class=&#8221;image-equl-no-btm&#8221; offset=&#8221;vc_col-lg-4 vc_col-md-12 vc_col-xs-12&#8243;][vc_single_image image=&#8221;67431&#8243; img_size=&#8221;full&#8221; alignment=&#8221;center&#8221;][\/vc_column_inner][\/vc_row_inner][vc_row_inner equal_height=&#8221;yes&#8221; el_class=&#8221;to-equal-height&#8221;][vc_column_inner el_class=&#8221;to-center-height&#8221; offset=&#8221;vc_col-lg-4 vc_col-md-12 vc_col-xs-12&#8243;][vc_column_text]<\/p>\n<p style=\"text-align: center;\"><strong>Se vuoi prenderti cura del tuo corpo e praticare sport<\/strong>, abbiamo esteso il nostro servizio alle tue esigenze.<\/p>\n<p style=\"text-align: center;\">In effetti, siamo in grado di prenotare attivit\u00e0 sportive in ogni parte dell&#8217;isola per farti vivere una vera avventura.<\/p>\n<p>[\/vc_column_text][\/vc_column_inner][vc_column_inner el_class=&#8221;image-equl-no-btm&#8221; offset=&#8221;vc_col-lg-4 vc_col-md-12 vc_col-xs-12&#8243;][vc_single_image image=&#8221;67435&#8243; img_size=&#8221;full&#8221; alignment=&#8221;center&#8221;][\/vc_column_inner][vc_column_inner el_class=&#8221;to-center-height&#8221; offset=&#8221;vc_col-lg-4 vc_col-md-12 vc_col-xs-12&#8243;][vc_column_text]<\/p>\n<p style=\"text-align: center;\">Se vuoi partecipare ad alcuni eventi esclusivi a Ibiza, sei nelle mani giuste.<\/p>\n<p style=\"text-align: center;\">Sarai in grado di utilizzare il nostro servizio per dimenticare di prenotare il tuo ingresso ad alcuni eventi di lusso, perch\u00e9 lo faremo per te con estremo piacere.<\/p>\n<p>[\/vc_column_text][\/vc_column_inner][\/vc_row_inner][\/vc_column][\/vc_row][vc_row css=&#8221;.vc_custom_1572346632984{padding-top: 60px !important;padding-bottom: 60px !important;}&#8221;][vc_column][vc_column_text el_class=&#8221;custom-text-padding&#8221;]<\/p>\n<h3 style=\"text-align: center;\">Prenotazione premium!<\/h3>\n<p>[\/vc_column_text][vc_column_text el_class=&#8221;custom-text-padding&#8221;]<\/p>\n<p style=\"text-align: center;\"><strong>Ibiza Villa offre anche un servizio di prenotazione premium<\/strong> presso gli stabilimenti pi\u00f9 importanti dell&#8217;isola.<\/p>\n<p style=\"text-align: center;\">Che cosa stai aspettando? Contattaci e raccontaci le tue esigenze. Saremo lieti di portare la tua vacanza ad un altro livello di relax.<\/p>\n<p>[\/vc_column_text][\/vc_column][\/vc_row][vc_row css=&#8221;.vc_custom_1574963226616{padding-top: 20px !important;}&#8221;][vc_column]<div class=\" ult_buttons ubtn-ctn-center \"><a class=\"ubtn-link ult-adjust-bottom-margin ubtn-center ubtn-normal \" href=\"mailto:info@ibizavilla.com\" ><button type=\"button\" id=\"ubtn-3525\"  class=\"ubtn ult-adjust-bottom-margin ult-responsive ubtn-normal ubtn-fade-bg  none  ubtn-center   tooltip-69e88dc89f863\"  data-hover=\"#0090ff\" data-border-color=\"#10c1ed\" data-bg=\"\" data-hover-bg=\"#ffffff\" data-border-hover=\"#0090ff\" data-shadow-hover=\"\" data-shadow-click=\"none\" data-shadow=\"\" data-shd-shadow=\"\"  data-ultimate-target='#ubtn-3525'  data-responsive-json-new='{\"font-size\":\"\",\"line-height\":\"\"}'  style=\"font-weight:normal;border-radius:30px;border-width:2px;border-color:#10c1ed;border-style:solid;color: #10c1ed;\"><span class=\"ubtn-hover\" style=\"background-color:#ffffff\"><\/span><span class=\"ubtn-data ubtn-text \" >Prenotazioni &amp; Info<\/span><\/button><\/a><\/div>[\/vc_column][\/vc_row][vc_row full_width=&#8221;stretch_row_content_no_spaces&#8221; el_class=&#8221;bg-no-mb&#8221; css=&#8221;.vc_custom_1573291425056{padding-top: 30px !important;}&#8221;][vc_column][vc_single_image image=&#8221;67345&#8243; img_size=&#8221;full&#8221; alignment=&#8221;center&#8221;][\/vc_column][\/vc_row]<\/p>\n<\/div>","protected":false},"excerpt":{"rendered":"<p>[vc_row css=&#8221;.vc_custom_1572336922621{margin-top: 30px !important;padding-top: 30px !important;padding-bottom: 30px !important;}&#8221;][vc_column][vc_column_text] Servizio di Prenotazione&#8230; Ibiza Villa! [\/vc_column_text][vc_column_text] Tutti sanno che durante le ferie il relax regna sovrano! [\/vc_column_text][\/vc_column][\/vc_row][vc_row full_width=&#8221;stretch_row&#8221; bg_type=&#8221;bg_color&#8221; bg_color_value=&#8221;#f4f4f4&#8243; css=&#8221;.vc_custom_1572091197730{margin-top: 30px !important;}&#8221;][vc_column][vc_row_inner][vc_column_inner][vc_column_text el_class=&#8221;custom-text-padding&#8221;] \u00c8 un vero conforto essere seguito e aiutato dall&#8217;azione pi\u00f9 piccola! Come prenotare un ristorante, uno chef privato o un autista [\/vc_column_text][vc_column_text el_class=&#8221;custom-text-padding&#8221;] &#8230;<\/p>\n","protected":false},"author":9,"featured_media":0,"parent":0,"menu_order":0,"comment_status":"closed","ping_status":"closed","template":"","meta":{"_acf_changed":false,"_joinchat":[],"footnotes":""},"class_list":["post-67189","page","type-page","status-publish","hentry"],"acf":[],"_links":{"self":[{"href":"https:\/\/ibizavilla.com\/it\/wp-json\/wp\/v2\/pages\/67189","targetHints":{"allow":["GET"]}}],"collection":[{"href":"https:\/\/ibizavilla.com\/it\/wp-json\/wp\/v2\/pages"}],"about":[{"href":"https:\/\/ibizavilla.com\/it\/wp-json\/wp\/v2\/types\/page"}],"author":[{"embeddable":true,"href":"https:\/\/ibizavilla.com\/it\/wp-json\/wp\/v2\/users\/9"}],"replies":[{"embeddable":true,"href":"https:\/\/ibizavilla.com\/it\/wp-json\/wp\/v2\/comments?post=67189"}],"version-history":[{"count":0,"href":"https:\/\/ibizavilla.com\/it\/wp-json\/wp\/v2\/pages\/67189\/revisions"}],"wp:attachment":[{"href":"https:\/\/ibizavilla.com\/it\/wp-json\/wp\/v2\/media?parent=67189"}],"curies":[{"name":"wp","href":"https:\/\/api.w.org\/{rel}","templated":true}]}}