{"id":67224,"date":"2019-11-06T19:55:58","date_gmt":"2019-11-06T17:55:58","guid":{"rendered":"https:\/\/ibizavilla.com\/?page_id=67224"},"modified":"2023-10-30T14:27:43","modified_gmt":"2023-10-30T12:27:43","slug":"noleggio-auto-2","status":"publish","type":"page","link":"https:\/\/ibizavilla.com\/it\/noleggio-auto-2\/","title":{"rendered":"Noleggio Auto"},"content":{"rendered":"<div class=\"wpb-content-wrapper\"><p>[vc_row full_width=&#8221;stretch_row&#8221; css=&#8221;.vc_custom_1572365070235{margin-top: 60px !important;padding-top: 30px !important;background-color: #f9f9f9 !important;}&#8221;][vc_column][vc_column_text]<\/p>\n<h2 style=\"text-align: center;\">Non \u00e8 una sensazione meravigliosa quando accendi il motore e la tua avventura inizia &#8230; sei pronto?<\/h2>\n<p>[\/vc_column_text][vc_column_text]<\/p>\n<p style=\"text-align: center;\">Ibiza Villa sa quanto sia importante potersi muovere comodamente. Per sentirti veramente libero e poter visitare ogni angolo della magnifica isola di Ibiza, avrai bisogno di un&#8217;auto che ti dia quel brivido di avventura e che ti porti alla scoperta<\/p>\n<p style=\"text-align: center;\">di luoghi meravigliosi. A Ibiza Villa ci impegniamo a garantirti la libert\u00e0 di scoprire di pi\u00f9. Faremo del nostro meglio per trovarti l&#8217;auto ideale e offrirti un&#8217;esperienza senza stress dall&#8217;inizio alla fine.<\/p>\n<p style=\"text-align: center;\">Qui puoi scoprire di pi\u00f9 su come operiamo.<\/p>\n<p>[\/vc_column_text][\/vc_column][\/vc_row][vc_row full_width=&#8221;stretch_row&#8221; bg_type=&#8221;image&#8221; parallax_style=&#8221;vcpb-vz-jquery&#8221; bg_image_new=&#8221;id^28572|url^https:\/\/ibizavilla.com\/wp-content\/uploads\/2018\/10\/porsche-panamera_hd_55791.jpg|caption^null|alt^null|title^porsche-panamera_hd_55791|description^null&#8221; bg_image_repeat=&#8221;no-repeat&#8221; css=&#8221;.vc_custom_1572364582423{background-color: #f9f9f9 !important;}&#8221;][vc_column width=&#8221;1\/2&#8243;][vc_column_text]Durante le tue ferie, come nella vita stessa, i compagni di viaggio sono importanti quanto la destinazione che hai scelto. Per questo motivo, a Ibiza Villa dal 1998 lavoriamo duramente per offrire ogni giorno il miglior servizio ai nostri clienti<\/p>\n<p>quando si tratta di noleggiare auto e scooter per le tue ferie a Ibiza. Troverai veicoli nuovissimi, consegne personalizzate in aeroporto e villa, modelli convenienti e di lusso, prezzi dettagliati senza costi nascosti e<\/p>\n<p>personale multilingue. Come sempre, lavoriamo con un sorriso sui nostri volti &#8230; perch\u00e9 vogliamo che ti innamori di Ibiza e che tu scopra ogni tesoro nascosto lungo le sue strade &#8230;[\/vc_column_text]<div class=\" ult_buttons ubtn-ctn-left \"><a class=\"ubtn-link ult-adjust-bottom-margin ubtn-left ubtn-normal \" href=\"mailto:info@ibizavilla.com\" ><button type=\"button\" id=\"ubtn-9512\"  class=\"ubtn ult-adjust-bottom-margin ult-responsive ubtn-normal ubtn-no-hover-bg  none  ubtn-left   tooltip-69e3d5487640d\"  data-hover=\"#ffffff\" data-border-color=\"\" data-bg=\"#ffffff\" data-hover-bg=\"#00b2ff\" data-border-hover=\"\" data-shadow-hover=\"\" data-shadow-click=\"none\" data-shadow=\"\" data-shd-shadow=\"\"  data-ultimate-target='#ubtn-9512'  data-responsive-json-new='{\"font-size\":\"\",\"line-height\":\"\"}'  style=\"font-weight:normal;border:none;background: #ffffff;color: #000000;\"><span class=\"ubtn-hover\" style=\"background-color:#00b2ff\"><\/span><span class=\"ubtn-data ubtn-text \" >Info &amp; Prenotazioni<\/span><\/button><\/a><\/div>[\/vc_column][vc_column width=&#8221;1\/2&#8243;][\/vc_column][\/vc_row][vc_row full_width=&#8221;stretch_row&#8221; css=&#8221;.vc_custom_1572364435859{border-bottom-width: 30px !important;padding-top: 20px !important;padding-bottom: 20px !important;background-color: #f9f9f9 !important;}&#8221;][vc_column][vc_column_text]<\/p>\n<p style=\"text-align: center;\">Il nostro obiettivo \u00e8 rendere il noleggio auto semplice e conveniente, come se stessi guidando la tua auto. Noleggiare un&#8217;auto ti rende gratuito e ti aiuteremo a trovare quello ideale al miglior prezzo per te.<\/p>\n<p style=\"text-align: center;\">E c&#8217;\u00e8 di pi\u00f9. Siamo qui per rendere l&#8217;esperienza di noleggio meno stressante. Sappiamo che la qualit\u00e0 del servizio che ricevi \u00e8 importante. Ecco perch\u00e9 il nostro team \u00e8 multilingue e qualificato.<\/p>\n<p style=\"text-align: center;\">In questo modo, riceverai i migliori suggerimenti per guidarti alle migliori opzioni. Collaboriamo con la migliore compagnia di noleggio a Ibiza dal 1998.<\/p>\n<p style=\"text-align: center;\">Scegliamo il meglio per offrirti una vasta scelta di auto e offerte che faranno la differenza durante il tuo soggiorno nella tua villa di lusso.<\/p>\n<p>[\/vc_column_text][\/vc_column][\/vc_row][vc_row full_width=&#8221;stretch_row&#8221; css=&#8221;.vc_custom_1572364917346{margin-top: 30px !important;padding-bottom: 30px !important;}&#8221;][vc_column][vc_column_text]<\/p>\n<h3 style=\"text-align: center;\">Vi accompagneremo in ogni fase<\/h3>\n<p>[\/vc_column_text][vc_column_text]<\/p>\n<p style=\"text-align: center;\">Il nostro servizio clienti \u00e8 qui per assisterti durante il viaggio, ovunque e ogni volta che ne hai bisogno perch\u00e9 la consapevolezza di darti una grande esperienza di noleggio ci rende felici. Grazie alla nostra lunga esperienza, troviamo sempre la soluzione migliore per te, con offerte eccellenti e i modelli di auto pi\u00f9 recenti. Tuttavia, non solo troveremo l&#8217;auto migliore per te, ma ti assisteremo in ogni fase del noleggio. Puoi contattarci telefonicamente o via email e saremo lieti di mostrarti le molteplici opzioni che avrai. Sarai in grado di confrontare tutte le opzioni che hai in termini di modello e prezzo e, anche grazie ai nostri consigli, sarai in grado di fare la tua scelta in completa tranquillit\u00e0. Scegli la tua auto, aggiungi eventuali prodotti extra, come un&#8217;assicurazione pi\u00f9 estesa o un autista e completa la prenotazione.<\/p>\n<p>[\/vc_column_text][\/vc_column][\/vc_row][vc_row][vc_column][vc_raw_html]JTNDc2NyaXB0JTIwdHlwZSUzRCUyMnRleHQlMkZqYXZhc2NyaXB0JTIyJTIwc3JjJTNEJTIyJTJGd3AtY29udGVudCUyRnVwbG9hZHMlMkZpZnJhbWVSZXNpemVyLm1pbi5qcyUyMiUzRSUzQyUyRnNjcmlwdCUzRSUwQSUzQ2lmcmFtZSUyMHN0eWxlJTNEJTIyd2lkdGglM0ExMDAlMjUlM0Jib3JkZXIlM0Fub25lJTNCbWluLWhlaWdodCUzQTUwMHB4JTNCaGVpZ2h0JTNBYXV0byUzQiUyMiUyMGlkJTNEJTIyaWZyYW1lX2NhcnBsdXNfYWZpbGlhZG8lMjIlMjBzcmMlM0QlMjJodHRwcyUzQSUyRiUyRmJvb2tpbmdzLm1vdG9sdWlzLmNvbSUyRiUzRmlkaW9tYSUzRGVuJTI2YWZpbGlhZG8lM0Q0MzAwMDA2MDgzJTI2Y29sb3JfYWZpbGlhZG8lM0RjeWFuJTIyJTIwc2Nyb2xsaW5nJTNEJTIyeWVzJTIyJTNFJTNDJTJGaWZyYW1lJTNFJTBBJTNDc2NyaXB0JTNFaUZyYW1lUmVzaXplJTI4JTdCbG9nJTNBZmFsc2UlN0QlMkMlMjAlMjclMjNpZnJhbWVfY2FycGx1c19hZmlsaWFkbyUyNyUyOSUzQyUyRnNjcmlwdCUzRQ==[\/vc_raw_html][\/vc_column][\/vc_row][vc_row full_width=&#8221;stretch_row&#8221; css=&#8221;.vc_custom_1572365112481{padding-bottom: 60px !important;}&#8221;][vc_column][vc_column_text]<\/p>\n<h3 style=\"text-align: center;\">Perch\u00e9 dovresti usare il nostro servizio?<\/h3>\n<p>[\/vc_column_text][vc_column_text]<\/p>\n<p style=\"text-align: center;\">\u00c8 tutto. Gestiremo tutto il resto, dandoti l&#8217;auto che scegli il giorno del tuo arrivo e la ritireremo direttamente all&#8217;aeroporto di Ibiza. In questo modo, sarai in grado di iniziare le tue ferie rilassato e senza alcun tipo di stress. Approfitta della nostra assistenza. Siamo qui 7 giorni su 7 per assisterti prima, durante e dopo il tuo viaggio. Semplicemente, perch\u00e9 ti offriamo un eccellente rapporto qualit\u00e0-prezzo e tranquillit\u00e0 durante il tuo viaggio. Usiamo tutta la nostra esperienza e l&#8217;esperienza dei nostri clienti per garantire l&#8217;auto di cui hai bisogno e un servizio di alta qualit\u00e0.<\/p>\n<p>[\/vc_column_text][vc_column_text]<\/p>\n<h3 style=\"text-align: center;\">Godetevi il viaggio. Inizia la tua avventura.<\/h3>\n<p>[\/vc_column_text][\/vc_column][\/vc_row][vc_row][vc_column]<div class=\"article_container slider_container bottom-estate_property nobutton\" ><div class=\"slider_control_left  wprentals_slider_control_left\"><\/div>\n                       <div class=\"slider_control_right wprentals_slider_control_right\"><\/div><h2 class=\"shortcode_title title_slider\">Recent properties<\/h2><div class=\"shortcode_slider_wrapper\"  data-auto=\"0\" ><ul class=\"shortcode_slider_list\"><li>\r\n\r\n<div itemscope itemtype=\"http:\/\/schema.org\/Product\" class=\"listing_wrapper col-md- shortcode-col property_unit_v1  property_flex \" data-org=\"4\" data-listid=\"58791\" >\r\n\r\n    \r\n    <div class=\"property_listing \" >\r\n        \r\n            <div class=\"listing-unit-img-wrapper\"><div class=\"property_unit_action\">\n    <span class=\"icon-fav icon-fav-off\" data-original-title=\"add to favorites\" data-postid=\"58791\">\n        <svg viewBox=\"0 0 32 32\" xmlns=\"http:\/\/www.w3.org\/2000\/svg\" aria-hidden=\"true\" role=\"presentation\" focusable=\"false\" \nstyle=\"display: block;  height: 24px; width: 24px; stroke: #fff; stroke-width: 2; overflow: visible;\">\n<path d=\"m16 28c7-4.733 14-10 14-17 0-1.792-.683-3.583-2.05-4.95-1.367-1.366-3.158-2.05-4.95-2.05-1.791 0-3.583.684-4.949 2.05l-2.051 2.051-2.05-2.051c-1.367-1.366-3.158-2.05-4.95-2.05-1.791 0-3.583.684-4.949 2.05-1.367 1.367-2.051 3.158-2.051 4.95 0 7 7 12.267 14 17z\"><\/path>\n<\/svg><\/span>\n    <\/div><a href=\"https:\/\/ibizavilla.com\/it\/properties\/can-jondal-2\/\" target=\"_self\" ><img decoding=\"async\" itemprop=\"image\" src=\"https:\/\/ibizavilla.com\/wp-content\/uploads\/2019\/03\/can_jondal_2-400x314.jpg\" class=\"b-lazy img-responsive wp-post-image lazy-hidden\" alt=\"Can Jondal, villa di lusso con piscina a Ibiza, Cala Jondal\" title=\"\"><\/a><div class=\"price_unit_wrapper\"> <\/div><div class=\"\" itemprop=\"offers\" itemscope itemtype=\"http:\/\/schema.org\/Offer\"> <link itemprop=\"url\" href=\"https:\/\/ibizavilla.com\/it\/properties\/can-jondal-2\/\"\/><meta itemprop=\"priceCurrency\" content=\"\u20ac\" \/><div class=\"price_unit\"><span itemprop=\"price\" content=\"4800\">4.800 \u20ac<span class=\"pernight\"> \/night<\/span><\/div><\/div><\/div>\r\n\r\n\r\n            <div class=\"featured_div\">featured<\/div><div class=\"property_status_wrapper\"><\/div>\r\n            <div class=\"title-container\">\r\n\r\n                                <div class=\"price_unit desde_it\">\r\n                        <span class=\"pernight\">\r\n                            4800 \u20ac\r\n                        <\/span>\r\n                    <\/div>\r\n                \r\n            <meta itemprop=\"ratingValue\" content=\"0\"\/><div class=rating_placeholder><\/div>\r\n            <div class=\"owner_thumb\" style=\"background-image: url()\"><\/div>\r\n            <div class=\"category_name\">\r\n                    <a  itemprop=\"url\"  href=\"https:\/\/ibizavilla.com\/it\/properties\/can-jondal-2\/\"  class=\"listing_title_unit\" >\n    \n    \n   <span itemprop=\"name\">\n    Can Jondal, villa di lusso con piscina a Ibiza, Cala Jondal    <\/span>\n<\/a>\r\n                <div class=\"category_tagline map_icon\">\r\n                    <a href=\"https:\/\/ibizavilla.com\/it\/area\/cala-jondal-it\/\" rel=\"tag\">Cala Jondal<\/a>, <a href=\"https:\/\/ibizavilla.com\/it\/city\/san-jose\/\" rel=\"tag\">San Jos\u00e9<\/a>                <\/div>\r\n\r\n                <div class=\"category_tagline actions_icon\">\r\n                    <a href=\"https:\/\/ibizavilla.com\/it\/listings\/rentals\/\" rel=\"tag\">Affitto<\/a> \/ <a href=\"https:\/\/ibizavilla.com\/it\/action\/villa-it\/\" rel=\"tag\">Villa<\/a>                <\/div>\r\n            <\/div>\r\n\r\n                        <\/div>\r\n\r\n\r\n        \r\n        <\/div>\r\n    <\/div>\r\n<\/li><li>\r\n\r\n<div itemscope itemtype=\"http:\/\/schema.org\/Product\" class=\"listing_wrapper col-md- shortcode-col property_unit_v1  property_flex \" data-org=\"4\" data-listid=\"42244\" >\r\n\r\n    \r\n    <div class=\"property_listing \" >\r\n        \r\n            <div class=\"listing-unit-img-wrapper\"><div class=\"property_unit_action\">\n    <span class=\"icon-fav icon-fav-off\" data-original-title=\"add to favorites\" data-postid=\"42244\">\n        <svg viewBox=\"0 0 32 32\" xmlns=\"http:\/\/www.w3.org\/2000\/svg\" aria-hidden=\"true\" role=\"presentation\" focusable=\"false\" \nstyle=\"display: block;  height: 24px; width: 24px; stroke: #fff; stroke-width: 2; overflow: visible;\">\n<path d=\"m16 28c7-4.733 14-10 14-17 0-1.792-.683-3.583-2.05-4.95-1.367-1.366-3.158-2.05-4.95-2.05-1.791 0-3.583.684-4.949 2.05l-2.051 2.051-2.05-2.051c-1.367-1.366-3.158-2.05-4.95-2.05-1.791 0-3.583.684-4.949 2.05-1.367 1.367-2.051 3.158-2.051 4.95 0 7 7 12.267 14 17z\"><\/path>\n<\/svg><\/span>\n    <\/div><a href=\"https:\/\/ibizavilla.com\/it\/properties\/casa-domingo\/\" target=\"_self\" ><img decoding=\"async\" itemprop=\"image\" src=\"https:\/\/ibizavilla.com\/wp-content\/uploads\/2018\/11\/casa_domingo_01-400x314.jpg\" class=\"b-lazy img-responsive wp-post-image lazy-hidden\" alt=\"Casa Domingo, villa con vista mare a Ibiza, Es Cubells\" title=\"\"><\/a><div class=\"price_unit_wrapper\"> <\/div><div class=\"\" itemprop=\"offers\" itemscope itemtype=\"http:\/\/schema.org\/Offer\"> <link itemprop=\"url\" href=\"https:\/\/ibizavilla.com\/it\/properties\/casa-domingo\/\"\/><meta itemprop=\"priceCurrency\" content=\"\u20ac\" \/><div class=\"price_unit\"><span itemprop=\"price\" content=\"643\">643 \u20ac<span class=\"pernight\"> \/night<\/span><\/div><\/div><\/div>\r\n\r\n\r\n            <div class=\"featured_div\">featured<\/div><div class=\"property_status_wrapper\"><\/div>\r\n            <div class=\"title-container\">\r\n\r\n                                <div class=\"price_unit desde_it\">\r\n                        <span class=\"pernight\">\r\n                            643 \u20ac\r\n                        <\/span>\r\n                    <\/div>\r\n                \r\n            <meta itemprop=\"ratingValue\" content=\"0\"\/><div class=rating_placeholder><\/div>\r\n            <div class=\"owner_thumb\" style=\"background-image: url()\"><\/div>\r\n            <div class=\"category_name\">\r\n                    <a  itemprop=\"url\"  href=\"https:\/\/ibizavilla.com\/it\/properties\/casa-domingo\/\"  class=\"listing_title_unit\" >\n    \n    \n   <span itemprop=\"name\">\n    Casa Domingo, villa con vista mare a Ibiza, Es Cubells    <\/span>\n<\/a>\r\n                <div class=\"category_tagline map_icon\">\r\n                    <a href=\"https:\/\/ibizavilla.com\/it\/area\/es-cubells-it\/\" rel=\"tag\">Es Cubells<\/a>, <a href=\"https:\/\/ibizavilla.com\/it\/city\/san-jose\/\" rel=\"tag\">San Jos\u00e9<\/a>                <\/div>\r\n\r\n                <div class=\"category_tagline actions_icon\">\r\n                    <a href=\"https:\/\/ibizavilla.com\/it\/listings\/rentals\/\" rel=\"tag\">Affitto<\/a> \/ <a href=\"https:\/\/ibizavilla.com\/it\/action\/villa-it\/\" rel=\"tag\">Villa<\/a>                <\/div>\r\n            <\/div>\r\n\r\n                        <\/div>\r\n\r\n\r\n        \r\n        <\/div>\r\n    <\/div>\r\n<\/li><li>\r\n\r\n<div itemscope itemtype=\"http:\/\/schema.org\/Product\" class=\"listing_wrapper col-md- shortcode-col property_unit_v1  property_flex \" data-org=\"4\" data-listid=\"40968\" >\r\n\r\n    \r\n    <div class=\"property_listing \" >\r\n        \r\n            <div class=\"listing-unit-img-wrapper\"><div class=\"property_unit_action\">\n    <span class=\"icon-fav icon-fav-off\" data-original-title=\"add to favorites\" data-postid=\"40968\">\n        <svg viewBox=\"0 0 32 32\" xmlns=\"http:\/\/www.w3.org\/2000\/svg\" aria-hidden=\"true\" role=\"presentation\" focusable=\"false\" \nstyle=\"display: block;  height: 24px; width: 24px; stroke: #fff; stroke-width: 2; overflow: visible;\">\n<path d=\"m16 28c7-4.733 14-10 14-17 0-1.792-.683-3.583-2.05-4.95-1.367-1.366-3.158-2.05-4.95-2.05-1.791 0-3.583.684-4.949 2.05l-2.051 2.051-2.05-2.051c-1.367-1.366-3.158-2.05-4.95-2.05-1.791 0-3.583.684-4.949 2.05-1.367 1.367-2.051 3.158-2.051 4.95 0 7 7 12.267 14 17z\"><\/path>\n<\/svg><\/span>\n    <\/div><a href=\"https:\/\/ibizavilla.com\/it\/properties\/casa-roan\/\" target=\"_self\" ><img decoding=\"async\" itemprop=\"image\" src=\"https:\/\/ibizavilla.com\/wp-content\/uploads\/2022\/07\/Casa-Roan_Ibiza-Villa-2-400x314.jpg\" class=\"b-lazy img-responsive wp-post-image lazy-hidden\" alt=\"Casa Roan, villa moderne con vista mare a Ibiza, Cala Moli\" title=\"\"><\/a><div class=\"price_unit_wrapper\"> <\/div><div class=\"\" itemprop=\"offers\" itemscope itemtype=\"http:\/\/schema.org\/Offer\"> <link itemprop=\"url\" href=\"https:\/\/ibizavilla.com\/it\/properties\/casa-roan\/\"\/><meta itemprop=\"priceCurrency\" content=\"\u20ac\" \/><div class=\"price_unit\"><span itemprop=\"price\" content=\"893\">893 \u20ac<span class=\"pernight\"> \/night<\/span><\/div><\/div><\/div>\r\n\r\n\r\n            <div class=\"featured_div\">featured<\/div><div class=\"property_status_wrapper\"><\/div>\r\n            <div class=\"title-container\">\r\n\r\n                                <div class=\"price_unit desde_it\">\r\n                        <span class=\"pernight\">\r\n                            893 \u20ac\r\n                        <\/span>\r\n                    <\/div>\r\n                \r\n            <meta itemprop=\"ratingValue\" content=\"0\"\/><div class=rating_placeholder><\/div>\r\n            <div class=\"owner_thumb\" style=\"background-image: url()\"><\/div>\r\n            <div class=\"category_name\">\r\n                    <a  itemprop=\"url\"  href=\"https:\/\/ibizavilla.com\/it\/properties\/casa-roan\/\"  class=\"listing_title_unit\" >\n    \n    \n   <span itemprop=\"name\">\n    Casa Roan, villa moderne con vista mare a Ibiza, Cala Moli    <\/span>\n<\/a>\r\n                <div class=\"category_tagline map_icon\">\r\n                    <a href=\"https:\/\/ibizavilla.com\/it\/area\/cala-moli-it\/\" rel=\"tag\">Cala Moli<\/a>, <a href=\"https:\/\/ibizavilla.com\/it\/city\/san-jose\/\" rel=\"tag\">San Jos\u00e9<\/a>                <\/div>\r\n\r\n                <div class=\"category_tagline actions_icon\">\r\n                    <a href=\"https:\/\/ibizavilla.com\/it\/listings\/rentals\/\" rel=\"tag\">Affitto<\/a> \/ <a href=\"https:\/\/ibizavilla.com\/it\/action\/villa-it\/\" rel=\"tag\">Villa<\/a>                <\/div>\r\n            <\/div>\r\n\r\n                        <\/div>\r\n\r\n\r\n        \r\n        <\/div>\r\n    <\/div>\r\n<\/li><li>\r\n\r\n<div itemscope itemtype=\"http:\/\/schema.org\/Product\" class=\"listing_wrapper col-md- shortcode-col property_unit_v1  property_flex \" data-org=\"4\" data-listid=\"39835\" >\r\n\r\n    \r\n    <div class=\"property_listing \" >\r\n        \r\n            <div class=\"listing-unit-img-wrapper\"><div class=\"property_unit_action\">\n    <span class=\"icon-fav icon-fav-off\" data-original-title=\"add to favorites\" data-postid=\"39835\">\n        <svg viewBox=\"0 0 32 32\" xmlns=\"http:\/\/www.w3.org\/2000\/svg\" aria-hidden=\"true\" role=\"presentation\" focusable=\"false\" \nstyle=\"display: block;  height: 24px; width: 24px; stroke: #fff; stroke-width: 2; overflow: visible;\">\n<path d=\"m16 28c7-4.733 14-10 14-17 0-1.792-.683-3.583-2.05-4.95-1.367-1.366-3.158-2.05-4.95-2.05-1.791 0-3.583.684-4.949 2.05l-2.051 2.051-2.05-2.051c-1.367-1.366-3.158-2.05-4.95-2.05-1.791 0-3.583.684-4.949 2.05-1.367 1.367-2.051 3.158-2.051 4.95 0 7 7 12.267 14 17z\"><\/path>\n<\/svg><\/span>\n    <\/div><a href=\"https:\/\/ibizavilla.com\/it\/properties\/can-puig-de-mar\/\" target=\"_self\" ><img decoding=\"async\" itemprop=\"image\" src=\"https:\/\/ibizavilla.com\/wp-content\/uploads\/2025\/01\/Can-Puig-de-Mar_Ibiza-Villa-FILEminimizer-400x314.jpg\" class=\"b-lazy img-responsive wp-post-image lazy-hidden\" alt=\"Can Puig de Mar, villa con vista mare a Ibiza, Cala Moli\" title=\"\"><\/a><div class=\"price_unit_wrapper\"> <\/div><div class=\"\" itemprop=\"offers\" itemscope itemtype=\"http:\/\/schema.org\/Offer\"> <link itemprop=\"url\" href=\"https:\/\/ibizavilla.com\/it\/properties\/can-puig-de-mar\/\"\/><meta itemprop=\"priceCurrency\" content=\"\u20ac\" \/><div class=\"price_unit\"><span itemprop=\"price\" content=\"1186\">1.186 \u20ac<span class=\"pernight\"> \/night<\/span><\/div><\/div><\/div>\r\n\r\n\r\n            <div class=\"featured_div\">featured<\/div><div class=\"property_status_wrapper\"><\/div>\r\n            <div class=\"title-container\">\r\n\r\n                                <div class=\"price_unit desde_it\">\r\n                        <span class=\"pernight\">\r\n                            1186 \u20ac\r\n                        <\/span>\r\n                    <\/div>\r\n                \r\n            <meta itemprop=\"ratingValue\" content=\"0\"\/><div class=rating_placeholder><\/div>\r\n            <div class=\"owner_thumb\" style=\"background-image: url()\"><\/div>\r\n            <div class=\"category_name\">\r\n                    <a  itemprop=\"url\"  href=\"https:\/\/ibizavilla.com\/it\/properties\/can-puig-de-mar\/\"  class=\"listing_title_unit\" >\n    \n    \n   <span itemprop=\"name\">\n    Can Puig de Mar, villa con vista mare a Ibiza, Cala Moli    <\/span>\n<\/a>\r\n                <div class=\"category_tagline map_icon\">\r\n                    <a href=\"https:\/\/ibizavilla.com\/it\/area\/cala-moli-it\/\" rel=\"tag\">Cala Moli<\/a>, <a href=\"https:\/\/ibizavilla.com\/it\/city\/san-jose\/\" rel=\"tag\">San Jos\u00e9<\/a>                <\/div>\r\n\r\n                <div class=\"category_tagline actions_icon\">\r\n                    <a href=\"https:\/\/ibizavilla.com\/it\/listings\/rentals\/\" rel=\"tag\">Affitto<\/a> \/ <a href=\"https:\/\/ibizavilla.com\/it\/action\/villa-it\/\" rel=\"tag\">Villa<\/a>                <\/div>\r\n            <\/div>\r\n\r\n                        <\/div>\r\n\r\n\r\n        \r\n        <\/div>\r\n    <\/div>\r\n<\/li><\/ul><\/div><\/div>[\/vc_column][\/vc_row][vc_row css=&#8221;.vc_custom_1574963226616{padding-top: 20px !important;}&#8221;][vc_column]<div class=\" ult_buttons ubtn-ctn-center \"><a class=\"ubtn-link ult-adjust-bottom-margin ubtn-center ubtn-normal \" href=\"mailto:info@ibizavilla.com\" ><button type=\"button\" id=\"ubtn-4473\"  class=\"ubtn ult-adjust-bottom-margin ult-responsive ubtn-normal ubtn-fade-bg  none  ubtn-center   tooltip-69e3d5487f508\"  data-hover=\"#0090ff\" data-border-color=\"#10c1ed\" data-bg=\"\" data-hover-bg=\"#ffffff\" data-border-hover=\"#0090ff\" data-shadow-hover=\"\" data-shadow-click=\"none\" data-shadow=\"\" data-shd-shadow=\"\"  data-ultimate-target='#ubtn-4473'  data-responsive-json-new='{\"font-size\":\"\",\"line-height\":\"\"}'  style=\"font-weight:normal;border-radius:30px;border-width:2px;border-color:#10c1ed;border-style:solid;color: #10c1ed;\"><span class=\"ubtn-hover\" style=\"background-color:#ffffff\"><\/span><span class=\"ubtn-data ubtn-text \" >Prenotazioni &amp; Info<\/span><\/button><\/a><\/div>[\/vc_column][\/vc_row][vc_row full_width=&#8221;stretch_row_content_no_spaces&#8221; el_class=&#8221;bg-no-mb&#8221; css=&#8221;.vc_custom_1573291425056{padding-top: 30px !important;}&#8221;][vc_column][vc_single_image image=&#8221;67345&#8243; img_size=&#8221;full&#8221; alignment=&#8221;center&#8221;][\/vc_column][\/vc_row]<\/p>\n<\/div>","protected":false},"excerpt":{"rendered":"<p>[vc_row full_width=&#8221;stretch_row&#8221; css=&#8221;.vc_custom_1572365070235{margin-top: 60px !important;padding-top: 30px !important;background-color: #f9f9f9 !important;}&#8221;][vc_column][vc_column_text] Non \u00e8 una sensazione meravigliosa quando accendi il motore e la tua avventura inizia &#8230; sei pronto? [\/vc_column_text][vc_column_text] Ibiza Villa sa quanto sia importante potersi muovere comodamente. Per sentirti veramente libero e poter visitare ogni angolo della magnifica isola di Ibiza, avrai bisogno di un&#8217;auto che &#8230;<\/p>\n","protected":false},"author":9,"featured_media":0,"parent":0,"menu_order":0,"comment_status":"closed","ping_status":"closed","template":"","meta":{"_acf_changed":false,"_joinchat":[],"footnotes":""},"class_list":["post-67224","page","type-page","status-publish","hentry"],"acf":[],"_links":{"self":[{"href":"https:\/\/ibizavilla.com\/it\/wp-json\/wp\/v2\/pages\/67224","targetHints":{"allow":["GET"]}}],"collection":[{"href":"https:\/\/ibizavilla.com\/it\/wp-json\/wp\/v2\/pages"}],"about":[{"href":"https:\/\/ibizavilla.com\/it\/wp-json\/wp\/v2\/types\/page"}],"author":[{"embeddable":true,"href":"https:\/\/ibizavilla.com\/it\/wp-json\/wp\/v2\/users\/9"}],"replies":[{"embeddable":true,"href":"https:\/\/ibizavilla.com\/it\/wp-json\/wp\/v2\/comments?post=67224"}],"version-history":[{"count":0,"href":"https:\/\/ibizavilla.com\/it\/wp-json\/wp\/v2\/pages\/67224\/revisions"}],"wp:attachment":[{"href":"https:\/\/ibizavilla.com\/it\/wp-json\/wp\/v2\/media?parent=67224"}],"curies":[{"name":"wp","href":"https:\/\/api.w.org\/{rel}","templated":true}]}}