{"id":67238,"date":"2019-11-06T20:28:53","date_gmt":"2019-11-06T18:28:53","guid":{"rendered":"https:\/\/ibizavilla.com\/?page_id=67238"},"modified":"2019-11-28T20:08:27","modified_gmt":"2019-11-28T18:08:27","slug":"chef-catering","status":"publish","type":"page","link":"https:\/\/ibizavilla.com\/it\/chef-catering\/","title":{"rendered":"Chef\/Catering"},"content":{"rendered":"<div class=\"wpb-content-wrapper\"><p>[vc_row css=&#8221;.vc_custom_1572336922621{margin-top: 30px !important;padding-top: 30px !important;padding-bottom: 30px !important;}&#8221;][vc_column][vc_column_text]<\/p>\n<h1 style=\"text-align: center;\">Servizio Chef e Catering&#8230; Ibiza Villa!<\/h1>\n<p>[\/vc_column_text][vc_column_text]<\/p>\n<h4 style=\"text-align: center;\">Hai bisogno di uno chef che cucini per te nella tua villa di lusso in Ibiza? Vuoi organizzare un evento e hai bisogno di un catering?<\/h4>\n<p>[\/vc_column_text][\/vc_column][\/vc_row][vc_row full_width=&#8221;stretch_row&#8221; bg_type=&#8221;bg_color&#8221; bg_color_value=&#8221;#f4f4f4&#8243; css=&#8221;.vc_custom_1572091197730{margin-top: 30px !important;}&#8221;][vc_column][vc_row_inner][vc_column_inner][vc_column_text]<\/p>\n<h2 style=\"text-align: center;\">Vacanze rilassanti<\/h2>\n<p>[\/vc_column_text][vc_column_text el_class=&#8221;custom-text-padding&#8221;]<\/p>\n<p style=\"text-align: center;\">Ibiza Villa pensa che durante le ferie l&#8217;unica attivit\u00e0 che i nostri ospiti debbano fare \u00e8 rilassarsi. Ecco perch\u00e9 abbiamo deciso di fornire un servizio di catering e chef privati direttamente nella tua villa di lusso.<\/p>\n<p>[\/vc_column_text][\/vc_column_inner][\/vc_row_inner][vc_row_inner][vc_column_inner][vc_single_image image=&#8221;67450&#8243; img_size=&#8221;full&#8221; alignment=&#8221;center&#8221;][\/vc_column_inner][\/vc_row_inner][vc_row_inner][vc_column_inner][vc_column_text el_class=&#8221;custom-text-padding&#8221;]<\/p>\n<p style=\"text-align: center;\">Dimentica di cucinare ogni giorno gli stessi piatti e apriti a nuove esperienze e gusti grazie ai nostri chef specializzati.<\/p>\n<p>[\/vc_column_text][\/vc_column_inner][\/vc_row_inner][\/vc_column][\/vc_row][vc_row equal_height=&#8221;yes&#8221; el_class=&#8221;to-equal-height flex-reverse&#8221; css=&#8221;.vc_custom_1572090568472{padding-top: 60px !important;}&#8221;][vc_column offset=&#8221;vc_col-lg-6 vc_col-md-6 vc_col-xs-12&#8243; el_class=&#8221;double-row-to-pad to-center-height&#8221; css=&#8221;.vc_custom_1572091513590{padding-top: 0px !important;}&#8221;][vc_column_text]<\/p>\n<h3 style=\"text-align: center;\">Perch\u00e9 sceglierlo??<\/h3>\n<p style=\"text-align: center;\">Il nostro servizio di catering \u00e8 pi\u00f9 indicato se decidi di organizzare una festa o un evento durante il tuo soggiorno in una delle nostre ville di lusso. Il nostro catering sar\u00e0 in grado di cucinare per un gran numero di persone. In questo modo dovrai solo esprimere i tuoi gusti e le tue preferenze per i piatti e lasciare che il nostro catering organizzi perfettamente il tuo evento speciale. I nostri professionisti saranno in grado di organizzare questo servizio come buffet, come rinfresco o come cena servita al tavolo. In vari casi, sarai in grado di scegliere il cibo che desideri per il tuo evento e il nostro catering sar\u00e0 in grado di soddisfare le tue richieste. I vantaggi di utilizzare un servizio di questo tipo sono innumerevoli: avere la professionalit\u00e0 e la creativit\u00e0 dei cuochi, ma soprattutto non dover pensare alla cucina e alla pulizia.<\/p>\n<p>[\/vc_column_text][\/vc_column][vc_column el_class=&#8221;image-equl-no-btm&#8221; offset=&#8221;vc_col-lg-6 vc_col-md-6 vc_col-xs-12&#8243;][vc_single_image image=&#8221;67454&#8243; img_size=&#8221;full&#8221; alignment=&#8221;center&#8221;][\/vc_column][\/vc_row][vc_row equal_height=&#8221;yes&#8221; el_class=&#8221;to-equal-height&#8221; css=&#8221;.vc_custom_1572090784320{padding-top: 60px !important;}&#8221;][vc_column offset=&#8221;vc_col-lg-6 vc_col-md-6 vc_col-xs-12&#8243; el_class=&#8221;image-equl-no-btm&#8221;][vc_single_image image=&#8221;67458&#8243; img_size=&#8221;full&#8221; alignment=&#8221;center&#8221;][\/vc_column][vc_column el_class=&#8221;double-row-to-pad to-center-height&#8221; offset=&#8221;vc_col-lg-6 vc_col-md-6 vc_col-xs-12&#8243;][vc_column_text]<\/p>\n<h3 style=\"text-align: center;\">Com&#8217; \u00e8 nato<\/h3>\n<p style=\"text-align: center;\">Sempre pi\u00f9 clienti si sono interessati a forme di ristorazione a domicilio, in particolare per far fronte a cene o pranzi a casa, per superare le difficolt\u00e0 di preparazione e pulizia grazie alla presenza di uno chef personale. Questo \u00e8 il motivo per cui abbiamo pensato di fornire uno chef privato, che su appuntamento pu\u00f2 recarsi nella villa di lusso del cliente per cucinare un determinato menu. Il menu sar\u00e0 ovviamente deciso in precedenza. In questi casi, lo chef porta materie prime e strumenti e alla fine del servizio lascer\u00e0 la cucina come prima.<\/p>\n<p>[\/vc_column_text][\/vc_column][\/vc_row][vc_row equal_height=&#8221;yes&#8221; el_class=&#8221;to-equal-height flex-reverse&#8221; css=&#8221;.vc_custom_1572350416313{padding-top: 60px !important;}&#8221;][vc_column offset=&#8221;vc_col-lg-6 vc_col-md-6 vc_col-xs-12&#8243; el_class=&#8221;double-row-to-pad to-center-height&#8221; css=&#8221;.vc_custom_1572091513590{padding-top: 0px !important;}&#8221;][vc_column_text]<\/p>\n<h3 style=\"text-align: center;\">Non solo cibo<\/h3>\n<p style=\"text-align: center;\">Pu\u00f2 essere un servizio utile per organizzare cene eleganti con menu speciali durante il tuo soggiorno a Ibiza. In questo modo, non solo la tua posizione sar\u00e0 lussuosa, ma anche il tuo cibo sar\u00e0 una vera delizia. Grazie all&#8217;attenzione ai dettagli e alla ricerca di ricette uniche, il nostro team di chef privati \u00e8 in grado di soddisfare ogni esigenza con gusto e originalit\u00e0. Tutti i piatti sono realizzati con materie prime di eccellente qualit\u00e0 e sono creati dalle mani di abili chef direttamente sul posto e al momento del pranzo o della cena, per garantire freschezza e qualit\u00e0 al cliente.<\/p>\n<p>[\/vc_column_text][\/vc_column][vc_column el_class=&#8221;image-equl-no-btm&#8221; offset=&#8221;vc_col-lg-6 vc_col-md-6 vc_col-xs-12&#8243;][vc_single_image image=&#8221;67462&#8243; img_size=&#8221;full&#8221; alignment=&#8221;center&#8221;][\/vc_column][\/vc_row][vc_row css=&#8221;.vc_custom_1572336922621{margin-top: 30px !important;padding-top: 30px !important;padding-bottom: 30px !important;}&#8221;][vc_column][vc_column_text]<\/p>\n<h2 style=\"text-align: center;\">Scegli il nostro servizio di catering<\/h2>\n<p>[\/vc_column_text][vc_column_text]<\/p>\n<p style=\"text-align: center;\">Grazie a questo servizio, i nostri chef renderanno indimenticabili i tuoi eventi, garantendo l&#8217;eccellente qualit\u00e0 dei prodotti offerti e un allestimento esteticamente perfetto. La prenotazione di uno chef personale ti consente di organizzare un evento direttamente a casa. Sentiti libero di contattare il team di Ibiza Villa per ottenere tutte le informazioni relative a questo servizio, dalla disponibilit\u00e0 dei nostri chef al tipo di cucina che desideri, al prezzo della performance e al numero di ospiti. Siamo sicuri che farai una splendida impressione con i tuoi ospiti.<\/p>\n<p>[\/vc_column_text][\/vc_column][\/vc_row][vc_row css=&#8221;.vc_custom_1574963226616{padding-top: 20px !important;}&#8221;][vc_column]<div class=\" ult_buttons ubtn-ctn-center \"><a class=\"ubtn-link ult-adjust-bottom-margin ubtn-center ubtn-normal \" href=\"mailto:info@ibizavilla.com\" ><button type=\"button\" id=\"ubtn-3167\"  class=\"ubtn ult-adjust-bottom-margin ult-responsive ubtn-normal ubtn-fade-bg  none  ubtn-center   tooltip-69fa8afe441eb\"  data-hover=\"#0090ff\" data-border-color=\"#10c1ed\" data-bg=\"\" data-hover-bg=\"#ffffff\" data-border-hover=\"#0090ff\" data-shadow-hover=\"\" data-shadow-click=\"none\" data-shadow=\"\" data-shd-shadow=\"\"  data-ultimate-target='#ubtn-3167'  data-responsive-json-new='{\"font-size\":\"\",\"line-height\":\"\"}'  style=\"font-weight:normal;border-radius:30px;border-width:2px;border-color:#10c1ed;border-style:solid;color: #10c1ed;\"><span class=\"ubtn-hover\" style=\"background-color:#ffffff\"><\/span><span class=\"ubtn-data ubtn-text \" >Prenotazioni &amp; Info<\/span><\/button><\/a><\/div>[\/vc_column][\/vc_row][vc_row full_width=&#8221;stretch_row_content_no_spaces&#8221; el_class=&#8221;bg-no-mb&#8221; css=&#8221;.vc_custom_1573291425056{padding-top: 30px !important;}&#8221;][vc_column][vc_single_image image=&#8221;67345&#8243; img_size=&#8221;full&#8221; alignment=&#8221;center&#8221;][\/vc_column][\/vc_row]<\/p>\n<\/div>","protected":false},"excerpt":{"rendered":"<p>[vc_row css=&#8221;.vc_custom_1572336922621{margin-top: 30px !important;padding-top: 30px !important;padding-bottom: 30px !important;}&#8221;][vc_column][vc_column_text] Servizio Chef e Catering&#8230; Ibiza Villa! [\/vc_column_text][vc_column_text] Hai bisogno di uno chef che cucini per te nella tua villa di lusso in Ibiza? Vuoi organizzare un evento e hai bisogno di un catering? [\/vc_column_text][\/vc_column][\/vc_row][vc_row full_width=&#8221;stretch_row&#8221; bg_type=&#8221;bg_color&#8221; bg_color_value=&#8221;#f4f4f4&#8243; css=&#8221;.vc_custom_1572091197730{margin-top: 30px !important;}&#8221;][vc_column][vc_row_inner][vc_column_inner][vc_column_text] Vacanze rilassanti [\/vc_column_text][vc_column_text el_class=&#8221;custom-text-padding&#8221;] Ibiza Villa pensa &#8230;<\/p>\n","protected":false},"author":9,"featured_media":0,"parent":0,"menu_order":0,"comment_status":"closed","ping_status":"closed","template":"","meta":{"_acf_changed":false,"_joinchat":[],"footnotes":""},"class_list":["post-67238","page","type-page","status-publish","hentry"],"acf":[],"_links":{"self":[{"href":"https:\/\/ibizavilla.com\/it\/wp-json\/wp\/v2\/pages\/67238","targetHints":{"allow":["GET"]}}],"collection":[{"href":"https:\/\/ibizavilla.com\/it\/wp-json\/wp\/v2\/pages"}],"about":[{"href":"https:\/\/ibizavilla.com\/it\/wp-json\/wp\/v2\/types\/page"}],"author":[{"embeddable":true,"href":"https:\/\/ibizavilla.com\/it\/wp-json\/wp\/v2\/users\/9"}],"replies":[{"embeddable":true,"href":"https:\/\/ibizavilla.com\/it\/wp-json\/wp\/v2\/comments?post=67238"}],"version-history":[{"count":0,"href":"https:\/\/ibizavilla.com\/it\/wp-json\/wp\/v2\/pages\/67238\/revisions"}],"wp:attachment":[{"href":"https:\/\/ibizavilla.com\/it\/wp-json\/wp\/v2\/media?parent=67238"}],"curies":[{"name":"wp","href":"https:\/\/api.w.org\/{rel}","templated":true}]}}