{"id":67251,"date":"2019-11-06T22:27:39","date_gmt":"2019-11-06T20:27:39","guid":{"rendered":"https:\/\/ibizavilla.com\/?page_id=67251"},"modified":"2019-11-28T20:09:58","modified_gmt":"2019-11-28T18:09:58","slug":"autista","status":"publish","type":"page","link":"https:\/\/ibizavilla.com\/it\/autista\/","title":{"rendered":"Autista"},"content":{"rendered":"<div class=\"wpb-content-wrapper\"><p>[vc_row css=&#8221;.vc_custom_1572336922621{margin-top: 30px !important;padding-top: 30px !important;padding-bottom: 30px !important;}&#8221;][vc_column][vc_column_text]<\/p>\n<h1 style=\"text-align: center;\">Servizio di autista privato&#8230; Ibiza Villa!<\/h1>\n<p>[\/vc_column_text][vc_column_text]<\/p>\n<h4 style=\"text-align: center;\">Ibiza Villa sa quanto \u00e8 bello avere qualcuno a cui importa dei tuoi movimenti!<\/h4>\n<p>[\/vc_column_text][\/vc_column][\/vc_row][vc_row full_width=&#8221;stretch_row&#8221; bg_type=&#8221;bg_color&#8221; bg_color_value=&#8221;#f4f4f4&#8243; css=&#8221;.vc_custom_1572091197730{margin-top: 30px !important;}&#8221;][vc_column][vc_row_inner][vc_column_inner][vc_column_text el_class=&#8221;custom-text-padding&#8221;]<\/p>\n<h4 style=\"text-align: center;\">Ecco perch\u00e9 abbiamo pensato di offrirti un servizio di autista personale!<\/h4>\n<p>[\/vc_column_text][vc_column_text el_class=&#8221;custom-text-padding&#8221;]<\/p>\n<p style=\"text-align: center;\">che sar\u00e0 in grado di portarti ovunque sull&#8217;isola. Penser\u00e0 al parcheggio della tua auto e se ne occuper\u00e0. In questo modo i tuoi spostamenti saranno un vero piacere e sarai privo di stress. Ibiza Villa avr\u00e0 il piacere di organizzarti un autista personale se lo richiederai durante il tuo soggiorno.<\/p>\n<p>[\/vc_column_text][\/vc_column_inner][\/vc_row_inner][vc_row_inner][vc_column_inner][vc_single_image image=&#8221;67503&#8243; img_size=&#8221;full&#8221; alignment=&#8221;center&#8221;][\/vc_column_inner][\/vc_row_inner][vc_row_inner][vc_column_inner][vc_column_text el_class=&#8221;custom-text-padding&#8221;]<\/p>\n<p style=\"text-align: center;\">I nostri autisti con esperienza decennale sono pronti ad accompagnarti fino al punto della citt\u00e0 che desideri, all&#8217;aeroporto, al tuo evento o forse solo per un tour della parte dell&#8217;isola che desideri esplorare. Ibiza Villa offre tariffe orarie che ti consentono di familiarizzare con l&#8217;area di tuo interesse, aiutato dall&#8217;esperienza e dalla conoscenza dei nostri autisti. Sii libero di chiedere ai nostri autisti consigli locali su come trascorrere il tuo tempo dopo il tuo arrivo. Devi andare da un punto dell&#8217;isola all&#8217;altro? Non c&#8217;\u00e8 problema, ti accompagniamo anche l\u00ec! Saremo pronti a soddisfare le tue esigenze; tutto ci\u00f2 che devi fare \u00e8 rilassarti e goderti il viaggio.<\/p>\n<p>[\/vc_column_text][\/vc_column_inner][\/vc_row_inner][\/vc_column][\/vc_row][vc_row css=&#8221;.vc_custom_1572344771444{padding-top: 60px !important;padding-bottom: 30px !important;}&#8221;][vc_column][vc_column_text]<\/p>\n<h3 style=\"text-align: center;\">Impressionante scelta di veicoli premium<\/h3>\n<p>[\/vc_column_text][vc_column_text el_class=&#8221;custom-text-padding&#8221;]<\/p>\n<p style=\"text-align: center;\">Ibiza Villa sar\u00e0 in grado di offrirti un&#8217;impressionante scelta di veicoli premium come BMW, Mercedes-Benz, Audi e molti altri. Offriamo una vasta scelta di categorie di veicoli, da Economy, Business, a First class per assicurarti il meglio. Sia che tu voglia arrivare con stile o con la massima discrezione, le nostre auto sono l\u00ec per portarti non solo dove, ma anche come vuoi!<\/p>\n<p>[\/vc_column_text][\/vc_column][\/vc_row][vc_row el_class=&#8221;special-col-imgtext&#8221; css=&#8221;.vc_custom_1572358967154{padding-top: 30px !important;padding-bottom: 120px !important;}&#8221;][vc_column][vc_row_inner equal_height=&#8221;yes&#8221; el_class=&#8221;to-equal-height&#8221;][vc_column_inner el_class=&#8221;to-center-height&#8221; offset=&#8221;vc_col-lg-4 vc_col-md-12 vc_col-xs-12&#8243;][vc_column_text]<\/p>\n<p style=\"text-align: center;\"><strong>Prenota in anticipo via e-mail o per telefono.<\/strong> Dovrai comunicarci il punto di partenza che desideri essere prelevato, la tua destinazione e in pochi passaggi avrai completato la prenotazione. Ci occuperemo del resto! Effettuare una prenotazione oraria \u00e8 possibile anche con Ibiza Villa, quindi puoi avere un autista privato per tutto il tempo che desideri. Tariffe speciali per periodi pi\u00f9 lunghi.<\/p>\n<p>[\/vc_column_text][\/vc_column_inner][vc_column_inner el_class=&#8221;image-equl-no-btm&#8221; offset=&#8221;vc_col-lg-4 vc_col-md-12 vc_col-xs-12&#8243;][vc_single_image image=&#8221;67507&#8243; img_size=&#8221;full&#8221; alignment=&#8221;center&#8221;][\/vc_column_inner][vc_column_inner el_class=&#8221;to-center-height&#8221; offset=&#8221;vc_col-lg-4 vc_col-md-12 vc_col-xs-12&#8243;][vc_column_text]<\/p>\n<p style=\"text-align: center;\"><strong>I nostri autisti sono puntuali.<\/strong> In effetti, la puntualit\u00e0 \u00e8 il primo requisito essenziale per i conducenti di Ibiza Villa. Facciamo capire loro che l&#8217;educazione \u00e8 fondamentale, &#8211; non fumare, niente cibo, niente telefono &#8211; insieme all&#8217;ordine della persona e alla pulizia. Questi sono solo alcuni dei fattori che devono essere rigorosamente seguiti da tutti i nostri autisti.<\/p>\n<p>[\/vc_column_text][\/vc_column_inner][\/vc_row_inner][vc_row_inner equal_height=&#8221;yes&#8221; el_class=&#8221;to-equal-height&#8221;][vc_column_inner el_class=&#8221;image-equl-no-btm&#8221; offset=&#8221;vc_col-lg-4 vc_col-md-12 vc_col-xs-12&#8243;][vc_single_image image=&#8221;67511&#8243; img_size=&#8221;full&#8221; alignment=&#8221;center&#8221;][\/vc_column_inner][vc_column_inner el_class=&#8221;to-center-height&#8221; offset=&#8221;vc_col-lg-4 vc_col-md-12 vc_col-xs-12&#8243;][vc_column_text]<\/p>\n<p style=\"text-align: center;\"><strong>Naturalmente, i nostri autisti devono rispettare il codice della strada.<\/strong> Guideranno con prudenza per garantire la sicurezza dei passeggeri. Come diciamo sempre, la sicurezza prima di tutto!<\/p>\n<p>[\/vc_column_text][\/vc_column_inner][vc_column_inner el_class=&#8221;image-equl-no-btm&#8221; offset=&#8221;vc_col-lg-4 vc_col-md-12 vc_col-xs-12&#8243;][vc_single_image image=&#8221;67515&#8243; img_size=&#8221;full&#8221; alignment=&#8221;center&#8221;][\/vc_column_inner][\/vc_row_inner][\/vc_column][\/vc_row][vc_row css=&#8221;.vc_custom_1574963226616{padding-top: 20px !important;}&#8221;][vc_column]<div class=\" ult_buttons ubtn-ctn-center \"><a class=\"ubtn-link ult-adjust-bottom-margin ubtn-center ubtn-normal \" href=\"mailto:info@ibizavilla.com\" ><button type=\"button\" id=\"ubtn-5427\"  class=\"ubtn ult-adjust-bottom-margin ult-responsive ubtn-normal ubtn-fade-bg  none  ubtn-center   tooltip-69ea17cb02ca9\"  data-hover=\"#0090ff\" data-border-color=\"#10c1ed\" data-bg=\"\" data-hover-bg=\"#ffffff\" data-border-hover=\"#0090ff\" data-shadow-hover=\"\" data-shadow-click=\"none\" data-shadow=\"\" data-shd-shadow=\"\"  data-ultimate-target='#ubtn-5427'  data-responsive-json-new='{\"font-size\":\"\",\"line-height\":\"\"}'  style=\"font-weight:normal;border-radius:30px;border-width:2px;border-color:#10c1ed;border-style:solid;color: #10c1ed;\"><span class=\"ubtn-hover\" style=\"background-color:#ffffff\"><\/span><span class=\"ubtn-data ubtn-text \" >Prenotazioni &amp; Info<\/span><\/button><\/a><\/div>[\/vc_column][\/vc_row][vc_row full_width=&#8221;stretch_row_content_no_spaces&#8221; el_class=&#8221;bg-no-mb&#8221; css=&#8221;.vc_custom_1573291425056{padding-top: 30px !important;}&#8221;][vc_column][vc_single_image image=&#8221;67345&#8243; img_size=&#8221;full&#8221; alignment=&#8221;center&#8221;][\/vc_column][\/vc_row]<\/p>\n<\/div>","protected":false},"excerpt":{"rendered":"<p>[vc_row css=&#8221;.vc_custom_1572336922621{margin-top: 30px !important;padding-top: 30px !important;padding-bottom: 30px !important;}&#8221;][vc_column][vc_column_text] Servizio di autista privato&#8230; Ibiza Villa! [\/vc_column_text][vc_column_text] Ibiza Villa sa quanto \u00e8 bello avere qualcuno a cui importa dei tuoi movimenti! [\/vc_column_text][\/vc_column][\/vc_row][vc_row full_width=&#8221;stretch_row&#8221; bg_type=&#8221;bg_color&#8221; bg_color_value=&#8221;#f4f4f4&#8243; css=&#8221;.vc_custom_1572091197730{margin-top: 30px !important;}&#8221;][vc_column][vc_row_inner][vc_column_inner][vc_column_text el_class=&#8221;custom-text-padding&#8221;] Ecco perch\u00e9 abbiamo pensato di offrirti un servizio di autista personale! [\/vc_column_text][vc_column_text el_class=&#8221;custom-text-padding&#8221;] che sar\u00e0 in grado di &#8230;<\/p>\n","protected":false},"author":9,"featured_media":0,"parent":0,"menu_order":0,"comment_status":"closed","ping_status":"closed","template":"","meta":{"_acf_changed":false,"_joinchat":[],"footnotes":""},"class_list":["post-67251","page","type-page","status-publish","hentry"],"acf":[],"_links":{"self":[{"href":"https:\/\/ibizavilla.com\/it\/wp-json\/wp\/v2\/pages\/67251","targetHints":{"allow":["GET"]}}],"collection":[{"href":"https:\/\/ibizavilla.com\/it\/wp-json\/wp\/v2\/pages"}],"about":[{"href":"https:\/\/ibizavilla.com\/it\/wp-json\/wp\/v2\/types\/page"}],"author":[{"embeddable":true,"href":"https:\/\/ibizavilla.com\/it\/wp-json\/wp\/v2\/users\/9"}],"replies":[{"embeddable":true,"href":"https:\/\/ibizavilla.com\/it\/wp-json\/wp\/v2\/comments?post=67251"}],"version-history":[{"count":0,"href":"https:\/\/ibizavilla.com\/it\/wp-json\/wp\/v2\/pages\/67251\/revisions"}],"wp:attachment":[{"href":"https:\/\/ibizavilla.com\/it\/wp-json\/wp\/v2\/media?parent=67251"}],"curies":[{"name":"wp","href":"https:\/\/api.w.org\/{rel}","templated":true}]}}