{"id":67256,"date":"2019-11-06T22:35:04","date_gmt":"2019-11-06T20:35:04","guid":{"rendered":"https:\/\/ibizavilla.com\/?page_id=67256"},"modified":"2019-11-28T20:10:25","modified_gmt":"2019-11-28T18:10:25","slug":"massaggi","status":"publish","type":"page","link":"https:\/\/ibizavilla.com\/it\/massaggi\/","title":{"rendered":"Massaggi"},"content":{"rendered":"<div class=\"wpb-content-wrapper\"><p>[vc_row css=&#8221;.vc_custom_1572336922621{margin-top: 30px !important;padding-top: 30px !important;padding-bottom: 30px !important;}&#8221;][vc_column][vc_column_text]<\/p>\n<h1 style=\"text-align: center;\">Servizio Massaggi&#8230; Ibiza Villa!<\/h1>\n<p>[\/vc_column_text][vc_column_text]<\/p>\n<h4 style=\"text-align: center;\">Ibiza Villa pensa sempre al tuo relax e al tuo comfort!<\/h4>\n<p>[\/vc_column_text][\/vc_column][\/vc_row][vc_row full_width=&#8221;stretch_row&#8221; bg_type=&#8221;bg_color&#8221; bg_color_value=&#8221;#f4f4f4&#8243; css=&#8221;.vc_custom_1572091197730{margin-top: 30px !important;}&#8221;][vc_column][vc_row_inner][vc_column_inner][vc_column_text el_class=&#8221;custom-text-padding&#8221;]<\/p>\n<h2 style=\"text-align: center;\">Ecco perch\u00e9 abbiamo pensato a uno dei trattamenti pi\u00f9 rilassanti &#8230; il massaggio!<\/h2>\n<p>[\/vc_column_text][vc_column_text el_class=&#8221;custom-text-padding&#8221;]<\/p>\n<p style=\"text-align: center;\">Il massaggio \u00e8 una forma di antica terapia e anche uno dei gesti pi\u00f9 naturali che eseguiamo quotidianamente, poich\u00e9 \u00e8 istintivo strofinarsi una spalla dolorante o strofinare quella parte del corpo che ci fa male. In pratica si tratta di una serie di diverse manovre eseguite sul corpo per alleviare i dolori muscolari o articolari, per tonificare il volume di alcuni tessuti, ma anche per preservare e migliorare il benessere mentale, liberando tensione e affaticamento<\/p>\n<p>[\/vc_column_text][\/vc_column_inner][\/vc_row_inner][vc_row_inner][vc_column_inner][vc_single_image image=&#8221;67528&#8243; img_size=&#8221;full&#8221; alignment=&#8221;center&#8221;][\/vc_column_inner][\/vc_row_inner][vc_row_inner][vc_column_inner][vc_column_text el_class=&#8221;custom-text-padding&#8221;]<\/p>\n<p style=\"text-align: center;\">Per Ibiza Villa questa pratica \u00e8 la combinazione perfetta per rilassare la tua mente e il tuo corpo. In realt\u00e0 crediamo che il massaggio non sia un semplice atto fisico che ci consente di ottenere un benessere specifico, ma pensiamo che il massaggio sia una condizione esistenziale che ci consente di trovare una connessione profonda con il nostro essere, spesso con effetti straordinari. Difficile pensare a qualcosa di pi\u00f9 piacevole di un massaggio organizzato durante le tue vacanze direttamente nella lussuosa villa che sceglierai per il tuo soggiorno a Ibiza.<\/p>\n<p>[\/vc_column_text][\/vc_column_inner][\/vc_row_inner][\/vc_column][\/vc_row][vc_row css=&#8221;.vc_custom_1572344771444{padding-top: 60px !important;padding-bottom: 30px !important;}&#8221;][vc_column][vc_column_text]<\/p>\n<h3 style=\"text-align: center;\">Non \u00e8 un semplice rilassamento!<\/h3>\n<p>[\/vc_column_text][vc_column_text el_class=&#8221;custom-text-padding&#8221;]<\/p>\n<p style=\"text-align: center;\">La vasta gamma di massaggiatori e massaggiatrici con un alto livello professionale con cui collaboriamo da anni sar\u00e0 in grado di offrirti massaggi di ogni tipo, dal massaggio rilassante totale del corpo a ayurvedico, shiatsu, tailandese, aromaterapia, antistress, energizzante , decontratturanti, drenanti e altro ancora.<\/p>\n<p>[\/vc_column_text][\/vc_column][\/vc_row][vc_row el_class=&#8221;special-col-imgtext&#8221; css=&#8221;.vc_custom_1572358967154{padding-top: 30px !important;padding-bottom: 120px !important;}&#8221;][vc_column][vc_row_inner equal_height=&#8221;yes&#8221; el_class=&#8221;to-equal-height&#8221;][vc_column_inner el_class=&#8221;to-center-height&#8221; offset=&#8221;vc_col-lg-4 vc_col-md-12 vc_col-xs-12&#8243;][vc_column_text]<\/p>\n<p style=\"text-align: center;\">Prenditi cura del tuo corpo e regalati momenti di puro relax e benessere completo direttamente nella tua villa di lusso. Lasciati tentare dai nostri trattamenti e scegli il pi\u00f9 adatto a te. Dovrai semplicemente contattarci prima o durante la tua vacanza per organizzare e pianificare il tuo massaggio, scegliendo la data e l&#8217;ora in cui vorrai avere questo rituale rilassante.<\/p>\n<p>[\/vc_column_text][\/vc_column_inner][vc_column_inner el_class=&#8221;image-equl-no-btm&#8221; offset=&#8221;vc_col-lg-4 vc_col-md-12 vc_col-xs-12&#8243;][vc_single_image image=&#8221;67532&#8243; img_size=&#8221;full&#8221; alignment=&#8221;center&#8221;][\/vc_column_inner][vc_column_inner el_class=&#8221;to-center-height&#8221; offset=&#8221;vc_col-lg-4 vc_col-md-12 vc_col-xs-12&#8243;][vc_column_text]<\/p>\n<p style=\"text-align: center;\">Scegliamo il nostro team di massaggiatori e massaggiatori seguendo un test accurato. Scegliendo questo servizio, sarai sicuro di avere professionisti qualificati pronti a farti vivere la migliore esperienza di relax direttamente nella tua villa di lusso. I nostri professionisti saranno felici di soddisfare le tue esigenze e offrirti un momento unico di relax e consapevolezza.<\/p>\n<p>[\/vc_column_text][\/vc_column_inner][\/vc_row_inner][vc_row_inner equal_height=&#8221;yes&#8221; el_class=&#8221;to-equal-height&#8221;][vc_column_inner el_class=&#8221;image-equl-no-btm&#8221; offset=&#8221;vc_col-lg-4 vc_col-md-12 vc_col-xs-12&#8243;][vc_single_image image=&#8221;67536&#8243; img_size=&#8221;full&#8221; alignment=&#8221;center&#8221;][\/vc_column_inner][vc_column_inner el_class=&#8221;to-center-height&#8221; offset=&#8221;vc_col-lg-4 vc_col-md-12 vc_col-xs-12&#8243;][vc_column_text]<\/p>\n<p style=\"text-align: center;\">Affidati alle mani esperte dei nostri professionisti per rigenerare il tuo corpo e la tua mente e regalarti un momento di puro relax. Dopo il trattamento, ti consigliamo di prendere una tisana naturale o un&#8217;acqua detox per sentire i benefici del massaggio e continuare il momento di relax.<\/p>\n<p>[\/vc_column_text][\/vc_column_inner][vc_column_inner el_class=&#8221;image-equl-no-btm&#8221; offset=&#8221;vc_col-lg-4 vc_col-md-12 vc_col-xs-12&#8243;][vc_single_image image=&#8221;67540&#8243; img_size=&#8221;full&#8221; alignment=&#8221;center&#8221;][\/vc_column_inner][\/vc_row_inner][\/vc_column][\/vc_row][vc_row css=&#8221;.vc_custom_1574963226616{padding-top: 20px !important;}&#8221;][vc_column]<div class=\" ult_buttons ubtn-ctn-center \"><a class=\"ubtn-link ult-adjust-bottom-margin ubtn-center ubtn-normal \" href=\"mailto:info@ibizavilla.com\" ><button type=\"button\" id=\"ubtn-9967\"  class=\"ubtn ult-adjust-bottom-margin ult-responsive ubtn-normal ubtn-fade-bg  none  ubtn-center   tooltip-69e834c06d988\"  data-hover=\"#0090ff\" data-border-color=\"#10c1ed\" data-bg=\"\" data-hover-bg=\"#ffffff\" data-border-hover=\"#0090ff\" data-shadow-hover=\"\" data-shadow-click=\"none\" data-shadow=\"\" data-shd-shadow=\"\"  data-ultimate-target='#ubtn-9967'  data-responsive-json-new='{\"font-size\":\"\",\"line-height\":\"\"}'  style=\"font-weight:normal;border-radius:30px;border-width:2px;border-color:#10c1ed;border-style:solid;color: #10c1ed;\"><span class=\"ubtn-hover\" style=\"background-color:#ffffff\"><\/span><span class=\"ubtn-data ubtn-text \" >Prenotazioni &amp; Info<\/span><\/button><\/a><\/div>[\/vc_column][\/vc_row][vc_row full_width=&#8221;stretch_row_content_no_spaces&#8221; el_class=&#8221;bg-no-mb&#8221; css=&#8221;.vc_custom_1573291425056{padding-top: 30px !important;}&#8221;][vc_column][vc_single_image image=&#8221;67345&#8243; img_size=&#8221;full&#8221; alignment=&#8221;center&#8221;][\/vc_column][\/vc_row]<\/p>\n<\/div>","protected":false},"excerpt":{"rendered":"<p>[vc_row css=&#8221;.vc_custom_1572336922621{margin-top: 30px !important;padding-top: 30px !important;padding-bottom: 30px !important;}&#8221;][vc_column][vc_column_text] Servizio Massaggi&#8230; Ibiza Villa! [\/vc_column_text][vc_column_text] Ibiza Villa pensa sempre al tuo relax e al tuo comfort! [\/vc_column_text][\/vc_column][\/vc_row][vc_row full_width=&#8221;stretch_row&#8221; bg_type=&#8221;bg_color&#8221; bg_color_value=&#8221;#f4f4f4&#8243; css=&#8221;.vc_custom_1572091197730{margin-top: 30px !important;}&#8221;][vc_column][vc_row_inner][vc_column_inner][vc_column_text el_class=&#8221;custom-text-padding&#8221;] Ecco perch\u00e9 abbiamo pensato a uno dei trattamenti pi\u00f9 rilassanti &#8230; il massaggio! [\/vc_column_text][vc_column_text el_class=&#8221;custom-text-padding&#8221;] Il massaggio \u00e8 una forma di antica terapia &#8230;<\/p>\n","protected":false},"author":9,"featured_media":0,"parent":0,"menu_order":0,"comment_status":"closed","ping_status":"closed","template":"","meta":{"_acf_changed":false,"_joinchat":[],"footnotes":""},"class_list":["post-67256","page","type-page","status-publish","hentry"],"acf":[],"_links":{"self":[{"href":"https:\/\/ibizavilla.com\/it\/wp-json\/wp\/v2\/pages\/67256","targetHints":{"allow":["GET"]}}],"collection":[{"href":"https:\/\/ibizavilla.com\/it\/wp-json\/wp\/v2\/pages"}],"about":[{"href":"https:\/\/ibizavilla.com\/it\/wp-json\/wp\/v2\/types\/page"}],"author":[{"embeddable":true,"href":"https:\/\/ibizavilla.com\/it\/wp-json\/wp\/v2\/users\/9"}],"replies":[{"embeddable":true,"href":"https:\/\/ibizavilla.com\/it\/wp-json\/wp\/v2\/comments?post=67256"}],"version-history":[{"count":0,"href":"https:\/\/ibizavilla.com\/it\/wp-json\/wp\/v2\/pages\/67256\/revisions"}],"wp:attachment":[{"href":"https:\/\/ibizavilla.com\/it\/wp-json\/wp\/v2\/media?parent=67256"}],"curies":[{"name":"wp","href":"https:\/\/api.w.org\/{rel}","templated":true}]}}