{"id":67263,"date":"2019-11-06T22:45:52","date_gmt":"2019-11-06T20:45:52","guid":{"rendered":"https:\/\/ibizavilla.com\/?page_id=67263"},"modified":"2025-06-09T22:05:43","modified_gmt":"2025-06-09T20:05:43","slug":"last-minutes","status":"publish","type":"page","link":"https:\/\/ibizavilla.com\/it\/last-minutes\/","title":{"rendered":"Last Minutes"},"content":{"rendered":"<div class=\"wpb-content-wrapper\"><p>[vc_row][vc_column][vc_column_text el_class=&#8221;custom-read-less&#8221;]<\/p>\n<p style=\"text-align: center;\">Sei una persona che non ama preparare le ferie in anticipo? Ti piace quella sensazione d\u2019 ignoto e d\u2019avventura? Beh, Ibiza Villa ha pensato a te. In questa pagina ti spiegheremo tutto delle nostre offerte e opportunit\u00e0 Last-Minute&#8230;<\/p>\n<p class=\"custom-read-ml-button\">+<\/p>\n<p>[\/vc_column_text][vc_column_text el_class=&#8221;custom-read-more&#8221;]<\/p>\n<p>Sei una persona che non ama preparare le ferie in anticipo? Ti piace quella sensazione d\u2019 ignoto e d\u2019avventura? Beh, Ibiza Villa ha pensato a te. In questa pagina ti spiegheremo tutto delle nostre offerte e opportunit\u00e0 Last-Minute!<\/p>\n<p>Se non sei ancora partito per le ferie, non aspettare ulteriormente, scegli la villa di lusso che pi\u00f9 ti piace, prenota direttamente attraverso la nostra pagina web e attiva la tua mente in modalit\u00e0 ferie! Ti diamo il benvenuto a Ibiza e al relax!<\/p>\n<p>Se non hai ancora prenotato le tue ferie, non dovrai essere penalizzato in nessun modo. Ecco perch\u00e9 abbiamo pensato di proporti alcune offerte affinch\u00e9 tu possa gustarti Ibiza e le nostre ville di lusso ad un prezzo vantaggioso. In base al periodo di tuo interesse e al numero di persone, potrai ottenere degli sconti, dal 10% fino alla met\u00e0 del prezzo! Questo ti permetter\u00e0 di risparmiare del denaro e gustarti allo stesso tempo le nostre bellissime ville sull\u2019isola d\u2019Ibiza.<\/p>\n<p>Avrai la possibilit\u00e0 di usufruire di due tipi di sconto. Il primo \u00e8 la classica offerta dell\u2019ultimo minuto. Prenotare delle ferie Last-Minute significa che stai aspettando le ultime settimane prima della tua partenza per scegliere la tua villa di lusso. Facendo ci\u00f2, otterrai uno sconto sostanziale sul prezzo finale delle tue ferie. Pertanto, il principio da tener in mente \u00e8 che pi\u00f9 ravvicinate sono le date, pi\u00f9 alto sar\u00e0 lo sconto. Ecco perch\u00e9, alcune volte, essere in ritardo non \u00e8 una brutta cosa!<br \/>\nQuali sono i requisiti per usufruire di quest\u2019offerta? Semplice. L\u2019unico dettaglio che dovrai ricordarti riguarda la durata minima del soggiorno, che \u00e8 di una settimana. Ecco, non \u00e8 facile? Sei pronto a trovare la giusta offerta Last-Minute per te e la tua famiglia e amici? Inizia a cercare la villa di lusso dei tuoi sogni!<\/p>\n<p>Il secondo tipo di offerta Last-Minute \u00e8 un po\u2019 diversa. Infatti, dovrai sempre soggiornare per minimo una settimana e\u2026 tutto qua! Scegliendo quest\u2019opzione, pagherai una settimana intera, ma potrai ottenere delle notti aggiuntive gratuite. In questo modo, le tue ferie saranno pi\u00f9 lunghe, ma pagherai un prezzo inferiore.<\/p>\n<p>Ricordati, se hai bisogno di aiuto durante la tua ricerca, sentiti libero di contattarci. Ti manderemo la lista completa delle ville di lusso con le offerte Last-Minute del momento e ti assisteremo nella ricerca della miglior opzione per la tua estate!<\/p>\n<p>Contattaci per scoprire quali periodi potrai usufruire di questi sconti e prepara le valigie!<\/p>\n<p class=\"custom-read-ml-button\">&#8211;<\/p>\n<p>[\/vc_column_text][\/vc_column][\/vc_row]<\/p>\n<\/div>","protected":false},"excerpt":{"rendered":"<p>[vc_row][vc_column][vc_column_text el_class=&#8221;custom-read-less&#8221;] Sei una persona che non ama preparare le ferie in anticipo? Ti piace quella sensazione d\u2019 ignoto e d\u2019avventura? Beh, Ibiza Villa ha pensato a te. In questa pagina ti spiegheremo tutto delle nostre offerte e opportunit\u00e0 Last-Minute&#8230; + [\/vc_column_text][vc_column_text el_class=&#8221;custom-read-more&#8221;] Sei una persona che non ama preparare le ferie in anticipo? Ti &#8230;<\/p>\n","protected":false},"author":9,"featured_media":0,"parent":0,"menu_order":0,"comment_status":"closed","ping_status":"closed","template":"property_list_half.php","meta":{"_acf_changed":false,"_joinchat":[],"footnotes":""},"class_list":["post-67263","page","type-page","status-publish","hentry"],"acf":[],"_links":{"self":[{"href":"https:\/\/ibizavilla.com\/it\/wp-json\/wp\/v2\/pages\/67263","targetHints":{"allow":["GET"]}}],"collection":[{"href":"https:\/\/ibizavilla.com\/it\/wp-json\/wp\/v2\/pages"}],"about":[{"href":"https:\/\/ibizavilla.com\/it\/wp-json\/wp\/v2\/types\/page"}],"author":[{"embeddable":true,"href":"https:\/\/ibizavilla.com\/it\/wp-json\/wp\/v2\/users\/9"}],"replies":[{"embeddable":true,"href":"https:\/\/ibizavilla.com\/it\/wp-json\/wp\/v2\/comments?post=67263"}],"version-history":[{"count":0,"href":"https:\/\/ibizavilla.com\/it\/wp-json\/wp\/v2\/pages\/67263\/revisions"}],"wp:attachment":[{"href":"https:\/\/ibizavilla.com\/it\/wp-json\/wp\/v2\/media?parent=67263"}],"curies":[{"name":"wp","href":"https:\/\/api.w.org\/{rel}","templated":true}]}}