{"id":67282,"date":"2019-11-06T23:13:19","date_gmt":"2019-11-06T21:13:19","guid":{"rendered":"https:\/\/ibizavilla.com\/?page_id=67282"},"modified":"2019-11-28T20:11:39","modified_gmt":"2019-11-28T18:11:39","slug":"shopping","status":"publish","type":"page","link":"https:\/\/ibizavilla.com\/it\/shopping\/","title":{"rendered":"Shopping"},"content":{"rendered":"<div class=\"wpb-content-wrapper\"><p>[vc_row css=&#8221;.vc_custom_1572336922621{margin-top: 30px !important;padding-top: 30px !important;padding-bottom: 30px !important;}&#8221;][vc_column][vc_column_text]<\/p>\n<h1 style=\"text-align: center;\">Servizio Shopping&#8230; Ibiza Villa!<\/h1>\n<p>[\/vc_column_text][vc_column_text]<\/p>\n<h4 style=\"text-align: center;\">Noi di Ibiza Villa vogliamo semplificare il tuo arrivo!<\/h4>\n<p>[\/vc_column_text][\/vc_column][\/vc_row][vc_row full_width=&#8221;stretch_row&#8221; bg_type=&#8221;bg_color&#8221; bg_color_value=&#8221;#f4f4f4&#8243; css=&#8221;.vc_custom_1572091197730{margin-top: 30px !important;}&#8221;][vc_column][vc_row_inner][vc_column_inner][vc_column_text]<\/p>\n<h2 style=\"text-align: center;\">D\u00ec addio a borse pesanti, tempo perso e code alla cassa<\/h2>\n<p>[\/vc_column_text][vc_column_text el_class=&#8221;custom-text-padding&#8221;]<\/p>\n<p style=\"text-align: center;\">Prima di arrivare alla tua villa di lusso, andremo al supermercato per te. Pensiamo al tuo benessere e alla tua comodit\u00e0 perch\u00e9 ci teniamo a te. Vogliamo impedirti di stress e affaticamento. Le ore trascorse alla ricerca di prodotti nei corridoi del supermercato per acquistare cibo al tuo arrivo, saranno presto solo un ricordo.<\/p>\n<p>[\/vc_column_text][\/vc_column_inner][\/vc_row_inner][vc_row_inner][vc_column_inner][vc_single_image image=&#8221;67611&#8243; img_size=&#8221;full&#8221; alignment=&#8221;center&#8221;][\/vc_column_inner][\/vc_row_inner][vc_row_inner][vc_column_inner][vc_column_text el_class=&#8221;custom-text-padding&#8221;]<\/p>\n<p style=\"text-align: center;\">Siamo qui per garantire il tuo assoluto relax. Conosciamo tutti la bella sensazione di arrivare a casa e trovare il frigo pieno di cibi e bevande gustosi. Ecco perch\u00e9 Ibiza Villa sceglie di riempire il frigorifero prima del tuo arrivo. In questo modo, quando arriverai all&#8217;inizio del tuo soggiorno nella tua villa di lusso, non avrai stress cercando di trovare il supermercato pi\u00f9 vicino e, al contrario, troverai gi\u00e0 il cibo che preferisci nel tuo frigorifero.<\/p>\n<p>[\/vc_column_text][\/vc_column_inner][\/vc_row_inner][\/vc_column][\/vc_row][vc_row css=&#8221;.vc_custom_1572344771444{padding-top: 60px !important;padding-bottom: 30px !important;}&#8221;][vc_column][vc_column_text]<\/p>\n<h3 style=\"text-align: center;\">Come funziona?<\/h3>\n<p>[\/vc_column_text][vc_column_text]<\/p>\n<h4 style=\"text-align: center;\">Bene, \u00e8 molto semplice e richiede solo 3 semplici passaggi.<\/h4>\n<p>[\/vc_column_text][\/vc_column][\/vc_row][vc_row el_class=&#8221;special-col-imgtext&#8221; css=&#8221;.vc_custom_1572345469564{padding-top: 30px !important;padding-bottom: 30px !important;}&#8221;][vc_column][vc_row_inner equal_height=&#8221;yes&#8221; el_class=&#8221;to-equal-height&#8221;][vc_column_inner el_class=&#8221;to-center-height&#8221; offset=&#8221;vc_col-lg-4 vc_col-md-12 vc_col-xs-12&#8243;][vc_column_text]<\/p>\n<h4>Step 1<\/h4>\n<p>Durante la prima fase, non dovrai fare nulla. Infatti, prima del tuo arrivo, ti inoltreremo un elenco completo di prodotti e alimenti di base. Abbiamo creato questo elenco pensando a tutte le tue esigenze.[\/vc_column_text][\/vc_column_inner][vc_column_inner el_class=&#8221;image-equl-no-btm&#8221; offset=&#8221;vc_col-lg-4 vc_col-md-12 vc_col-xs-12&#8243;][vc_single_image image=&#8221;67615&#8243; img_size=&#8221;full&#8221; alignment=&#8221;center&#8221;][\/vc_column_inner][vc_column_inner el_class=&#8221;to-center-height&#8221; offset=&#8221;vc_col-lg-4 vc_col-md-12 vc_col-xs-12&#8243;][vc_column_text]<\/p>\n<h4>Step 2<\/h4>\n<p>Il secondo passo significa solo una cosa: divertimento! Infatti, una volta che avrai la nostra lista della spesa, l&#8217;unica cosa che dovrai fare \u00e8 farci sapere quali prodotti vorresti trovare nel tuo frigorifero. Inoltre, sarai anche in grado di dirci la quantit\u00e0 di ogni alimento che sceglierai. Una volta completata la lista della spesa con le tue richieste, acquisteremo tutti i prodotti che hai indicato.[\/vc_column_text][\/vc_column_inner][\/vc_row_inner][vc_row_inner equal_height=&#8221;yes&#8221; el_class=&#8221;to-equal-height&#8221;][vc_column_inner el_class=&#8221;image-equl-no-btm&#8221; offset=&#8221;vc_col-lg-4 vc_col-md-12 vc_col-xs-12&#8243;][vc_single_image image=&#8221;67619&#8243; img_size=&#8221;full&#8221; alignment=&#8221;center&#8221;][\/vc_column_inner][vc_column_inner el_class=&#8221;to-center-height&#8221; offset=&#8221;vc_col-lg-4 vc_col-md-12 vc_col-xs-12&#8243;][vc_column_text]<\/p>\n<h4>Step 3<\/h4>\n<p>Il terzo passo \u00e8 il pi\u00f9 semplice (e anche il pi\u00f9 soddisfacente), infatti al momento del tuo arrivo in una delle nostre ville di lusso dovrai solo aprire il frigorifero. Lo troverai riempito con il cibo che hai richiesto, appena acquistato e gi\u00e0 collocato negli spazi appropriati.[\/vc_column_text][\/vc_column_inner][vc_column_inner el_class=&#8221;image-equl-no-btm&#8221; offset=&#8221;vc_col-lg-4 vc_col-md-12 vc_col-xs-12&#8243;][vc_single_image image=&#8221;67623&#8243; img_size=&#8221;full&#8221; alignment=&#8221;center&#8221;][\/vc_column_inner][\/vc_row_inner][\/vc_column][\/vc_row][vc_row css=&#8221;.vc_custom_1572346632984{padding-top: 60px !important;padding-bottom: 60px !important;}&#8221;][vc_column][vc_column_text el_class=&#8221;custom-text-padding&#8221;]<\/p>\n<h3 style=\"text-align: center;\">Domande?<\/h3>\n<p>[\/vc_column_text][vc_column_text el_class=&#8221;custom-text-padding&#8221;]Forse ti starai domandando, come potrai pagare tale servizio? Ibiza Villa ti offre la possibilit\u00e0 di pagare direttamente in contanti al tuo arrivo, assieme al conto dei prodotti acquistati. Facile, no? Sappiamo quanto sia importante scegliere i prodotti migliori per te e i tuoi cari, ecco perch\u00e9 abbiamo creato un elenco di prodotti che amiamo. In questo modo ti forniremo i migliori prodotti di base che daranno al tuo arrivo il giusto punto di partenza.[\/vc_column_text][vc_row_inner][vc_column_inner][vc_single_image image=&#8221;67627&#8243; img_size=&#8221;full&#8221; alignment=&#8221;center&#8221;][\/vc_column_inner][\/vc_row_inner][vc_column_text el_class=&#8221;custom-text-padding&#8221;]<\/p>\n<p style=\"text-align: center;\">Se vuoi avere un servizio di shopping anche dopo il tuo arrivo in una delle nostre ville di lusso, te lo forniamo attraverso un altro servizio che offriamo. In effetti, sarai in grado di ottenere uno chef personale che, alla data e al momento in cui richiederai, comprer\u00e0 il cibo che desideri e sar\u00e0 pronto per cucinare per te.<\/p>\n<p>[\/vc_column_text][vc_column_text el_class=&#8221;custom-text-padding&#8221;]<\/p>\n<p style=\"text-align: center;\">Se vuoi maggiori informazioni, visita la nostra pagina chef-catering!<\/p>\n<p>[\/vc_column_text][\/vc_column][\/vc_row][vc_row css=&#8221;.vc_custom_1574963226616{padding-top: 20px !important;}&#8221;][vc_column]<div class=\" ult_buttons ubtn-ctn-center \"><a class=\"ubtn-link ult-adjust-bottom-margin ubtn-center ubtn-normal \" href=\"mailto:info@ibizavilla.com\" ><button type=\"button\" id=\"ubtn-7567\"  class=\"ubtn ult-adjust-bottom-margin ult-responsive ubtn-normal ubtn-fade-bg  none  ubtn-center   tooltip-69e233f2b5db2\"  data-hover=\"#0090ff\" data-border-color=\"#10c1ed\" data-bg=\"\" data-hover-bg=\"#ffffff\" data-border-hover=\"#0090ff\" data-shadow-hover=\"\" data-shadow-click=\"none\" data-shadow=\"\" data-shd-shadow=\"\"  data-ultimate-target='#ubtn-7567'  data-responsive-json-new='{\"font-size\":\"\",\"line-height\":\"\"}'  style=\"font-weight:normal;border-radius:30px;border-width:2px;border-color:#10c1ed;border-style:solid;color: #10c1ed;\"><span class=\"ubtn-hover\" style=\"background-color:#ffffff\"><\/span><span class=\"ubtn-data ubtn-text \" >Prenotazioni &amp; Info<\/span><\/button><\/a><\/div>[\/vc_column][\/vc_row][vc_row full_width=&#8221;stretch_row_content_no_spaces&#8221; el_class=&#8221;bg-no-mb&#8221; css=&#8221;.vc_custom_1573291425056{padding-top: 30px !important;}&#8221;][vc_column][vc_single_image image=&#8221;67345&#8243; img_size=&#8221;full&#8221; alignment=&#8221;center&#8221;][\/vc_column][\/vc_row]<\/p>\n<\/div>","protected":false},"excerpt":{"rendered":"<p>[vc_row css=&#8221;.vc_custom_1572336922621{margin-top: 30px !important;padding-top: 30px !important;padding-bottom: 30px !important;}&#8221;][vc_column][vc_column_text] Servizio Shopping&#8230; Ibiza Villa! [\/vc_column_text][vc_column_text] Noi di Ibiza Villa vogliamo semplificare il tuo arrivo! [\/vc_column_text][\/vc_column][\/vc_row][vc_row full_width=&#8221;stretch_row&#8221; bg_type=&#8221;bg_color&#8221; bg_color_value=&#8221;#f4f4f4&#8243; css=&#8221;.vc_custom_1572091197730{margin-top: 30px !important;}&#8221;][vc_column][vc_row_inner][vc_column_inner][vc_column_text] D\u00ec addio a borse pesanti, tempo perso e code alla cassa [\/vc_column_text][vc_column_text el_class=&#8221;custom-text-padding&#8221;] Prima di arrivare alla tua villa di lusso, andremo al supermercato per te. &#8230;<\/p>\n","protected":false},"author":9,"featured_media":0,"parent":0,"menu_order":0,"comment_status":"closed","ping_status":"closed","template":"","meta":{"_acf_changed":false,"_joinchat":[],"footnotes":""},"class_list":["post-67282","page","type-page","status-publish","hentry"],"acf":[],"_links":{"self":[{"href":"https:\/\/ibizavilla.com\/it\/wp-json\/wp\/v2\/pages\/67282","targetHints":{"allow":["GET"]}}],"collection":[{"href":"https:\/\/ibizavilla.com\/it\/wp-json\/wp\/v2\/pages"}],"about":[{"href":"https:\/\/ibizavilla.com\/it\/wp-json\/wp\/v2\/types\/page"}],"author":[{"embeddable":true,"href":"https:\/\/ibizavilla.com\/it\/wp-json\/wp\/v2\/users\/9"}],"replies":[{"embeddable":true,"href":"https:\/\/ibizavilla.com\/it\/wp-json\/wp\/v2\/comments?post=67282"}],"version-history":[{"count":0,"href":"https:\/\/ibizavilla.com\/it\/wp-json\/wp\/v2\/pages\/67282\/revisions"}],"wp:attachment":[{"href":"https:\/\/ibizavilla.com\/it\/wp-json\/wp\/v2\/media?parent=67282"}],"curies":[{"name":"wp","href":"https:\/\/api.w.org\/{rel}","templated":true}]}}