{"id":67736,"date":"2019-11-13T11:22:34","date_gmt":"2019-11-13T09:22:34","guid":{"rendered":"https:\/\/ibizavilla.com\/?page_id=67736"},"modified":"2025-12-23T10:35:44","modified_gmt":"2025-12-23T09:35:44","slug":"contatti","status":"publish","type":"page","link":"https:\/\/ibizavilla.com\/it\/contatti\/","title":{"rendered":"Contatti"},"content":{"rendered":"<div class=\"wpb-content-wrapper\"><p>[vc_row css=&#8221;.vc_custom_1549141179700{padding-top: 70px !important;padding-bottom: 40px !important;}&#8221;][vc_column][vc_separator color=&#8221;custom&#8221; style=&#8221;shadow&#8221; el_width=&#8221;60&#8243; accent_color=&#8221;#2cc4e8&#8243;][\/vc_column][\/vc_row][vc_row content_placement=&#8221;middle&#8221; css=&#8221;.vc_custom_1572376114580{margin-top: 30px !important;}&#8221;][vc_column][vc_column_text]<\/p>\n<h1 style=\"text-align: center;\"><b>Ibiza Villa Contatti<\/b><\/h1>\n<p>[\/vc_column_text][vc_column_text]<strong>Stai pianificando le tue ferie a Ibiza, ma hai bisogno del nostro aiuto<\/strong>? \u00c8 semplice, <strong>contattaci subito<\/strong>!<\/p>\n<p>La nostra sede a Ibiza \u00e8 a cala Moli, una bellissima localit\u00e0 sull\u2019isola, vicino a San Jos\u00e9. <strong>Il nostro staff sar\u00e0 lieto di accoglierti e darti tutte le risposte alle tue domande.<\/strong><\/p>\n<p><strong>Vuoi affittare una villa di lusso per una settimana oppure per tutta la stagione<\/strong>? Nessun problema. <strong>Siamo a tua disposizione per mostrarti le ville disponibili<\/strong>, illustrarti le varie zone sull\u2019isola e darti i migliori consigli sulle migliori destinazioni in Ibiza. In tal modo, niente sar\u00e0 lasciato al caso.<\/p>\n<p><strong>Vuoi contrattare i migliori servizi al tuo soggiorno e desideri conoscerne tutti i dettagli<\/strong>? Sar\u00e0 per noi un piacere dettagliarteli tutti. Infatti,<strong> il nostro staff qualificato e competente ti seguir\u00e0 nella scelta e ti consiglier\u00e0<\/strong> sulla combinazione perfetta di servizi da affiancare al tuo soggiorno e renderlo indimenticabile e privo di stress.<\/p>\n<p>Vuoi affittare una villa di lusso, ma non sei indeciso fra scegliere una villa con vista mare or immersa nella tranquilla campagna? <strong>Vuoi noleggiare un\u2019auto oppure prenotare una giornata in barca sul nostro meraviglioso catamarano?<\/strong>[\/vc_column_text][\/vc_column][\/vc_row][vc_row content_placement=&#8221;middle&#8221;][vc_column][vc_column_text]<strong>Non siamo qua per aiutarti nella scelta<\/strong>. Saremo a tua disposizione per rispondere alle tue domande: dalla scelta del modello di auto o della barca, al budget di spesa, alla durata del soggiorno, ti consiglieremo attentamente.<\/p>\n<p><strong>Non ti trovi a Ibiza e vorresti contattarci?<\/strong> Nessun problema. <strong>Siamo raggiungibili per telefono, WhatsApp, per e-mail o semplicemente compilando il formulario<\/strong> alla fine di questa pagina.<\/p>\n<p>Seppur solo virtualmente saremo comunque in grado di darti tutti i suggerimenti di cui avrai bisogno per completare la prenotazione delle tue ferie. <strong>Vuoi aggiungere dei servizi complementari durante il soggiorno nella tua villa di lusso? Contattaci<\/strong> e riceverai tutti i dettagli.[\/vc_column_text][\/vc_column][\/vc_row][vc_row content_placement=&#8221;middle&#8221;][vc_column][vc_column_text]<strong>Qualcuno pu\u00f2 occuparsi della tua spesa<\/strong>, per farti risparmiare tempo e poter stare con i tuoi amici e famiglia. <strong>Dovrai solo preparare la lista<\/strong> della spesa con le tue preferenze e in un baleno riceverai la spesa a casa.<\/p>\n<p><strong>Non hai voglia di cucinare e hai vari ospiti a cena?<\/strong> Non devi stressarti, <strong>puoi rilassarti e lasciare tutto in mano ad uno chef<\/strong>. In base alla cucina che desideri, potrai selezionare il tuo chef privato.<\/p>\n<p>Lo chef, selezionato dal nostro staff di professionisti, \u00e8 qualificato nel settore da vari anni di esperienza. <strong>Verr\u00e0 direttamente alla villa di lusso dove alloggi e cuciner\u00e0 il menu che hai sempre sognato.<\/strong><\/p>\n<p>Puoi fare tutto questo semplicemente contattandoci. <strong>Le tue ferie in Ibiza saranno perfette grazie ai nostri consigli.<\/strong> Il nostro qualificato team multilingue sta aspettando la tua e-mail, o la tua telefonata, il tuo messaggio WhatsApp o il formulario.<\/p>\n<p><strong>Se pronto per trasformare il tuo sogno in realt\u00e0?<\/strong>[\/vc_column_text][\/vc_column][\/vc_row]<\/p>\n<\/div>","protected":false},"excerpt":{"rendered":"<p>[vc_row css=&#8221;.vc_custom_1549141179700{padding-top: 70px !important;padding-bottom: 40px !important;}&#8221;][vc_column][vc_separator color=&#8221;custom&#8221; style=&#8221;shadow&#8221; el_width=&#8221;60&#8243; accent_color=&#8221;#2cc4e8&#8243;][\/vc_column][\/vc_row][vc_row content_placement=&#8221;middle&#8221; css=&#8221;.vc_custom_1572376114580{margin-top: 30px !important;}&#8221;][vc_column][vc_column_text] Ibiza Villa Contatti [\/vc_column_text][vc_column_text]Stai pianificando le tue ferie a Ibiza, ma hai bisogno del nostro aiuto? \u00c8 semplice, contattaci subito! La nostra sede a Ibiza \u00e8 a cala Moli, una bellissima localit\u00e0 sull\u2019isola, vicino a San Jos\u00e9. Il nostro staff sar\u00e0 &#8230;<\/p>\n","protected":false},"author":9,"featured_media":0,"parent":0,"menu_order":0,"comment_status":"closed","ping_status":"closed","template":"contact_page.php","meta":{"_acf_changed":false,"_joinchat":[],"footnotes":""},"class_list":["post-67736","page","type-page","status-publish","hentry"],"acf":[],"_links":{"self":[{"href":"https:\/\/ibizavilla.com\/it\/wp-json\/wp\/v2\/pages\/67736","targetHints":{"allow":["GET"]}}],"collection":[{"href":"https:\/\/ibizavilla.com\/it\/wp-json\/wp\/v2\/pages"}],"about":[{"href":"https:\/\/ibizavilla.com\/it\/wp-json\/wp\/v2\/types\/page"}],"author":[{"embeddable":true,"href":"https:\/\/ibizavilla.com\/it\/wp-json\/wp\/v2\/users\/9"}],"replies":[{"embeddable":true,"href":"https:\/\/ibizavilla.com\/it\/wp-json\/wp\/v2\/comments?post=67736"}],"version-history":[{"count":1,"href":"https:\/\/ibizavilla.com\/it\/wp-json\/wp\/v2\/pages\/67736\/revisions"}],"predecessor-version":[{"id":118556,"href":"https:\/\/ibizavilla.com\/it\/wp-json\/wp\/v2\/pages\/67736\/revisions\/118556"}],"wp:attachment":[{"href":"https:\/\/ibizavilla.com\/it\/wp-json\/wp\/v2\/media?parent=67736"}],"curies":[{"name":"wp","href":"https:\/\/api.w.org\/{rel}","templated":true}]}}