{"id":67768,"date":"2019-11-13T12:54:27","date_gmt":"2019-11-13T10:54:27","guid":{"rendered":"https:\/\/ibizavilla.com\/?page_id=67768"},"modified":"2020-01-14T13:38:09","modified_gmt":"2020-01-14T11:38:09","slug":"affitto","status":"publish","type":"page","link":"https:\/\/ibizavilla.com\/it\/affitto\/","title":{"rendered":"Affitto"},"content":{"rendered":"<div class=\"wpb-content-wrapper\"><p>[vc_row][vc_column][vc_column_text el_class=&#8221;custom-read-less&#8221;]<\/p>\n<p style=\"text-align: center;\">Caro ospite, benvenuto sull\u2019isola magica d\u2019Ibiza. Sappi che stai per arrivare in un posto unico che rester\u00e0 nel tuo cuore anche dopo essere ripartito dopo le ferie.<\/p>\n<p style=\"text-align: center;\">Ibiza \u00e8 una localit\u00e0 speciale dove la terra, il cielo e il mare parlano fra di loro, creando un\u2019armonia unica di bellezza e serenit\u00e0. Questo \u00e8 il motivo per cui abbiamo selezionato le migliori ville di lusso sull\u2019isola.<\/p>\n<p style=\"text-align: center;\">Vogliamo che ti innamori della bellezza e specialmente vogliamo che ti rilassi. Ibiza Villa penser\u00e0 a tutti i dettagli per rendere il tuo soggiorno indimenticabile.<\/p>\n<p class=\"custom-read-ml-button\">+<\/p>\n<p>[\/vc_column_text][vc_column_text el_class=&#8221;custom-read-more&#8221;]<\/p>\n<p style=\"text-align: center;\">Ibiza \u00e8 un mix di libert\u00e0, unicit\u00e0, introspezione e divertimento. Ogni parte d\u2019Ibiza \u00e8 particolare e unica nel suo genere. Selezioniamo le migliori localit\u00e0 sull\u2019isola per soddisfare le tue richieste e i tuoi standards.<\/p>\n<p style=\"text-align: center;\">Vicino a piccoli o antichi paesi e lontano dal caos delle discoteche e dei beach clubs oppure vicino alle cittadine dove regna suprema la vita notturna: siamo sicuri che le nostre ville soddisferanno i tuoi gusti eccedendo nelle tue aspettative.<\/p>\n<p style=\"text-align: center;\">Ibiza Villa \u00e8 qua per celebrare ancora di pi\u00f9 la bellezza dell\u2019isola offrendoti in affitto un\u2019ampia scelta di ville di lusso mozzafiato. S\u00ec, questo \u00e8 il nostro lavoro: ci poniamo sempre l\u2019obiettivo non solo di darti una villa in affitto, ma creare per te una vera esperienza di lusso su questa bellissima isola.<\/p>\n<p style=\"text-align: center;\">Ogni richiesta diverr\u00e0 realt\u00e0 grazie al nostro team specializzato. Stai cercando una spiaggia d\u2019incanto e un mare limpido con acque cristalline? Non c\u2019\u00e8 problema. Troveremo la miglior villa vicino alla tua spiaggia preferita.<\/p>\n<p style=\"text-align: center;\">Stai pianificando delle ferie ricche di divertimento con amici? Troveremo la villa per il tuo budget indipendentemente da quante persone sarete. Sta cercando una zona tranquilla con una piscina o un jacuzzi e circondata dalla natura? Abbiamo la villa perfetta, che ti ruber\u00e0 il cuore!<\/p>\n<p style=\"text-align: center;\">L\u2019unica cosa che dovrai fare \u00e8 contattarci per telefono, WhatsApp o e-mail per spiegarci le tue esigenze. Troveremo per te la villa che pi\u00f9 si adatta alla tua richiesta, stile e al tuo budget. Intanto puoi dare un\u2019occhiata alla nostra nuova pagina web e fare una selezione delle ville da te preferite.<\/p>\n<p style=\"text-align: center;\">Ibiza Villa, dal 1998, offre ai suoi clienti un\u2019esperienza unica su questo paradiso di pace al centro del mediterraneo. Ci\u00f2 che ci stimola al meglio \u00e8 l\u2019amore per quest\u2019isola, la bellezza delle ville che la popolano e i nostri clienti sempre soddisfatti.<\/p>\n<p style=\"text-align: center;\">Sul nostro sito troverai sempre le migliori ville di lusso sull\u2019isola d\u2019Ibiza, sempre scelte attentamente per offrirti il meglio. Le nostre ville in affitto sono sempre combinate con molti altri servizi disegnati apposta per i nostri clienti. Dai un\u2019occhiata alla sezione dedicata ai servizi per aggiungere quel tocco in pi\u00f9 alle tue ferie. Ibiza ti sta aspettando.<\/p>\n<p style=\"text-align: center;\">Dai spazio alla tua creativit\u00e0 e scegli la villa di lusso che pi\u00f9 ti rappresenta!<\/p>\n<p class=\"custom-read-ml-button\">&#8211;<\/p>\n<p>[\/vc_column_text][vc_column_text]<input id=\"typelisting\" name=\"typelist\" type=\"hidden\" value=\"rentals\" \/>[\/vc_column_text][\/vc_column][\/vc_row]<\/p>\n<\/div>","protected":false},"excerpt":{"rendered":"<p>[vc_row][vc_column][vc_column_text el_class=&#8221;custom-read-less&#8221;] Caro ospite, benvenuto sull\u2019isola magica d\u2019Ibiza. Sappi che stai per arrivare in un posto unico che rester\u00e0 nel tuo cuore anche dopo essere ripartito dopo le ferie. Ibiza \u00e8 una localit\u00e0 speciale dove la terra, il cielo e il mare parlano fra di loro, creando un\u2019armonia unica di bellezza e serenit\u00e0. Questo \u00e8 &#8230;<\/p>\n","protected":false},"author":9,"featured_media":0,"parent":0,"menu_order":0,"comment_status":"closed","ping_status":"closed","template":"property_list_half.php","meta":{"_acf_changed":false,"_joinchat":[],"footnotes":""},"class_list":["post-67768","page","type-page","status-publish","hentry"],"acf":[],"_links":{"self":[{"href":"https:\/\/ibizavilla.com\/it\/wp-json\/wp\/v2\/pages\/67768","targetHints":{"allow":["GET"]}}],"collection":[{"href":"https:\/\/ibizavilla.com\/it\/wp-json\/wp\/v2\/pages"}],"about":[{"href":"https:\/\/ibizavilla.com\/it\/wp-json\/wp\/v2\/types\/page"}],"author":[{"embeddable":true,"href":"https:\/\/ibizavilla.com\/it\/wp-json\/wp\/v2\/users\/9"}],"replies":[{"embeddable":true,"href":"https:\/\/ibizavilla.com\/it\/wp-json\/wp\/v2\/comments?post=67768"}],"version-history":[{"count":0,"href":"https:\/\/ibizavilla.com\/it\/wp-json\/wp\/v2\/pages\/67768\/revisions"}],"wp:attachment":[{"href":"https:\/\/ibizavilla.com\/it\/wp-json\/wp\/v2\/media?parent=67768"}],"curies":[{"name":"wp","href":"https:\/\/api.w.org\/{rel}","templated":true}]}}