{"id":69301,"date":"2020-01-12T19:59:56","date_gmt":"2020-01-12T17:59:56","guid":{"rendered":"https:\/\/ibizavilla.com\/?page_id=69301"},"modified":"2020-01-12T20:08:33","modified_gmt":"2020-01-12T18:08:33","slug":"vendita","status":"publish","type":"page","link":"https:\/\/ibizavilla.com\/it\/vendita\/","title":{"rendered":"Vendita"},"content":{"rendered":"<div class=\"wpb-content-wrapper\"><p>[vc_row][vc_column][vc_column_text]<\/p>\n<div class=\"custom-read-less\">\n<p style=\"text-align: center;\">Ti sei innamorato dell\u2019isola d\u2019Ibiza e non puoi vivere senza? Hai deciso di comprare la tua seconda casa in Ibiza e stai cercando solo il meglio? Oppure hai deciso di trasferirti definitivamente in quest\u2019 isola da sogno?<\/p>\n<p>Comprare una casa in Ibiza \u00e8 possibile, molti stranieri lo hanno gi\u00e0 fatto oppure lo stanno facendo adesso. L\u2019isola d\u2019Ibiza \u00e8 conosciuta globalmente e, ogni estate, si trasforma in una delle destinazioni pi\u00f9 famose per turisti da tutto il mondo. Dunque, perch\u00e9 non investire il tuo capitale in una casa vacanza nelle Baleari oppure perch\u00e9 non decidere di comprare una casa e venire a vivere in Ibiza per sempre, dove il clima, il mare e la qualit\u00e0 della vita non ti faranno pentire della scelta fatta!&#8230;<\/p>\n<p class=\"custom-read-ml-button\">+<\/p>\n<\/div>\n<div class=\"custom-read-more\">\n<p style=\"text-align: center;\">Ti sei innamorato dell\u2019isola d\u2019Ibiza e non puoi vivere senza? Hai deciso di comprare la tua seconda casa in Ibiza e stai cercando solo il meglio? Oppure hai deciso di trasferirti definitivamente in quest\u2019 isola da sogno?<\/p>\n<p>Comprare una casa in Ibiza \u00e8 possibile, molti stranieri lo hanno gi\u00e0 fatto oppure lo stanno facendo adesso. L\u2019isola d\u2019Ibiza \u00e8 conosciuta globalmente e, ogni estate, si trasforma in una delle destinazioni pi\u00f9 famose per turisti da tutto il mondo. Dunque, perch\u00e9 non investire il tuo capitale in una casa vacanza nelle Baleari oppure perch\u00e9 non decidere di comprare una casa e venire a vivere in Ibiza per sempre, dove il clima, il mare e la qualit\u00e0 della vita non ti faranno pentire della scelta fatta!<\/p>\n<p>Ibiza Villa \u00e8 al tuo servizio nel settore immobiliare dal 1998 e fra la moltitudine di servizi che offriamo, ci occupiamo anche della vendita di case e ville di lusso sull\u2019isola d\u2019Ibiza. Le nostre ville sono dislocate un po\u2019 ovunque sull\u2019isola.<\/p>\n<p>Le nostre ville in vendita sono scelte dopo un\u2019attenta selezione e devono rispettare i nostri criteri. I nostri criteri equivalgono a: lusso, bellezza e comodit\u00e0. Le nostre ville godono sempre di vedute da sogno nelle zone pi\u00f9 importanti d\u2019Ibiza. Durante tutte le visite organizzate alle case in vendita sarai affiancato da uno staff professionale e multilingue che ti guider\u00e0 e suggerir\u00e0 durante l\u2019acquisto del tuo piccolo angolo di paradiso su quest\u2019isola magica.<\/p>\n<p>Acquistare una casa \u00e8 un passo importante. Pertanto, affidarsi a degli specialisti come noi \u00e8 la giusta scelta.<\/p>\n<p>Vieni a visitarci in ufficio oppure contattaci per telefono o e-mail. Illustraci i tuoi desideri, ci\u00f2 che ti rende felice e che stai cercando sull\u2019isola d\u2019Ibiza. Puoi spiegarci i tuoi gusti in termini di arredamento e i tuoi standards, fino a quando troviamo il mix perfetto per te. Da case di design minimalista, a ville di lusso con un arredamento sontuoso, case in stile naturale oppure case disegnate secondo uno stile pi\u00f9 bohemien, uno spirito hippie, siamo sicuri che saremo in grado di soddisfare le tue esigenze e aspettative.<\/p>\n<p>Cercheremo di compiere tutte le tue richieste, includendo nel tuo piccolo rifugio di pace tutto ci\u00f2 che desideri: da una piscina che si affaccia sul mare, ad una zona chillout circondata da un incantevole giardino, semmai dotata di una camera per i giochi dei bambini oppure un salone dove trascorrere serate indimenticabili con gli amici e famiglia, saremo lieti di trovare la casa giusta per te.<\/p>\n<p>Per adesso, lasciati guidare dai tuoi gusti e innamorati di una delle case in vendita e proposte da noi di Ibiza Villa.<\/p>\n<p class=\"custom-read-ml-button\">&#8211;<\/p>\n<\/div>\n<p>[\/vc_column_text][\/vc_column][\/vc_row]<\/p>\n<\/div>","protected":false},"excerpt":{"rendered":"<p>[vc_row][vc_column][vc_column_text] Ti sei innamorato dell\u2019isola d\u2019Ibiza e non puoi vivere senza? Hai deciso di comprare la tua seconda casa in Ibiza e stai cercando solo il meglio? Oppure hai deciso di trasferirti definitivamente in quest\u2019 isola da sogno? Comprare una casa in Ibiza \u00e8 possibile, molti stranieri lo hanno gi\u00e0 fatto oppure lo stanno facendo &#8230;<\/p>\n","protected":false},"author":9,"featured_media":0,"parent":0,"menu_order":0,"comment_status":"closed","ping_status":"closed","template":"property_list_half.php","meta":{"_acf_changed":false,"_joinchat":[],"footnotes":""},"class_list":["post-69301","page","type-page","status-publish","hentry"],"acf":[],"_links":{"self":[{"href":"https:\/\/ibizavilla.com\/it\/wp-json\/wp\/v2\/pages\/69301","targetHints":{"allow":["GET"]}}],"collection":[{"href":"https:\/\/ibizavilla.com\/it\/wp-json\/wp\/v2\/pages"}],"about":[{"href":"https:\/\/ibizavilla.com\/it\/wp-json\/wp\/v2\/types\/page"}],"author":[{"embeddable":true,"href":"https:\/\/ibizavilla.com\/it\/wp-json\/wp\/v2\/users\/9"}],"replies":[{"embeddable":true,"href":"https:\/\/ibizavilla.com\/it\/wp-json\/wp\/v2\/comments?post=69301"}],"version-history":[{"count":0,"href":"https:\/\/ibizavilla.com\/it\/wp-json\/wp\/v2\/pages\/69301\/revisions"}],"wp:attachment":[{"href":"https:\/\/ibizavilla.com\/it\/wp-json\/wp\/v2\/media?parent=69301"}],"curies":[{"name":"wp","href":"https:\/\/api.w.org\/{rel}","templated":true}]}}